{"id":70415,"date":"2024-11-22T14:12:52","date_gmt":"2024-11-22T13:12:52","guid":{"rendered":"https:\/\/welding-alloys.zerobox.co.za\/product\/chromecore-410-o\/"},"modified":"2026-03-14T13:09:03","modified_gmt":"2026-03-14T12:09:03","slug":"chromecore-410-o","status":"publish","type":"product","link":"https:\/\/welding-alloys.zerobox.co.za\/pt-br\/produto\/chromecore-410-o\/","title":{"rendered":"CHROMECORE 410-O"},"content":{"rendered":"<ul>\n<li>Dep\u00f3sito de a\u00e7o inoxid\u00e1vel martens\u00edtico com 13% de cromo<\/li>\n<li>Oferece boa resist\u00eancia ao choque t\u00e9rmico, corros\u00e3o e desgaste abrasivo<\/li>\n<\/ul>\n","protected":false},"excerpt":{"rendered":"<p>Arame tubular para revestimento duro por arco el\u00e9trico autoprotegido<\/p>\n","protected":false},"featured_media":60638,"comment_status":"closed","ping_status":"closed","template":"","meta":{"_acf_changed":false,"_relevanssi_hide_post":"","_relevanssi_hide_content":"","_relevanssi_pin_for_all":"","_relevanssi_pin_keywords":"","_relevanssi_unpin_keywords":"","_relevanssi_related_keywords":"","_relevanssi_related_include_ids":"","_relevanssi_related_exclude_ids":"","_relevanssi_related_no_append":"","_relevanssi_related_not_related":"","_relevanssi_related_posts":"","_relevanssi_noindex_reason":"","inline_featured_image":false,"_links_to":"","_links_to_target":""},"product_brand":[],"product_cat":[17541],"product_tag":[17611],"application":[17487,17488],"alloy_type":[17475],"family_name":[17499],"welding_process":[17558],"welding_position":[17553],"control_system":[],"datasheet":[18465],"industry":[],"base_metal_to_weld":[],"wear_type":[17550,17551,17552],"hardness":[19324],"aws_classification":[],"en_iso_classification":[18928],"machine_expert":[],"industry_application":[],"industry_expert":[],"hardness_range":[18707],"class_list":{"0":"post-70415","1":"product","2":"type-product","3":"status-publish","4":"has-post-thumbnail","6":"product_cat-consumiveis-de-soldagem-pt-br","7":"product_tag-fio-pt-br","8":"application-consumiveis-para-soldagem-de-revestimento-duro","9":"application-consumiveis-de-soldadura-para-cladding","10":"alloy_type-acos-inoxidaveis-ferriticos-e-martensiticos-pt-br","11":"family_name-chromecore","12":"welding_process-soldagem-a-arco-com-nucleo-de-fluxo-autoprotegido-fcaw-s","13":"welding_position-plano-pt-br","14":"datasheet-cromecore-410-o","15":"wear_type-metal-metal-pt-br","16":"wear_type-corrosao-pt-br","17":"wear_type-alta-temperatura-pt-br","18":"hardness-40-44-hrc-como-soldado-3-camadas-pt-br","19":"en_iso_classification-en-14700-t-fe7-pt-br","20":"hardness_range-40-45-hrc-pt-br","22":"first","23":"instock","24":"sold-individually","25":"purchasable","26":"product-type-simple"},"acf":[],"yoast_head":"<!-- This site is optimized with the Yoast SEO Premium plugin v27.4 (Yoast SEO v27.4) - https:\/\/yoast.com\/product\/yoast-seo-premium-wordpress\/ -->\n<title>Arame tubular de soldagem CHROMECORE 410-O<\/title>\n<meta name=\"description\" content=\"CHROMECORE 410-O Arame tubular para revestimento duro por arco el\u00e9trico autoprotegido\" \/>\n<meta name=\"robots\" content=\"noindex, follow, max-snippet:-1, max-image-preview:large, max-video-preview:-1\" \/>\n<meta property=\"og:locale\" content=\"pt_BR\" \/>\n<meta property=\"og:type\" content=\"article\" \/>\n<meta property=\"og:title\" content=\"CHROMECORE 410-O\" \/>\n<meta property=\"og:description\" content=\"CHROMECORE 410-O Arame tubular para revestimento duro por arco el\u00e9trico autoprotegido\" \/>\n<meta property=\"og:url\" content=\"https:\/\/welding-alloys.zerobox.co.za\/pt-br\/produto\/chromecore-410-o\/\" \/>\n<meta property=\"og:site_name\" content=\"Welding Alloys\" \/>\n<meta property=\"article:publisher\" content=\"https:\/\/www.facebook.com\/weldingalloysgroup\" \/>\n<meta property=\"article:modified_time\" content=\"2026-03-14T12:09:03+00:00\" \/>\n<meta property=\"og:image\" content=\"https:\/\/welding-alloys.zerobox.co.za\/wp-content\/uploads\/2021\/11\/bronzespool.jpg\" \/>\n\t<meta property=\"og:image:width\" content=\"1000\" \/>\n\t<meta property=\"og:image:height\" content=\"1000\" \/>\n\t<meta property=\"og:image:type\" content=\"image\/jpeg\" \/>\n<meta name=\"twitter:card\" content=\"summary_large_image\" \/>\n<meta name=\"twitter:label1\" content=\"Pre\u00e7o\" \/>\n\t<meta name=\"twitter:data1\" content=\"&#036;0.00\" \/>\n\t<meta name=\"twitter:label2\" content=\"Disponibilidade\" \/>\n\t<meta name=\"twitter:data2\" content=\"Em Estoque\" \/>\n<script type=\"application\/ld+json\" class=\"yoast-schema-graph\">{\"@context\":\"https:\\\/\\\/schema.org\",\"@graph\":[{\"@type\":\"WebPage\",\"@id\":\"https:\\\/\\\/welding-alloys.zerobox.co.za\\\/pt-br\\\/produto\\\/chromecore-410-o\\\/\",\"url\":\"https:\\\/\\\/welding-alloys.zerobox.co.za\\\/pt-br\\\/produto\\\/chromecore-410-o\\\/\",\"name\":\"Arame tubular de soldagem CHROMECORE 410-O\",\"isPartOf\":{\"@id\":\"https:\\\/\\\/welding-alloys.zerobox.co.za\\\/pt-br\\\/#website\"},\"primaryImageOfPage\":{\"@id\":\"https:\\\/\\\/welding-alloys.zerobox.co.za\\\/pt-br\\\/produto\\\/chromecore-410-o\\\/#primaryimage\"},\"image\":{\"@id\":\"https:\\\/\\\/welding-alloys.zerobox.co.za\\\/pt-br\\\/produto\\\/chromecore-410-o\\\/#primaryimage\"},\"thumbnailUrl\":\"https:\\\/\\\/welding-alloys.zerobox.co.za\\\/wp-content\\\/uploads\\\/2021\\\/11\\\/bronzespool.jpg\",\"datePublished\":\"2024-11-22T13:12:52+00:00\",\"dateModified\":\"2026-03-14T12:09:03+00:00\",\"description\":\"CHROMECORE 410-O Arame tubular para revestimento duro por arco el\u00e9trico autoprotegido\",\"breadcrumb\":{\"@id\":\"https:\\\/\\\/welding-alloys.zerobox.co.za\\\/pt-br\\\/produto\\\/chromecore-410-o\\\/#breadcrumb\"},\"inLanguage\":\"pt-BR\",\"potentialAction\":[{\"@type\":\"ReadAction\",\"target\":[\"https:\\\/\\\/welding-alloys.zerobox.co.za\\\/pt-br\\\/produto\\\/chromecore-410-o\\\/\"]}]},{\"@type\":\"ImageObject\",\"inLanguage\":\"pt-BR\",\"@id\":\"https:\\\/\\\/welding-alloys.zerobox.co.za\\\/pt-br\\\/produto\\\/chromecore-410-o\\\/#primaryimage\",\"url\":\"https:\\\/\\\/welding-alloys.zerobox.co.za\\\/wp-content\\\/uploads\\\/2021\\\/11\\\/bronzespool.jpg\",\"contentUrl\":\"https:\\\/\\\/welding-alloys.zerobox.co.za\\\/wp-content\\\/uploads\\\/2021\\\/11\\\/bronzespool.jpg\",\"width\":1000,\"height\":1000,\"caption\":\"bronzespool\"},{\"@type\":\"BreadcrumbList\",\"@id\":\"https:\\\/\\\/welding-alloys.zerobox.co.za\\\/pt-br\\\/produto\\\/chromecore-410-o\\\/#breadcrumb\",\"itemListElement\":[{\"@type\":\"ListItem\",\"position\":1,\"name\":\"In\u00edcio\",\"item\":\"https:\\\/\\\/welding-alloys.zerobox.co.za\\\/pt-br\\\/home\\\/\"},{\"@type\":\"ListItem\",\"position\":2,\"name\":\"Produtos e servi\u00e7os\",\"item\":\"https:\\\/\\\/welding-alloys.zerobox.co.za\\\/pt-br\\\/products-services\\\/\"},{\"@type\":\"ListItem\",\"position\":3,\"name\":\"CHROMECORE 410-O\"}]},{\"@type\":\"WebSite\",\"@id\":\"https:\\\/\\\/welding-alloys.zerobox.co.za\\\/pt-br\\\/#website\",\"url\":\"https:\\\/\\\/welding-alloys.zerobox.co.za\\\/pt-br\\\/\",\"name\":\"Welding Alloys\",\"description\":\"Welding Alloys\",\"publisher\":{\"@id\":\"https:\\\/\\\/welding-alloys.zerobox.co.za\\\/pt-br\\\/#organization\"},\"potentialAction\":[{\"@type\":\"SearchAction\",\"target\":{\"@type\":\"EntryPoint\",\"urlTemplate\":\"https:\\\/\\\/welding-alloys.zerobox.co.za\\\/pt-br\\\/?s={search_term_string}\"},\"query-input\":{\"@type\":\"PropertyValueSpecification\",\"valueRequired\":true,\"valueName\":\"search_term_string\"}}],\"inLanguage\":\"pt-BR\"},{\"@type\":\"Organization\",\"@id\":\"https:\\\/\\\/welding-alloys.zerobox.co.za\\\/pt-br\\\/#organization\",\"name\":\"Welding Alloys\",\"url\":\"https:\\\/\\\/welding-alloys.zerobox.co.za\\\/pt-br\\\/\",\"logo\":{\"@type\":\"ImageObject\",\"inLanguage\":\"pt-BR\",\"@id\":\"https:\\\/\\\/welding-alloys.zerobox.co.za\\\/pt-br\\\/#\\\/schema\\\/logo\\\/image\\\/\",\"url\":\"https:\\\/\\\/welding-alloys.zerobox.co.za\\\/wp-content\\\/uploads\\\/2022\\\/02\\\/logo.png\",\"contentUrl\":\"https:\\\/\\\/welding-alloys.zerobox.co.za\\\/wp-content\\\/uploads\\\/2022\\\/02\\\/logo.png\",\"width\":542,\"height\":279,\"caption\":\"Welding Alloys\"},\"image\":{\"@id\":\"https:\\\/\\\/welding-alloys.zerobox.co.za\\\/pt-br\\\/#\\\/schema\\\/logo\\\/image\\\/\"},\"sameAs\":[\"https:\\\/\\\/www.facebook.com\\\/weldingalloysgroup\",\"https:\\\/\\\/www.youtube.com\\\/user\\\/WeldingAlloystv\",\"https:\\\/\\\/www.instagram.com\\\/weldingalloys\\\/\",\"https:\\\/\\\/linkedin.com\\\/company\\\/welding-alloys\"]}]}<\/script>\n<meta property=\"product:price:amount\" content=\"0.00\" \/>\n<meta property=\"product:price:currency\" content=\"USD\" \/>\n<meta property=\"og:availability\" content=\"instock\" \/>\n<meta property=\"product:availability\" content=\"instock\" \/>\n<meta property=\"product:retailer_item_id\" content=\"410-O\" \/>\n<meta property=\"product:condition\" content=\"new\" \/>\n<!-- \/ Yoast SEO Premium plugin. -->","yoast_head_json":{"title":"Arame tubular de soldagem CHROMECORE 410-O","description":"CHROMECORE 410-O Arame tubular para revestimento duro por arco el\u00e9trico autoprotegido","robots":{"index":"noindex","follow":"follow","max-snippet":"max-snippet:-1","max-image-preview":"max-image-preview:large","max-video-preview":"max-video-preview:-1"},"og_locale":"pt_BR","og_type":"article","og_title":"CHROMECORE 410-O","og_description":"CHROMECORE 410-O Arame tubular para revestimento duro por arco el\u00e9trico autoprotegido","og_url":"https:\/\/welding-alloys.zerobox.co.za\/pt-br\/produto\/chromecore-410-o\/","og_site_name":"Welding Alloys","article_publisher":"https:\/\/www.facebook.com\/weldingalloysgroup","article_modified_time":"2026-03-14T12:09:03+00:00","og_image":[{"width":1000,"height":1000,"url":"https:\/\/welding-alloys.zerobox.co.za\/wp-content\/uploads\/2021\/11\/bronzespool.jpg","type":"image\/jpeg"}],"twitter_card":"summary_large_image","twitter_misc":{"Pre\u00e7o":"&#36;0.00","Disponibilidade":"Em Estoque"},"schema":{"@context":"https:\/\/schema.org","@graph":[{"@type":"WebPage","@id":"https:\/\/welding-alloys.zerobox.co.za\/pt-br\/produto\/chromecore-410-o\/","url":"https:\/\/welding-alloys.zerobox.co.za\/pt-br\/produto\/chromecore-410-o\/","name":"Arame tubular de soldagem CHROMECORE 410-O","isPartOf":{"@id":"https:\/\/welding-alloys.zerobox.co.za\/pt-br\/#website"},"primaryImageOfPage":{"@id":"https:\/\/welding-alloys.zerobox.co.za\/pt-br\/produto\/chromecore-410-o\/#primaryimage"},"image":{"@id":"https:\/\/welding-alloys.zerobox.co.za\/pt-br\/produto\/chromecore-410-o\/#primaryimage"},"thumbnailUrl":"https:\/\/welding-alloys.zerobox.co.za\/wp-content\/uploads\/2021\/11\/bronzespool.jpg","datePublished":"2024-11-22T13:12:52+00:00","dateModified":"2026-03-14T12:09:03+00:00","description":"CHROMECORE 410-O Arame tubular para revestimento duro por arco el\u00e9trico autoprotegido","breadcrumb":{"@id":"https:\/\/welding-alloys.zerobox.co.za\/pt-br\/produto\/chromecore-410-o\/#breadcrumb"},"inLanguage":"pt-BR","potentialAction":[{"@type":"ReadAction","target":["https:\/\/welding-alloys.zerobox.co.za\/pt-br\/produto\/chromecore-410-o\/"]}]},{"@type":"ImageObject","inLanguage":"pt-BR","@id":"https:\/\/welding-alloys.zerobox.co.za\/pt-br\/produto\/chromecore-410-o\/#primaryimage","url":"https:\/\/welding-alloys.zerobox.co.za\/wp-content\/uploads\/2021\/11\/bronzespool.jpg","contentUrl":"https:\/\/welding-alloys.zerobox.co.za\/wp-content\/uploads\/2021\/11\/bronzespool.jpg","width":1000,"height":1000,"caption":"bronzespool"},{"@type":"BreadcrumbList","@id":"https:\/\/welding-alloys.zerobox.co.za\/pt-br\/produto\/chromecore-410-o\/#breadcrumb","itemListElement":[{"@type":"ListItem","position":1,"name":"In\u00edcio","item":"https:\/\/welding-alloys.zerobox.co.za\/pt-br\/home\/"},{"@type":"ListItem","position":2,"name":"Produtos e servi\u00e7os","item":"https:\/\/welding-alloys.zerobox.co.za\/pt-br\/products-services\/"},{"@type":"ListItem","position":3,"name":"CHROMECORE 410-O"}]},{"@type":"WebSite","@id":"https:\/\/welding-alloys.zerobox.co.za\/pt-br\/#website","url":"https:\/\/welding-alloys.zerobox.co.za\/pt-br\/","name":"Welding Alloys","description":"Welding Alloys","publisher":{"@id":"https:\/\/welding-alloys.zerobox.co.za\/pt-br\/#organization"},"potentialAction":[{"@type":"SearchAction","target":{"@type":"EntryPoint","urlTemplate":"https:\/\/welding-alloys.zerobox.co.za\/pt-br\/?s={search_term_string}"},"query-input":{"@type":"PropertyValueSpecification","valueRequired":true,"valueName":"search_term_string"}}],"inLanguage":"pt-BR"},{"@type":"Organization","@id":"https:\/\/welding-alloys.zerobox.co.za\/pt-br\/#organization","name":"Welding Alloys","url":"https:\/\/welding-alloys.zerobox.co.za\/pt-br\/","logo":{"@type":"ImageObject","inLanguage":"pt-BR","@id":"https:\/\/welding-alloys.zerobox.co.za\/pt-br\/#\/schema\/logo\/image\/","url":"https:\/\/welding-alloys.zerobox.co.za\/wp-content\/uploads\/2022\/02\/logo.png","contentUrl":"https:\/\/welding-alloys.zerobox.co.za\/wp-content\/uploads\/2022\/02\/logo.png","width":542,"height":279,"caption":"Welding Alloys"},"image":{"@id":"https:\/\/welding-alloys.zerobox.co.za\/pt-br\/#\/schema\/logo\/image\/"},"sameAs":["https:\/\/www.facebook.com\/weldingalloysgroup","https:\/\/www.youtube.com\/user\/WeldingAlloystv","https:\/\/www.instagram.com\/weldingalloys\/","https:\/\/linkedin.com\/company\/welding-alloys"]}]},"product_price_amount":"0.00","product_price_currency":"USD","og_availability":"instock","product_availability":"instock","product_retailer_item_id":"410-O","product_condition":"new"},"_links":{"self":[{"href":"https:\/\/welding-alloys.zerobox.co.za\/pt-br\/wp-json\/wp\/v2\/product\/70415","targetHints":{"allow":["GET"]}}],"collection":[{"href":"https:\/\/welding-alloys.zerobox.co.za\/pt-br\/wp-json\/wp\/v2\/product"}],"about":[{"href":"https:\/\/welding-alloys.zerobox.co.za\/pt-br\/wp-json\/wp\/v2\/types\/product"}],"replies":[{"embeddable":true,"href":"https:\/\/welding-alloys.zerobox.co.za\/pt-br\/wp-json\/wp\/v2\/comments?post=70415"}],"wp:featuredmedia":[{"embeddable":true,"href":"https:\/\/welding-alloys.zerobox.co.za\/pt-br\/wp-json\/wp\/v2\/media\/60638"}],"wp:attachment":[{"href":"https:\/\/welding-alloys.zerobox.co.za\/pt-br\/wp-json\/wp\/v2\/media?parent=70415"}],"wp:term":[{"taxonomy":"product_brand","embeddable":true,"href":"https:\/\/welding-alloys.zerobox.co.za\/pt-br\/wp-json\/wp\/v2\/product_brand?post=70415"},{"taxonomy":"product_cat","embeddable":true,"href":"https:\/\/welding-alloys.zerobox.co.za\/pt-br\/wp-json\/wp\/v2\/product_cat?post=70415"},{"taxonomy":"product_tag","embeddable":true,"href":"https:\/\/welding-alloys.zerobox.co.za\/pt-br\/wp-json\/wp\/v2\/product_tag?post=70415"},{"taxonomy":"application","embeddable":true,"href":"https:\/\/welding-alloys.zerobox.co.za\/pt-br\/wp-json\/wp\/v2\/application?post=70415"},{"taxonomy":"alloy_type","embeddable":true,"href":"https:\/\/welding-alloys.zerobox.co.za\/pt-br\/wp-json\/wp\/v2\/alloy_type?post=70415"},{"taxonomy":"family_name","embeddable":true,"href":"https:\/\/welding-alloys.zerobox.co.za\/pt-br\/wp-json\/wp\/v2\/family_name?post=70415"},{"taxonomy":"welding_process","embeddable":true,"href":"https:\/\/welding-alloys.zerobox.co.za\/pt-br\/wp-json\/wp\/v2\/welding_process?post=70415"},{"taxonomy":"welding_position","embeddable":true,"href":"https:\/\/welding-alloys.zerobox.co.za\/pt-br\/wp-json\/wp\/v2\/welding_position?post=70415"},{"taxonomy":"control_system","embeddable":true,"href":"https:\/\/welding-alloys.zerobox.co.za\/pt-br\/wp-json\/wp\/v2\/control_system?post=70415"},{"taxonomy":"datasheet","embeddable":true,"href":"https:\/\/welding-alloys.zerobox.co.za\/pt-br\/wp-json\/wp\/v2\/datasheet?post=70415"},{"taxonomy":"industry","embeddable":true,"href":"https:\/\/welding-alloys.zerobox.co.za\/pt-br\/wp-json\/wp\/v2\/industry?post=70415"},{"taxonomy":"base_metal_to_weld","embeddable":true,"href":"https:\/\/welding-alloys.zerobox.co.za\/pt-br\/wp-json\/wp\/v2\/base_metal_to_weld?post=70415"},{"taxonomy":"wear_type","embeddable":true,"href":"https:\/\/welding-alloys.zerobox.co.za\/pt-br\/wp-json\/wp\/v2\/wear_type?post=70415"},{"taxonomy":"hardness","embeddable":true,"href":"https:\/\/welding-alloys.zerobox.co.za\/pt-br\/wp-json\/wp\/v2\/hardness?post=70415"},{"taxonomy":"aws_classification","embeddable":true,"href":"https:\/\/welding-alloys.zerobox.co.za\/pt-br\/wp-json\/wp\/v2\/aws_classification?post=70415"},{"taxonomy":"en_iso_classification","embeddable":true,"href":"https:\/\/welding-alloys.zerobox.co.za\/pt-br\/wp-json\/wp\/v2\/en_iso_classification?post=70415"},{"taxonomy":"machine_expert","embeddable":true,"href":"https:\/\/welding-alloys.zerobox.co.za\/pt-br\/wp-json\/wp\/v2\/machine_expert?post=70415"},{"taxonomy":"industry_application","embeddable":true,"href":"https:\/\/welding-alloys.zerobox.co.za\/pt-br\/wp-json\/wp\/v2\/industry_application?post=70415"},{"taxonomy":"industry_expert","embeddable":true,"href":"https:\/\/welding-alloys.zerobox.co.za\/pt-br\/wp-json\/wp\/v2\/industry_expert?post=70415"},{"taxonomy":"hardness_range","embeddable":true,"href":"https:\/\/welding-alloys.zerobox.co.za\/pt-br\/wp-json\/wp\/v2\/hardness_range?post=70415"}],"curies":[{"name":"wp","href":"https:\/\/api.w.org\/{rel}","templated":true}]}}