{"id":70368,"date":"2024-06-03T17:55:42","date_gmt":"2024-06-03T15:55:42","guid":{"rendered":"https:\/\/welding-alloys.zerobox.co.za\/product\/tube-s-309lnb-g\/"},"modified":"2026-03-14T11:22:02","modified_gmt":"2026-03-14T10:22:02","slug":"tube-s-309lnb-g","status":"publish","type":"product","link":"https:\/\/welding-alloys.zerobox.co.za\/pt-br\/produto\/tube-s-309lnb-g\/","title":{"rendered":"TUBE S 309LNb-G"},"content":{"rendered":"<ul>\n<li>23% de cromo, 12% de n\u00edquel, estabilizado com ni\u00f3bio, dep\u00f3sito de baixo carbono<\/li>\n<li>Combina a qualidade do SMAW com a produtividade do GMAW<\/li>\n<li>Excelente qualidade do metal de solda e solidez de raio-X<\/li>\n<\/ul>\n","protected":false},"excerpt":{"rendered":"<p>Arame de a\u00e7o inoxid\u00e1vel metal cored para soldagem a arco com prote\u00e7\u00e3o gasosa<\/p>\n","protected":false},"featured_media":60637,"comment_status":"closed","ping_status":"closed","template":"","meta":{"_acf_changed":false,"_relevanssi_hide_post":"","_relevanssi_hide_content":"","_relevanssi_pin_for_all":"","_relevanssi_pin_keywords":"","_relevanssi_unpin_keywords":"","_relevanssi_related_keywords":"","_relevanssi_related_include_ids":"","_relevanssi_related_exclude_ids":"","_relevanssi_related_no_append":"","_relevanssi_related_not_related":"","_relevanssi_related_posts":"","_relevanssi_noindex_reason":"","inline_featured_image":false,"_links_to":"","_links_to_target":""},"product_brand":[],"product_cat":[17541],"product_tag":[17611],"application":[17488,17489],"alloy_type":[17477],"family_name":[24516],"welding_process":[17562],"welding_position":[17556],"control_system":[],"datasheet":[18647],"industry":[],"base_metal_to_weld":[18253],"wear_type":[17551],"hardness":[],"aws_classification":[17765,17766],"en_iso_classification":[19087],"machine_expert":[],"industry_application":[],"industry_expert":[],"hardness_range":[],"class_list":{"0":"post-70368","1":"product","2":"type-product","3":"status-publish","4":"has-post-thumbnail","6":"product_cat-consumiveis-de-soldagem-pt-br","7":"product_tag-fio-pt-br","8":"application-consumiveis-de-soldadura-para-cladding","9":"application-consumiveis-de-soldagem-para-juncao-e-reparo","10":"alloy_type-acos-inoxidaveis-pt-br","11":"family_name-tube","12":"welding_process-soldagem-por-arco-de-metal-a-gas-gmaw","13":"welding_position-todas-as-posicoes-com-restricoes-pt-br","14":"datasheet-tubo-s-309lnb-g-pt-br","15":"base_metal_to_weld-soldagem-dissimilar-camada-tampao-antes-da-sobreposicao-de-solda-estabilizada","16":"wear_type-corrosao-pt-br","17":"aws_classification-asme-iic-sfa-5-22-aws-a-5-22-ec309lnb-pt-br","18":"aws_classification-asme-iic-sfa-5-9-aws-a-5-9-ec309lnb-pt-br","19":"en_iso_classification-en-iso-17633-a-t-23-12-nb-m-m12-1-pt-br","21":"first","22":"instock","23":"sold-individually","24":"purchasable","25":"product-type-simple"},"acf":[],"yoast_head":"<!-- This site is optimized with the Yoast SEO Premium plugin v27.4 (Yoast SEO v27.4) - https:\/\/yoast.com\/product\/yoast-seo-premium-wordpress\/ -->\n<title>Arame tubular de soldagem TUBE S 309LNb-G<\/title>\n<meta name=\"description\" content=\"TUBE S 309LNb-G Arame de a\u00e7o inoxid\u00e1vel metal cored para soldagem a arco com prote\u00e7\u00e3o gasosa\" \/>\n<meta name=\"robots\" content=\"noindex, follow, max-snippet:-1, max-image-preview:large, max-video-preview:-1\" \/>\n<meta property=\"og:locale\" content=\"pt_BR\" \/>\n<meta property=\"og:type\" content=\"article\" \/>\n<meta property=\"og:title\" content=\"TUBE S 309LNb-G\" \/>\n<meta property=\"og:description\" content=\"TUBE S 309LNb-G Arame de a\u00e7o inoxid\u00e1vel metal cored para soldagem a arco com prote\u00e7\u00e3o gasosa\" \/>\n<meta property=\"og:url\" content=\"https:\/\/welding-alloys.zerobox.co.za\/pt-br\/produto\/tube-s-309lnb-g\/\" \/>\n<meta property=\"og:site_name\" content=\"Welding Alloys\" \/>\n<meta property=\"article:publisher\" content=\"https:\/\/www.facebook.com\/weldingalloysgroup\" \/>\n<meta property=\"article:modified_time\" content=\"2026-03-14T10:22:02+00:00\" \/>\n<meta property=\"og:image\" content=\"https:\/\/welding-alloys.zerobox.co.za\/wp-content\/uploads\/2021\/11\/blackspool.jpg\" \/>\n\t<meta property=\"og:image:width\" content=\"1000\" \/>\n\t<meta property=\"og:image:height\" content=\"1000\" \/>\n\t<meta property=\"og:image:type\" content=\"image\/jpeg\" \/>\n<meta name=\"twitter:card\" content=\"summary_large_image\" \/>\n<meta name=\"twitter:label1\" content=\"Pre\u00e7o\" \/>\n\t<meta name=\"twitter:data1\" content=\"&#036;0.00\" \/>\n\t<meta name=\"twitter:label2\" content=\"Disponibilidade\" \/>\n\t<meta name=\"twitter:data2\" content=\"Em Estoque\" \/>\n<script type=\"application\/ld+json\" class=\"yoast-schema-graph\">{\"@context\":\"https:\\\/\\\/schema.org\",\"@graph\":[{\"@type\":\"WebPage\",\"@id\":\"https:\\\/\\\/welding-alloys.zerobox.co.za\\\/pt-br\\\/produto\\\/tube-s-309lnb-g\\\/\",\"url\":\"https:\\\/\\\/welding-alloys.zerobox.co.za\\\/pt-br\\\/produto\\\/tube-s-309lnb-g\\\/\",\"name\":\"Arame tubular de soldagem TUBE S 309LNb-G\",\"isPartOf\":{\"@id\":\"https:\\\/\\\/welding-alloys.zerobox.co.za\\\/pt-br\\\/#website\"},\"primaryImageOfPage\":{\"@id\":\"https:\\\/\\\/welding-alloys.zerobox.co.za\\\/pt-br\\\/produto\\\/tube-s-309lnb-g\\\/#primaryimage\"},\"image\":{\"@id\":\"https:\\\/\\\/welding-alloys.zerobox.co.za\\\/pt-br\\\/produto\\\/tube-s-309lnb-g\\\/#primaryimage\"},\"thumbnailUrl\":\"https:\\\/\\\/welding-alloys.zerobox.co.za\\\/wp-content\\\/uploads\\\/2021\\\/11\\\/blackspool.jpg\",\"datePublished\":\"2024-06-03T15:55:42+00:00\",\"dateModified\":\"2026-03-14T10:22:02+00:00\",\"description\":\"TUBE S 309LNb-G Arame de a\u00e7o inoxid\u00e1vel metal cored para soldagem a arco com prote\u00e7\u00e3o gasosa\",\"breadcrumb\":{\"@id\":\"https:\\\/\\\/welding-alloys.zerobox.co.za\\\/pt-br\\\/produto\\\/tube-s-309lnb-g\\\/#breadcrumb\"},\"inLanguage\":\"pt-BR\",\"potentialAction\":[{\"@type\":\"ReadAction\",\"target\":[\"https:\\\/\\\/welding-alloys.zerobox.co.za\\\/pt-br\\\/produto\\\/tube-s-309lnb-g\\\/\"]}]},{\"@type\":\"ImageObject\",\"inLanguage\":\"pt-BR\",\"@id\":\"https:\\\/\\\/welding-alloys.zerobox.co.za\\\/pt-br\\\/produto\\\/tube-s-309lnb-g\\\/#primaryimage\",\"url\":\"https:\\\/\\\/welding-alloys.zerobox.co.za\\\/wp-content\\\/uploads\\\/2021\\\/11\\\/blackspool.jpg\",\"contentUrl\":\"https:\\\/\\\/welding-alloys.zerobox.co.za\\\/wp-content\\\/uploads\\\/2021\\\/11\\\/blackspool.jpg\",\"width\":1000,\"height\":1000,\"caption\":\"blackspool\"},{\"@type\":\"BreadcrumbList\",\"@id\":\"https:\\\/\\\/welding-alloys.zerobox.co.za\\\/pt-br\\\/produto\\\/tube-s-309lnb-g\\\/#breadcrumb\",\"itemListElement\":[{\"@type\":\"ListItem\",\"position\":1,\"name\":\"In\u00edcio\",\"item\":\"https:\\\/\\\/welding-alloys.zerobox.co.za\\\/pt-br\\\/home\\\/\"},{\"@type\":\"ListItem\",\"position\":2,\"name\":\"Produtos e servi\u00e7os\",\"item\":\"https:\\\/\\\/welding-alloys.zerobox.co.za\\\/pt-br\\\/products-services\\\/\"},{\"@type\":\"ListItem\",\"position\":3,\"name\":\"TUBE S 309LNb-G\"}]},{\"@type\":\"WebSite\",\"@id\":\"https:\\\/\\\/welding-alloys.zerobox.co.za\\\/pt-br\\\/#website\",\"url\":\"https:\\\/\\\/welding-alloys.zerobox.co.za\\\/pt-br\\\/\",\"name\":\"Welding Alloys\",\"description\":\"Welding Alloys\",\"publisher\":{\"@id\":\"https:\\\/\\\/welding-alloys.zerobox.co.za\\\/pt-br\\\/#organization\"},\"potentialAction\":[{\"@type\":\"SearchAction\",\"target\":{\"@type\":\"EntryPoint\",\"urlTemplate\":\"https:\\\/\\\/welding-alloys.zerobox.co.za\\\/pt-br\\\/?s={search_term_string}\"},\"query-input\":{\"@type\":\"PropertyValueSpecification\",\"valueRequired\":true,\"valueName\":\"search_term_string\"}}],\"inLanguage\":\"pt-BR\"},{\"@type\":\"Organization\",\"@id\":\"https:\\\/\\\/welding-alloys.zerobox.co.za\\\/pt-br\\\/#organization\",\"name\":\"Welding Alloys\",\"url\":\"https:\\\/\\\/welding-alloys.zerobox.co.za\\\/pt-br\\\/\",\"logo\":{\"@type\":\"ImageObject\",\"inLanguage\":\"pt-BR\",\"@id\":\"https:\\\/\\\/welding-alloys.zerobox.co.za\\\/pt-br\\\/#\\\/schema\\\/logo\\\/image\\\/\",\"url\":\"https:\\\/\\\/welding-alloys.zerobox.co.za\\\/wp-content\\\/uploads\\\/2022\\\/02\\\/logo.png\",\"contentUrl\":\"https:\\\/\\\/welding-alloys.zerobox.co.za\\\/wp-content\\\/uploads\\\/2022\\\/02\\\/logo.png\",\"width\":542,\"height\":279,\"caption\":\"Welding Alloys\"},\"image\":{\"@id\":\"https:\\\/\\\/welding-alloys.zerobox.co.za\\\/pt-br\\\/#\\\/schema\\\/logo\\\/image\\\/\"},\"sameAs\":[\"https:\\\/\\\/www.facebook.com\\\/weldingalloysgroup\",\"https:\\\/\\\/www.youtube.com\\\/user\\\/WeldingAlloystv\",\"https:\\\/\\\/www.instagram.com\\\/weldingalloys\\\/\",\"https:\\\/\\\/linkedin.com\\\/company\\\/welding-alloys\"]}]}<\/script>\n<meta property=\"product:price:amount\" content=\"0.00\" \/>\n<meta property=\"product:price:currency\" content=\"USD\" \/>\n<meta property=\"og:availability\" content=\"instock\" \/>\n<meta property=\"product:availability\" content=\"instock\" \/>\n<meta property=\"product:retailer_item_id\" content=\"S309LNb-G\" \/>\n<meta property=\"product:condition\" content=\"new\" \/>\n<!-- \/ Yoast SEO Premium plugin. -->","yoast_head_json":{"title":"Arame tubular de soldagem TUBE S 309LNb-G","description":"TUBE S 309LNb-G Arame de a\u00e7o inoxid\u00e1vel metal cored para soldagem a arco com prote\u00e7\u00e3o gasosa","robots":{"index":"noindex","follow":"follow","max-snippet":"max-snippet:-1","max-image-preview":"max-image-preview:large","max-video-preview":"max-video-preview:-1"},"og_locale":"pt_BR","og_type":"article","og_title":"TUBE S 309LNb-G","og_description":"TUBE S 309LNb-G Arame de a\u00e7o inoxid\u00e1vel metal cored para soldagem a arco com prote\u00e7\u00e3o gasosa","og_url":"https:\/\/welding-alloys.zerobox.co.za\/pt-br\/produto\/tube-s-309lnb-g\/","og_site_name":"Welding Alloys","article_publisher":"https:\/\/www.facebook.com\/weldingalloysgroup","article_modified_time":"2026-03-14T10:22:02+00:00","og_image":[{"width":1000,"height":1000,"url":"https:\/\/welding-alloys.zerobox.co.za\/wp-content\/uploads\/2021\/11\/blackspool.jpg","type":"image\/jpeg"}],"twitter_card":"summary_large_image","twitter_misc":{"Pre\u00e7o":"&#36;0.00","Disponibilidade":"Em Estoque"},"schema":{"@context":"https:\/\/schema.org","@graph":[{"@type":"WebPage","@id":"https:\/\/welding-alloys.zerobox.co.za\/pt-br\/produto\/tube-s-309lnb-g\/","url":"https:\/\/welding-alloys.zerobox.co.za\/pt-br\/produto\/tube-s-309lnb-g\/","name":"Arame tubular de soldagem TUBE S 309LNb-G","isPartOf":{"@id":"https:\/\/welding-alloys.zerobox.co.za\/pt-br\/#website"},"primaryImageOfPage":{"@id":"https:\/\/welding-alloys.zerobox.co.za\/pt-br\/produto\/tube-s-309lnb-g\/#primaryimage"},"image":{"@id":"https:\/\/welding-alloys.zerobox.co.za\/pt-br\/produto\/tube-s-309lnb-g\/#primaryimage"},"thumbnailUrl":"https:\/\/welding-alloys.zerobox.co.za\/wp-content\/uploads\/2021\/11\/blackspool.jpg","datePublished":"2024-06-03T15:55:42+00:00","dateModified":"2026-03-14T10:22:02+00:00","description":"TUBE S 309LNb-G Arame de a\u00e7o inoxid\u00e1vel metal cored para soldagem a arco com prote\u00e7\u00e3o gasosa","breadcrumb":{"@id":"https:\/\/welding-alloys.zerobox.co.za\/pt-br\/produto\/tube-s-309lnb-g\/#breadcrumb"},"inLanguage":"pt-BR","potentialAction":[{"@type":"ReadAction","target":["https:\/\/welding-alloys.zerobox.co.za\/pt-br\/produto\/tube-s-309lnb-g\/"]}]},{"@type":"ImageObject","inLanguage":"pt-BR","@id":"https:\/\/welding-alloys.zerobox.co.za\/pt-br\/produto\/tube-s-309lnb-g\/#primaryimage","url":"https:\/\/welding-alloys.zerobox.co.za\/wp-content\/uploads\/2021\/11\/blackspool.jpg","contentUrl":"https:\/\/welding-alloys.zerobox.co.za\/wp-content\/uploads\/2021\/11\/blackspool.jpg","width":1000,"height":1000,"caption":"blackspool"},{"@type":"BreadcrumbList","@id":"https:\/\/welding-alloys.zerobox.co.za\/pt-br\/produto\/tube-s-309lnb-g\/#breadcrumb","itemListElement":[{"@type":"ListItem","position":1,"name":"In\u00edcio","item":"https:\/\/welding-alloys.zerobox.co.za\/pt-br\/home\/"},{"@type":"ListItem","position":2,"name":"Produtos e servi\u00e7os","item":"https:\/\/welding-alloys.zerobox.co.za\/pt-br\/products-services\/"},{"@type":"ListItem","position":3,"name":"TUBE S 309LNb-G"}]},{"@type":"WebSite","@id":"https:\/\/welding-alloys.zerobox.co.za\/pt-br\/#website","url":"https:\/\/welding-alloys.zerobox.co.za\/pt-br\/","name":"Welding Alloys","description":"Welding Alloys","publisher":{"@id":"https:\/\/welding-alloys.zerobox.co.za\/pt-br\/#organization"},"potentialAction":[{"@type":"SearchAction","target":{"@type":"EntryPoint","urlTemplate":"https:\/\/welding-alloys.zerobox.co.za\/pt-br\/?s={search_term_string}"},"query-input":{"@type":"PropertyValueSpecification","valueRequired":true,"valueName":"search_term_string"}}],"inLanguage":"pt-BR"},{"@type":"Organization","@id":"https:\/\/welding-alloys.zerobox.co.za\/pt-br\/#organization","name":"Welding Alloys","url":"https:\/\/welding-alloys.zerobox.co.za\/pt-br\/","logo":{"@type":"ImageObject","inLanguage":"pt-BR","@id":"https:\/\/welding-alloys.zerobox.co.za\/pt-br\/#\/schema\/logo\/image\/","url":"https:\/\/welding-alloys.zerobox.co.za\/wp-content\/uploads\/2022\/02\/logo.png","contentUrl":"https:\/\/welding-alloys.zerobox.co.za\/wp-content\/uploads\/2022\/02\/logo.png","width":542,"height":279,"caption":"Welding Alloys"},"image":{"@id":"https:\/\/welding-alloys.zerobox.co.za\/pt-br\/#\/schema\/logo\/image\/"},"sameAs":["https:\/\/www.facebook.com\/weldingalloysgroup","https:\/\/www.youtube.com\/user\/WeldingAlloystv","https:\/\/www.instagram.com\/weldingalloys\/","https:\/\/linkedin.com\/company\/welding-alloys"]}]},"product_price_amount":"0.00","product_price_currency":"USD","og_availability":"instock","product_availability":"instock","product_retailer_item_id":"S309LNb-G","product_condition":"new"},"_links":{"self":[{"href":"https:\/\/welding-alloys.zerobox.co.za\/pt-br\/wp-json\/wp\/v2\/product\/70368","targetHints":{"allow":["GET"]}}],"collection":[{"href":"https:\/\/welding-alloys.zerobox.co.za\/pt-br\/wp-json\/wp\/v2\/product"}],"about":[{"href":"https:\/\/welding-alloys.zerobox.co.za\/pt-br\/wp-json\/wp\/v2\/types\/product"}],"replies":[{"embeddable":true,"href":"https:\/\/welding-alloys.zerobox.co.za\/pt-br\/wp-json\/wp\/v2\/comments?post=70368"}],"wp:featuredmedia":[{"embeddable":true,"href":"https:\/\/welding-alloys.zerobox.co.za\/pt-br\/wp-json\/wp\/v2\/media\/60637"}],"wp:attachment":[{"href":"https:\/\/welding-alloys.zerobox.co.za\/pt-br\/wp-json\/wp\/v2\/media?parent=70368"}],"wp:term":[{"taxonomy":"product_brand","embeddable":true,"href":"https:\/\/welding-alloys.zerobox.co.za\/pt-br\/wp-json\/wp\/v2\/product_brand?post=70368"},{"taxonomy":"product_cat","embeddable":true,"href":"https:\/\/welding-alloys.zerobox.co.za\/pt-br\/wp-json\/wp\/v2\/product_cat?post=70368"},{"taxonomy":"product_tag","embeddable":true,"href":"https:\/\/welding-alloys.zerobox.co.za\/pt-br\/wp-json\/wp\/v2\/product_tag?post=70368"},{"taxonomy":"application","embeddable":true,"href":"https:\/\/welding-alloys.zerobox.co.za\/pt-br\/wp-json\/wp\/v2\/application?post=70368"},{"taxonomy":"alloy_type","embeddable":true,"href":"https:\/\/welding-alloys.zerobox.co.za\/pt-br\/wp-json\/wp\/v2\/alloy_type?post=70368"},{"taxonomy":"family_name","embeddable":true,"href":"https:\/\/welding-alloys.zerobox.co.za\/pt-br\/wp-json\/wp\/v2\/family_name?post=70368"},{"taxonomy":"welding_process","embeddable":true,"href":"https:\/\/welding-alloys.zerobox.co.za\/pt-br\/wp-json\/wp\/v2\/welding_process?post=70368"},{"taxonomy":"welding_position","embeddable":true,"href":"https:\/\/welding-alloys.zerobox.co.za\/pt-br\/wp-json\/wp\/v2\/welding_position?post=70368"},{"taxonomy":"control_system","embeddable":true,"href":"https:\/\/welding-alloys.zerobox.co.za\/pt-br\/wp-json\/wp\/v2\/control_system?post=70368"},{"taxonomy":"datasheet","embeddable":true,"href":"https:\/\/welding-alloys.zerobox.co.za\/pt-br\/wp-json\/wp\/v2\/datasheet?post=70368"},{"taxonomy":"industry","embeddable":true,"href":"https:\/\/welding-alloys.zerobox.co.za\/pt-br\/wp-json\/wp\/v2\/industry?post=70368"},{"taxonomy":"base_metal_to_weld","embeddable":true,"href":"https:\/\/welding-alloys.zerobox.co.za\/pt-br\/wp-json\/wp\/v2\/base_metal_to_weld?post=70368"},{"taxonomy":"wear_type","embeddable":true,"href":"https:\/\/welding-alloys.zerobox.co.za\/pt-br\/wp-json\/wp\/v2\/wear_type?post=70368"},{"taxonomy":"hardness","embeddable":true,"href":"https:\/\/welding-alloys.zerobox.co.za\/pt-br\/wp-json\/wp\/v2\/hardness?post=70368"},{"taxonomy":"aws_classification","embeddable":true,"href":"https:\/\/welding-alloys.zerobox.co.za\/pt-br\/wp-json\/wp\/v2\/aws_classification?post=70368"},{"taxonomy":"en_iso_classification","embeddable":true,"href":"https:\/\/welding-alloys.zerobox.co.za\/pt-br\/wp-json\/wp\/v2\/en_iso_classification?post=70368"},{"taxonomy":"machine_expert","embeddable":true,"href":"https:\/\/welding-alloys.zerobox.co.za\/pt-br\/wp-json\/wp\/v2\/machine_expert?post=70368"},{"taxonomy":"industry_application","embeddable":true,"href":"https:\/\/welding-alloys.zerobox.co.za\/pt-br\/wp-json\/wp\/v2\/industry_application?post=70368"},{"taxonomy":"industry_expert","embeddable":true,"href":"https:\/\/welding-alloys.zerobox.co.za\/pt-br\/wp-json\/wp\/v2\/industry_expert?post=70368"},{"taxonomy":"hardness_range","embeddable":true,"href":"https:\/\/welding-alloys.zerobox.co.za\/pt-br\/wp-json\/wp\/v2\/hardness_range?post=70368"}],"curies":[{"name":"wp","href":"https:\/\/api.w.org\/{rel}","templated":true}]}}