{"id":70338,"date":"2024-06-03T17:47:57","date_gmt":"2024-06-03T15:47:57","guid":{"rendered":"https:\/\/welding-alloys.zerobox.co.za\/product\/tetra-v-309lmo-g\/"},"modified":"2026-03-14T13:50:19","modified_gmt":"2026-03-14T12:50:19","slug":"tetra-v-309lmo-g","status":"publish","type":"product","link":"https:\/\/welding-alloys.zerobox.co.za\/pt-br\/produto\/tetra-v-309lmo-g\/","title":{"rendered":"TETRA V 309LMo-G"},"content":{"rendered":"<ul>\n<li>24% cromo, 13% n\u00edquel, 3% molibd\u00eanio, dep\u00f3sito de baixo carbono<\/li>\n<li>Apar\u00eancia atraente do cord\u00e3o, excelente penetra\u00e7\u00e3o e alta produtividade<\/li>\n<li>Excelente solidez em raio X<\/li>\n<li>Projetado especificamente para soldagem fora de posi\u00e7\u00e3o<\/li>\n<li>M\u00e1xima produtividade para execu\u00e7\u00e3o de soldas verticais<\/li>\n<li>Soldado com misturas cl\u00e1ssicas e econ\u00f4micas de Ar-CO2 ou CO2<\/li>\n<\/ul>\n","protected":false},"excerpt":{"rendered":"<p>Arame de a\u00e7o inoxid\u00e1vel tubular com fluxo rut\u00edlico para soldagem a arco com prote\u00e7\u00e3o gasosa<\/p>\n","protected":false},"featured_media":60637,"comment_status":"closed","ping_status":"closed","template":"","meta":{"_acf_changed":false,"_relevanssi_hide_post":"","_relevanssi_hide_content":"","_relevanssi_pin_for_all":"","_relevanssi_pin_keywords":"","_relevanssi_unpin_keywords":"","_relevanssi_related_keywords":"","_relevanssi_related_include_ids":"","_relevanssi_related_exclude_ids":"","_relevanssi_related_no_append":"","_relevanssi_related_not_related":"","_relevanssi_related_posts":"","_relevanssi_noindex_reason":"","inline_featured_image":false,"_links_to":"","_links_to_target":""},"product_brand":[],"product_cat":[17541],"product_tag":[17611],"application":[17488,17489],"alloy_type":[17477],"family_name":[19395],"welding_process":[17559],"welding_position":[17554],"control_system":[],"datasheet":[18635],"industry":[],"base_metal_to_weld":[18165,18173,18166,18167,18168,18169,18170,18163,18171,18164,18172],"wear_type":[17551],"hardness":[],"aws_classification":[17754],"en_iso_classification":[19076],"machine_expert":[],"industry_application":[],"industry_expert":[],"hardness_range":[],"class_list":{"0":"post-70338","1":"product","2":"type-product","3":"status-publish","4":"has-post-thumbnail","6":"product_cat-consumiveis-de-soldagem-pt-br","7":"product_tag-fio-pt-br","8":"application-consumiveis-de-soldadura-para-cladding","9":"application-consumiveis-de-soldagem-para-juncao-e-reparo","10":"alloy_type-acos-inoxidaveis-pt-br","11":"family_name-tetra","12":"welding_process-soldagem-a-arco-com-nucleo-de-fluxo-com-protecao-gasosa-fcaw-g","13":"welding_position-todas-as-posicoes-pt-br","14":"datasheet-tetra-v-309lmo-g-pt-br","15":"base_metal_to_weld-1-4513-pt-br","16":"base_metal_to_weld-uns-s44400-pt-br","17":"base_metal_to_weld-1-4521-pt-br","18":"base_metal_to_weld-1-4526-pt-br","19":"base_metal_to_weld-aisi-434-pt-br","20":"base_metal_to_weld-aisi-436-pt-br","21":"base_metal_to_weld-aisi-444-pt-br","22":"base_metal_to_weld-1-4575-pt-br","23":"base_metal_to_weld-uns-s43400-pt-br","24":"base_metal_to_weld-1-4113-pt-br","25":"base_metal_to_weld-uns-s43600-pt-br","26":"wear_type-corrosao-pt-br","27":"aws_classification-asme-iic-sfa-5-22-aws-a-5-22-e309lmot1-4-e309lmot1-1-pt-br","28":"en_iso_classification-en-iso-17633-a-t-23-12-2-l-p-m21-1-t-23-12-2-l-p-c1-1-pt-br","30":"first","31":"instock","32":"sold-individually","33":"purchasable","34":"product-type-simple"},"acf":[],"yoast_head":"<!-- This site is optimized with the Yoast SEO Premium plugin v27.4 (Yoast SEO v27.4) - https:\/\/yoast.com\/product\/yoast-seo-premium-wordpress\/ -->\n<title>Arame tubular de soldagem TETRA V 309LMo-G<\/title>\n<meta name=\"description\" content=\"Arame de a\u00e7o inoxid\u00e1vel tubular com fluxo rut\u00edlico para soldagem a arco com prote\u00e7\u00e3o gasosa\" \/>\n<meta name=\"robots\" content=\"noindex, follow, max-snippet:-1, max-image-preview:large, max-video-preview:-1\" \/>\n<meta property=\"og:locale\" content=\"pt_BR\" \/>\n<meta property=\"og:type\" content=\"article\" \/>\n<meta property=\"og:title\" content=\"TETRA V 309LMo-G\" \/>\n<meta property=\"og:description\" content=\"Arame de a\u00e7o inoxid\u00e1vel tubular com fluxo rut\u00edlico para soldagem a arco com prote\u00e7\u00e3o gasosa\" \/>\n<meta property=\"og:url\" content=\"https:\/\/welding-alloys.zerobox.co.za\/pt-br\/produto\/tetra-v-309lmo-g\/\" \/>\n<meta property=\"og:site_name\" content=\"Welding Alloys\" \/>\n<meta property=\"article:publisher\" content=\"https:\/\/www.facebook.com\/weldingalloysgroup\" \/>\n<meta property=\"article:modified_time\" content=\"2026-03-14T12:50:19+00:00\" \/>\n<meta property=\"og:image\" content=\"https:\/\/welding-alloys.zerobox.co.za\/wp-content\/uploads\/2021\/11\/blackspool.jpg\" \/>\n\t<meta property=\"og:image:width\" content=\"1000\" \/>\n\t<meta property=\"og:image:height\" content=\"1000\" \/>\n\t<meta property=\"og:image:type\" content=\"image\/jpeg\" \/>\n<meta name=\"twitter:card\" content=\"summary_large_image\" \/>\n<meta name=\"twitter:label1\" content=\"Pre\u00e7o\" \/>\n\t<meta name=\"twitter:data1\" content=\"&#036;0.00\" \/>\n\t<meta name=\"twitter:label2\" content=\"Disponibilidade\" \/>\n\t<meta name=\"twitter:data2\" content=\"Em Estoque\" \/>\n<script type=\"application\/ld+json\" class=\"yoast-schema-graph\">{\"@context\":\"https:\\\/\\\/schema.org\",\"@graph\":[{\"@type\":\"WebPage\",\"@id\":\"https:\\\/\\\/welding-alloys.zerobox.co.za\\\/pt-br\\\/produto\\\/tetra-v-309lmo-g\\\/\",\"url\":\"https:\\\/\\\/welding-alloys.zerobox.co.za\\\/pt-br\\\/produto\\\/tetra-v-309lmo-g\\\/\",\"name\":\"Arame tubular de soldagem TETRA V 309LMo-G\",\"isPartOf\":{\"@id\":\"https:\\\/\\\/welding-alloys.zerobox.co.za\\\/pt-br\\\/#website\"},\"primaryImageOfPage\":{\"@id\":\"https:\\\/\\\/welding-alloys.zerobox.co.za\\\/pt-br\\\/produto\\\/tetra-v-309lmo-g\\\/#primaryimage\"},\"image\":{\"@id\":\"https:\\\/\\\/welding-alloys.zerobox.co.za\\\/pt-br\\\/produto\\\/tetra-v-309lmo-g\\\/#primaryimage\"},\"thumbnailUrl\":\"https:\\\/\\\/welding-alloys.zerobox.co.za\\\/wp-content\\\/uploads\\\/2021\\\/11\\\/blackspool.jpg\",\"datePublished\":\"2024-06-03T15:47:57+00:00\",\"dateModified\":\"2026-03-14T12:50:19+00:00\",\"description\":\"Arame de a\u00e7o inoxid\u00e1vel tubular com fluxo rut\u00edlico para soldagem a arco com prote\u00e7\u00e3o gasosa\",\"breadcrumb\":{\"@id\":\"https:\\\/\\\/welding-alloys.zerobox.co.za\\\/pt-br\\\/produto\\\/tetra-v-309lmo-g\\\/#breadcrumb\"},\"inLanguage\":\"pt-BR\",\"potentialAction\":[{\"@type\":\"ReadAction\",\"target\":[\"https:\\\/\\\/welding-alloys.zerobox.co.za\\\/pt-br\\\/produto\\\/tetra-v-309lmo-g\\\/\"]}]},{\"@type\":\"ImageObject\",\"inLanguage\":\"pt-BR\",\"@id\":\"https:\\\/\\\/welding-alloys.zerobox.co.za\\\/pt-br\\\/produto\\\/tetra-v-309lmo-g\\\/#primaryimage\",\"url\":\"https:\\\/\\\/welding-alloys.zerobox.co.za\\\/wp-content\\\/uploads\\\/2021\\\/11\\\/blackspool.jpg\",\"contentUrl\":\"https:\\\/\\\/welding-alloys.zerobox.co.za\\\/wp-content\\\/uploads\\\/2021\\\/11\\\/blackspool.jpg\",\"width\":1000,\"height\":1000,\"caption\":\"blackspool\"},{\"@type\":\"BreadcrumbList\",\"@id\":\"https:\\\/\\\/welding-alloys.zerobox.co.za\\\/pt-br\\\/produto\\\/tetra-v-309lmo-g\\\/#breadcrumb\",\"itemListElement\":[{\"@type\":\"ListItem\",\"position\":1,\"name\":\"In\u00edcio\",\"item\":\"https:\\\/\\\/welding-alloys.zerobox.co.za\\\/pt-br\\\/home\\\/\"},{\"@type\":\"ListItem\",\"position\":2,\"name\":\"Produtos e servi\u00e7os\",\"item\":\"https:\\\/\\\/welding-alloys.zerobox.co.za\\\/pt-br\\\/products-services\\\/\"},{\"@type\":\"ListItem\",\"position\":3,\"name\":\"TETRA V 309LMo-G\"}]},{\"@type\":\"WebSite\",\"@id\":\"https:\\\/\\\/welding-alloys.zerobox.co.za\\\/pt-br\\\/#website\",\"url\":\"https:\\\/\\\/welding-alloys.zerobox.co.za\\\/pt-br\\\/\",\"name\":\"Welding Alloys\",\"description\":\"Welding Alloys\",\"publisher\":{\"@id\":\"https:\\\/\\\/welding-alloys.zerobox.co.za\\\/pt-br\\\/#organization\"},\"potentialAction\":[{\"@type\":\"SearchAction\",\"target\":{\"@type\":\"EntryPoint\",\"urlTemplate\":\"https:\\\/\\\/welding-alloys.zerobox.co.za\\\/pt-br\\\/?s={search_term_string}\"},\"query-input\":{\"@type\":\"PropertyValueSpecification\",\"valueRequired\":true,\"valueName\":\"search_term_string\"}}],\"inLanguage\":\"pt-BR\"},{\"@type\":\"Organization\",\"@id\":\"https:\\\/\\\/welding-alloys.zerobox.co.za\\\/pt-br\\\/#organization\",\"name\":\"Welding Alloys\",\"url\":\"https:\\\/\\\/welding-alloys.zerobox.co.za\\\/pt-br\\\/\",\"logo\":{\"@type\":\"ImageObject\",\"inLanguage\":\"pt-BR\",\"@id\":\"https:\\\/\\\/welding-alloys.zerobox.co.za\\\/pt-br\\\/#\\\/schema\\\/logo\\\/image\\\/\",\"url\":\"https:\\\/\\\/welding-alloys.zerobox.co.za\\\/wp-content\\\/uploads\\\/2022\\\/02\\\/logo.png\",\"contentUrl\":\"https:\\\/\\\/welding-alloys.zerobox.co.za\\\/wp-content\\\/uploads\\\/2022\\\/02\\\/logo.png\",\"width\":542,\"height\":279,\"caption\":\"Welding Alloys\"},\"image\":{\"@id\":\"https:\\\/\\\/welding-alloys.zerobox.co.za\\\/pt-br\\\/#\\\/schema\\\/logo\\\/image\\\/\"},\"sameAs\":[\"https:\\\/\\\/www.facebook.com\\\/weldingalloysgroup\",\"https:\\\/\\\/www.youtube.com\\\/user\\\/WeldingAlloystv\",\"https:\\\/\\\/www.instagram.com\\\/weldingalloys\\\/\",\"https:\\\/\\\/linkedin.com\\\/company\\\/welding-alloys\"]}]}<\/script>\n<meta property=\"product:price:amount\" content=\"0.00\" \/>\n<meta property=\"product:price:currency\" content=\"USD\" \/>\n<meta property=\"og:availability\" content=\"instock\" \/>\n<meta property=\"product:availability\" content=\"instock\" \/>\n<meta property=\"product:retailer_item_id\" content=\"V309LMo-G\" \/>\n<meta property=\"product:condition\" content=\"new\" \/>\n<!-- \/ Yoast SEO Premium plugin. -->","yoast_head_json":{"title":"Arame tubular de soldagem TETRA V 309LMo-G","description":"Arame de a\u00e7o inoxid\u00e1vel tubular com fluxo rut\u00edlico para soldagem a arco com prote\u00e7\u00e3o gasosa","robots":{"index":"noindex","follow":"follow","max-snippet":"max-snippet:-1","max-image-preview":"max-image-preview:large","max-video-preview":"max-video-preview:-1"},"og_locale":"pt_BR","og_type":"article","og_title":"TETRA V 309LMo-G","og_description":"Arame de a\u00e7o inoxid\u00e1vel tubular com fluxo rut\u00edlico para soldagem a arco com prote\u00e7\u00e3o gasosa","og_url":"https:\/\/welding-alloys.zerobox.co.za\/pt-br\/produto\/tetra-v-309lmo-g\/","og_site_name":"Welding Alloys","article_publisher":"https:\/\/www.facebook.com\/weldingalloysgroup","article_modified_time":"2026-03-14T12:50:19+00:00","og_image":[{"width":1000,"height":1000,"url":"https:\/\/welding-alloys.zerobox.co.za\/wp-content\/uploads\/2021\/11\/blackspool.jpg","type":"image\/jpeg"}],"twitter_card":"summary_large_image","twitter_misc":{"Pre\u00e7o":"&#36;0.00","Disponibilidade":"Em Estoque"},"schema":{"@context":"https:\/\/schema.org","@graph":[{"@type":"WebPage","@id":"https:\/\/welding-alloys.zerobox.co.za\/pt-br\/produto\/tetra-v-309lmo-g\/","url":"https:\/\/welding-alloys.zerobox.co.za\/pt-br\/produto\/tetra-v-309lmo-g\/","name":"Arame tubular de soldagem TETRA V 309LMo-G","isPartOf":{"@id":"https:\/\/welding-alloys.zerobox.co.za\/pt-br\/#website"},"primaryImageOfPage":{"@id":"https:\/\/welding-alloys.zerobox.co.za\/pt-br\/produto\/tetra-v-309lmo-g\/#primaryimage"},"image":{"@id":"https:\/\/welding-alloys.zerobox.co.za\/pt-br\/produto\/tetra-v-309lmo-g\/#primaryimage"},"thumbnailUrl":"https:\/\/welding-alloys.zerobox.co.za\/wp-content\/uploads\/2021\/11\/blackspool.jpg","datePublished":"2024-06-03T15:47:57+00:00","dateModified":"2026-03-14T12:50:19+00:00","description":"Arame de a\u00e7o inoxid\u00e1vel tubular com fluxo rut\u00edlico para soldagem a arco com prote\u00e7\u00e3o gasosa","breadcrumb":{"@id":"https:\/\/welding-alloys.zerobox.co.za\/pt-br\/produto\/tetra-v-309lmo-g\/#breadcrumb"},"inLanguage":"pt-BR","potentialAction":[{"@type":"ReadAction","target":["https:\/\/welding-alloys.zerobox.co.za\/pt-br\/produto\/tetra-v-309lmo-g\/"]}]},{"@type":"ImageObject","inLanguage":"pt-BR","@id":"https:\/\/welding-alloys.zerobox.co.za\/pt-br\/produto\/tetra-v-309lmo-g\/#primaryimage","url":"https:\/\/welding-alloys.zerobox.co.za\/wp-content\/uploads\/2021\/11\/blackspool.jpg","contentUrl":"https:\/\/welding-alloys.zerobox.co.za\/wp-content\/uploads\/2021\/11\/blackspool.jpg","width":1000,"height":1000,"caption":"blackspool"},{"@type":"BreadcrumbList","@id":"https:\/\/welding-alloys.zerobox.co.za\/pt-br\/produto\/tetra-v-309lmo-g\/#breadcrumb","itemListElement":[{"@type":"ListItem","position":1,"name":"In\u00edcio","item":"https:\/\/welding-alloys.zerobox.co.za\/pt-br\/home\/"},{"@type":"ListItem","position":2,"name":"Produtos e servi\u00e7os","item":"https:\/\/welding-alloys.zerobox.co.za\/pt-br\/products-services\/"},{"@type":"ListItem","position":3,"name":"TETRA V 309LMo-G"}]},{"@type":"WebSite","@id":"https:\/\/welding-alloys.zerobox.co.za\/pt-br\/#website","url":"https:\/\/welding-alloys.zerobox.co.za\/pt-br\/","name":"Welding Alloys","description":"Welding Alloys","publisher":{"@id":"https:\/\/welding-alloys.zerobox.co.za\/pt-br\/#organization"},"potentialAction":[{"@type":"SearchAction","target":{"@type":"EntryPoint","urlTemplate":"https:\/\/welding-alloys.zerobox.co.za\/pt-br\/?s={search_term_string}"},"query-input":{"@type":"PropertyValueSpecification","valueRequired":true,"valueName":"search_term_string"}}],"inLanguage":"pt-BR"},{"@type":"Organization","@id":"https:\/\/welding-alloys.zerobox.co.za\/pt-br\/#organization","name":"Welding Alloys","url":"https:\/\/welding-alloys.zerobox.co.za\/pt-br\/","logo":{"@type":"ImageObject","inLanguage":"pt-BR","@id":"https:\/\/welding-alloys.zerobox.co.za\/pt-br\/#\/schema\/logo\/image\/","url":"https:\/\/welding-alloys.zerobox.co.za\/wp-content\/uploads\/2022\/02\/logo.png","contentUrl":"https:\/\/welding-alloys.zerobox.co.za\/wp-content\/uploads\/2022\/02\/logo.png","width":542,"height":279,"caption":"Welding Alloys"},"image":{"@id":"https:\/\/welding-alloys.zerobox.co.za\/pt-br\/#\/schema\/logo\/image\/"},"sameAs":["https:\/\/www.facebook.com\/weldingalloysgroup","https:\/\/www.youtube.com\/user\/WeldingAlloystv","https:\/\/www.instagram.com\/weldingalloys\/","https:\/\/linkedin.com\/company\/welding-alloys"]}]},"product_price_amount":"0.00","product_price_currency":"USD","og_availability":"instock","product_availability":"instock","product_retailer_item_id":"V309LMo-G","product_condition":"new"},"_links":{"self":[{"href":"https:\/\/welding-alloys.zerobox.co.za\/pt-br\/wp-json\/wp\/v2\/product\/70338","targetHints":{"allow":["GET"]}}],"collection":[{"href":"https:\/\/welding-alloys.zerobox.co.za\/pt-br\/wp-json\/wp\/v2\/product"}],"about":[{"href":"https:\/\/welding-alloys.zerobox.co.za\/pt-br\/wp-json\/wp\/v2\/types\/product"}],"replies":[{"embeddable":true,"href":"https:\/\/welding-alloys.zerobox.co.za\/pt-br\/wp-json\/wp\/v2\/comments?post=70338"}],"wp:featuredmedia":[{"embeddable":true,"href":"https:\/\/welding-alloys.zerobox.co.za\/pt-br\/wp-json\/wp\/v2\/media\/60637"}],"wp:attachment":[{"href":"https:\/\/welding-alloys.zerobox.co.za\/pt-br\/wp-json\/wp\/v2\/media?parent=70338"}],"wp:term":[{"taxonomy":"product_brand","embeddable":true,"href":"https:\/\/welding-alloys.zerobox.co.za\/pt-br\/wp-json\/wp\/v2\/product_brand?post=70338"},{"taxonomy":"product_cat","embeddable":true,"href":"https:\/\/welding-alloys.zerobox.co.za\/pt-br\/wp-json\/wp\/v2\/product_cat?post=70338"},{"taxonomy":"product_tag","embeddable":true,"href":"https:\/\/welding-alloys.zerobox.co.za\/pt-br\/wp-json\/wp\/v2\/product_tag?post=70338"},{"taxonomy":"application","embeddable":true,"href":"https:\/\/welding-alloys.zerobox.co.za\/pt-br\/wp-json\/wp\/v2\/application?post=70338"},{"taxonomy":"alloy_type","embeddable":true,"href":"https:\/\/welding-alloys.zerobox.co.za\/pt-br\/wp-json\/wp\/v2\/alloy_type?post=70338"},{"taxonomy":"family_name","embeddable":true,"href":"https:\/\/welding-alloys.zerobox.co.za\/pt-br\/wp-json\/wp\/v2\/family_name?post=70338"},{"taxonomy":"welding_process","embeddable":true,"href":"https:\/\/welding-alloys.zerobox.co.za\/pt-br\/wp-json\/wp\/v2\/welding_process?post=70338"},{"taxonomy":"welding_position","embeddable":true,"href":"https:\/\/welding-alloys.zerobox.co.za\/pt-br\/wp-json\/wp\/v2\/welding_position?post=70338"},{"taxonomy":"control_system","embeddable":true,"href":"https:\/\/welding-alloys.zerobox.co.za\/pt-br\/wp-json\/wp\/v2\/control_system?post=70338"},{"taxonomy":"datasheet","embeddable":true,"href":"https:\/\/welding-alloys.zerobox.co.za\/pt-br\/wp-json\/wp\/v2\/datasheet?post=70338"},{"taxonomy":"industry","embeddable":true,"href":"https:\/\/welding-alloys.zerobox.co.za\/pt-br\/wp-json\/wp\/v2\/industry?post=70338"},{"taxonomy":"base_metal_to_weld","embeddable":true,"href":"https:\/\/welding-alloys.zerobox.co.za\/pt-br\/wp-json\/wp\/v2\/base_metal_to_weld?post=70338"},{"taxonomy":"wear_type","embeddable":true,"href":"https:\/\/welding-alloys.zerobox.co.za\/pt-br\/wp-json\/wp\/v2\/wear_type?post=70338"},{"taxonomy":"hardness","embeddable":true,"href":"https:\/\/welding-alloys.zerobox.co.za\/pt-br\/wp-json\/wp\/v2\/hardness?post=70338"},{"taxonomy":"aws_classification","embeddable":true,"href":"https:\/\/welding-alloys.zerobox.co.za\/pt-br\/wp-json\/wp\/v2\/aws_classification?post=70338"},{"taxonomy":"en_iso_classification","embeddable":true,"href":"https:\/\/welding-alloys.zerobox.co.za\/pt-br\/wp-json\/wp\/v2\/en_iso_classification?post=70338"},{"taxonomy":"machine_expert","embeddable":true,"href":"https:\/\/welding-alloys.zerobox.co.za\/pt-br\/wp-json\/wp\/v2\/machine_expert?post=70338"},{"taxonomy":"industry_application","embeddable":true,"href":"https:\/\/welding-alloys.zerobox.co.za\/pt-br\/wp-json\/wp\/v2\/industry_application?post=70338"},{"taxonomy":"industry_expert","embeddable":true,"href":"https:\/\/welding-alloys.zerobox.co.za\/pt-br\/wp-json\/wp\/v2\/industry_expert?post=70338"},{"taxonomy":"hardness_range","embeddable":true,"href":"https:\/\/welding-alloys.zerobox.co.za\/pt-br\/wp-json\/wp\/v2\/hardness_range?post=70338"}],"curies":[{"name":"wp","href":"https:\/\/api.w.org\/{rel}","templated":true}]}}