{"id":70076,"date":"2025-02-24T09:16:43","date_gmt":"2025-02-24T08:16:43","guid":{"rendered":"https:\/\/welding-alloys.zerobox.co.za\/product\/warod-309l\/"},"modified":"2026-03-14T13:09:30","modified_gmt":"2026-03-14T12:09:30","slug":"warod-309l","status":"publish","type":"product","link":"https:\/\/welding-alloys.zerobox.co.za\/pt-br\/produto\/warod-309l\/","title":{"rendered":"WAROD 309L"},"content":{"rendered":"<ul>\n<li>Produz esc\u00f3ria para proteger o verso do passe de raiz contra a oxida\u00e7\u00e3o pela atmosfera<\/li>\n<li>Reduz os custos com gases de prote\u00e7\u00e3o de raiz<\/li>\n<li>Elimina o tempo de parada para purga de g\u00e1s, perfeitamente adequado para soldagem de tubos de a\u00e7o inoxid\u00e1vel<\/li>\n<li>Aplic\u00e1vel de -196 \u00b0C a +400 \u00b0C<\/li>\n<\/ul>\n","protected":false},"excerpt":{"rendered":"<p>Vareta de enchimento tubular com fluxo para soldagem TIG<\/p>\n","protected":false},"featured_media":65703,"comment_status":"closed","ping_status":"closed","template":"","meta":{"_acf_changed":false,"_relevanssi_hide_post":"","_relevanssi_hide_content":"","_relevanssi_pin_for_all":"","_relevanssi_pin_keywords":"","_relevanssi_unpin_keywords":"","_relevanssi_related_keywords":"","_relevanssi_related_include_ids":"","_relevanssi_related_exclude_ids":"","_relevanssi_related_no_append":"","_relevanssi_related_not_related":"","_relevanssi_related_posts":"","_relevanssi_noindex_reason":"","inline_featured_image":false,"_links_to":"","_links_to_target":""},"product_brand":[],"product_cat":[17541],"product_tag":[],"application":[17488,17489],"alloy_type":[17477],"family_name":[24519],"welding_process":[17564],"welding_position":[17554],"control_system":[],"datasheet":[18888],"industry":[],"base_metal_to_weld":[17944,18127,18145,18178,18232,18097,18128,18146,18179,18328,18114,18129,18147,18181,18335,17872,18122,18130,18148,18187,18336,17940,18123,18131,18149,18192,17941,18124,18141,18150,18193,17942,18125,18142,18176,18230,17943,18126,18144,18177,18231],"wear_type":[17551],"hardness":[],"aws_classification":[17869],"en_iso_classification":[],"machine_expert":[],"industry_application":[],"industry_expert":[],"hardness_range":[],"class_list":{"0":"post-70076","1":"product","2":"type-product","3":"status-publish","4":"has-post-thumbnail","6":"product_cat-consumiveis-de-soldagem-pt-br","7":"application-consumiveis-de-soldadura-para-cladding","8":"application-consumiveis-de-soldagem-para-juncao-e-reparo","9":"alloy_type-acos-inoxidaveis-pt-br","10":"family_name-warod","11":"welding_process-soldagem-por-arco-de-tungstenio-a-gas-gtaw","12":"welding_position-todas-as-posicoes-pt-br","13":"datasheet-warod-309l-pt-br","14":"base_metal_to_weld-aisi-410-pt-br","15":"base_metal_to_weld-aisi-439-pt-br","16":"base_metal_to_weld-aisi-405-pt-br","17":"base_metal_to_weld-aisi-3cr12-pt-br","18":"base_metal_to_weld-uns-s43000-pt-br","19":"base_metal_to_weld-1-4059-pt-br","20":"base_metal_to_weld-aisi-430cb-pt-br","21":"base_metal_to_weld-aisi-ca15-pt-br","22":"base_metal_to_weld-uns-s40977-pt-br","23":"base_metal_to_weld-1-4000-pt-br","24":"base_metal_to_weld-uns-s40300-pt-br","25":"base_metal_to_weld-aisi-409-pt-br","26":"base_metal_to_weld-uns-s41000-pt-br","27":"base_metal_to_weld-1-4589-pt-br","28":"base_metal_to_weld-1-4510-pt-br","29":"base_metal_to_weld-1-4742-pt-br","30":"base_metal_to_weld-1-4509-pt-br","31":"base_metal_to_weld-uns-s43035-pt-br","32":"base_metal_to_weld-uns-s40500-pt-br","33":"base_metal_to_weld-1-4741-pt-br","34":"base_metal_to_weld-1-4520-pt-br","35":"base_metal_to_weld-1-4002-pt-br","36":"base_metal_to_weld-1-4511-pt-br","37":"base_metal_to_weld-uns-s40900-pt-br","38":"base_metal_to_weld-uns-s42900-pt-br","39":"base_metal_to_weld-aisi-442-pt-br","40":"base_metal_to_weld-1-4024-pt-br","41":"base_metal_to_weld-1-4512-pt-br","42":"base_metal_to_weld-1-4008-pt-br","43":"base_metal_to_weld-uns-j91150-pt-br","44":"base_metal_to_weld-uns-s44200-pt-br","45":"base_metal_to_weld-1-4006-pt-br","46":"base_metal_to_weld-aisi-18crcb-pt-br","47":"base_metal_to_weld-1-4001-pt-br","48":"base_metal_to_weld-1-4107-pt-br","49":"base_metal_to_weld-1-4016-pt-br","50":"base_metal_to_weld-aisi-403-pt-br","51":"base_metal_to_weld-aisi-430ti-pt-br","52":"base_metal_to_weld-aisi-429-pt-br","53":"base_metal_to_weld-1-4003-pt-br","54":"base_metal_to_weld-aisi-430-pt-br","55":"wear_type-corrosao-pt-br","56":"aws_classification-asme-iic-sfa-5-22-aws-a-5-22-r309lt1-5-pt-br","58":"first","59":"instock","60":"sold-individually","61":"purchasable","62":"product-type-simple"},"acf":[],"yoast_head":"<!-- This site is optimized with the Yoast SEO Premium plugin v27.4 (Yoast SEO v27.4) - https:\/\/yoast.com\/product\/yoast-seo-premium-wordpress\/ -->\n<title>WAROD 309L Vareta de enchimento tubular com fluxo para soldagem TIG<\/title>\n<meta name=\"description\" content=\"WAROD 309L Vareta de enchimento tubular com fluxo para soldagem TIG\" \/>\n<meta name=\"robots\" content=\"noindex, follow, max-snippet:-1, max-image-preview:large, max-video-preview:-1\" \/>\n<meta property=\"og:locale\" content=\"pt_BR\" \/>\n<meta property=\"og:type\" content=\"article\" \/>\n<meta property=\"og:title\" content=\"WAROD 309L\" \/>\n<meta property=\"og:description\" content=\"WAROD 309L Vareta de enchimento tubular com fluxo para soldagem TIG\" \/>\n<meta property=\"og:url\" content=\"https:\/\/welding-alloys.zerobox.co.za\/pt-br\/produto\/warod-309l\/\" \/>\n<meta property=\"og:site_name\" content=\"Welding Alloys\" \/>\n<meta property=\"article:publisher\" content=\"https:\/\/www.facebook.com\/weldingalloysgroup\" \/>\n<meta property=\"article:modified_time\" content=\"2026-03-14T12:09:30+00:00\" \/>\n<meta property=\"og:image\" content=\"https:\/\/welding-alloys.zerobox.co.za\/wp-content\/uploads\/2021\/11\/rods.jpg\" \/>\n\t<meta property=\"og:image:width\" content=\"1000\" \/>\n\t<meta property=\"og:image:height\" content=\"1000\" \/>\n\t<meta property=\"og:image:type\" content=\"image\/jpeg\" \/>\n<meta name=\"twitter:card\" content=\"summary_large_image\" \/>\n<meta name=\"twitter:label1\" content=\"Pre\u00e7o\" \/>\n\t<meta name=\"twitter:data1\" content=\"&#036;0.00\" \/>\n\t<meta name=\"twitter:label2\" content=\"Disponibilidade\" \/>\n\t<meta name=\"twitter:data2\" content=\"Em Estoque\" \/>\n<script type=\"application\/ld+json\" class=\"yoast-schema-graph\">{\"@context\":\"https:\\\/\\\/schema.org\",\"@graph\":[{\"@type\":\"WebPage\",\"@id\":\"https:\\\/\\\/welding-alloys.zerobox.co.za\\\/pt-br\\\/produto\\\/warod-309l\\\/\",\"url\":\"https:\\\/\\\/welding-alloys.zerobox.co.za\\\/pt-br\\\/produto\\\/warod-309l\\\/\",\"name\":\"WAROD 309L Vareta de enchimento tubular com fluxo para soldagem TIG\",\"isPartOf\":{\"@id\":\"https:\\\/\\\/welding-alloys.zerobox.co.za\\\/pt-br\\\/#website\"},\"primaryImageOfPage\":{\"@id\":\"https:\\\/\\\/welding-alloys.zerobox.co.za\\\/pt-br\\\/produto\\\/warod-309l\\\/#primaryimage\"},\"image\":{\"@id\":\"https:\\\/\\\/welding-alloys.zerobox.co.za\\\/pt-br\\\/produto\\\/warod-309l\\\/#primaryimage\"},\"thumbnailUrl\":\"https:\\\/\\\/welding-alloys.zerobox.co.za\\\/wp-content\\\/uploads\\\/2021\\\/11\\\/rods.jpg\",\"datePublished\":\"2025-02-24T08:16:43+00:00\",\"dateModified\":\"2026-03-14T12:09:30+00:00\",\"description\":\"WAROD 309L Vareta de enchimento tubular com fluxo para soldagem TIG\",\"breadcrumb\":{\"@id\":\"https:\\\/\\\/welding-alloys.zerobox.co.za\\\/pt-br\\\/produto\\\/warod-309l\\\/#breadcrumb\"},\"inLanguage\":\"pt-BR\",\"potentialAction\":[{\"@type\":\"ReadAction\",\"target\":[\"https:\\\/\\\/welding-alloys.zerobox.co.za\\\/pt-br\\\/produto\\\/warod-309l\\\/\"]}]},{\"@type\":\"ImageObject\",\"inLanguage\":\"pt-BR\",\"@id\":\"https:\\\/\\\/welding-alloys.zerobox.co.za\\\/pt-br\\\/produto\\\/warod-309l\\\/#primaryimage\",\"url\":\"https:\\\/\\\/welding-alloys.zerobox.co.za\\\/wp-content\\\/uploads\\\/2021\\\/11\\\/rods.jpg\",\"contentUrl\":\"https:\\\/\\\/welding-alloys.zerobox.co.za\\\/wp-content\\\/uploads\\\/2021\\\/11\\\/rods.jpg\",\"width\":1000,\"height\":1000,\"caption\":\"varetas\"},{\"@type\":\"BreadcrumbList\",\"@id\":\"https:\\\/\\\/welding-alloys.zerobox.co.za\\\/pt-br\\\/produto\\\/warod-309l\\\/#breadcrumb\",\"itemListElement\":[{\"@type\":\"ListItem\",\"position\":1,\"name\":\"In\u00edcio\",\"item\":\"https:\\\/\\\/welding-alloys.zerobox.co.za\\\/pt-br\\\/home\\\/\"},{\"@type\":\"ListItem\",\"position\":2,\"name\":\"Produtos e servi\u00e7os\",\"item\":\"https:\\\/\\\/welding-alloys.zerobox.co.za\\\/pt-br\\\/products-services\\\/\"},{\"@type\":\"ListItem\",\"position\":3,\"name\":\"WAROD 309L\"}]},{\"@type\":\"WebSite\",\"@id\":\"https:\\\/\\\/welding-alloys.zerobox.co.za\\\/pt-br\\\/#website\",\"url\":\"https:\\\/\\\/welding-alloys.zerobox.co.za\\\/pt-br\\\/\",\"name\":\"Welding Alloys\",\"description\":\"Welding Alloys\",\"publisher\":{\"@id\":\"https:\\\/\\\/welding-alloys.zerobox.co.za\\\/pt-br\\\/#organization\"},\"potentialAction\":[{\"@type\":\"SearchAction\",\"target\":{\"@type\":\"EntryPoint\",\"urlTemplate\":\"https:\\\/\\\/welding-alloys.zerobox.co.za\\\/pt-br\\\/?s={search_term_string}\"},\"query-input\":{\"@type\":\"PropertyValueSpecification\",\"valueRequired\":true,\"valueName\":\"search_term_string\"}}],\"inLanguage\":\"pt-BR\"},{\"@type\":\"Organization\",\"@id\":\"https:\\\/\\\/welding-alloys.zerobox.co.za\\\/pt-br\\\/#organization\",\"name\":\"Welding Alloys\",\"url\":\"https:\\\/\\\/welding-alloys.zerobox.co.za\\\/pt-br\\\/\",\"logo\":{\"@type\":\"ImageObject\",\"inLanguage\":\"pt-BR\",\"@id\":\"https:\\\/\\\/welding-alloys.zerobox.co.za\\\/pt-br\\\/#\\\/schema\\\/logo\\\/image\\\/\",\"url\":\"https:\\\/\\\/welding-alloys.zerobox.co.za\\\/wp-content\\\/uploads\\\/2022\\\/02\\\/logo.png\",\"contentUrl\":\"https:\\\/\\\/welding-alloys.zerobox.co.za\\\/wp-content\\\/uploads\\\/2022\\\/02\\\/logo.png\",\"width\":542,\"height\":279,\"caption\":\"Welding Alloys\"},\"image\":{\"@id\":\"https:\\\/\\\/welding-alloys.zerobox.co.za\\\/pt-br\\\/#\\\/schema\\\/logo\\\/image\\\/\"},\"sameAs\":[\"https:\\\/\\\/www.facebook.com\\\/weldingalloysgroup\",\"https:\\\/\\\/www.youtube.com\\\/user\\\/WeldingAlloystv\",\"https:\\\/\\\/www.instagram.com\\\/weldingalloys\\\/\",\"https:\\\/\\\/linkedin.com\\\/company\\\/welding-alloys\"]}]}<\/script>\n<meta property=\"product:price:amount\" content=\"0.00\" \/>\n<meta property=\"product:price:currency\" content=\"USD\" \/>\n<meta property=\"og:availability\" content=\"instock\" \/>\n<meta property=\"product:availability\" content=\"instock\" \/>\n<meta property=\"product:retailer_item_id\" content=\"309L\" \/>\n<meta property=\"product:condition\" content=\"new\" \/>\n<!-- \/ Yoast SEO Premium plugin. -->","yoast_head_json":{"title":"WAROD 309L Vareta de enchimento tubular com fluxo para soldagem TIG","description":"WAROD 309L Vareta de enchimento tubular com fluxo para soldagem TIG","robots":{"index":"noindex","follow":"follow","max-snippet":"max-snippet:-1","max-image-preview":"max-image-preview:large","max-video-preview":"max-video-preview:-1"},"og_locale":"pt_BR","og_type":"article","og_title":"WAROD 309L","og_description":"WAROD 309L Vareta de enchimento tubular com fluxo para soldagem TIG","og_url":"https:\/\/welding-alloys.zerobox.co.za\/pt-br\/produto\/warod-309l\/","og_site_name":"Welding Alloys","article_publisher":"https:\/\/www.facebook.com\/weldingalloysgroup","article_modified_time":"2026-03-14T12:09:30+00:00","og_image":[{"width":1000,"height":1000,"url":"https:\/\/welding-alloys.zerobox.co.za\/wp-content\/uploads\/2021\/11\/rods.jpg","type":"image\/jpeg"}],"twitter_card":"summary_large_image","twitter_misc":{"Pre\u00e7o":"&#36;0.00","Disponibilidade":"Em Estoque"},"schema":{"@context":"https:\/\/schema.org","@graph":[{"@type":"WebPage","@id":"https:\/\/welding-alloys.zerobox.co.za\/pt-br\/produto\/warod-309l\/","url":"https:\/\/welding-alloys.zerobox.co.za\/pt-br\/produto\/warod-309l\/","name":"WAROD 309L Vareta de enchimento tubular com fluxo para soldagem TIG","isPartOf":{"@id":"https:\/\/welding-alloys.zerobox.co.za\/pt-br\/#website"},"primaryImageOfPage":{"@id":"https:\/\/welding-alloys.zerobox.co.za\/pt-br\/produto\/warod-309l\/#primaryimage"},"image":{"@id":"https:\/\/welding-alloys.zerobox.co.za\/pt-br\/produto\/warod-309l\/#primaryimage"},"thumbnailUrl":"https:\/\/welding-alloys.zerobox.co.za\/wp-content\/uploads\/2021\/11\/rods.jpg","datePublished":"2025-02-24T08:16:43+00:00","dateModified":"2026-03-14T12:09:30+00:00","description":"WAROD 309L Vareta de enchimento tubular com fluxo para soldagem TIG","breadcrumb":{"@id":"https:\/\/welding-alloys.zerobox.co.za\/pt-br\/produto\/warod-309l\/#breadcrumb"},"inLanguage":"pt-BR","potentialAction":[{"@type":"ReadAction","target":["https:\/\/welding-alloys.zerobox.co.za\/pt-br\/produto\/warod-309l\/"]}]},{"@type":"ImageObject","inLanguage":"pt-BR","@id":"https:\/\/welding-alloys.zerobox.co.za\/pt-br\/produto\/warod-309l\/#primaryimage","url":"https:\/\/welding-alloys.zerobox.co.za\/wp-content\/uploads\/2021\/11\/rods.jpg","contentUrl":"https:\/\/welding-alloys.zerobox.co.za\/wp-content\/uploads\/2021\/11\/rods.jpg","width":1000,"height":1000,"caption":"varetas"},{"@type":"BreadcrumbList","@id":"https:\/\/welding-alloys.zerobox.co.za\/pt-br\/produto\/warod-309l\/#breadcrumb","itemListElement":[{"@type":"ListItem","position":1,"name":"In\u00edcio","item":"https:\/\/welding-alloys.zerobox.co.za\/pt-br\/home\/"},{"@type":"ListItem","position":2,"name":"Produtos e servi\u00e7os","item":"https:\/\/welding-alloys.zerobox.co.za\/pt-br\/products-services\/"},{"@type":"ListItem","position":3,"name":"WAROD 309L"}]},{"@type":"WebSite","@id":"https:\/\/welding-alloys.zerobox.co.za\/pt-br\/#website","url":"https:\/\/welding-alloys.zerobox.co.za\/pt-br\/","name":"Welding Alloys","description":"Welding Alloys","publisher":{"@id":"https:\/\/welding-alloys.zerobox.co.za\/pt-br\/#organization"},"potentialAction":[{"@type":"SearchAction","target":{"@type":"EntryPoint","urlTemplate":"https:\/\/welding-alloys.zerobox.co.za\/pt-br\/?s={search_term_string}"},"query-input":{"@type":"PropertyValueSpecification","valueRequired":true,"valueName":"search_term_string"}}],"inLanguage":"pt-BR"},{"@type":"Organization","@id":"https:\/\/welding-alloys.zerobox.co.za\/pt-br\/#organization","name":"Welding Alloys","url":"https:\/\/welding-alloys.zerobox.co.za\/pt-br\/","logo":{"@type":"ImageObject","inLanguage":"pt-BR","@id":"https:\/\/welding-alloys.zerobox.co.za\/pt-br\/#\/schema\/logo\/image\/","url":"https:\/\/welding-alloys.zerobox.co.za\/wp-content\/uploads\/2022\/02\/logo.png","contentUrl":"https:\/\/welding-alloys.zerobox.co.za\/wp-content\/uploads\/2022\/02\/logo.png","width":542,"height":279,"caption":"Welding Alloys"},"image":{"@id":"https:\/\/welding-alloys.zerobox.co.za\/pt-br\/#\/schema\/logo\/image\/"},"sameAs":["https:\/\/www.facebook.com\/weldingalloysgroup","https:\/\/www.youtube.com\/user\/WeldingAlloystv","https:\/\/www.instagram.com\/weldingalloys\/","https:\/\/linkedin.com\/company\/welding-alloys"]}]},"product_price_amount":"0.00","product_price_currency":"USD","og_availability":"instock","product_availability":"instock","product_retailer_item_id":"309L","product_condition":"new"},"_links":{"self":[{"href":"https:\/\/welding-alloys.zerobox.co.za\/pt-br\/wp-json\/wp\/v2\/product\/70076","targetHints":{"allow":["GET"]}}],"collection":[{"href":"https:\/\/welding-alloys.zerobox.co.za\/pt-br\/wp-json\/wp\/v2\/product"}],"about":[{"href":"https:\/\/welding-alloys.zerobox.co.za\/pt-br\/wp-json\/wp\/v2\/types\/product"}],"replies":[{"embeddable":true,"href":"https:\/\/welding-alloys.zerobox.co.za\/pt-br\/wp-json\/wp\/v2\/comments?post=70076"}],"wp:featuredmedia":[{"embeddable":true,"href":"https:\/\/welding-alloys.zerobox.co.za\/pt-br\/wp-json\/wp\/v2\/media\/65703"}],"wp:attachment":[{"href":"https:\/\/welding-alloys.zerobox.co.za\/pt-br\/wp-json\/wp\/v2\/media?parent=70076"}],"wp:term":[{"taxonomy":"product_brand","embeddable":true,"href":"https:\/\/welding-alloys.zerobox.co.za\/pt-br\/wp-json\/wp\/v2\/product_brand?post=70076"},{"taxonomy":"product_cat","embeddable":true,"href":"https:\/\/welding-alloys.zerobox.co.za\/pt-br\/wp-json\/wp\/v2\/product_cat?post=70076"},{"taxonomy":"product_tag","embeddable":true,"href":"https:\/\/welding-alloys.zerobox.co.za\/pt-br\/wp-json\/wp\/v2\/product_tag?post=70076"},{"taxonomy":"application","embeddable":true,"href":"https:\/\/welding-alloys.zerobox.co.za\/pt-br\/wp-json\/wp\/v2\/application?post=70076"},{"taxonomy":"alloy_type","embeddable":true,"href":"https:\/\/welding-alloys.zerobox.co.za\/pt-br\/wp-json\/wp\/v2\/alloy_type?post=70076"},{"taxonomy":"family_name","embeddable":true,"href":"https:\/\/welding-alloys.zerobox.co.za\/pt-br\/wp-json\/wp\/v2\/family_name?post=70076"},{"taxonomy":"welding_process","embeddable":true,"href":"https:\/\/welding-alloys.zerobox.co.za\/pt-br\/wp-json\/wp\/v2\/welding_process?post=70076"},{"taxonomy":"welding_position","embeddable":true,"href":"https:\/\/welding-alloys.zerobox.co.za\/pt-br\/wp-json\/wp\/v2\/welding_position?post=70076"},{"taxonomy":"control_system","embeddable":true,"href":"https:\/\/welding-alloys.zerobox.co.za\/pt-br\/wp-json\/wp\/v2\/control_system?post=70076"},{"taxonomy":"datasheet","embeddable":true,"href":"https:\/\/welding-alloys.zerobox.co.za\/pt-br\/wp-json\/wp\/v2\/datasheet?post=70076"},{"taxonomy":"industry","embeddable":true,"href":"https:\/\/welding-alloys.zerobox.co.za\/pt-br\/wp-json\/wp\/v2\/industry?post=70076"},{"taxonomy":"base_metal_to_weld","embeddable":true,"href":"https:\/\/welding-alloys.zerobox.co.za\/pt-br\/wp-json\/wp\/v2\/base_metal_to_weld?post=70076"},{"taxonomy":"wear_type","embeddable":true,"href":"https:\/\/welding-alloys.zerobox.co.za\/pt-br\/wp-json\/wp\/v2\/wear_type?post=70076"},{"taxonomy":"hardness","embeddable":true,"href":"https:\/\/welding-alloys.zerobox.co.za\/pt-br\/wp-json\/wp\/v2\/hardness?post=70076"},{"taxonomy":"aws_classification","embeddable":true,"href":"https:\/\/welding-alloys.zerobox.co.za\/pt-br\/wp-json\/wp\/v2\/aws_classification?post=70076"},{"taxonomy":"en_iso_classification","embeddable":true,"href":"https:\/\/welding-alloys.zerobox.co.za\/pt-br\/wp-json\/wp\/v2\/en_iso_classification?post=70076"},{"taxonomy":"machine_expert","embeddable":true,"href":"https:\/\/welding-alloys.zerobox.co.za\/pt-br\/wp-json\/wp\/v2\/machine_expert?post=70076"},{"taxonomy":"industry_application","embeddable":true,"href":"https:\/\/welding-alloys.zerobox.co.za\/pt-br\/wp-json\/wp\/v2\/industry_application?post=70076"},{"taxonomy":"industry_expert","embeddable":true,"href":"https:\/\/welding-alloys.zerobox.co.za\/pt-br\/wp-json\/wp\/v2\/industry_expert?post=70076"},{"taxonomy":"hardness_range","embeddable":true,"href":"https:\/\/welding-alloys.zerobox.co.za\/pt-br\/wp-json\/wp\/v2\/hardness_range?post=70076"}],"curies":[{"name":"wp","href":"https:\/\/api.w.org\/{rel}","templated":true}]}}