{"id":70057,"date":"2024-06-03T18:08:52","date_gmt":"2024-06-03T16:08:52","guid":{"rendered":"https:\/\/welding-alloys.zerobox.co.za\/product\/wa-hardface-steelcarbw25-te\/"},"modified":"2026-03-14T13:37:25","modified_gmt":"2026-03-14T12:37:25","slug":"wa-hardface-steelcarbw25-te","status":"publish","type":"product","link":"https:\/\/welding-alloys.zerobox.co.za\/pt-br\/produto\/wa-hardface-steelcarbw25-te\/","title":{"rendered":"WA HARDFACE STEELCARBW25-TE"},"content":{"rendered":"<ul>\n<li>Resist\u00eancia extrema a abrasivos, especialmente de granula\u00e7\u00e3o fina<\/li>\n<li>\u00datil em aplica\u00e7\u00f5es que exigem materiais com alt\u00edssima resist\u00eancia \u00e0 abras\u00e3o e impacto moderado<\/li>\n<\/ul>\n","protected":false},"excerpt":{"rendered":"<p>Eletrodo tubular preenchido com part\u00edculas de carboneto de tungst\u00eanio<\/p>\n","protected":false},"featured_media":60954,"comment_status":"closed","ping_status":"closed","template":"","meta":{"_acf_changed":false,"_relevanssi_hide_post":"","_relevanssi_hide_content":"","_relevanssi_pin_for_all":"","_relevanssi_pin_keywords":"","_relevanssi_unpin_keywords":"","_relevanssi_related_keywords":"","_relevanssi_related_include_ids":"","_relevanssi_related_exclude_ids":"","_relevanssi_related_no_append":"","_relevanssi_related_not_related":"","_relevanssi_related_posts":"","_relevanssi_noindex_reason":"","inline_featured_image":false,"_links_to":"","_links_to_target":""},"product_brand":[],"product_cat":[17541],"product_tag":[17612],"application":[17487],"alloy_type":[17474],"family_name":[24523],"welding_process":[17565],"welding_position":[17553],"control_system":[],"datasheet":[18590],"industry":[],"base_metal_to_weld":[],"wear_type":[17548],"hardness":[19353],"aws_classification":[],"en_iso_classification":[18914],"machine_expert":[],"industry_application":[],"industry_expert":[],"hardness_range":[18719],"class_list":{"0":"post-70057","1":"product","2":"type-product","3":"status-publish","4":"has-post-thumbnail","6":"product_cat-consumiveis-de-soldagem-pt-br","7":"product_tag-eletrodo-pt-br","8":"application-consumiveis-para-soldagem-de-revestimento-duro","9":"alloy_type-antiabrasao","10":"family_name-wa-hardface","11":"welding_process-soldagem-por-arco-de-metal-blindado-smaw","12":"welding_position-plano-pt-br","13":"datasheet-wa-hardface-steelcarbw25-te-pt-br","14":"wear_type-abrasao-pt-br","15":"hardness-68-hrc-como-soldado-3-camadas-pt-br","16":"en_iso_classification-en-14700-t-zfe20-pt-br","17":"hardness_range-65-70-hrc-pt-br","19":"first","20":"instock","21":"sold-individually","22":"purchasable","23":"product-type-simple"},"acf":[],"yoast_head":"<!-- This site is optimized with the Yoast SEO Premium plugin v27.4 (Yoast SEO v27.4) - https:\/\/yoast.com\/product\/yoast-seo-premium-wordpress\/ -->\n<title>WA HARDFACE STEELCARBW25-TE Eletrodo tubular de revestimento duro<\/title>\n<meta name=\"description\" content=\"WA HARDFACE STEELCARBW25-TE Eletrodo tubular preenchido com part\u00edculas de carboneto de tungst\u00eanio\" \/>\n<meta name=\"robots\" content=\"noindex, follow, max-snippet:-1, max-image-preview:large, max-video-preview:-1\" \/>\n<meta property=\"og:locale\" content=\"pt_BR\" \/>\n<meta property=\"og:type\" content=\"article\" \/>\n<meta property=\"og:title\" content=\"WA HARDFACE STEELCARBW25-TE\" \/>\n<meta property=\"og:description\" content=\"WA HARDFACE STEELCARBW25-TE Eletrodo tubular preenchido com part\u00edculas de carboneto de tungst\u00eanio\" \/>\n<meta property=\"og:url\" content=\"https:\/\/welding-alloys.zerobox.co.za\/pt-br\/produto\/wa-hardface-steelcarbw25-te\/\" \/>\n<meta property=\"og:site_name\" content=\"Welding Alloys\" \/>\n<meta property=\"article:publisher\" content=\"https:\/\/www.facebook.com\/weldingalloysgroup\" \/>\n<meta property=\"article:modified_time\" content=\"2026-03-14T12:37:25+00:00\" \/>\n<meta property=\"og:image\" content=\"https:\/\/welding-alloys.zerobox.co.za\/wp-content\/uploads\/2022\/02\/tubularelectrodes.jpg\" \/>\n\t<meta property=\"og:image:width\" content=\"1000\" \/>\n\t<meta property=\"og:image:height\" content=\"1000\" \/>\n\t<meta property=\"og:image:type\" content=\"image\/jpeg\" \/>\n<meta name=\"twitter:card\" content=\"summary_large_image\" \/>\n<meta name=\"twitter:label1\" content=\"Pre\u00e7o\" \/>\n\t<meta name=\"twitter:data1\" content=\"&#036;0.00\" \/>\n\t<meta name=\"twitter:label2\" content=\"Disponibilidade\" \/>\n\t<meta name=\"twitter:data2\" content=\"Em Estoque\" \/>\n<script type=\"application\/ld+json\" class=\"yoast-schema-graph\">{\"@context\":\"https:\\\/\\\/schema.org\",\"@graph\":[{\"@type\":\"WebPage\",\"@id\":\"https:\\\/\\\/welding-alloys.zerobox.co.za\\\/pt-br\\\/produto\\\/wa-hardface-steelcarbw25-te\\\/\",\"url\":\"https:\\\/\\\/welding-alloys.zerobox.co.za\\\/pt-br\\\/produto\\\/wa-hardface-steelcarbw25-te\\\/\",\"name\":\"WA HARDFACE STEELCARBW25-TE Eletrodo tubular de revestimento duro\",\"isPartOf\":{\"@id\":\"https:\\\/\\\/welding-alloys.zerobox.co.za\\\/pt-br\\\/#website\"},\"primaryImageOfPage\":{\"@id\":\"https:\\\/\\\/welding-alloys.zerobox.co.za\\\/pt-br\\\/produto\\\/wa-hardface-steelcarbw25-te\\\/#primaryimage\"},\"image\":{\"@id\":\"https:\\\/\\\/welding-alloys.zerobox.co.za\\\/pt-br\\\/produto\\\/wa-hardface-steelcarbw25-te\\\/#primaryimage\"},\"thumbnailUrl\":\"https:\\\/\\\/welding-alloys.zerobox.co.za\\\/wp-content\\\/uploads\\\/2022\\\/02\\\/tubularelectrodes.jpg\",\"datePublished\":\"2024-06-03T16:08:52+00:00\",\"dateModified\":\"2026-03-14T12:37:25+00:00\",\"description\":\"WA HARDFACE STEELCARBW25-TE Eletrodo tubular preenchido com part\u00edculas de carboneto de tungst\u00eanio\",\"breadcrumb\":{\"@id\":\"https:\\\/\\\/welding-alloys.zerobox.co.za\\\/pt-br\\\/produto\\\/wa-hardface-steelcarbw25-te\\\/#breadcrumb\"},\"inLanguage\":\"pt-BR\",\"potentialAction\":[{\"@type\":\"ReadAction\",\"target\":[\"https:\\\/\\\/welding-alloys.zerobox.co.za\\\/pt-br\\\/produto\\\/wa-hardface-steelcarbw25-te\\\/\"]}]},{\"@type\":\"ImageObject\",\"inLanguage\":\"pt-BR\",\"@id\":\"https:\\\/\\\/welding-alloys.zerobox.co.za\\\/pt-br\\\/produto\\\/wa-hardface-steelcarbw25-te\\\/#primaryimage\",\"url\":\"https:\\\/\\\/welding-alloys.zerobox.co.za\\\/wp-content\\\/uploads\\\/2022\\\/02\\\/tubularelectrodes.jpg\",\"contentUrl\":\"https:\\\/\\\/welding-alloys.zerobox.co.za\\\/wp-content\\\/uploads\\\/2022\\\/02\\\/tubularelectrodes.jpg\",\"width\":1000,\"height\":1000,\"caption\":\"eletrodostubulares\"},{\"@type\":\"BreadcrumbList\",\"@id\":\"https:\\\/\\\/welding-alloys.zerobox.co.za\\\/pt-br\\\/produto\\\/wa-hardface-steelcarbw25-te\\\/#breadcrumb\",\"itemListElement\":[{\"@type\":\"ListItem\",\"position\":1,\"name\":\"In\u00edcio\",\"item\":\"https:\\\/\\\/welding-alloys.zerobox.co.za\\\/pt-br\\\/home\\\/\"},{\"@type\":\"ListItem\",\"position\":2,\"name\":\"Produtos e servi\u00e7os\",\"item\":\"https:\\\/\\\/welding-alloys.zerobox.co.za\\\/pt-br\\\/products-services\\\/\"},{\"@type\":\"ListItem\",\"position\":3,\"name\":\"WA HARDFACE STEELCARBW25-TE\"}]},{\"@type\":\"WebSite\",\"@id\":\"https:\\\/\\\/welding-alloys.zerobox.co.za\\\/pt-br\\\/#website\",\"url\":\"https:\\\/\\\/welding-alloys.zerobox.co.za\\\/pt-br\\\/\",\"name\":\"Welding Alloys\",\"description\":\"Welding Alloys\",\"publisher\":{\"@id\":\"https:\\\/\\\/welding-alloys.zerobox.co.za\\\/pt-br\\\/#organization\"},\"potentialAction\":[{\"@type\":\"SearchAction\",\"target\":{\"@type\":\"EntryPoint\",\"urlTemplate\":\"https:\\\/\\\/welding-alloys.zerobox.co.za\\\/pt-br\\\/?s={search_term_string}\"},\"query-input\":{\"@type\":\"PropertyValueSpecification\",\"valueRequired\":true,\"valueName\":\"search_term_string\"}}],\"inLanguage\":\"pt-BR\"},{\"@type\":\"Organization\",\"@id\":\"https:\\\/\\\/welding-alloys.zerobox.co.za\\\/pt-br\\\/#organization\",\"name\":\"Welding Alloys\",\"url\":\"https:\\\/\\\/welding-alloys.zerobox.co.za\\\/pt-br\\\/\",\"logo\":{\"@type\":\"ImageObject\",\"inLanguage\":\"pt-BR\",\"@id\":\"https:\\\/\\\/welding-alloys.zerobox.co.za\\\/pt-br\\\/#\\\/schema\\\/logo\\\/image\\\/\",\"url\":\"https:\\\/\\\/welding-alloys.zerobox.co.za\\\/wp-content\\\/uploads\\\/2022\\\/02\\\/logo.png\",\"contentUrl\":\"https:\\\/\\\/welding-alloys.zerobox.co.za\\\/wp-content\\\/uploads\\\/2022\\\/02\\\/logo.png\",\"width\":542,\"height\":279,\"caption\":\"Welding Alloys\"},\"image\":{\"@id\":\"https:\\\/\\\/welding-alloys.zerobox.co.za\\\/pt-br\\\/#\\\/schema\\\/logo\\\/image\\\/\"},\"sameAs\":[\"https:\\\/\\\/www.facebook.com\\\/weldingalloysgroup\",\"https:\\\/\\\/www.youtube.com\\\/user\\\/WeldingAlloystv\",\"https:\\\/\\\/www.instagram.com\\\/weldingalloys\\\/\",\"https:\\\/\\\/linkedin.com\\\/company\\\/welding-alloys\"]}]}<\/script>\n<meta property=\"product:price:amount\" content=\"0.00\" \/>\n<meta property=\"product:price:currency\" content=\"USD\" \/>\n<meta property=\"og:availability\" content=\"instock\" \/>\n<meta property=\"product:availability\" content=\"instock\" \/>\n<meta property=\"product:retailer_item_id\" content=\"STEELCARBW25-TE\" \/>\n<meta property=\"product:condition\" content=\"new\" \/>\n<!-- \/ Yoast SEO Premium plugin. -->","yoast_head_json":{"title":"WA HARDFACE STEELCARBW25-TE Eletrodo tubular de revestimento duro","description":"WA HARDFACE STEELCARBW25-TE Eletrodo tubular preenchido com part\u00edculas de carboneto de tungst\u00eanio","robots":{"index":"noindex","follow":"follow","max-snippet":"max-snippet:-1","max-image-preview":"max-image-preview:large","max-video-preview":"max-video-preview:-1"},"og_locale":"pt_BR","og_type":"article","og_title":"WA HARDFACE STEELCARBW25-TE","og_description":"WA HARDFACE STEELCARBW25-TE Eletrodo tubular preenchido com part\u00edculas de carboneto de tungst\u00eanio","og_url":"https:\/\/welding-alloys.zerobox.co.za\/pt-br\/produto\/wa-hardface-steelcarbw25-te\/","og_site_name":"Welding Alloys","article_publisher":"https:\/\/www.facebook.com\/weldingalloysgroup","article_modified_time":"2026-03-14T12:37:25+00:00","og_image":[{"width":1000,"height":1000,"url":"https:\/\/welding-alloys.zerobox.co.za\/wp-content\/uploads\/2022\/02\/tubularelectrodes.jpg","type":"image\/jpeg"}],"twitter_card":"summary_large_image","twitter_misc":{"Pre\u00e7o":"&#36;0.00","Disponibilidade":"Em Estoque"},"schema":{"@context":"https:\/\/schema.org","@graph":[{"@type":"WebPage","@id":"https:\/\/welding-alloys.zerobox.co.za\/pt-br\/produto\/wa-hardface-steelcarbw25-te\/","url":"https:\/\/welding-alloys.zerobox.co.za\/pt-br\/produto\/wa-hardface-steelcarbw25-te\/","name":"WA HARDFACE STEELCARBW25-TE Eletrodo tubular de revestimento duro","isPartOf":{"@id":"https:\/\/welding-alloys.zerobox.co.za\/pt-br\/#website"},"primaryImageOfPage":{"@id":"https:\/\/welding-alloys.zerobox.co.za\/pt-br\/produto\/wa-hardface-steelcarbw25-te\/#primaryimage"},"image":{"@id":"https:\/\/welding-alloys.zerobox.co.za\/pt-br\/produto\/wa-hardface-steelcarbw25-te\/#primaryimage"},"thumbnailUrl":"https:\/\/welding-alloys.zerobox.co.za\/wp-content\/uploads\/2022\/02\/tubularelectrodes.jpg","datePublished":"2024-06-03T16:08:52+00:00","dateModified":"2026-03-14T12:37:25+00:00","description":"WA HARDFACE STEELCARBW25-TE Eletrodo tubular preenchido com part\u00edculas de carboneto de tungst\u00eanio","breadcrumb":{"@id":"https:\/\/welding-alloys.zerobox.co.za\/pt-br\/produto\/wa-hardface-steelcarbw25-te\/#breadcrumb"},"inLanguage":"pt-BR","potentialAction":[{"@type":"ReadAction","target":["https:\/\/welding-alloys.zerobox.co.za\/pt-br\/produto\/wa-hardface-steelcarbw25-te\/"]}]},{"@type":"ImageObject","inLanguage":"pt-BR","@id":"https:\/\/welding-alloys.zerobox.co.za\/pt-br\/produto\/wa-hardface-steelcarbw25-te\/#primaryimage","url":"https:\/\/welding-alloys.zerobox.co.za\/wp-content\/uploads\/2022\/02\/tubularelectrodes.jpg","contentUrl":"https:\/\/welding-alloys.zerobox.co.za\/wp-content\/uploads\/2022\/02\/tubularelectrodes.jpg","width":1000,"height":1000,"caption":"eletrodostubulares"},{"@type":"BreadcrumbList","@id":"https:\/\/welding-alloys.zerobox.co.za\/pt-br\/produto\/wa-hardface-steelcarbw25-te\/#breadcrumb","itemListElement":[{"@type":"ListItem","position":1,"name":"In\u00edcio","item":"https:\/\/welding-alloys.zerobox.co.za\/pt-br\/home\/"},{"@type":"ListItem","position":2,"name":"Produtos e servi\u00e7os","item":"https:\/\/welding-alloys.zerobox.co.za\/pt-br\/products-services\/"},{"@type":"ListItem","position":3,"name":"WA HARDFACE STEELCARBW25-TE"}]},{"@type":"WebSite","@id":"https:\/\/welding-alloys.zerobox.co.za\/pt-br\/#website","url":"https:\/\/welding-alloys.zerobox.co.za\/pt-br\/","name":"Welding Alloys","description":"Welding Alloys","publisher":{"@id":"https:\/\/welding-alloys.zerobox.co.za\/pt-br\/#organization"},"potentialAction":[{"@type":"SearchAction","target":{"@type":"EntryPoint","urlTemplate":"https:\/\/welding-alloys.zerobox.co.za\/pt-br\/?s={search_term_string}"},"query-input":{"@type":"PropertyValueSpecification","valueRequired":true,"valueName":"search_term_string"}}],"inLanguage":"pt-BR"},{"@type":"Organization","@id":"https:\/\/welding-alloys.zerobox.co.za\/pt-br\/#organization","name":"Welding Alloys","url":"https:\/\/welding-alloys.zerobox.co.za\/pt-br\/","logo":{"@type":"ImageObject","inLanguage":"pt-BR","@id":"https:\/\/welding-alloys.zerobox.co.za\/pt-br\/#\/schema\/logo\/image\/","url":"https:\/\/welding-alloys.zerobox.co.za\/wp-content\/uploads\/2022\/02\/logo.png","contentUrl":"https:\/\/welding-alloys.zerobox.co.za\/wp-content\/uploads\/2022\/02\/logo.png","width":542,"height":279,"caption":"Welding Alloys"},"image":{"@id":"https:\/\/welding-alloys.zerobox.co.za\/pt-br\/#\/schema\/logo\/image\/"},"sameAs":["https:\/\/www.facebook.com\/weldingalloysgroup","https:\/\/www.youtube.com\/user\/WeldingAlloystv","https:\/\/www.instagram.com\/weldingalloys\/","https:\/\/linkedin.com\/company\/welding-alloys"]}]},"product_price_amount":"0.00","product_price_currency":"USD","og_availability":"instock","product_availability":"instock","product_retailer_item_id":"STEELCARBW25-TE","product_condition":"new"},"_links":{"self":[{"href":"https:\/\/welding-alloys.zerobox.co.za\/pt-br\/wp-json\/wp\/v2\/product\/70057","targetHints":{"allow":["GET"]}}],"collection":[{"href":"https:\/\/welding-alloys.zerobox.co.za\/pt-br\/wp-json\/wp\/v2\/product"}],"about":[{"href":"https:\/\/welding-alloys.zerobox.co.za\/pt-br\/wp-json\/wp\/v2\/types\/product"}],"replies":[{"embeddable":true,"href":"https:\/\/welding-alloys.zerobox.co.za\/pt-br\/wp-json\/wp\/v2\/comments?post=70057"}],"wp:featuredmedia":[{"embeddable":true,"href":"https:\/\/welding-alloys.zerobox.co.za\/pt-br\/wp-json\/wp\/v2\/media\/60954"}],"wp:attachment":[{"href":"https:\/\/welding-alloys.zerobox.co.za\/pt-br\/wp-json\/wp\/v2\/media?parent=70057"}],"wp:term":[{"taxonomy":"product_brand","embeddable":true,"href":"https:\/\/welding-alloys.zerobox.co.za\/pt-br\/wp-json\/wp\/v2\/product_brand?post=70057"},{"taxonomy":"product_cat","embeddable":true,"href":"https:\/\/welding-alloys.zerobox.co.za\/pt-br\/wp-json\/wp\/v2\/product_cat?post=70057"},{"taxonomy":"product_tag","embeddable":true,"href":"https:\/\/welding-alloys.zerobox.co.za\/pt-br\/wp-json\/wp\/v2\/product_tag?post=70057"},{"taxonomy":"application","embeddable":true,"href":"https:\/\/welding-alloys.zerobox.co.za\/pt-br\/wp-json\/wp\/v2\/application?post=70057"},{"taxonomy":"alloy_type","embeddable":true,"href":"https:\/\/welding-alloys.zerobox.co.za\/pt-br\/wp-json\/wp\/v2\/alloy_type?post=70057"},{"taxonomy":"family_name","embeddable":true,"href":"https:\/\/welding-alloys.zerobox.co.za\/pt-br\/wp-json\/wp\/v2\/family_name?post=70057"},{"taxonomy":"welding_process","embeddable":true,"href":"https:\/\/welding-alloys.zerobox.co.za\/pt-br\/wp-json\/wp\/v2\/welding_process?post=70057"},{"taxonomy":"welding_position","embeddable":true,"href":"https:\/\/welding-alloys.zerobox.co.za\/pt-br\/wp-json\/wp\/v2\/welding_position?post=70057"},{"taxonomy":"control_system","embeddable":true,"href":"https:\/\/welding-alloys.zerobox.co.za\/pt-br\/wp-json\/wp\/v2\/control_system?post=70057"},{"taxonomy":"datasheet","embeddable":true,"href":"https:\/\/welding-alloys.zerobox.co.za\/pt-br\/wp-json\/wp\/v2\/datasheet?post=70057"},{"taxonomy":"industry","embeddable":true,"href":"https:\/\/welding-alloys.zerobox.co.za\/pt-br\/wp-json\/wp\/v2\/industry?post=70057"},{"taxonomy":"base_metal_to_weld","embeddable":true,"href":"https:\/\/welding-alloys.zerobox.co.za\/pt-br\/wp-json\/wp\/v2\/base_metal_to_weld?post=70057"},{"taxonomy":"wear_type","embeddable":true,"href":"https:\/\/welding-alloys.zerobox.co.za\/pt-br\/wp-json\/wp\/v2\/wear_type?post=70057"},{"taxonomy":"hardness","embeddable":true,"href":"https:\/\/welding-alloys.zerobox.co.za\/pt-br\/wp-json\/wp\/v2\/hardness?post=70057"},{"taxonomy":"aws_classification","embeddable":true,"href":"https:\/\/welding-alloys.zerobox.co.za\/pt-br\/wp-json\/wp\/v2\/aws_classification?post=70057"},{"taxonomy":"en_iso_classification","embeddable":true,"href":"https:\/\/welding-alloys.zerobox.co.za\/pt-br\/wp-json\/wp\/v2\/en_iso_classification?post=70057"},{"taxonomy":"machine_expert","embeddable":true,"href":"https:\/\/welding-alloys.zerobox.co.za\/pt-br\/wp-json\/wp\/v2\/machine_expert?post=70057"},{"taxonomy":"industry_application","embeddable":true,"href":"https:\/\/welding-alloys.zerobox.co.za\/pt-br\/wp-json\/wp\/v2\/industry_application?post=70057"},{"taxonomy":"industry_expert","embeddable":true,"href":"https:\/\/welding-alloys.zerobox.co.za\/pt-br\/wp-json\/wp\/v2\/industry_expert?post=70057"},{"taxonomy":"hardness_range","embeddable":true,"href":"https:\/\/welding-alloys.zerobox.co.za\/pt-br\/wp-json\/wp\/v2\/hardness_range?post=70057"}],"curies":[{"name":"wp","href":"https:\/\/api.w.org\/{rel}","templated":true}]}}