{"id":73098,"date":"2026-03-12T14:31:44","date_gmt":"2026-03-12T13:31:44","guid":{"rendered":"https:\/\/welding-alloys.zerobox.co.za\/empresa\/memberships\/"},"modified":"2026-03-14T15:53:05","modified_gmt":"2026-03-14T14:53:05","slug":"memberships","status":"publish","type":"page","link":"https:\/\/welding-alloys.zerobox.co.za\/pt-br\/company\/memberships\/","title":{"rendered":"Associa\u00e7\u00f5es"},"content":{"rendered":"<div id='full_slider_1'  class='avia-fullwidth-slider main_color avia-shadow   avia-builder-el-0  el_before_av_section  avia-builder-el-first   container_wrap sidebar_left'  >\n<style type=\"text\/css\" data-created_by=\"avia_inline_auto\" id=\"style-css-av-kx9ksayr-20e4c28a58a7e00881ecbdd6762e9314\">\n#top #wrap_all .avia-slideshow .av-slideshow-caption.av-kx9ksayr-20e4c28a58a7e00881ecbdd6762e9314__0 .avia-caption-title{\nfont-size:38px;\ncolor:#ffffff;\n}\n<\/style>\n<div  class='avia-slideshow av-kx9ksayr-20e4c28a58a7e00881ecbdd6762e9314 avia-slideshow-no scaling av_slideshow_full avia-slide-slider av-slideshow-ui av-control-default av-slideshow-manual av-loop-once av-loop-manual-endless av-default-height-applied   avia-slideshow-1' data-slideshow-options=\"{&quot;animation&quot;:&quot;slide&quot;,&quot;autoplay&quot;:false,&quot;loop_autoplay&quot;:&quot;once&quot;,&quot;interval&quot;:5,&quot;loop_manual&quot;:&quot;manual-endless&quot;,&quot;autoplay_stopper&quot;:false,&quot;noNavigation&quot;:false,&quot;bg_slider&quot;:false,&quot;keep_padding&quot;:false,&quot;hoverpause&quot;:false,&quot;show_slide_delay&quot;:0}\"  itemprop=\"image\" itemscope=\"itemscope\" itemtype=\"https:\/\/schema.org\/ImageObject\" ><ul class='avia-slideshow-inner ' style='padding-bottom: 24.609375%;'><li  class='avia-slideshow-slide av-kx9ksayr-20e4c28a58a7e00881ecbdd6762e9314__0  av-single-slide slide-1 slide-odd'><div data-rel='slideshow-1' class='avia-slide-wrap '   ><div class='av-slideshow-caption av-kx9ksayr-20e4c28a58a7e00881ecbdd6762e9314__0 caption_fullwidth caption_left caption_left_framed caption_framed'><div class=\"container caption_container\"><div class=\"slideshow_caption\"><div class=\"slideshow_inner_caption\"><div class=\"slideshow_align_caption\"><h1 class='avia-caption-title '  itemprop=\"name\" >Liderando em expertise de soldagem h\u00e1 mais de 60 anos<\/h1><\/div><\/div><\/div><\/div><\/div><img decoding=\"async\" fetchpriority=\"high\" class=\"wp-image-60695 avia-img-lazy-loading-not-60695\"  src=\"https:\/\/welding-alloys.zerobox.co.za\/wp-content\/uploads\/2022\/01\/whatwedobanner.jpg\" width=\"1280\" height=\"315\" title='whatwedobanner' alt='whatwedobanner'  itemprop=\"thumbnailUrl\"  style='min-height:250px; min-width:1016px; ' srcset=\"https:\/\/welding-alloys.zerobox.co.za\/wp-content\/uploads\/2022\/01\/whatwedobanner.jpg 1280w, https:\/\/welding-alloys.zerobox.co.za\/wp-content\/uploads\/2022\/01\/whatwedobanner-600x148.jpg 600w, https:\/\/welding-alloys.zerobox.co.za\/wp-content\/uploads\/2022\/01\/whatwedobanner-300x74.jpg 300w, https:\/\/welding-alloys.zerobox.co.za\/wp-content\/uploads\/2022\/01\/whatwedobanner-500x123.jpg 500w\" sizes=\"(max-width: 1280px) 100vw, 1280px\" \/><\/div><\/li><\/ul><\/div><\/div>\n<div id='av_section_1'  class='avia-section av-1ai07xb-4fb4201452dd0707bed874f2dfe2b562 alternate_color avia-section-small avia-no-border-styling  avia-builder-el-1  el_after_av_slideshow_full  el_before_av_section  breadcrumb-container avia-bg-style-scroll container_wrap sidebar_left'  ><div class='container av-section-cont-open' ><div class='template-page content  av-content-small units'><div class='post-entry post-entry-type-page post-entry-73098'><div class='entry-content-wrapper clearfix'>\n\n\n<\/div><\/div><\/div><!-- close content main div --><\/div><\/div><div id='av_section_2'  class='avia-section av-f554gwm-a31335b7b8311ea4f891c1020d22683a alternate_color avia-section-default avia-no-border-styling  avia-builder-el-3  el_after_av_section  avia-builder-el-last  avia-bg-style-scroll container_wrap sidebar_left'  ><div class='container av-section-cont-open' ><div class='template-page content  av-content-small units'><div class='post-entry post-entry-type-page post-entry-73098'><div class='entry-content-wrapper clearfix'>\n<div class='flex_column_table av-emlvz92-a59310a7886b17d67bb00067fd15f669 sc-av_one_full av-equal-height-column-flextable'>\n<style type=\"text\/css\" data-created_by=\"avia_inline_auto\" id=\"style-css-av-emlvz92-a59310a7886b17d67bb00067fd15f669\">\n.flex_column.av-emlvz92-a59310a7886b17d67bb00067fd15f669{\nwidth:100%;\nmargin-left:0;\n}\n#top .flex_column_table.av-equal-height-column-flextable.av-emlvz92-a59310a7886b17d67bb00067fd15f669 .av-flex-placeholder{\nwidth:0%;\n}\n<\/style>\n<div  class='flex_column av-emlvz92-a59310a7886b17d67bb00067fd15f669 av_one_full  avia-builder-el-4  el_before_av_one_full  avia-builder-el-first  first flex_column_table_cell av-equal-height-column av-align-middle av-animated-generic bottom-to-top  '     ><style type=\"text\/css\" data-created_by=\"avia_inline_auto\" id=\"style-css-av-1dufw3a-1b0d224df0f56b71e4dc5657bcc00c70\">\n#top .av-special-heading.av-1dufw3a-1b0d224df0f56b71e4dc5657bcc00c70{\npadding-bottom:0;\n}\nbody .av-special-heading.av-1dufw3a-1b0d224df0f56b71e4dc5657bcc00c70 .av-special-heading-tag .heading-char{\nfont-size:25px;\n}\n.av-special-heading.av-1dufw3a-1b0d224df0f56b71e4dc5657bcc00c70 .av-subheading{\nfont-size:15px;\n}\n<\/style>\n<div  class='av-special-heading av-1dufw3a-1b0d224df0f56b71e4dc5657bcc00c70 av-special-heading-h2 blockquote modern-quote modern-centered  avia-builder-el-5  avia-builder-el-no-sibling '><h2 class='av-special-heading-tag '  itemprop=\"headline\"  >Associa\u00e7\u00f5es<\/h2><div class=\"special-heading-border\"><div class=\"special-heading-inner-border\"><\/div><\/div><\/div><\/div><\/div><!--close column table wrapper. Autoclose: 1 --><div  class='flex_column av-df9tuty-e57f25ef428b4f36022d09e2e05abcf2 av_one_full  avia-builder-el-6  el_after_av_one_full  avia-builder-el-last  first flex_column_div av-animated-generic bottom-to-top  column-top-margin'     ><div class='avia-data-table-wrap av-d4dlhhy-3724ad8b21fcf8f9dfe942a549470df6 avia_responsive_table avia-table-1'><table  class='avia-table avia-data-table avia_pricing_minimal  avia-builder-el-7  avia-builder-el-no-sibling '  itemscope=\"itemscope\" itemtype=\"https:\/\/schema.org\/Table\" ><tbody><tr class=''><td class=''>AILU &#8211; Associa\u00e7\u00e3o de Usu\u00e1rios de Laser Industrial (AILU)<\/td><td class=''><a href=\"https:\/\/www.ailu.org.uk\/\" target=\"_blank\">https:\/\/www.ailu.org.uk\/<\/a><\/td><\/tr><tr class=''><td class=''>TWI &#8211; O Instituto de Soldas<\/td><td class=''><a href=\"https:\/\/theweldinginstitute.com\" target=\"_blank\">https:\/\/theweldinginstitute.com<\/a> <\/td><\/tr><tr class=''><td class=''>EngC &#8211; Conselho de Engenharia do Reino Unido<\/td><td class=''><a href=\"https:\/\/www.engc.org.uk\/ceng\" target=\"_blank\">https:\/\/www.engc.org.uk\/ceng<\/a>   <\/td><\/tr><tr class=''><td class=''>FFDM &#8211; Associa\u00e7\u00e3o Comercial para a Ind\u00fastria Metal\u00fargica &#8211; Federation Francaise de Distribution et Transformation des Metaux<\/td><td class=''><a href=\"https:\/\/www.ffdm.fr\/\" target=\"_blank\">https:\/\/www.ffdm.fr\/<\/a> <\/td><\/tr><tr class=''><td class=''>UIMM &#8211; Uni\u00e3o de Empregadores da Ind\u00fastria Metal\u00fargica &#8211; Union des industries et m\u00e9tiers de la m\u00e9tallurgie<\/td><td class=''><a href=\"https:\/\/uimm.lafabriquedelavenir.fr\/industrie\/\" target=\"_blank\">https:\/\/uimm.lafabriquedelavenir.fr\/industrie\/<\/a>  <\/td><\/tr><tr class=''><td class=''>Federrec &#8211; Associa\u00e7\u00e3o Comercial para a Ind\u00fastria de Reciclagem &#8211; F\u00e9d\u00e9ration professionnelle des entreprises du recyclage<\/td><td class=''><a href=\"https:\/\/federrec.com\/\" target=\"_blank\">https:\/\/federrec.com\/<\/a> <\/td><\/tr><tr class=''><td class=''>UNGC &#8211; Pacto Global da ONU<\/td><td class=''><a href=\"https:\/\/unglobalcompact.org\/\" target=\"_blank\">https:\/\/unglobalcompact.org\/<\/a><\/td><\/tr><tr class=''><td class=''>EWA &#8211; Associa\u00e7\u00e3o Europeia de Soldas<\/td><td class=''><a href=\"https:\/\/european-welding.org\" target=\"_blank\">https:\/\/european-welding.org\/<\/a><\/td><\/tr><tr class=''><td class=''>DVS &#8211; Sociedade Alem\u00e3 de Soldas <\/td><td class=''><a href=\"https:\/\/www.dvs-home.de\/\" target=\"_blank\">https:\/\/www.dvs-home.de\/<\/a>  <\/td><\/tr><\/tbody><\/table><\/div><\/div>\n<\/div><\/div><\/div><!-- close content main div --><\/div><\/div><div id='after_section_2'  class='main_color av_default_container_wrap container_wrap sidebar_left'  ><div class='container av-section-cont-open' ><div class='template-page content  av-content-small units'><div class='post-entry post-entry-type-page post-entry-73098'><div class='entry-content-wrapper clearfix'>\n","protected":false},"excerpt":{"rendered":"<p>Nossa empresa \u00e9 l\u00edder global na produ\u00e7\u00e3o de consum\u00edveis de soldagem avan\u00e7ados, equipamentos de soldagem automatizados para prote\u00e7\u00e3o contra desgaste, na presta\u00e7\u00e3o de servi\u00e7os engenheirados de desgaste, bem como placas de desgaste, tubos e dutos.<\/p>\n","protected":false},"author":1,"featured_media":0,"parent":64369,"menu_order":0,"comment_status":"closed","ping_status":"open","template":"","meta":{"_acf_changed":false,"_relevanssi_hide_post":"","_relevanssi_hide_content":"","_relevanssi_pin_for_all":"","_relevanssi_pin_keywords":"","_relevanssi_unpin_keywords":"","_relevanssi_related_keywords":"","_relevanssi_related_include_ids":"","_relevanssi_related_exclude_ids":"","_relevanssi_related_no_append":"","_relevanssi_related_not_related":"","_relevanssi_related_posts":"","_relevanssi_noindex_reason":"","inline_featured_image":false,"footnotes":"","_links_to":"","_links_to_target":""},"class_list":["post-73098","page","type-page","status-publish","hentry"],"acf":[],"yoast_head":"<!-- This site is optimized with the Yoast SEO Premium plugin v27.3 (Yoast SEO v27.3) - https:\/\/yoast.com\/product\/yoast-seo-premium-wordpress\/ -->\n<title>Associa\u00e7\u00f5es: Lideran\u00e7a em experi\u00eancia em soldas | Welding Alloys<\/title>\n<meta name=\"description\" content=\"Nossa empresa \u00e9 l\u00edder global na produ\u00e7\u00e3o de consum\u00edveis de soldagem avan\u00e7ados, equipamentos de soldagem automatizados para prote\u00e7\u00e3o contra desgaste\" \/>\n<meta name=\"robots\" content=\"noindex, follow, max-snippet:-1, max-image-preview:large, max-video-preview:-1\" \/>\n<meta property=\"og:locale\" content=\"pt_BR\" \/>\n<meta property=\"og:type\" content=\"article\" \/>\n<meta property=\"og:title\" content=\"Associa\u00e7\u00f5es\" \/>\n<meta property=\"og:description\" content=\"Nossa empresa \u00e9 l\u00edder global na produ\u00e7\u00e3o de consum\u00edveis de soldagem avan\u00e7ados, equipamentos de soldagem automatizados para prote\u00e7\u00e3o contra desgaste\" \/>\n<meta property=\"og:url\" content=\"https:\/\/welding-alloys.zerobox.co.za\/pt-br\/company\/memberships\/\" \/>\n<meta property=\"og:site_name\" content=\"Welding Alloys\" \/>\n<meta property=\"article:publisher\" content=\"https:\/\/www.facebook.com\/weldingalloysgroup\" \/>\n<meta property=\"article:modified_time\" content=\"2026-03-14T14:53:05+00:00\" \/>\n<meta property=\"og:image\" content=\"https:\/\/welding-alloys.zerobox.co.za\/wp-content\/uploads\/2022\/02\/logo.png\" \/>\n\t<meta property=\"og:image:width\" content=\"542\" \/>\n\t<meta property=\"og:image:height\" content=\"279\" \/>\n\t<meta property=\"og:image:type\" content=\"image\/png\" \/>\n<meta name=\"twitter:card\" content=\"summary_large_image\" \/>\n<meta name=\"twitter:label1\" content=\"Est. tempo de leitura\" \/>\n\t<meta name=\"twitter:data1\" content=\"9 minutos\" \/>\n<script type=\"application\/ld+json\" class=\"yoast-schema-graph\">{\"@context\":\"https:\\\/\\\/schema.org\",\"@graph\":[{\"@type\":\"WebPage\",\"@id\":\"https:\\\/\\\/welding-alloys.zerobox.co.za\\\/pt-br\\\/company\\\/memberships\\\/\",\"url\":\"https:\\\/\\\/welding-alloys.zerobox.co.za\\\/pt-br\\\/company\\\/memberships\\\/\",\"name\":\"Associa\u00e7\u00f5es: Lideran\u00e7a em experi\u00eancia em soldas | Welding Alloys\",\"isPartOf\":{\"@id\":\"https:\\\/\\\/welding-alloys.zerobox.co.za\\\/pt-br\\\/#website\"},\"datePublished\":\"2026-03-12T13:31:44+00:00\",\"dateModified\":\"2026-03-14T14:53:05+00:00\",\"description\":\"Nossa empresa \u00e9 l\u00edder global na produ\u00e7\u00e3o de consum\u00edveis de soldagem avan\u00e7ados, equipamentos de soldagem automatizados para prote\u00e7\u00e3o contra desgaste\",\"breadcrumb\":{\"@id\":\"https:\\\/\\\/welding-alloys.zerobox.co.za\\\/pt-br\\\/company\\\/memberships\\\/#breadcrumb\"},\"inLanguage\":\"pt-BR\",\"potentialAction\":[{\"@type\":\"ReadAction\",\"target\":[\"https:\\\/\\\/welding-alloys.zerobox.co.za\\\/pt-br\\\/company\\\/memberships\\\/\"]}]},{\"@type\":\"BreadcrumbList\",\"@id\":\"https:\\\/\\\/welding-alloys.zerobox.co.za\\\/pt-br\\\/company\\\/memberships\\\/#breadcrumb\",\"itemListElement\":[{\"@type\":\"ListItem\",\"position\":1,\"name\":\"In\u00edcio\",\"item\":\"https:\\\/\\\/welding-alloys.zerobox.co.za\\\/pt-br\\\/home\\\/\"},{\"@type\":\"ListItem\",\"position\":2,\"name\":\"Empresa\",\"item\":\"https:\\\/\\\/welding-alloys.zerobox.co.za\\\/pt-br\\\/company\\\/\"},{\"@type\":\"ListItem\",\"position\":3,\"name\":\"Associa\u00e7\u00f5es\"}]},{\"@type\":\"WebSite\",\"@id\":\"https:\\\/\\\/welding-alloys.zerobox.co.za\\\/pt-br\\\/#website\",\"url\":\"https:\\\/\\\/welding-alloys.zerobox.co.za\\\/pt-br\\\/\",\"name\":\"Welding Alloys\",\"description\":\"Welding Alloys\",\"publisher\":{\"@id\":\"https:\\\/\\\/welding-alloys.zerobox.co.za\\\/pt-br\\\/#organization\"},\"potentialAction\":[{\"@type\":\"SearchAction\",\"target\":{\"@type\":\"EntryPoint\",\"urlTemplate\":\"https:\\\/\\\/welding-alloys.zerobox.co.za\\\/pt-br\\\/?s={search_term_string}\"},\"query-input\":{\"@type\":\"PropertyValueSpecification\",\"valueRequired\":true,\"valueName\":\"search_term_string\"}}],\"inLanguage\":\"pt-BR\"},{\"@type\":\"Organization\",\"@id\":\"https:\\\/\\\/welding-alloys.zerobox.co.za\\\/pt-br\\\/#organization\",\"name\":\"Welding Alloys\",\"url\":\"https:\\\/\\\/welding-alloys.zerobox.co.za\\\/pt-br\\\/\",\"logo\":{\"@type\":\"ImageObject\",\"inLanguage\":\"pt-BR\",\"@id\":\"https:\\\/\\\/welding-alloys.zerobox.co.za\\\/pt-br\\\/#\\\/schema\\\/logo\\\/image\\\/\",\"url\":\"https:\\\/\\\/welding-alloys.zerobox.co.za\\\/wp-content\\\/uploads\\\/2022\\\/02\\\/logo.png\",\"contentUrl\":\"https:\\\/\\\/welding-alloys.zerobox.co.za\\\/wp-content\\\/uploads\\\/2022\\\/02\\\/logo.png\",\"width\":542,\"height\":279,\"caption\":\"Welding Alloys\"},\"image\":{\"@id\":\"https:\\\/\\\/welding-alloys.zerobox.co.za\\\/pt-br\\\/#\\\/schema\\\/logo\\\/image\\\/\"},\"sameAs\":[\"https:\\\/\\\/www.facebook.com\\\/weldingalloysgroup\",\"https:\\\/\\\/www.youtube.com\\\/user\\\/WeldingAlloystv\",\"https:\\\/\\\/www.instagram.com\\\/weldingalloys\\\/\",\"https:\\\/\\\/linkedin.com\\\/company\\\/welding-alloys\"]}]}<\/script>\n<!-- \/ Yoast SEO Premium plugin. -->","yoast_head_json":{"title":"Associa\u00e7\u00f5es: Lideran\u00e7a em experi\u00eancia em soldas | Welding Alloys","description":"Nossa empresa \u00e9 l\u00edder global na produ\u00e7\u00e3o de consum\u00edveis de soldagem avan\u00e7ados, equipamentos de soldagem automatizados para prote\u00e7\u00e3o contra desgaste","robots":{"index":"noindex","follow":"follow","max-snippet":"max-snippet:-1","max-image-preview":"max-image-preview:large","max-video-preview":"max-video-preview:-1"},"og_locale":"pt_BR","og_type":"article","og_title":"Associa\u00e7\u00f5es","og_description":"Nossa empresa \u00e9 l\u00edder global na produ\u00e7\u00e3o de consum\u00edveis de soldagem avan\u00e7ados, equipamentos de soldagem automatizados para prote\u00e7\u00e3o contra desgaste","og_url":"https:\/\/welding-alloys.zerobox.co.za\/pt-br\/company\/memberships\/","og_site_name":"Welding Alloys","article_publisher":"https:\/\/www.facebook.com\/weldingalloysgroup","article_modified_time":"2026-03-14T14:53:05+00:00","og_image":[{"width":542,"height":279,"url":"https:\/\/welding-alloys.zerobox.co.za\/wp-content\/uploads\/2022\/02\/logo.png","type":"image\/png"}],"twitter_card":"summary_large_image","twitter_misc":{"Est. tempo de leitura":"9 minutos"},"schema":{"@context":"https:\/\/schema.org","@graph":[{"@type":"WebPage","@id":"https:\/\/welding-alloys.zerobox.co.za\/pt-br\/company\/memberships\/","url":"https:\/\/welding-alloys.zerobox.co.za\/pt-br\/company\/memberships\/","name":"Associa\u00e7\u00f5es: Lideran\u00e7a em experi\u00eancia em soldas | Welding Alloys","isPartOf":{"@id":"https:\/\/welding-alloys.zerobox.co.za\/pt-br\/#website"},"datePublished":"2026-03-12T13:31:44+00:00","dateModified":"2026-03-14T14:53:05+00:00","description":"Nossa empresa \u00e9 l\u00edder global na produ\u00e7\u00e3o de consum\u00edveis de soldagem avan\u00e7ados, equipamentos de soldagem automatizados para prote\u00e7\u00e3o contra desgaste","breadcrumb":{"@id":"https:\/\/welding-alloys.zerobox.co.za\/pt-br\/company\/memberships\/#breadcrumb"},"inLanguage":"pt-BR","potentialAction":[{"@type":"ReadAction","target":["https:\/\/welding-alloys.zerobox.co.za\/pt-br\/company\/memberships\/"]}]},{"@type":"BreadcrumbList","@id":"https:\/\/welding-alloys.zerobox.co.za\/pt-br\/company\/memberships\/#breadcrumb","itemListElement":[{"@type":"ListItem","position":1,"name":"In\u00edcio","item":"https:\/\/welding-alloys.zerobox.co.za\/pt-br\/home\/"},{"@type":"ListItem","position":2,"name":"Empresa","item":"https:\/\/welding-alloys.zerobox.co.za\/pt-br\/company\/"},{"@type":"ListItem","position":3,"name":"Associa\u00e7\u00f5es"}]},{"@type":"WebSite","@id":"https:\/\/welding-alloys.zerobox.co.za\/pt-br\/#website","url":"https:\/\/welding-alloys.zerobox.co.za\/pt-br\/","name":"Welding Alloys","description":"Welding Alloys","publisher":{"@id":"https:\/\/welding-alloys.zerobox.co.za\/pt-br\/#organization"},"potentialAction":[{"@type":"SearchAction","target":{"@type":"EntryPoint","urlTemplate":"https:\/\/welding-alloys.zerobox.co.za\/pt-br\/?s={search_term_string}"},"query-input":{"@type":"PropertyValueSpecification","valueRequired":true,"valueName":"search_term_string"}}],"inLanguage":"pt-BR"},{"@type":"Organization","@id":"https:\/\/welding-alloys.zerobox.co.za\/pt-br\/#organization","name":"Welding Alloys","url":"https:\/\/welding-alloys.zerobox.co.za\/pt-br\/","logo":{"@type":"ImageObject","inLanguage":"pt-BR","@id":"https:\/\/welding-alloys.zerobox.co.za\/pt-br\/#\/schema\/logo\/image\/","url":"https:\/\/welding-alloys.zerobox.co.za\/wp-content\/uploads\/2022\/02\/logo.png","contentUrl":"https:\/\/welding-alloys.zerobox.co.za\/wp-content\/uploads\/2022\/02\/logo.png","width":542,"height":279,"caption":"Welding Alloys"},"image":{"@id":"https:\/\/welding-alloys.zerobox.co.za\/pt-br\/#\/schema\/logo\/image\/"},"sameAs":["https:\/\/www.facebook.com\/weldingalloysgroup","https:\/\/www.youtube.com\/user\/WeldingAlloystv","https:\/\/www.instagram.com\/weldingalloys\/","https:\/\/linkedin.com\/company\/welding-alloys"]}]}},"_links":{"self":[{"href":"https:\/\/welding-alloys.zerobox.co.za\/pt-br\/wp-json\/wp\/v2\/pages\/73098","targetHints":{"allow":["GET"]}}],"collection":[{"href":"https:\/\/welding-alloys.zerobox.co.za\/pt-br\/wp-json\/wp\/v2\/pages"}],"about":[{"href":"https:\/\/welding-alloys.zerobox.co.za\/pt-br\/wp-json\/wp\/v2\/types\/page"}],"author":[{"embeddable":true,"href":"https:\/\/welding-alloys.zerobox.co.za\/pt-br\/wp-json\/wp\/v2\/users\/1"}],"replies":[{"embeddable":true,"href":"https:\/\/welding-alloys.zerobox.co.za\/pt-br\/wp-json\/wp\/v2\/comments?post=73098"}],"version-history":[{"count":1,"href":"https:\/\/welding-alloys.zerobox.co.za\/pt-br\/wp-json\/wp\/v2\/pages\/73098\/revisions"}],"predecessor-version":[{"id":73101,"href":"https:\/\/welding-alloys.zerobox.co.za\/pt-br\/wp-json\/wp\/v2\/pages\/73098\/revisions\/73101"}],"up":[{"embeddable":true,"href":"https:\/\/welding-alloys.zerobox.co.za\/pt-br\/wp-json\/wp\/v2\/pages\/64369"}],"wp:attachment":[{"href":"https:\/\/welding-alloys.zerobox.co.za\/pt-br\/wp-json\/wp\/v2\/media?parent=73098"}],"curies":[{"name":"wp","href":"https:\/\/api.w.org\/{rel}","templated":true}]}}