{"id":35402,"date":"2022-07-04T10:01:39","date_gmt":"2022-07-04T08:01:39","guid":{"rendered":"https:\/\/welding-alloys.zerobox.co.za\/product\/machine-elbow-cladding\/"},"modified":"2025-10-19T23:57:23","modified_gmt":"2025-10-19T21:57:23","slug":"machine-elbow-cladding","status":"publish","type":"product","link":"https:\/\/welding-alloys.zerobox.co.za\/fr\/produit\/machine-elbow-cladding\/","title":{"rendered":"Machine Elbow Cladding"},"content":{"rendered":"<p>L&#8217;automate de soudage Elbow est une machine \u00e0 usage intensif, enti\u00e8rement personnalisable et con\u00e7ue pour le placage interne des coudes soumis \u00e0 une forte usure. La machine, combin\u00e9e aux consommables Welding Alloys, offre la solution ultime pour prolonger la dur\u00e9e de vie des coudes utilis\u00e9s dans diverses industries telles que l&#8217;acier, le charbon, la marine, les mines et carri\u00e8res, le p\u00e9trole et le gaz, le dragage et le recyclage.<\/p>\n<p>La manipulation des composants est possible avec la machine gr\u00e2ce au plateau rotatif et l&#8217;\u00e9trier, et le composant, l&#8217;axe lin\u00e9aire et le module d&#8217;alimentation en fil sont enti\u00e8rement automatis\u00e9s gr\u00e2ce au syst\u00e8me de commande int\u00e9gr\u00e9 et aux entra\u00eenements des moteurs.<\/p>\n","protected":false},"excerpt":{"rendered":"<p>Sp\u00e9cialement con\u00e7ue pour le placage interne des coudes soumis \u00e0 une forte usure.<\/p>\n","protected":false},"featured_media":8586,"comment_status":"closed","ping_status":"closed","template":"","meta":{"_acf_changed":false,"_relevanssi_hide_post":"","_relevanssi_hide_content":"","_relevanssi_pin_for_all":"","_relevanssi_pin_keywords":"","_relevanssi_unpin_keywords":"","_relevanssi_related_keywords":"","_relevanssi_related_include_ids":"","_relevanssi_related_exclude_ids":"","_relevanssi_related_no_append":"","_relevanssi_related_not_related":"","_relevanssi_related_posts":"","_relevanssi_noindex_reason":"","inline_featured_image":false,"_links_to":"","_links_to_target":""},"product_brand":[],"product_cat":[3297],"product_tag":[],"application":[],"alloy_type":[],"family_name":[],"welding_process":[],"welding_position":[],"control_system":[10891],"datasheet":[],"industry":[],"base_metal_to_weld":[],"wear_type":[],"hardness":[],"aws_classification":[],"en_iso_classification":[],"machine_expert":[3417],"industry_application":[],"industry_expert":[],"hardness_range":[],"class_list":{"0":"post-35402","1":"product","2":"type-product","3":"status-publish","4":"has-post-thumbnail","6":"product_cat-automates-de-soudage-sur-mesure","7":"control_system-d3-touch-fr","8":"machine_expert-guillaume-roeckel-fr","10":"first","11":"instock","12":"purchasable","13":"product-type-simple"},"acf":[],"yoast_head":"<!-- This site is optimized with the Yoast SEO Premium plugin v27.4 (Yoast SEO v27.4) - https:\/\/yoast.com\/product\/yoast-seo-premium-wordpress\/ -->\n<title>Machine Elbow Cladding | Welding Alloys<\/title>\n<meta name=\"description\" content=\"Sp\u00e9cialement con\u00e7ue pour le placage interne des coudes soumis \u00e0 une forte usure.\" \/>\n<meta name=\"robots\" content=\"noindex, follow, max-snippet:-1, max-image-preview:large, max-video-preview:-1\" \/>\n<meta property=\"og:locale\" content=\"fr_FR\" \/>\n<meta property=\"og:type\" content=\"article\" \/>\n<meta property=\"og:title\" content=\"Machine Elbow Cladding\" \/>\n<meta property=\"og:description\" content=\"Sp\u00e9cialement con\u00e7ue pour le placage interne des coudes soumis \u00e0 une forte usure.\" \/>\n<meta property=\"og:url\" content=\"https:\/\/welding-alloys.zerobox.co.za\/fr\/produit\/machine-elbow-cladding\/\" \/>\n<meta property=\"og:site_name\" content=\"Welding Alloys\" \/>\n<meta property=\"article:publisher\" content=\"https:\/\/www.facebook.com\/weldingalloysgroup\" \/>\n<meta property=\"article:modified_time\" content=\"2025-10-19T21:57:23+00:00\" \/>\n<meta property=\"og:image\" content=\"https:\/\/welding-alloys.zerobox.co.za\/wp-content\/uploads\/2021\/12\/elbow.jpg\" \/>\n\t<meta property=\"og:image:width\" content=\"1000\" \/>\n\t<meta property=\"og:image:height\" content=\"1000\" \/>\n\t<meta property=\"og:image:type\" content=\"image\/jpeg\" \/>\n<meta name=\"twitter:card\" content=\"summary_large_image\" \/>\n<meta name=\"twitter:label1\" content=\"Prix\" \/>\n\t<meta name=\"twitter:data1\" content=\"&#036;0.00\" \/>\n\t<meta name=\"twitter:label2\" content=\"Disponibilit\u00e9\" \/>\n\t<meta name=\"twitter:data2\" content=\"En stock\" \/>\n<script type=\"application\/ld+json\" class=\"yoast-schema-graph\">{\"@context\":\"https:\\\/\\\/schema.org\",\"@graph\":[{\"@type\":\"WebPage\",\"@id\":\"https:\\\/\\\/welding-alloys.zerobox.co.za\\\/fr\\\/produit\\\/machine-elbow-cladding\\\/\",\"url\":\"https:\\\/\\\/welding-alloys.zerobox.co.za\\\/fr\\\/produit\\\/machine-elbow-cladding\\\/\",\"name\":\"Machine Elbow Cladding | Welding Alloys\",\"isPartOf\":{\"@id\":\"https:\\\/\\\/welding-alloys.zerobox.co.za\\\/fr\\\/#website\"},\"primaryImageOfPage\":{\"@id\":\"https:\\\/\\\/welding-alloys.zerobox.co.za\\\/fr\\\/produit\\\/machine-elbow-cladding\\\/#primaryimage\"},\"image\":{\"@id\":\"https:\\\/\\\/welding-alloys.zerobox.co.za\\\/fr\\\/produit\\\/machine-elbow-cladding\\\/#primaryimage\"},\"thumbnailUrl\":\"https:\\\/\\\/welding-alloys.zerobox.co.za\\\/wp-content\\\/uploads\\\/2021\\\/12\\\/elbow.jpg\",\"datePublished\":\"2022-07-04T08:01:39+00:00\",\"dateModified\":\"2025-10-19T21:57:23+00:00\",\"description\":\"Sp\u00e9cialement con\u00e7ue pour le placage interne des coudes soumis \u00e0 une forte usure.\",\"breadcrumb\":{\"@id\":\"https:\\\/\\\/welding-alloys.zerobox.co.za\\\/fr\\\/produit\\\/machine-elbow-cladding\\\/#breadcrumb\"},\"inLanguage\":\"fr-FR\",\"potentialAction\":[{\"@type\":\"ReadAction\",\"target\":[\"https:\\\/\\\/welding-alloys.zerobox.co.za\\\/fr\\\/produit\\\/machine-elbow-cladding\\\/\"]}]},{\"@type\":\"ImageObject\",\"inLanguage\":\"fr-FR\",\"@id\":\"https:\\\/\\\/welding-alloys.zerobox.co.za\\\/fr\\\/produit\\\/machine-elbow-cladding\\\/#primaryimage\",\"url\":\"https:\\\/\\\/welding-alloys.zerobox.co.za\\\/wp-content\\\/uploads\\\/2021\\\/12\\\/elbow.jpg\",\"contentUrl\":\"https:\\\/\\\/welding-alloys.zerobox.co.za\\\/wp-content\\\/uploads\\\/2021\\\/12\\\/elbow.jpg\",\"width\":1000,\"height\":1000,\"caption\":\"elbow\"},{\"@type\":\"BreadcrumbList\",\"@id\":\"https:\\\/\\\/welding-alloys.zerobox.co.za\\\/fr\\\/produit\\\/machine-elbow-cladding\\\/#breadcrumb\",\"itemListElement\":[{\"@type\":\"ListItem\",\"position\":1,\"name\":\"Home\",\"item\":\"https:\\\/\\\/welding-alloys.zerobox.co.za\\\/fr\\\/accueil\\\/\"},{\"@type\":\"ListItem\",\"position\":2,\"name\":\"Produits et Services\",\"item\":\"https:\\\/\\\/welding-alloys.zerobox.co.za\\\/fr\\\/produits-et-services\\\/\"},{\"@type\":\"ListItem\",\"position\":3,\"name\":\"Machine Elbow Cladding\"}]},{\"@type\":\"WebSite\",\"@id\":\"https:\\\/\\\/welding-alloys.zerobox.co.za\\\/fr\\\/#website\",\"url\":\"https:\\\/\\\/welding-alloys.zerobox.co.za\\\/fr\\\/\",\"name\":\"Welding Alloys\",\"description\":\"Welding Alloys\",\"publisher\":{\"@id\":\"https:\\\/\\\/welding-alloys.zerobox.co.za\\\/fr\\\/#organization\"},\"potentialAction\":[{\"@type\":\"SearchAction\",\"target\":{\"@type\":\"EntryPoint\",\"urlTemplate\":\"https:\\\/\\\/welding-alloys.zerobox.co.za\\\/fr\\\/?s={search_term_string}\"},\"query-input\":{\"@type\":\"PropertyValueSpecification\",\"valueRequired\":true,\"valueName\":\"search_term_string\"}}],\"inLanguage\":\"fr-FR\"},{\"@type\":\"Organization\",\"@id\":\"https:\\\/\\\/welding-alloys.zerobox.co.za\\\/fr\\\/#organization\",\"name\":\"Welding Alloys\",\"url\":\"https:\\\/\\\/welding-alloys.zerobox.co.za\\\/fr\\\/\",\"logo\":{\"@type\":\"ImageObject\",\"inLanguage\":\"fr-FR\",\"@id\":\"https:\\\/\\\/welding-alloys.zerobox.co.za\\\/fr\\\/#\\\/schema\\\/logo\\\/image\\\/\",\"url\":\"https:\\\/\\\/welding-alloys.zerobox.co.za\\\/wp-content\\\/uploads\\\/2022\\\/02\\\/logo.png\",\"contentUrl\":\"https:\\\/\\\/welding-alloys.zerobox.co.za\\\/wp-content\\\/uploads\\\/2022\\\/02\\\/logo.png\",\"width\":542,\"height\":279,\"caption\":\"Welding Alloys\"},\"image\":{\"@id\":\"https:\\\/\\\/welding-alloys.zerobox.co.za\\\/fr\\\/#\\\/schema\\\/logo\\\/image\\\/\"},\"sameAs\":[\"https:\\\/\\\/www.facebook.com\\\/weldingalloysgroup\",\"https:\\\/\\\/www.youtube.com\\\/user\\\/WeldingAlloystv\",\"https:\\\/\\\/www.instagram.com\\\/weldingalloys\\\/\",\"https:\\\/\\\/linkedin.com\\\/company\\\/welding-alloys\"]}]}<\/script>\n<meta property=\"product:price:amount\" content=\"0.00\" \/>\n<meta property=\"product:price:currency\" content=\"USD\" \/>\n<meta property=\"og:availability\" content=\"instock\" \/>\n<meta property=\"product:availability\" content=\"instock\" \/>\n<meta property=\"product:retailer_item_id\" content=\"elbow-cladder\" \/>\n<meta property=\"product:condition\" content=\"new\" \/>\n<!-- \/ Yoast SEO Premium plugin. -->","yoast_head_json":{"title":"Machine Elbow Cladding | Welding Alloys","description":"Sp\u00e9cialement con\u00e7ue pour le placage interne des coudes soumis \u00e0 une forte usure.","robots":{"index":"noindex","follow":"follow","max-snippet":"max-snippet:-1","max-image-preview":"max-image-preview:large","max-video-preview":"max-video-preview:-1"},"og_locale":"fr_FR","og_type":"article","og_title":"Machine Elbow Cladding","og_description":"Sp\u00e9cialement con\u00e7ue pour le placage interne des coudes soumis \u00e0 une forte usure.","og_url":"https:\/\/welding-alloys.zerobox.co.za\/fr\/produit\/machine-elbow-cladding\/","og_site_name":"Welding Alloys","article_publisher":"https:\/\/www.facebook.com\/weldingalloysgroup","article_modified_time":"2025-10-19T21:57:23+00:00","og_image":[{"width":1000,"height":1000,"url":"https:\/\/welding-alloys.zerobox.co.za\/wp-content\/uploads\/2021\/12\/elbow.jpg","type":"image\/jpeg"}],"twitter_card":"summary_large_image","twitter_misc":{"Prix":"&#36;0.00","Disponibilit\u00e9":"En stock"},"schema":{"@context":"https:\/\/schema.org","@graph":[{"@type":"WebPage","@id":"https:\/\/welding-alloys.zerobox.co.za\/fr\/produit\/machine-elbow-cladding\/","url":"https:\/\/welding-alloys.zerobox.co.za\/fr\/produit\/machine-elbow-cladding\/","name":"Machine Elbow Cladding | Welding Alloys","isPartOf":{"@id":"https:\/\/welding-alloys.zerobox.co.za\/fr\/#website"},"primaryImageOfPage":{"@id":"https:\/\/welding-alloys.zerobox.co.za\/fr\/produit\/machine-elbow-cladding\/#primaryimage"},"image":{"@id":"https:\/\/welding-alloys.zerobox.co.za\/fr\/produit\/machine-elbow-cladding\/#primaryimage"},"thumbnailUrl":"https:\/\/welding-alloys.zerobox.co.za\/wp-content\/uploads\/2021\/12\/elbow.jpg","datePublished":"2022-07-04T08:01:39+00:00","dateModified":"2025-10-19T21:57:23+00:00","description":"Sp\u00e9cialement con\u00e7ue pour le placage interne des coudes soumis \u00e0 une forte usure.","breadcrumb":{"@id":"https:\/\/welding-alloys.zerobox.co.za\/fr\/produit\/machine-elbow-cladding\/#breadcrumb"},"inLanguage":"fr-FR","potentialAction":[{"@type":"ReadAction","target":["https:\/\/welding-alloys.zerobox.co.za\/fr\/produit\/machine-elbow-cladding\/"]}]},{"@type":"ImageObject","inLanguage":"fr-FR","@id":"https:\/\/welding-alloys.zerobox.co.za\/fr\/produit\/machine-elbow-cladding\/#primaryimage","url":"https:\/\/welding-alloys.zerobox.co.za\/wp-content\/uploads\/2021\/12\/elbow.jpg","contentUrl":"https:\/\/welding-alloys.zerobox.co.za\/wp-content\/uploads\/2021\/12\/elbow.jpg","width":1000,"height":1000,"caption":"elbow"},{"@type":"BreadcrumbList","@id":"https:\/\/welding-alloys.zerobox.co.za\/fr\/produit\/machine-elbow-cladding\/#breadcrumb","itemListElement":[{"@type":"ListItem","position":1,"name":"Home","item":"https:\/\/welding-alloys.zerobox.co.za\/fr\/accueil\/"},{"@type":"ListItem","position":2,"name":"Produits et Services","item":"https:\/\/welding-alloys.zerobox.co.za\/fr\/produits-et-services\/"},{"@type":"ListItem","position":3,"name":"Machine Elbow Cladding"}]},{"@type":"WebSite","@id":"https:\/\/welding-alloys.zerobox.co.za\/fr\/#website","url":"https:\/\/welding-alloys.zerobox.co.za\/fr\/","name":"Welding Alloys","description":"Welding Alloys","publisher":{"@id":"https:\/\/welding-alloys.zerobox.co.za\/fr\/#organization"},"potentialAction":[{"@type":"SearchAction","target":{"@type":"EntryPoint","urlTemplate":"https:\/\/welding-alloys.zerobox.co.za\/fr\/?s={search_term_string}"},"query-input":{"@type":"PropertyValueSpecification","valueRequired":true,"valueName":"search_term_string"}}],"inLanguage":"fr-FR"},{"@type":"Organization","@id":"https:\/\/welding-alloys.zerobox.co.za\/fr\/#organization","name":"Welding Alloys","url":"https:\/\/welding-alloys.zerobox.co.za\/fr\/","logo":{"@type":"ImageObject","inLanguage":"fr-FR","@id":"https:\/\/welding-alloys.zerobox.co.za\/fr\/#\/schema\/logo\/image\/","url":"https:\/\/welding-alloys.zerobox.co.za\/wp-content\/uploads\/2022\/02\/logo.png","contentUrl":"https:\/\/welding-alloys.zerobox.co.za\/wp-content\/uploads\/2022\/02\/logo.png","width":542,"height":279,"caption":"Welding Alloys"},"image":{"@id":"https:\/\/welding-alloys.zerobox.co.za\/fr\/#\/schema\/logo\/image\/"},"sameAs":["https:\/\/www.facebook.com\/weldingalloysgroup","https:\/\/www.youtube.com\/user\/WeldingAlloystv","https:\/\/www.instagram.com\/weldingalloys\/","https:\/\/linkedin.com\/company\/welding-alloys"]}]},"product_price_amount":"0.00","product_price_currency":"USD","og_availability":"instock","product_availability":"instock","product_retailer_item_id":"elbow-cladder","product_condition":"new"},"_links":{"self":[{"href":"https:\/\/welding-alloys.zerobox.co.za\/fr\/wp-json\/wp\/v2\/product\/35402","targetHints":{"allow":["GET"]}}],"collection":[{"href":"https:\/\/welding-alloys.zerobox.co.za\/fr\/wp-json\/wp\/v2\/product"}],"about":[{"href":"https:\/\/welding-alloys.zerobox.co.za\/fr\/wp-json\/wp\/v2\/types\/product"}],"replies":[{"embeddable":true,"href":"https:\/\/welding-alloys.zerobox.co.za\/fr\/wp-json\/wp\/v2\/comments?post=35402"}],"wp:featuredmedia":[{"embeddable":true,"href":"https:\/\/welding-alloys.zerobox.co.za\/fr\/wp-json\/wp\/v2\/media\/8586"}],"wp:attachment":[{"href":"https:\/\/welding-alloys.zerobox.co.za\/fr\/wp-json\/wp\/v2\/media?parent=35402"}],"wp:term":[{"taxonomy":"product_brand","embeddable":true,"href":"https:\/\/welding-alloys.zerobox.co.za\/fr\/wp-json\/wp\/v2\/product_brand?post=35402"},{"taxonomy":"product_cat","embeddable":true,"href":"https:\/\/welding-alloys.zerobox.co.za\/fr\/wp-json\/wp\/v2\/product_cat?post=35402"},{"taxonomy":"product_tag","embeddable":true,"href":"https:\/\/welding-alloys.zerobox.co.za\/fr\/wp-json\/wp\/v2\/product_tag?post=35402"},{"taxonomy":"application","embeddable":true,"href":"https:\/\/welding-alloys.zerobox.co.za\/fr\/wp-json\/wp\/v2\/application?post=35402"},{"taxonomy":"alloy_type","embeddable":true,"href":"https:\/\/welding-alloys.zerobox.co.za\/fr\/wp-json\/wp\/v2\/alloy_type?post=35402"},{"taxonomy":"family_name","embeddable":true,"href":"https:\/\/welding-alloys.zerobox.co.za\/fr\/wp-json\/wp\/v2\/family_name?post=35402"},{"taxonomy":"welding_process","embeddable":true,"href":"https:\/\/welding-alloys.zerobox.co.za\/fr\/wp-json\/wp\/v2\/welding_process?post=35402"},{"taxonomy":"welding_position","embeddable":true,"href":"https:\/\/welding-alloys.zerobox.co.za\/fr\/wp-json\/wp\/v2\/welding_position?post=35402"},{"taxonomy":"control_system","embeddable":true,"href":"https:\/\/welding-alloys.zerobox.co.za\/fr\/wp-json\/wp\/v2\/control_system?post=35402"},{"taxonomy":"datasheet","embeddable":true,"href":"https:\/\/welding-alloys.zerobox.co.za\/fr\/wp-json\/wp\/v2\/datasheet?post=35402"},{"taxonomy":"industry","embeddable":true,"href":"https:\/\/welding-alloys.zerobox.co.za\/fr\/wp-json\/wp\/v2\/industry?post=35402"},{"taxonomy":"base_metal_to_weld","embeddable":true,"href":"https:\/\/welding-alloys.zerobox.co.za\/fr\/wp-json\/wp\/v2\/base_metal_to_weld?post=35402"},{"taxonomy":"wear_type","embeddable":true,"href":"https:\/\/welding-alloys.zerobox.co.za\/fr\/wp-json\/wp\/v2\/wear_type?post=35402"},{"taxonomy":"hardness","embeddable":true,"href":"https:\/\/welding-alloys.zerobox.co.za\/fr\/wp-json\/wp\/v2\/hardness?post=35402"},{"taxonomy":"aws_classification","embeddable":true,"href":"https:\/\/welding-alloys.zerobox.co.za\/fr\/wp-json\/wp\/v2\/aws_classification?post=35402"},{"taxonomy":"en_iso_classification","embeddable":true,"href":"https:\/\/welding-alloys.zerobox.co.za\/fr\/wp-json\/wp\/v2\/en_iso_classification?post=35402"},{"taxonomy":"machine_expert","embeddable":true,"href":"https:\/\/welding-alloys.zerobox.co.za\/fr\/wp-json\/wp\/v2\/machine_expert?post=35402"},{"taxonomy":"industry_application","embeddable":true,"href":"https:\/\/welding-alloys.zerobox.co.za\/fr\/wp-json\/wp\/v2\/industry_application?post=35402"},{"taxonomy":"industry_expert","embeddable":true,"href":"https:\/\/welding-alloys.zerobox.co.za\/fr\/wp-json\/wp\/v2\/industry_expert?post=35402"},{"taxonomy":"hardness_range","embeddable":true,"href":"https:\/\/welding-alloys.zerobox.co.za\/fr\/wp-json\/wp\/v2\/hardness_range?post=35402"}],"curies":[{"name":"wp","href":"https:\/\/api.w.org\/{rel}","templated":true}]}}