{"id":29395,"date":"2024-06-03T18:06:26","date_gmt":"2024-06-03T16:06:26","guid":{"rendered":"https:\/\/welding-alloys.zerobox.co.za\/product\/wa-hardface-hc-e\/"},"modified":"2026-02-18T13:41:29","modified_gmt":"2026-02-18T12:41:29","slug":"wa-hardface-hc-e","status":"publish","type":"product","link":"https:\/\/welding-alloys.zerobox.co.za\/fr\/produit\/wa-hardface-hc-e\/","title":{"rendered":"WA HARDFACE HC-E"},"content":{"rendered":"<ul>\n<li>Fonte hautement alli\u00e9e en chrome pour le rechargement dur de composants soumis \u00e0 l&#8217;usure par abrasion s\u00e9v\u00e8re et impact mod\u00e9r\u00e9<\/li>\n<li>R\u00e9sistance extr\u00eame \u00e0 l&#8217;usure min\u00e9rale<\/li>\n<li>Le d\u00e9p\u00f4t contient une forte proportion de carbures de chrome primaires durs dans une matrice aust\u00e9nitique tenance<\/li>\n<li>Haut rendement (190%)<\/li>\n<\/ul>\n","protected":false},"excerpt":{"rendered":"<p>\u00c9lectrode enrob\u00e9e SMAW basique pour le rechargement dur<\/p>\n","protected":false},"featured_media":454,"comment_status":"closed","ping_status":"closed","template":"","meta":{"_acf_changed":false,"_relevanssi_hide_post":"","_relevanssi_hide_content":"","_relevanssi_pin_for_all":"","_relevanssi_pin_keywords":"","_relevanssi_unpin_keywords":"","_relevanssi_related_keywords":"","_relevanssi_related_include_ids":"","_relevanssi_related_exclude_ids":"","_relevanssi_related_no_append":"","_relevanssi_related_not_related":"","_relevanssi_related_posts":"","_relevanssi_noindex_reason":"","inline_featured_image":false,"_links_to":"","_links_to_target":""},"product_brand":[],"product_cat":[3289],"product_tag":[3313],"application":[3421],"alloy_type":[10912],"family_name":[3511],"welding_process":[13454],"welding_position":[11472],"control_system":[],"datasheet":[4153],"industry":[],"base_metal_to_weld":[],"wear_type":[10894,10898],"hardness":[11523],"aws_classification":[],"en_iso_classification":[9352],"machine_expert":[],"industry_application":[],"industry_expert":[],"hardness_range":[12131],"class_list":{"0":"post-29395","1":"product","2":"type-product","3":"status-publish","4":"has-post-thumbnail","6":"product_cat-consommables-de-soudage","7":"product_tag-electrode-fr","8":"application-consommables-de-soudage-de-rechargement","9":"alloy_type-anti-abrasion-fr","10":"family_name-wa-hardface-2","11":"welding_process-soudage-a-larc-avec-electrode-enrobee-smaw","12":"welding_position-flat-fr","13":"datasheet-wa-hardface-hc-e-2","14":"wear_type-abrasion-fr","15":"wear_type-haute-temperature","16":"hardness-60-63-hrc-brut-de-soudage-3-couches","17":"en_iso_classification-en-14700-e-fe15-2","18":"hardness_range-60-65-hrc-fr","20":"first","21":"instock","22":"sold-individually","23":"purchasable","24":"product-type-simple"},"acf":[],"yoast_head":"<!-- This site is optimized with the Yoast SEO Premium plugin v27.4 (Yoast SEO v27.4) - https:\/\/yoast.com\/product\/yoast-seo-premium-wordpress\/ -->\n<title>\u00c9lectrode SMAW enrob\u00e9e WA HARDFACE HC-E|Welding Alloys<\/title>\n<meta name=\"description\" content=\"\u00c9lectrode enrob\u00e9e basique utilis\u00e9e pour le rechargement de pi\u00e8ces soumises \u00e0 l&#039;usure par la terre, le sable et les abrasifs.\" \/>\n<meta name=\"robots\" content=\"noindex, follow, max-snippet:-1, max-image-preview:large, max-video-preview:-1\" \/>\n<meta property=\"og:locale\" content=\"fr_FR\" \/>\n<meta property=\"og:type\" content=\"article\" \/>\n<meta property=\"og:title\" content=\"WA HARDFACE HC-E\" \/>\n<meta property=\"og:description\" content=\"\u00c9lectrode enrob\u00e9e basique utilis\u00e9e pour le rechargement de pi\u00e8ces soumises \u00e0 l&#039;usure par la terre, le sable et les abrasifs.\" \/>\n<meta property=\"og:url\" content=\"https:\/\/welding-alloys.zerobox.co.za\/fr\/produit\/wa-hardface-hc-e\/\" \/>\n<meta property=\"og:site_name\" content=\"Welding Alloys\" \/>\n<meta property=\"article:publisher\" content=\"https:\/\/www.facebook.com\/weldingalloysgroup\" \/>\n<meta property=\"article:modified_time\" content=\"2026-02-18T12:41:29+00:00\" \/>\n<meta property=\"og:image\" content=\"https:\/\/welding-alloys.zerobox.co.za\/wp-content\/uploads\/2021\/11\/electrodes.jpg\" \/>\n\t<meta property=\"og:image:width\" content=\"1000\" \/>\n\t<meta property=\"og:image:height\" content=\"1000\" \/>\n\t<meta property=\"og:image:type\" content=\"image\/jpeg\" \/>\n<meta name=\"twitter:card\" content=\"summary_large_image\" \/>\n<meta name=\"twitter:label1\" content=\"Prix\" \/>\n\t<meta name=\"twitter:data1\" content=\"&#036;0.00\" \/>\n\t<meta name=\"twitter:label2\" content=\"Disponibilit\u00e9\" \/>\n\t<meta name=\"twitter:data2\" content=\"En stock\" \/>\n<script type=\"application\/ld+json\" class=\"yoast-schema-graph\">{\"@context\":\"https:\\\/\\\/schema.org\",\"@graph\":[{\"@type\":\"WebPage\",\"@id\":\"https:\\\/\\\/welding-alloys.zerobox.co.za\\\/fr\\\/produit\\\/wa-hardface-hc-e\\\/\",\"url\":\"https:\\\/\\\/welding-alloys.zerobox.co.za\\\/fr\\\/produit\\\/wa-hardface-hc-e\\\/\",\"name\":\"\u00c9lectrode SMAW enrob\u00e9e WA HARDFACE HC-E|Welding Alloys\",\"isPartOf\":{\"@id\":\"https:\\\/\\\/welding-alloys.zerobox.co.za\\\/fr\\\/#website\"},\"primaryImageOfPage\":{\"@id\":\"https:\\\/\\\/welding-alloys.zerobox.co.za\\\/fr\\\/produit\\\/wa-hardface-hc-e\\\/#primaryimage\"},\"image\":{\"@id\":\"https:\\\/\\\/welding-alloys.zerobox.co.za\\\/fr\\\/produit\\\/wa-hardface-hc-e\\\/#primaryimage\"},\"thumbnailUrl\":\"https:\\\/\\\/welding-alloys.zerobox.co.za\\\/wp-content\\\/uploads\\\/2021\\\/11\\\/electrodes.jpg\",\"datePublished\":\"2024-06-03T16:06:26+00:00\",\"dateModified\":\"2026-02-18T12:41:29+00:00\",\"description\":\"\u00c9lectrode enrob\u00e9e basique utilis\u00e9e pour le rechargement de pi\u00e8ces soumises \u00e0 l'usure par la terre, le sable et les abrasifs.\",\"breadcrumb\":{\"@id\":\"https:\\\/\\\/welding-alloys.zerobox.co.za\\\/fr\\\/produit\\\/wa-hardface-hc-e\\\/#breadcrumb\"},\"inLanguage\":\"fr-FR\",\"potentialAction\":[{\"@type\":\"ReadAction\",\"target\":[\"https:\\\/\\\/welding-alloys.zerobox.co.za\\\/fr\\\/produit\\\/wa-hardface-hc-e\\\/\"]}]},{\"@type\":\"ImageObject\",\"inLanguage\":\"fr-FR\",\"@id\":\"https:\\\/\\\/welding-alloys.zerobox.co.za\\\/fr\\\/produit\\\/wa-hardface-hc-e\\\/#primaryimage\",\"url\":\"https:\\\/\\\/welding-alloys.zerobox.co.za\\\/wp-content\\\/uploads\\\/2021\\\/11\\\/electrodes.jpg\",\"contentUrl\":\"https:\\\/\\\/welding-alloys.zerobox.co.za\\\/wp-content\\\/uploads\\\/2021\\\/11\\\/electrodes.jpg\",\"width\":1000,\"height\":1000,\"caption\":\"electrodes\"},{\"@type\":\"BreadcrumbList\",\"@id\":\"https:\\\/\\\/welding-alloys.zerobox.co.za\\\/fr\\\/produit\\\/wa-hardface-hc-e\\\/#breadcrumb\",\"itemListElement\":[{\"@type\":\"ListItem\",\"position\":1,\"name\":\"Home\",\"item\":\"https:\\\/\\\/welding-alloys.zerobox.co.za\\\/fr\\\/accueil\\\/\"},{\"@type\":\"ListItem\",\"position\":2,\"name\":\"Produits et Services\",\"item\":\"https:\\\/\\\/welding-alloys.zerobox.co.za\\\/fr\\\/produits-et-services\\\/\"},{\"@type\":\"ListItem\",\"position\":3,\"name\":\"WA HARDFACE HC-E\"}]},{\"@type\":\"WebSite\",\"@id\":\"https:\\\/\\\/welding-alloys.zerobox.co.za\\\/fr\\\/#website\",\"url\":\"https:\\\/\\\/welding-alloys.zerobox.co.za\\\/fr\\\/\",\"name\":\"Welding Alloys\",\"description\":\"Welding Alloys\",\"publisher\":{\"@id\":\"https:\\\/\\\/welding-alloys.zerobox.co.za\\\/fr\\\/#organization\"},\"potentialAction\":[{\"@type\":\"SearchAction\",\"target\":{\"@type\":\"EntryPoint\",\"urlTemplate\":\"https:\\\/\\\/welding-alloys.zerobox.co.za\\\/fr\\\/?s={search_term_string}\"},\"query-input\":{\"@type\":\"PropertyValueSpecification\",\"valueRequired\":true,\"valueName\":\"search_term_string\"}}],\"inLanguage\":\"fr-FR\"},{\"@type\":\"Organization\",\"@id\":\"https:\\\/\\\/welding-alloys.zerobox.co.za\\\/fr\\\/#organization\",\"name\":\"Welding Alloys\",\"url\":\"https:\\\/\\\/welding-alloys.zerobox.co.za\\\/fr\\\/\",\"logo\":{\"@type\":\"ImageObject\",\"inLanguage\":\"fr-FR\",\"@id\":\"https:\\\/\\\/welding-alloys.zerobox.co.za\\\/fr\\\/#\\\/schema\\\/logo\\\/image\\\/\",\"url\":\"https:\\\/\\\/welding-alloys.zerobox.co.za\\\/wp-content\\\/uploads\\\/2022\\\/02\\\/logo.png\",\"contentUrl\":\"https:\\\/\\\/welding-alloys.zerobox.co.za\\\/wp-content\\\/uploads\\\/2022\\\/02\\\/logo.png\",\"width\":542,\"height\":279,\"caption\":\"Welding Alloys\"},\"image\":{\"@id\":\"https:\\\/\\\/welding-alloys.zerobox.co.za\\\/fr\\\/#\\\/schema\\\/logo\\\/image\\\/\"},\"sameAs\":[\"https:\\\/\\\/www.facebook.com\\\/weldingalloysgroup\",\"https:\\\/\\\/www.youtube.com\\\/user\\\/WeldingAlloystv\",\"https:\\\/\\\/www.instagram.com\\\/weldingalloys\\\/\",\"https:\\\/\\\/linkedin.com\\\/company\\\/welding-alloys\"]}]}<\/script>\n<meta property=\"product:price:amount\" content=\"0.00\" \/>\n<meta property=\"product:price:currency\" content=\"USD\" \/>\n<meta property=\"og:availability\" content=\"instock\" \/>\n<meta property=\"product:availability\" content=\"instock\" \/>\n<meta property=\"product:retailer_item_id\" content=\"HC-E\" \/>\n<meta property=\"product:condition\" content=\"new\" \/>\n<!-- \/ Yoast SEO Premium plugin. -->","yoast_head_json":{"title":"\u00c9lectrode SMAW enrob\u00e9e WA HARDFACE HC-E|Welding Alloys","description":"\u00c9lectrode enrob\u00e9e basique utilis\u00e9e pour le rechargement de pi\u00e8ces soumises \u00e0 l'usure par la terre, le sable et les abrasifs.","robots":{"index":"noindex","follow":"follow","max-snippet":"max-snippet:-1","max-image-preview":"max-image-preview:large","max-video-preview":"max-video-preview:-1"},"og_locale":"fr_FR","og_type":"article","og_title":"WA HARDFACE HC-E","og_description":"\u00c9lectrode enrob\u00e9e basique utilis\u00e9e pour le rechargement de pi\u00e8ces soumises \u00e0 l'usure par la terre, le sable et les abrasifs.","og_url":"https:\/\/welding-alloys.zerobox.co.za\/fr\/produit\/wa-hardface-hc-e\/","og_site_name":"Welding Alloys","article_publisher":"https:\/\/www.facebook.com\/weldingalloysgroup","article_modified_time":"2026-02-18T12:41:29+00:00","og_image":[{"width":1000,"height":1000,"url":"https:\/\/welding-alloys.zerobox.co.za\/wp-content\/uploads\/2021\/11\/electrodes.jpg","type":"image\/jpeg"}],"twitter_card":"summary_large_image","twitter_misc":{"Prix":"&#36;0.00","Disponibilit\u00e9":"En stock"},"schema":{"@context":"https:\/\/schema.org","@graph":[{"@type":"WebPage","@id":"https:\/\/welding-alloys.zerobox.co.za\/fr\/produit\/wa-hardface-hc-e\/","url":"https:\/\/welding-alloys.zerobox.co.za\/fr\/produit\/wa-hardface-hc-e\/","name":"\u00c9lectrode SMAW enrob\u00e9e WA HARDFACE HC-E|Welding Alloys","isPartOf":{"@id":"https:\/\/welding-alloys.zerobox.co.za\/fr\/#website"},"primaryImageOfPage":{"@id":"https:\/\/welding-alloys.zerobox.co.za\/fr\/produit\/wa-hardface-hc-e\/#primaryimage"},"image":{"@id":"https:\/\/welding-alloys.zerobox.co.za\/fr\/produit\/wa-hardface-hc-e\/#primaryimage"},"thumbnailUrl":"https:\/\/welding-alloys.zerobox.co.za\/wp-content\/uploads\/2021\/11\/electrodes.jpg","datePublished":"2024-06-03T16:06:26+00:00","dateModified":"2026-02-18T12:41:29+00:00","description":"\u00c9lectrode enrob\u00e9e basique utilis\u00e9e pour le rechargement de pi\u00e8ces soumises \u00e0 l'usure par la terre, le sable et les abrasifs.","breadcrumb":{"@id":"https:\/\/welding-alloys.zerobox.co.za\/fr\/produit\/wa-hardface-hc-e\/#breadcrumb"},"inLanguage":"fr-FR","potentialAction":[{"@type":"ReadAction","target":["https:\/\/welding-alloys.zerobox.co.za\/fr\/produit\/wa-hardface-hc-e\/"]}]},{"@type":"ImageObject","inLanguage":"fr-FR","@id":"https:\/\/welding-alloys.zerobox.co.za\/fr\/produit\/wa-hardface-hc-e\/#primaryimage","url":"https:\/\/welding-alloys.zerobox.co.za\/wp-content\/uploads\/2021\/11\/electrodes.jpg","contentUrl":"https:\/\/welding-alloys.zerobox.co.za\/wp-content\/uploads\/2021\/11\/electrodes.jpg","width":1000,"height":1000,"caption":"electrodes"},{"@type":"BreadcrumbList","@id":"https:\/\/welding-alloys.zerobox.co.za\/fr\/produit\/wa-hardface-hc-e\/#breadcrumb","itemListElement":[{"@type":"ListItem","position":1,"name":"Home","item":"https:\/\/welding-alloys.zerobox.co.za\/fr\/accueil\/"},{"@type":"ListItem","position":2,"name":"Produits et Services","item":"https:\/\/welding-alloys.zerobox.co.za\/fr\/produits-et-services\/"},{"@type":"ListItem","position":3,"name":"WA HARDFACE HC-E"}]},{"@type":"WebSite","@id":"https:\/\/welding-alloys.zerobox.co.za\/fr\/#website","url":"https:\/\/welding-alloys.zerobox.co.za\/fr\/","name":"Welding Alloys","description":"Welding Alloys","publisher":{"@id":"https:\/\/welding-alloys.zerobox.co.za\/fr\/#organization"},"potentialAction":[{"@type":"SearchAction","target":{"@type":"EntryPoint","urlTemplate":"https:\/\/welding-alloys.zerobox.co.za\/fr\/?s={search_term_string}"},"query-input":{"@type":"PropertyValueSpecification","valueRequired":true,"valueName":"search_term_string"}}],"inLanguage":"fr-FR"},{"@type":"Organization","@id":"https:\/\/welding-alloys.zerobox.co.za\/fr\/#organization","name":"Welding Alloys","url":"https:\/\/welding-alloys.zerobox.co.za\/fr\/","logo":{"@type":"ImageObject","inLanguage":"fr-FR","@id":"https:\/\/welding-alloys.zerobox.co.za\/fr\/#\/schema\/logo\/image\/","url":"https:\/\/welding-alloys.zerobox.co.za\/wp-content\/uploads\/2022\/02\/logo.png","contentUrl":"https:\/\/welding-alloys.zerobox.co.za\/wp-content\/uploads\/2022\/02\/logo.png","width":542,"height":279,"caption":"Welding Alloys"},"image":{"@id":"https:\/\/welding-alloys.zerobox.co.za\/fr\/#\/schema\/logo\/image\/"},"sameAs":["https:\/\/www.facebook.com\/weldingalloysgroup","https:\/\/www.youtube.com\/user\/WeldingAlloystv","https:\/\/www.instagram.com\/weldingalloys\/","https:\/\/linkedin.com\/company\/welding-alloys"]}]},"product_price_amount":"0.00","product_price_currency":"USD","og_availability":"instock","product_availability":"instock","product_retailer_item_id":"HC-E","product_condition":"new"},"_links":{"self":[{"href":"https:\/\/welding-alloys.zerobox.co.za\/fr\/wp-json\/wp\/v2\/product\/29395","targetHints":{"allow":["GET"]}}],"collection":[{"href":"https:\/\/welding-alloys.zerobox.co.za\/fr\/wp-json\/wp\/v2\/product"}],"about":[{"href":"https:\/\/welding-alloys.zerobox.co.za\/fr\/wp-json\/wp\/v2\/types\/product"}],"replies":[{"embeddable":true,"href":"https:\/\/welding-alloys.zerobox.co.za\/fr\/wp-json\/wp\/v2\/comments?post=29395"}],"wp:featuredmedia":[{"embeddable":true,"href":"https:\/\/welding-alloys.zerobox.co.za\/fr\/wp-json\/wp\/v2\/media\/454"}],"wp:attachment":[{"href":"https:\/\/welding-alloys.zerobox.co.za\/fr\/wp-json\/wp\/v2\/media?parent=29395"}],"wp:term":[{"taxonomy":"product_brand","embeddable":true,"href":"https:\/\/welding-alloys.zerobox.co.za\/fr\/wp-json\/wp\/v2\/product_brand?post=29395"},{"taxonomy":"product_cat","embeddable":true,"href":"https:\/\/welding-alloys.zerobox.co.za\/fr\/wp-json\/wp\/v2\/product_cat?post=29395"},{"taxonomy":"product_tag","embeddable":true,"href":"https:\/\/welding-alloys.zerobox.co.za\/fr\/wp-json\/wp\/v2\/product_tag?post=29395"},{"taxonomy":"application","embeddable":true,"href":"https:\/\/welding-alloys.zerobox.co.za\/fr\/wp-json\/wp\/v2\/application?post=29395"},{"taxonomy":"alloy_type","embeddable":true,"href":"https:\/\/welding-alloys.zerobox.co.za\/fr\/wp-json\/wp\/v2\/alloy_type?post=29395"},{"taxonomy":"family_name","embeddable":true,"href":"https:\/\/welding-alloys.zerobox.co.za\/fr\/wp-json\/wp\/v2\/family_name?post=29395"},{"taxonomy":"welding_process","embeddable":true,"href":"https:\/\/welding-alloys.zerobox.co.za\/fr\/wp-json\/wp\/v2\/welding_process?post=29395"},{"taxonomy":"welding_position","embeddable":true,"href":"https:\/\/welding-alloys.zerobox.co.za\/fr\/wp-json\/wp\/v2\/welding_position?post=29395"},{"taxonomy":"control_system","embeddable":true,"href":"https:\/\/welding-alloys.zerobox.co.za\/fr\/wp-json\/wp\/v2\/control_system?post=29395"},{"taxonomy":"datasheet","embeddable":true,"href":"https:\/\/welding-alloys.zerobox.co.za\/fr\/wp-json\/wp\/v2\/datasheet?post=29395"},{"taxonomy":"industry","embeddable":true,"href":"https:\/\/welding-alloys.zerobox.co.za\/fr\/wp-json\/wp\/v2\/industry?post=29395"},{"taxonomy":"base_metal_to_weld","embeddable":true,"href":"https:\/\/welding-alloys.zerobox.co.za\/fr\/wp-json\/wp\/v2\/base_metal_to_weld?post=29395"},{"taxonomy":"wear_type","embeddable":true,"href":"https:\/\/welding-alloys.zerobox.co.za\/fr\/wp-json\/wp\/v2\/wear_type?post=29395"},{"taxonomy":"hardness","embeddable":true,"href":"https:\/\/welding-alloys.zerobox.co.za\/fr\/wp-json\/wp\/v2\/hardness?post=29395"},{"taxonomy":"aws_classification","embeddable":true,"href":"https:\/\/welding-alloys.zerobox.co.za\/fr\/wp-json\/wp\/v2\/aws_classification?post=29395"},{"taxonomy":"en_iso_classification","embeddable":true,"href":"https:\/\/welding-alloys.zerobox.co.za\/fr\/wp-json\/wp\/v2\/en_iso_classification?post=29395"},{"taxonomy":"machine_expert","embeddable":true,"href":"https:\/\/welding-alloys.zerobox.co.za\/fr\/wp-json\/wp\/v2\/machine_expert?post=29395"},{"taxonomy":"industry_application","embeddable":true,"href":"https:\/\/welding-alloys.zerobox.co.za\/fr\/wp-json\/wp\/v2\/industry_application?post=29395"},{"taxonomy":"industry_expert","embeddable":true,"href":"https:\/\/welding-alloys.zerobox.co.za\/fr\/wp-json\/wp\/v2\/industry_expert?post=29395"},{"taxonomy":"hardness_range","embeddable":true,"href":"https:\/\/welding-alloys.zerobox.co.za\/fr\/wp-json\/wp\/v2\/hardness_range?post=29395"}],"curies":[{"name":"wp","href":"https:\/\/api.w.org\/{rel}","templated":true}]}}