{"id":29151,"date":"2024-06-03T17:53:00","date_gmt":"2024-06-03T15:53:00","guid":{"rendered":"https:\/\/welding-alloys.zerobox.co.za\/product\/tube-s-309ht-g\/"},"modified":"2026-02-18T13:40:59","modified_gmt":"2026-02-18T12:40:59","slug":"tube-s-309ht-g","status":"publish","type":"product","link":"https:\/\/welding-alloys.zerobox.co.za\/fr\/produit\/tube-s-309ht-g\/","title":{"rendered":"TUBE S 309HT-G"},"content":{"rendered":"<ul>\n<li>Composition 22% Cr, 10% Ni avec des ajouts contr\u00f4l\u00e9s de C, Si, N et c\u00e9rium<\/li>\n<li>Excellente r\u00e9sistance \u00e0 l&#8217;oxydation, r\u00e9sistance \u00e0 l&#8217;\u00e9caillage jusqu&#8217;\u00e0 1100\u00b0C<\/li>\n<\/ul>\n","protected":false},"excerpt":{"rendered":"<p>Fil fourr\u00e9 en acier inoxydable pour le soudage \u00e0 l&#8217;arc sous protection gazeuse<\/p>\n","protected":false},"featured_media":442,"comment_status":"closed","ping_status":"closed","template":"","meta":{"_acf_changed":false,"_relevanssi_hide_post":"","_relevanssi_hide_content":"","_relevanssi_pin_for_all":"","_relevanssi_pin_keywords":"","_relevanssi_unpin_keywords":"","_relevanssi_related_keywords":"","_relevanssi_related_include_ids":"","_relevanssi_related_exclude_ids":"","_relevanssi_related_no_append":"","_relevanssi_related_not_related":"","_relevanssi_related_posts":"","_relevanssi_noindex_reason":"","inline_featured_image":false,"_links_to":"","_links_to_target":""},"product_brand":[],"product_cat":[3289],"product_tag":[3319],"application":[3418,10470],"alloy_type":[10917],"family_name":[3505],"welding_process":[12998],"welding_position":[12992],"control_system":[],"datasheet":[4454],"industry":[],"base_metal_to_weld":[6237,6486,6496,6108,6238,6489,6497,12295,6109,6239,6490,6498,12298,6110,6303,6491,6499,6229,6307,6492,6231,6311,6493,6234,6348,6494,6235,6399,6495],"wear_type":[10897,10898],"hardness":[],"aws_classification":[],"en_iso_classification":[9540],"machine_expert":[],"industry_application":[],"industry_expert":[],"hardness_range":[],"class_list":{"0":"post-29151","1":"product","2":"type-product","3":"status-publish","4":"has-post-thumbnail","6":"product_cat-consommables-de-soudage","7":"product_tag-wire-fr","8":"application-consommables-de-soudage-de-placage","9":"application-consommables-de-soudage-dassemblage-et-reparation","10":"alloy_type-aciers-inoxydables","11":"family_name-tube-2","12":"welding_process-soudage-a-larc-sous-protection-gazeuse-avec-fil-fusible-gmaw","13":"welding_position-all-positions-under-restrictions-fr","14":"datasheet-tube-s-309ht-g-2","15":"base_metal_to_weld-uns-s30900","16":"base_metal_to_weld-1-4825","17":"base_metal_to_weld-aisi-442","18":"base_metal_to_weld-1-4713","19":"base_metal_to_weld-1-4826","20":"base_metal_to_weld-1-4712","21":"base_metal_to_weld-uns-s44200","22":"base_metal_to_weld-1-4710-fr","23":"base_metal_to_weld-1-4724","24":"base_metal_to_weld-1-4833","25":"base_metal_to_weld-1-4729","26":"base_metal_to_weld-1-4821","27":"base_metal_to_weld-1-4740-fr","28":"base_metal_to_weld-1-4742","29":"base_metal_to_weld-1-4762","30":"base_metal_to_weld-1-4741","31":"base_metal_to_weld-aisi-327","32":"base_metal_to_weld-1-4835","33":"base_metal_to_weld-aisi-446","34":"base_metal_to_weld-1-4745","35":"base_metal_to_weld-1-4828","36":"base_metal_to_weld-uns-s44600","37":"base_metal_to_weld-1-4746","38":"base_metal_to_weld-aisi-309","39":"base_metal_to_weld-1-4347","40":"base_metal_to_weld-1-4832","41":"base_metal_to_weld-uns-s30815","42":"base_metal_to_weld-1-4059","43":"base_metal_to_weld-1-4893","44":"wear_type-corrosion-fr","45":"wear_type-haute-temperature","46":"en_iso_classification-en-iso-17633-a-t-z-22-10-n-h-m-m12-1-2","48":"first","49":"instock","50":"sold-individually","51":"purchasable","52":"product-type-simple"},"acf":[],"yoast_head":"<!-- This site is optimized with the Yoast SEO Premium plugin v27.4 (Yoast SEO v27.4) - https:\/\/yoast.com\/product\/yoast-seo-premium-wordpress\/ -->\n<title>Fil fourr\u00e9 d&#039;assemblage TUBE S 309HT-G|Welding Alloys<\/title>\n<meta name=\"description\" content=\"Notre fil fourr\u00e9 poss\u00e8de d&#039;excellentes propri\u00e9t\u00e9s \u00e0 des temp\u00e9ratures allant jusqu&#039;\u00e0 1150\u00b0C. Il est con\u00e7u pour le soudage \u00e0 l&#039;arc sous protection gazeuse.\" \/>\n<meta name=\"robots\" content=\"noindex, follow, max-snippet:-1, max-image-preview:large, max-video-preview:-1\" \/>\n<meta property=\"og:locale\" content=\"fr_FR\" \/>\n<meta property=\"og:type\" content=\"article\" \/>\n<meta property=\"og:title\" content=\"TUBE S 309HT-G\" \/>\n<meta property=\"og:description\" content=\"Notre fil fourr\u00e9 poss\u00e8de d&#039;excellentes propri\u00e9t\u00e9s \u00e0 des temp\u00e9ratures allant jusqu&#039;\u00e0 1150\u00b0C. Il est con\u00e7u pour le soudage \u00e0 l&#039;arc sous protection gazeuse.\" \/>\n<meta property=\"og:url\" content=\"https:\/\/welding-alloys.zerobox.co.za\/fr\/produit\/tube-s-309ht-g\/\" \/>\n<meta property=\"og:site_name\" content=\"Welding Alloys\" \/>\n<meta property=\"article:publisher\" content=\"https:\/\/www.facebook.com\/weldingalloysgroup\" \/>\n<meta property=\"article:modified_time\" content=\"2026-02-18T12:40:59+00:00\" \/>\n<meta property=\"og:image\" content=\"https:\/\/welding-alloys.zerobox.co.za\/wp-content\/uploads\/2021\/11\/blackspool.jpg\" \/>\n\t<meta property=\"og:image:width\" content=\"1000\" \/>\n\t<meta property=\"og:image:height\" content=\"1000\" \/>\n\t<meta property=\"og:image:type\" content=\"image\/jpeg\" \/>\n<meta name=\"twitter:card\" content=\"summary_large_image\" \/>\n<meta name=\"twitter:label1\" content=\"Prix\" \/>\n\t<meta name=\"twitter:data1\" content=\"&#036;0.00\" \/>\n\t<meta name=\"twitter:label2\" content=\"Disponibilit\u00e9\" \/>\n\t<meta name=\"twitter:data2\" content=\"En stock\" \/>\n<script type=\"application\/ld+json\" class=\"yoast-schema-graph\">{\"@context\":\"https:\\\/\\\/schema.org\",\"@graph\":[{\"@type\":\"WebPage\",\"@id\":\"https:\\\/\\\/welding-alloys.zerobox.co.za\\\/fr\\\/produit\\\/tube-s-309ht-g\\\/\",\"url\":\"https:\\\/\\\/welding-alloys.zerobox.co.za\\\/fr\\\/produit\\\/tube-s-309ht-g\\\/\",\"name\":\"Fil fourr\u00e9 d'assemblage TUBE S 309HT-G|Welding Alloys\",\"isPartOf\":{\"@id\":\"https:\\\/\\\/welding-alloys.zerobox.co.za\\\/fr\\\/#website\"},\"primaryImageOfPage\":{\"@id\":\"https:\\\/\\\/welding-alloys.zerobox.co.za\\\/fr\\\/produit\\\/tube-s-309ht-g\\\/#primaryimage\"},\"image\":{\"@id\":\"https:\\\/\\\/welding-alloys.zerobox.co.za\\\/fr\\\/produit\\\/tube-s-309ht-g\\\/#primaryimage\"},\"thumbnailUrl\":\"https:\\\/\\\/welding-alloys.zerobox.co.za\\\/wp-content\\\/uploads\\\/2021\\\/11\\\/blackspool.jpg\",\"datePublished\":\"2024-06-03T15:53:00+00:00\",\"dateModified\":\"2026-02-18T12:40:59+00:00\",\"description\":\"Notre fil fourr\u00e9 poss\u00e8de d'excellentes propri\u00e9t\u00e9s \u00e0 des temp\u00e9ratures allant jusqu'\u00e0 1150\u00b0C. Il est con\u00e7u pour le soudage \u00e0 l'arc sous protection gazeuse.\",\"breadcrumb\":{\"@id\":\"https:\\\/\\\/welding-alloys.zerobox.co.za\\\/fr\\\/produit\\\/tube-s-309ht-g\\\/#breadcrumb\"},\"inLanguage\":\"fr-FR\",\"potentialAction\":[{\"@type\":\"ReadAction\",\"target\":[\"https:\\\/\\\/welding-alloys.zerobox.co.za\\\/fr\\\/produit\\\/tube-s-309ht-g\\\/\"]}]},{\"@type\":\"ImageObject\",\"inLanguage\":\"fr-FR\",\"@id\":\"https:\\\/\\\/welding-alloys.zerobox.co.za\\\/fr\\\/produit\\\/tube-s-309ht-g\\\/#primaryimage\",\"url\":\"https:\\\/\\\/welding-alloys.zerobox.co.za\\\/wp-content\\\/uploads\\\/2021\\\/11\\\/blackspool.jpg\",\"contentUrl\":\"https:\\\/\\\/welding-alloys.zerobox.co.za\\\/wp-content\\\/uploads\\\/2021\\\/11\\\/blackspool.jpg\",\"width\":1000,\"height\":1000,\"caption\":\"blackspool\"},{\"@type\":\"BreadcrumbList\",\"@id\":\"https:\\\/\\\/welding-alloys.zerobox.co.za\\\/fr\\\/produit\\\/tube-s-309ht-g\\\/#breadcrumb\",\"itemListElement\":[{\"@type\":\"ListItem\",\"position\":1,\"name\":\"Home\",\"item\":\"https:\\\/\\\/welding-alloys.zerobox.co.za\\\/fr\\\/accueil\\\/\"},{\"@type\":\"ListItem\",\"position\":2,\"name\":\"Produits et Services\",\"item\":\"https:\\\/\\\/welding-alloys.zerobox.co.za\\\/fr\\\/produits-et-services\\\/\"},{\"@type\":\"ListItem\",\"position\":3,\"name\":\"TUBE S 309HT-G\"}]},{\"@type\":\"WebSite\",\"@id\":\"https:\\\/\\\/welding-alloys.zerobox.co.za\\\/fr\\\/#website\",\"url\":\"https:\\\/\\\/welding-alloys.zerobox.co.za\\\/fr\\\/\",\"name\":\"Welding Alloys\",\"description\":\"Welding Alloys\",\"publisher\":{\"@id\":\"https:\\\/\\\/welding-alloys.zerobox.co.za\\\/fr\\\/#organization\"},\"potentialAction\":[{\"@type\":\"SearchAction\",\"target\":{\"@type\":\"EntryPoint\",\"urlTemplate\":\"https:\\\/\\\/welding-alloys.zerobox.co.za\\\/fr\\\/?s={search_term_string}\"},\"query-input\":{\"@type\":\"PropertyValueSpecification\",\"valueRequired\":true,\"valueName\":\"search_term_string\"}}],\"inLanguage\":\"fr-FR\"},{\"@type\":\"Organization\",\"@id\":\"https:\\\/\\\/welding-alloys.zerobox.co.za\\\/fr\\\/#organization\",\"name\":\"Welding Alloys\",\"url\":\"https:\\\/\\\/welding-alloys.zerobox.co.za\\\/fr\\\/\",\"logo\":{\"@type\":\"ImageObject\",\"inLanguage\":\"fr-FR\",\"@id\":\"https:\\\/\\\/welding-alloys.zerobox.co.za\\\/fr\\\/#\\\/schema\\\/logo\\\/image\\\/\",\"url\":\"https:\\\/\\\/welding-alloys.zerobox.co.za\\\/wp-content\\\/uploads\\\/2022\\\/02\\\/logo.png\",\"contentUrl\":\"https:\\\/\\\/welding-alloys.zerobox.co.za\\\/wp-content\\\/uploads\\\/2022\\\/02\\\/logo.png\",\"width\":542,\"height\":279,\"caption\":\"Welding Alloys\"},\"image\":{\"@id\":\"https:\\\/\\\/welding-alloys.zerobox.co.za\\\/fr\\\/#\\\/schema\\\/logo\\\/image\\\/\"},\"sameAs\":[\"https:\\\/\\\/www.facebook.com\\\/weldingalloysgroup\",\"https:\\\/\\\/www.youtube.com\\\/user\\\/WeldingAlloystv\",\"https:\\\/\\\/www.instagram.com\\\/weldingalloys\\\/\",\"https:\\\/\\\/linkedin.com\\\/company\\\/welding-alloys\"]}]}<\/script>\n<meta property=\"product:price:amount\" content=\"0.00\" \/>\n<meta property=\"product:price:currency\" content=\"USD\" \/>\n<meta property=\"og:availability\" content=\"instock\" \/>\n<meta property=\"product:availability\" content=\"instock\" \/>\n<meta property=\"product:retailer_item_id\" content=\"S309HT-G\" \/>\n<meta property=\"product:condition\" content=\"new\" \/>\n<!-- \/ Yoast SEO Premium plugin. -->","yoast_head_json":{"title":"Fil fourr\u00e9 d'assemblage TUBE S 309HT-G|Welding Alloys","description":"Notre fil fourr\u00e9 poss\u00e8de d'excellentes propri\u00e9t\u00e9s \u00e0 des temp\u00e9ratures allant jusqu'\u00e0 1150\u00b0C. Il est con\u00e7u pour le soudage \u00e0 l'arc sous protection gazeuse.","robots":{"index":"noindex","follow":"follow","max-snippet":"max-snippet:-1","max-image-preview":"max-image-preview:large","max-video-preview":"max-video-preview:-1"},"og_locale":"fr_FR","og_type":"article","og_title":"TUBE S 309HT-G","og_description":"Notre fil fourr\u00e9 poss\u00e8de d'excellentes propri\u00e9t\u00e9s \u00e0 des temp\u00e9ratures allant jusqu'\u00e0 1150\u00b0C. Il est con\u00e7u pour le soudage \u00e0 l'arc sous protection gazeuse.","og_url":"https:\/\/welding-alloys.zerobox.co.za\/fr\/produit\/tube-s-309ht-g\/","og_site_name":"Welding Alloys","article_publisher":"https:\/\/www.facebook.com\/weldingalloysgroup","article_modified_time":"2026-02-18T12:40:59+00:00","og_image":[{"width":1000,"height":1000,"url":"https:\/\/welding-alloys.zerobox.co.za\/wp-content\/uploads\/2021\/11\/blackspool.jpg","type":"image\/jpeg"}],"twitter_card":"summary_large_image","twitter_misc":{"Prix":"&#36;0.00","Disponibilit\u00e9":"En stock"},"schema":{"@context":"https:\/\/schema.org","@graph":[{"@type":"WebPage","@id":"https:\/\/welding-alloys.zerobox.co.za\/fr\/produit\/tube-s-309ht-g\/","url":"https:\/\/welding-alloys.zerobox.co.za\/fr\/produit\/tube-s-309ht-g\/","name":"Fil fourr\u00e9 d'assemblage TUBE S 309HT-G|Welding Alloys","isPartOf":{"@id":"https:\/\/welding-alloys.zerobox.co.za\/fr\/#website"},"primaryImageOfPage":{"@id":"https:\/\/welding-alloys.zerobox.co.za\/fr\/produit\/tube-s-309ht-g\/#primaryimage"},"image":{"@id":"https:\/\/welding-alloys.zerobox.co.za\/fr\/produit\/tube-s-309ht-g\/#primaryimage"},"thumbnailUrl":"https:\/\/welding-alloys.zerobox.co.za\/wp-content\/uploads\/2021\/11\/blackspool.jpg","datePublished":"2024-06-03T15:53:00+00:00","dateModified":"2026-02-18T12:40:59+00:00","description":"Notre fil fourr\u00e9 poss\u00e8de d'excellentes propri\u00e9t\u00e9s \u00e0 des temp\u00e9ratures allant jusqu'\u00e0 1150\u00b0C. Il est con\u00e7u pour le soudage \u00e0 l'arc sous protection gazeuse.","breadcrumb":{"@id":"https:\/\/welding-alloys.zerobox.co.za\/fr\/produit\/tube-s-309ht-g\/#breadcrumb"},"inLanguage":"fr-FR","potentialAction":[{"@type":"ReadAction","target":["https:\/\/welding-alloys.zerobox.co.za\/fr\/produit\/tube-s-309ht-g\/"]}]},{"@type":"ImageObject","inLanguage":"fr-FR","@id":"https:\/\/welding-alloys.zerobox.co.za\/fr\/produit\/tube-s-309ht-g\/#primaryimage","url":"https:\/\/welding-alloys.zerobox.co.za\/wp-content\/uploads\/2021\/11\/blackspool.jpg","contentUrl":"https:\/\/welding-alloys.zerobox.co.za\/wp-content\/uploads\/2021\/11\/blackspool.jpg","width":1000,"height":1000,"caption":"blackspool"},{"@type":"BreadcrumbList","@id":"https:\/\/welding-alloys.zerobox.co.za\/fr\/produit\/tube-s-309ht-g\/#breadcrumb","itemListElement":[{"@type":"ListItem","position":1,"name":"Home","item":"https:\/\/welding-alloys.zerobox.co.za\/fr\/accueil\/"},{"@type":"ListItem","position":2,"name":"Produits et Services","item":"https:\/\/welding-alloys.zerobox.co.za\/fr\/produits-et-services\/"},{"@type":"ListItem","position":3,"name":"TUBE S 309HT-G"}]},{"@type":"WebSite","@id":"https:\/\/welding-alloys.zerobox.co.za\/fr\/#website","url":"https:\/\/welding-alloys.zerobox.co.za\/fr\/","name":"Welding Alloys","description":"Welding Alloys","publisher":{"@id":"https:\/\/welding-alloys.zerobox.co.za\/fr\/#organization"},"potentialAction":[{"@type":"SearchAction","target":{"@type":"EntryPoint","urlTemplate":"https:\/\/welding-alloys.zerobox.co.za\/fr\/?s={search_term_string}"},"query-input":{"@type":"PropertyValueSpecification","valueRequired":true,"valueName":"search_term_string"}}],"inLanguage":"fr-FR"},{"@type":"Organization","@id":"https:\/\/welding-alloys.zerobox.co.za\/fr\/#organization","name":"Welding Alloys","url":"https:\/\/welding-alloys.zerobox.co.za\/fr\/","logo":{"@type":"ImageObject","inLanguage":"fr-FR","@id":"https:\/\/welding-alloys.zerobox.co.za\/fr\/#\/schema\/logo\/image\/","url":"https:\/\/welding-alloys.zerobox.co.za\/wp-content\/uploads\/2022\/02\/logo.png","contentUrl":"https:\/\/welding-alloys.zerobox.co.za\/wp-content\/uploads\/2022\/02\/logo.png","width":542,"height":279,"caption":"Welding Alloys"},"image":{"@id":"https:\/\/welding-alloys.zerobox.co.za\/fr\/#\/schema\/logo\/image\/"},"sameAs":["https:\/\/www.facebook.com\/weldingalloysgroup","https:\/\/www.youtube.com\/user\/WeldingAlloystv","https:\/\/www.instagram.com\/weldingalloys\/","https:\/\/linkedin.com\/company\/welding-alloys"]}]},"product_price_amount":"0.00","product_price_currency":"USD","og_availability":"instock","product_availability":"instock","product_retailer_item_id":"S309HT-G","product_condition":"new"},"_links":{"self":[{"href":"https:\/\/welding-alloys.zerobox.co.za\/fr\/wp-json\/wp\/v2\/product\/29151","targetHints":{"allow":["GET"]}}],"collection":[{"href":"https:\/\/welding-alloys.zerobox.co.za\/fr\/wp-json\/wp\/v2\/product"}],"about":[{"href":"https:\/\/welding-alloys.zerobox.co.za\/fr\/wp-json\/wp\/v2\/types\/product"}],"replies":[{"embeddable":true,"href":"https:\/\/welding-alloys.zerobox.co.za\/fr\/wp-json\/wp\/v2\/comments?post=29151"}],"wp:featuredmedia":[{"embeddable":true,"href":"https:\/\/welding-alloys.zerobox.co.za\/fr\/wp-json\/wp\/v2\/media\/442"}],"wp:attachment":[{"href":"https:\/\/welding-alloys.zerobox.co.za\/fr\/wp-json\/wp\/v2\/media?parent=29151"}],"wp:term":[{"taxonomy":"product_brand","embeddable":true,"href":"https:\/\/welding-alloys.zerobox.co.za\/fr\/wp-json\/wp\/v2\/product_brand?post=29151"},{"taxonomy":"product_cat","embeddable":true,"href":"https:\/\/welding-alloys.zerobox.co.za\/fr\/wp-json\/wp\/v2\/product_cat?post=29151"},{"taxonomy":"product_tag","embeddable":true,"href":"https:\/\/welding-alloys.zerobox.co.za\/fr\/wp-json\/wp\/v2\/product_tag?post=29151"},{"taxonomy":"application","embeddable":true,"href":"https:\/\/welding-alloys.zerobox.co.za\/fr\/wp-json\/wp\/v2\/application?post=29151"},{"taxonomy":"alloy_type","embeddable":true,"href":"https:\/\/welding-alloys.zerobox.co.za\/fr\/wp-json\/wp\/v2\/alloy_type?post=29151"},{"taxonomy":"family_name","embeddable":true,"href":"https:\/\/welding-alloys.zerobox.co.za\/fr\/wp-json\/wp\/v2\/family_name?post=29151"},{"taxonomy":"welding_process","embeddable":true,"href":"https:\/\/welding-alloys.zerobox.co.za\/fr\/wp-json\/wp\/v2\/welding_process?post=29151"},{"taxonomy":"welding_position","embeddable":true,"href":"https:\/\/welding-alloys.zerobox.co.za\/fr\/wp-json\/wp\/v2\/welding_position?post=29151"},{"taxonomy":"control_system","embeddable":true,"href":"https:\/\/welding-alloys.zerobox.co.za\/fr\/wp-json\/wp\/v2\/control_system?post=29151"},{"taxonomy":"datasheet","embeddable":true,"href":"https:\/\/welding-alloys.zerobox.co.za\/fr\/wp-json\/wp\/v2\/datasheet?post=29151"},{"taxonomy":"industry","embeddable":true,"href":"https:\/\/welding-alloys.zerobox.co.za\/fr\/wp-json\/wp\/v2\/industry?post=29151"},{"taxonomy":"base_metal_to_weld","embeddable":true,"href":"https:\/\/welding-alloys.zerobox.co.za\/fr\/wp-json\/wp\/v2\/base_metal_to_weld?post=29151"},{"taxonomy":"wear_type","embeddable":true,"href":"https:\/\/welding-alloys.zerobox.co.za\/fr\/wp-json\/wp\/v2\/wear_type?post=29151"},{"taxonomy":"hardness","embeddable":true,"href":"https:\/\/welding-alloys.zerobox.co.za\/fr\/wp-json\/wp\/v2\/hardness?post=29151"},{"taxonomy":"aws_classification","embeddable":true,"href":"https:\/\/welding-alloys.zerobox.co.za\/fr\/wp-json\/wp\/v2\/aws_classification?post=29151"},{"taxonomy":"en_iso_classification","embeddable":true,"href":"https:\/\/welding-alloys.zerobox.co.za\/fr\/wp-json\/wp\/v2\/en_iso_classification?post=29151"},{"taxonomy":"machine_expert","embeddable":true,"href":"https:\/\/welding-alloys.zerobox.co.za\/fr\/wp-json\/wp\/v2\/machine_expert?post=29151"},{"taxonomy":"industry_application","embeddable":true,"href":"https:\/\/welding-alloys.zerobox.co.za\/fr\/wp-json\/wp\/v2\/industry_application?post=29151"},{"taxonomy":"industry_expert","embeddable":true,"href":"https:\/\/welding-alloys.zerobox.co.za\/fr\/wp-json\/wp\/v2\/industry_expert?post=29151"},{"taxonomy":"hardness_range","embeddable":true,"href":"https:\/\/welding-alloys.zerobox.co.za\/fr\/wp-json\/wp\/v2\/hardness_range?post=29151"}],"curies":[{"name":"wp","href":"https:\/\/api.w.org\/{rel}","templated":true}]}}