{"id":29094,"date":"2024-06-03T17:50:27","date_gmt":"2024-06-03T15:50:27","guid":{"rendered":"https:\/\/welding-alloys.zerobox.co.za\/product\/tri-s-309lmo-o\/"},"modified":"2026-02-18T13:40:42","modified_gmt":"2026-02-18T12:40:42","slug":"tri-s-309lmo-o","status":"publish","type":"product","link":"https:\/\/welding-alloys.zerobox.co.za\/fr\/produit\/tri-s-309lmo-o\/","title":{"rendered":"TRI S 309LMo-O"},"content":{"rendered":"<ul>\n<li>4 % de chrome, 13 % de nickel, 3 % de molybd\u00e8ne, d\u00e9p\u00f4t \u00e0 faible teneur en carbone<\/li>\n<li>Les cordons de soudure produits sont recouverts d&#8217;une couche de laitier auto-d\u00e9tachable qui laisse une surface propre<\/li>\n<li>Des d\u00e9p\u00f4ts sains sont obtenus m\u00eame en pr\u00e9sence de courants d&#8217;air transversaux<\/li>\n<li>Premier choix pour les applications de rev\u00eatement et de reconstruction<\/li>\n<li>Convient pour l&#8217;assemblage<\/li>\n<li>Offre une productivit\u00e9 maximale pour les travaux ext\u00e9rieurs<\/li>\n<\/ul>\n","protected":false},"excerpt":{"rendered":"<p>Fil fourr\u00e9 sp\u00e9cial en acier inoxydable auto-prot\u00e9g\u00e9 pour le soudage \u00e0 l&#8217;arc  ouvert<\/p>\n","protected":false},"featured_media":442,"comment_status":"closed","ping_status":"closed","template":"","meta":{"_acf_changed":false,"_relevanssi_hide_post":"","_relevanssi_hide_content":"","_relevanssi_pin_for_all":"","_relevanssi_pin_keywords":"","_relevanssi_unpin_keywords":"","_relevanssi_related_keywords":"","_relevanssi_related_include_ids":"","_relevanssi_related_exclude_ids":"","_relevanssi_related_no_append":"","_relevanssi_related_not_related":"","_relevanssi_related_posts":"","_relevanssi_noindex_reason":"","inline_featured_image":false,"_links_to":"","_links_to_target":""},"product_brand":[],"product_cat":[3289],"product_tag":[3319],"application":[3418,10470],"alloy_type":[10917],"family_name":[3506],"welding_process":[10945],"welding_position":[11472],"control_system":[],"datasheet":[4465],"industry":[],"base_metal_to_weld":[6470,6471,6472,6473,6474,6467,6475,6468,6476,6469,6477],"wear_type":[10897],"hardness":[],"aws_classification":[8439],"en_iso_classification":[9551],"machine_expert":[],"industry_application":[],"industry_expert":[],"hardness_range":[],"class_list":{"0":"post-29094","1":"product","2":"type-product","3":"status-publish","4":"has-post-thumbnail","6":"product_cat-consommables-de-soudage","7":"product_tag-wire-fr","8":"application-consommables-de-soudage-de-placage","9":"application-consommables-de-soudage-dassemblage-et-reparation","10":"alloy_type-aciers-inoxydables","11":"family_name-tri-2","12":"welding_process-soudage-a-larc-avec-fil-fourre-autoprotecteur-fcaw-s","13":"welding_position-flat-fr","14":"datasheet-tri-s-309lmo-o-2","15":"base_metal_to_weld-1-4521","16":"base_metal_to_weld-1-4526","17":"base_metal_to_weld-aisi-434","18":"base_metal_to_weld-aisi-436","19":"base_metal_to_weld-aisi-444","20":"base_metal_to_weld-1-4575","21":"base_metal_to_weld-uns-s43400","22":"base_metal_to_weld-1-4113","23":"base_metal_to_weld-uns-s43600","24":"base_metal_to_weld-1-4513","25":"base_metal_to_weld-uns-s44400","26":"wear_type-corrosion-fr","27":"aws_classification-asme-iic-sfa-5-22-aws-a-5-22-e309lmot0-3-2","28":"en_iso_classification-en-iso-17633-a-t-23-12-2-l-u-no-3-2","30":"first","31":"instock","32":"sold-individually","33":"purchasable","34":"product-type-simple"},"acf":[],"yoast_head":"<!-- This site is optimized with the Yoast SEO Premium plugin v27.4 (Yoast SEO v27.4) - https:\/\/yoast.com\/product\/yoast-seo-premium-wordpress\/ -->\n<title>Fil fourr\u00e9 de placage TRI S 309LMo-O|Welding Alloys<\/title>\n<meta name=\"description\" content=\"Notre fil fourr\u00e9 TRI S 309LMo-O convient pour le soudage d&#039;aciers inoxydables de composition similaire ou d&#039;aciers inoxydables ferritiques.\" \/>\n<meta name=\"robots\" content=\"noindex, follow, max-snippet:-1, max-image-preview:large, max-video-preview:-1\" \/>\n<meta property=\"og:locale\" content=\"fr_FR\" \/>\n<meta property=\"og:type\" content=\"article\" \/>\n<meta property=\"og:title\" content=\"TRI S 309LMo-O\" \/>\n<meta property=\"og:description\" content=\"Notre fil fourr\u00e9 TRI S 309LMo-O convient pour le soudage d&#039;aciers inoxydables de composition similaire ou d&#039;aciers inoxydables ferritiques.\" \/>\n<meta property=\"og:url\" content=\"https:\/\/welding-alloys.zerobox.co.za\/fr\/produit\/tri-s-309lmo-o\/\" \/>\n<meta property=\"og:site_name\" content=\"Welding Alloys\" \/>\n<meta property=\"article:publisher\" content=\"https:\/\/www.facebook.com\/weldingalloysgroup\" \/>\n<meta property=\"article:modified_time\" content=\"2026-02-18T12:40:42+00:00\" \/>\n<meta property=\"og:image\" content=\"https:\/\/welding-alloys.zerobox.co.za\/wp-content\/uploads\/2021\/11\/blackspool.jpg\" \/>\n\t<meta property=\"og:image:width\" content=\"1000\" \/>\n\t<meta property=\"og:image:height\" content=\"1000\" \/>\n\t<meta property=\"og:image:type\" content=\"image\/jpeg\" \/>\n<meta name=\"twitter:card\" content=\"summary_large_image\" \/>\n<meta name=\"twitter:label1\" content=\"Prix\" \/>\n\t<meta name=\"twitter:data1\" content=\"&#036;0.00\" \/>\n\t<meta name=\"twitter:label2\" content=\"Disponibilit\u00e9\" \/>\n\t<meta name=\"twitter:data2\" content=\"En stock\" \/>\n<script type=\"application\/ld+json\" class=\"yoast-schema-graph\">{\"@context\":\"https:\\\/\\\/schema.org\",\"@graph\":[{\"@type\":\"WebPage\",\"@id\":\"https:\\\/\\\/welding-alloys.zerobox.co.za\\\/fr\\\/produit\\\/tri-s-309lmo-o\\\/\",\"url\":\"https:\\\/\\\/welding-alloys.zerobox.co.za\\\/fr\\\/produit\\\/tri-s-309lmo-o\\\/\",\"name\":\"Fil fourr\u00e9 de placage TRI S 309LMo-O|Welding Alloys\",\"isPartOf\":{\"@id\":\"https:\\\/\\\/welding-alloys.zerobox.co.za\\\/fr\\\/#website\"},\"primaryImageOfPage\":{\"@id\":\"https:\\\/\\\/welding-alloys.zerobox.co.za\\\/fr\\\/produit\\\/tri-s-309lmo-o\\\/#primaryimage\"},\"image\":{\"@id\":\"https:\\\/\\\/welding-alloys.zerobox.co.za\\\/fr\\\/produit\\\/tri-s-309lmo-o\\\/#primaryimage\"},\"thumbnailUrl\":\"https:\\\/\\\/welding-alloys.zerobox.co.za\\\/wp-content\\\/uploads\\\/2021\\\/11\\\/blackspool.jpg\",\"datePublished\":\"2024-06-03T15:50:27+00:00\",\"dateModified\":\"2026-02-18T12:40:42+00:00\",\"description\":\"Notre fil fourr\u00e9 TRI S 309LMo-O convient pour le soudage d'aciers inoxydables de composition similaire ou d'aciers inoxydables ferritiques.\",\"breadcrumb\":{\"@id\":\"https:\\\/\\\/welding-alloys.zerobox.co.za\\\/fr\\\/produit\\\/tri-s-309lmo-o\\\/#breadcrumb\"},\"inLanguage\":\"fr-FR\",\"potentialAction\":[{\"@type\":\"ReadAction\",\"target\":[\"https:\\\/\\\/welding-alloys.zerobox.co.za\\\/fr\\\/produit\\\/tri-s-309lmo-o\\\/\"]}]},{\"@type\":\"ImageObject\",\"inLanguage\":\"fr-FR\",\"@id\":\"https:\\\/\\\/welding-alloys.zerobox.co.za\\\/fr\\\/produit\\\/tri-s-309lmo-o\\\/#primaryimage\",\"url\":\"https:\\\/\\\/welding-alloys.zerobox.co.za\\\/wp-content\\\/uploads\\\/2021\\\/11\\\/blackspool.jpg\",\"contentUrl\":\"https:\\\/\\\/welding-alloys.zerobox.co.za\\\/wp-content\\\/uploads\\\/2021\\\/11\\\/blackspool.jpg\",\"width\":1000,\"height\":1000,\"caption\":\"blackspool\"},{\"@type\":\"BreadcrumbList\",\"@id\":\"https:\\\/\\\/welding-alloys.zerobox.co.za\\\/fr\\\/produit\\\/tri-s-309lmo-o\\\/#breadcrumb\",\"itemListElement\":[{\"@type\":\"ListItem\",\"position\":1,\"name\":\"Home\",\"item\":\"https:\\\/\\\/welding-alloys.zerobox.co.za\\\/fr\\\/accueil\\\/\"},{\"@type\":\"ListItem\",\"position\":2,\"name\":\"Produits et Services\",\"item\":\"https:\\\/\\\/welding-alloys.zerobox.co.za\\\/fr\\\/produits-et-services\\\/\"},{\"@type\":\"ListItem\",\"position\":3,\"name\":\"TRI S 309LMo-O\"}]},{\"@type\":\"WebSite\",\"@id\":\"https:\\\/\\\/welding-alloys.zerobox.co.za\\\/fr\\\/#website\",\"url\":\"https:\\\/\\\/welding-alloys.zerobox.co.za\\\/fr\\\/\",\"name\":\"Welding Alloys\",\"description\":\"Welding Alloys\",\"publisher\":{\"@id\":\"https:\\\/\\\/welding-alloys.zerobox.co.za\\\/fr\\\/#organization\"},\"potentialAction\":[{\"@type\":\"SearchAction\",\"target\":{\"@type\":\"EntryPoint\",\"urlTemplate\":\"https:\\\/\\\/welding-alloys.zerobox.co.za\\\/fr\\\/?s={search_term_string}\"},\"query-input\":{\"@type\":\"PropertyValueSpecification\",\"valueRequired\":true,\"valueName\":\"search_term_string\"}}],\"inLanguage\":\"fr-FR\"},{\"@type\":\"Organization\",\"@id\":\"https:\\\/\\\/welding-alloys.zerobox.co.za\\\/fr\\\/#organization\",\"name\":\"Welding Alloys\",\"url\":\"https:\\\/\\\/welding-alloys.zerobox.co.za\\\/fr\\\/\",\"logo\":{\"@type\":\"ImageObject\",\"inLanguage\":\"fr-FR\",\"@id\":\"https:\\\/\\\/welding-alloys.zerobox.co.za\\\/fr\\\/#\\\/schema\\\/logo\\\/image\\\/\",\"url\":\"https:\\\/\\\/welding-alloys.zerobox.co.za\\\/wp-content\\\/uploads\\\/2022\\\/02\\\/logo.png\",\"contentUrl\":\"https:\\\/\\\/welding-alloys.zerobox.co.za\\\/wp-content\\\/uploads\\\/2022\\\/02\\\/logo.png\",\"width\":542,\"height\":279,\"caption\":\"Welding Alloys\"},\"image\":{\"@id\":\"https:\\\/\\\/welding-alloys.zerobox.co.za\\\/fr\\\/#\\\/schema\\\/logo\\\/image\\\/\"},\"sameAs\":[\"https:\\\/\\\/www.facebook.com\\\/weldingalloysgroup\",\"https:\\\/\\\/www.youtube.com\\\/user\\\/WeldingAlloystv\",\"https:\\\/\\\/www.instagram.com\\\/weldingalloys\\\/\",\"https:\\\/\\\/linkedin.com\\\/company\\\/welding-alloys\"]}]}<\/script>\n<meta property=\"product:price:amount\" content=\"0.00\" \/>\n<meta property=\"product:price:currency\" content=\"USD\" \/>\n<meta property=\"og:availability\" content=\"instock\" \/>\n<meta property=\"product:availability\" content=\"instock\" \/>\n<meta property=\"product:retailer_item_id\" content=\"S309LMo-O\" \/>\n<meta property=\"product:condition\" content=\"new\" \/>\n<!-- \/ Yoast SEO Premium plugin. -->","yoast_head_json":{"title":"Fil fourr\u00e9 de placage TRI S 309LMo-O|Welding Alloys","description":"Notre fil fourr\u00e9 TRI S 309LMo-O convient pour le soudage d'aciers inoxydables de composition similaire ou d'aciers inoxydables ferritiques.","robots":{"index":"noindex","follow":"follow","max-snippet":"max-snippet:-1","max-image-preview":"max-image-preview:large","max-video-preview":"max-video-preview:-1"},"og_locale":"fr_FR","og_type":"article","og_title":"TRI S 309LMo-O","og_description":"Notre fil fourr\u00e9 TRI S 309LMo-O convient pour le soudage d'aciers inoxydables de composition similaire ou d'aciers inoxydables ferritiques.","og_url":"https:\/\/welding-alloys.zerobox.co.za\/fr\/produit\/tri-s-309lmo-o\/","og_site_name":"Welding Alloys","article_publisher":"https:\/\/www.facebook.com\/weldingalloysgroup","article_modified_time":"2026-02-18T12:40:42+00:00","og_image":[{"width":1000,"height":1000,"url":"https:\/\/welding-alloys.zerobox.co.za\/wp-content\/uploads\/2021\/11\/blackspool.jpg","type":"image\/jpeg"}],"twitter_card":"summary_large_image","twitter_misc":{"Prix":"&#36;0.00","Disponibilit\u00e9":"En stock"},"schema":{"@context":"https:\/\/schema.org","@graph":[{"@type":"WebPage","@id":"https:\/\/welding-alloys.zerobox.co.za\/fr\/produit\/tri-s-309lmo-o\/","url":"https:\/\/welding-alloys.zerobox.co.za\/fr\/produit\/tri-s-309lmo-o\/","name":"Fil fourr\u00e9 de placage TRI S 309LMo-O|Welding Alloys","isPartOf":{"@id":"https:\/\/welding-alloys.zerobox.co.za\/fr\/#website"},"primaryImageOfPage":{"@id":"https:\/\/welding-alloys.zerobox.co.za\/fr\/produit\/tri-s-309lmo-o\/#primaryimage"},"image":{"@id":"https:\/\/welding-alloys.zerobox.co.za\/fr\/produit\/tri-s-309lmo-o\/#primaryimage"},"thumbnailUrl":"https:\/\/welding-alloys.zerobox.co.za\/wp-content\/uploads\/2021\/11\/blackspool.jpg","datePublished":"2024-06-03T15:50:27+00:00","dateModified":"2026-02-18T12:40:42+00:00","description":"Notre fil fourr\u00e9 TRI S 309LMo-O convient pour le soudage d'aciers inoxydables de composition similaire ou d'aciers inoxydables ferritiques.","breadcrumb":{"@id":"https:\/\/welding-alloys.zerobox.co.za\/fr\/produit\/tri-s-309lmo-o\/#breadcrumb"},"inLanguage":"fr-FR","potentialAction":[{"@type":"ReadAction","target":["https:\/\/welding-alloys.zerobox.co.za\/fr\/produit\/tri-s-309lmo-o\/"]}]},{"@type":"ImageObject","inLanguage":"fr-FR","@id":"https:\/\/welding-alloys.zerobox.co.za\/fr\/produit\/tri-s-309lmo-o\/#primaryimage","url":"https:\/\/welding-alloys.zerobox.co.za\/wp-content\/uploads\/2021\/11\/blackspool.jpg","contentUrl":"https:\/\/welding-alloys.zerobox.co.za\/wp-content\/uploads\/2021\/11\/blackspool.jpg","width":1000,"height":1000,"caption":"blackspool"},{"@type":"BreadcrumbList","@id":"https:\/\/welding-alloys.zerobox.co.za\/fr\/produit\/tri-s-309lmo-o\/#breadcrumb","itemListElement":[{"@type":"ListItem","position":1,"name":"Home","item":"https:\/\/welding-alloys.zerobox.co.za\/fr\/accueil\/"},{"@type":"ListItem","position":2,"name":"Produits et Services","item":"https:\/\/welding-alloys.zerobox.co.za\/fr\/produits-et-services\/"},{"@type":"ListItem","position":3,"name":"TRI S 309LMo-O"}]},{"@type":"WebSite","@id":"https:\/\/welding-alloys.zerobox.co.za\/fr\/#website","url":"https:\/\/welding-alloys.zerobox.co.za\/fr\/","name":"Welding Alloys","description":"Welding Alloys","publisher":{"@id":"https:\/\/welding-alloys.zerobox.co.za\/fr\/#organization"},"potentialAction":[{"@type":"SearchAction","target":{"@type":"EntryPoint","urlTemplate":"https:\/\/welding-alloys.zerobox.co.za\/fr\/?s={search_term_string}"},"query-input":{"@type":"PropertyValueSpecification","valueRequired":true,"valueName":"search_term_string"}}],"inLanguage":"fr-FR"},{"@type":"Organization","@id":"https:\/\/welding-alloys.zerobox.co.za\/fr\/#organization","name":"Welding Alloys","url":"https:\/\/welding-alloys.zerobox.co.za\/fr\/","logo":{"@type":"ImageObject","inLanguage":"fr-FR","@id":"https:\/\/welding-alloys.zerobox.co.za\/fr\/#\/schema\/logo\/image\/","url":"https:\/\/welding-alloys.zerobox.co.za\/wp-content\/uploads\/2022\/02\/logo.png","contentUrl":"https:\/\/welding-alloys.zerobox.co.za\/wp-content\/uploads\/2022\/02\/logo.png","width":542,"height":279,"caption":"Welding Alloys"},"image":{"@id":"https:\/\/welding-alloys.zerobox.co.za\/fr\/#\/schema\/logo\/image\/"},"sameAs":["https:\/\/www.facebook.com\/weldingalloysgroup","https:\/\/www.youtube.com\/user\/WeldingAlloystv","https:\/\/www.instagram.com\/weldingalloys\/","https:\/\/linkedin.com\/company\/welding-alloys"]}]},"product_price_amount":"0.00","product_price_currency":"USD","og_availability":"instock","product_availability":"instock","product_retailer_item_id":"S309LMo-O","product_condition":"new"},"_links":{"self":[{"href":"https:\/\/welding-alloys.zerobox.co.za\/fr\/wp-json\/wp\/v2\/product\/29094","targetHints":{"allow":["GET"]}}],"collection":[{"href":"https:\/\/welding-alloys.zerobox.co.za\/fr\/wp-json\/wp\/v2\/product"}],"about":[{"href":"https:\/\/welding-alloys.zerobox.co.za\/fr\/wp-json\/wp\/v2\/types\/product"}],"replies":[{"embeddable":true,"href":"https:\/\/welding-alloys.zerobox.co.za\/fr\/wp-json\/wp\/v2\/comments?post=29094"}],"wp:featuredmedia":[{"embeddable":true,"href":"https:\/\/welding-alloys.zerobox.co.za\/fr\/wp-json\/wp\/v2\/media\/442"}],"wp:attachment":[{"href":"https:\/\/welding-alloys.zerobox.co.za\/fr\/wp-json\/wp\/v2\/media?parent=29094"}],"wp:term":[{"taxonomy":"product_brand","embeddable":true,"href":"https:\/\/welding-alloys.zerobox.co.za\/fr\/wp-json\/wp\/v2\/product_brand?post=29094"},{"taxonomy":"product_cat","embeddable":true,"href":"https:\/\/welding-alloys.zerobox.co.za\/fr\/wp-json\/wp\/v2\/product_cat?post=29094"},{"taxonomy":"product_tag","embeddable":true,"href":"https:\/\/welding-alloys.zerobox.co.za\/fr\/wp-json\/wp\/v2\/product_tag?post=29094"},{"taxonomy":"application","embeddable":true,"href":"https:\/\/welding-alloys.zerobox.co.za\/fr\/wp-json\/wp\/v2\/application?post=29094"},{"taxonomy":"alloy_type","embeddable":true,"href":"https:\/\/welding-alloys.zerobox.co.za\/fr\/wp-json\/wp\/v2\/alloy_type?post=29094"},{"taxonomy":"family_name","embeddable":true,"href":"https:\/\/welding-alloys.zerobox.co.za\/fr\/wp-json\/wp\/v2\/family_name?post=29094"},{"taxonomy":"welding_process","embeddable":true,"href":"https:\/\/welding-alloys.zerobox.co.za\/fr\/wp-json\/wp\/v2\/welding_process?post=29094"},{"taxonomy":"welding_position","embeddable":true,"href":"https:\/\/welding-alloys.zerobox.co.za\/fr\/wp-json\/wp\/v2\/welding_position?post=29094"},{"taxonomy":"control_system","embeddable":true,"href":"https:\/\/welding-alloys.zerobox.co.za\/fr\/wp-json\/wp\/v2\/control_system?post=29094"},{"taxonomy":"datasheet","embeddable":true,"href":"https:\/\/welding-alloys.zerobox.co.za\/fr\/wp-json\/wp\/v2\/datasheet?post=29094"},{"taxonomy":"industry","embeddable":true,"href":"https:\/\/welding-alloys.zerobox.co.za\/fr\/wp-json\/wp\/v2\/industry?post=29094"},{"taxonomy":"base_metal_to_weld","embeddable":true,"href":"https:\/\/welding-alloys.zerobox.co.za\/fr\/wp-json\/wp\/v2\/base_metal_to_weld?post=29094"},{"taxonomy":"wear_type","embeddable":true,"href":"https:\/\/welding-alloys.zerobox.co.za\/fr\/wp-json\/wp\/v2\/wear_type?post=29094"},{"taxonomy":"hardness","embeddable":true,"href":"https:\/\/welding-alloys.zerobox.co.za\/fr\/wp-json\/wp\/v2\/hardness?post=29094"},{"taxonomy":"aws_classification","embeddable":true,"href":"https:\/\/welding-alloys.zerobox.co.za\/fr\/wp-json\/wp\/v2\/aws_classification?post=29094"},{"taxonomy":"en_iso_classification","embeddable":true,"href":"https:\/\/welding-alloys.zerobox.co.za\/fr\/wp-json\/wp\/v2\/en_iso_classification?post=29094"},{"taxonomy":"machine_expert","embeddable":true,"href":"https:\/\/welding-alloys.zerobox.co.za\/fr\/wp-json\/wp\/v2\/machine_expert?post=29094"},{"taxonomy":"industry_application","embeddable":true,"href":"https:\/\/welding-alloys.zerobox.co.za\/fr\/wp-json\/wp\/v2\/industry_application?post=29094"},{"taxonomy":"industry_expert","embeddable":true,"href":"https:\/\/welding-alloys.zerobox.co.za\/fr\/wp-json\/wp\/v2\/industry_expert?post=29094"},{"taxonomy":"hardness_range","embeddable":true,"href":"https:\/\/welding-alloys.zerobox.co.za\/fr\/wp-json\/wp\/v2\/hardness_range?post=29094"}],"curies":[{"name":"wp","href":"https:\/\/api.w.org\/{rel}","templated":true}]}}