{"id":27831,"date":"2024-06-03T16:49:14","date_gmt":"2024-06-03T14:49:14","guid":{"rendered":"https:\/\/welding-alloys.zerobox.co.za\/product\/chromecore-414dn-s\/"},"modified":"2026-02-18T13:36:08","modified_gmt":"2026-02-18T12:36:08","slug":"chromecore-414dn-s","status":"publish","type":"product","link":"https:\/\/welding-alloys.zerobox.co.za\/fr\/produit\/chromecore-414dn-s\/","title":{"rendered":"CHROMECORE 414DN-S"},"content":{"rendered":"<ul>\n<li>D\u00e9pose un alliage inoxydable martensitique \u00e0 13 % de chrome stabilis\u00e9 au Ni et dop\u00e9 au Co, V, W et Mo<\/li>\n<li>Rechargement de duret\u00e9 \u00e9lev\u00e9e caract\u00e9ris\u00e9 par une r\u00e9sistance extr\u00eame \u00e0 la corrosion, \u00e0 l\u2019\u00e9rosion, \u00e0 l\u2019usure par frottement, \u00e0 la fatigue thermique, aux chocs thermiques et \u00e0 la corrosion sous tension<\/li>\n<\/ul>\n","protected":false},"excerpt":{"rendered":"<p>Fil fourr\u00e9 pour le placage des rouleaux de laminage \u00e0 l&#8217;arc submerg\u00e9<\/p>\n","protected":false},"featured_media":21524,"comment_status":"closed","ping_status":"closed","template":"","meta":{"_acf_changed":false,"_relevanssi_hide_post":"","_relevanssi_hide_content":"","_relevanssi_pin_for_all":"","_relevanssi_pin_keywords":"","_relevanssi_unpin_keywords":"","_relevanssi_related_keywords":"","_relevanssi_related_include_ids":"","_relevanssi_related_exclude_ids":"","_relevanssi_related_no_append":"","_relevanssi_related_not_related":"","_relevanssi_related_posts":"","_relevanssi_noindex_reason":"","inline_featured_image":false,"_links_to":"","_links_to_target":""},"product_brand":[],"product_cat":[3289],"product_tag":[3319],"application":[3421,3418],"alloy_type":[10913],"family_name":[3508],"welding_process":[10947],"welding_position":[11472],"control_system":[],"datasheet":[4272],"industry":[],"base_metal_to_weld":[],"wear_type":[10896,10897,10898],"hardness":[11572],"aws_classification":[],"en_iso_classification":[9356],"machine_expert":[],"industry_application":[],"industry_expert":[],"hardness_range":[12121],"class_list":{"0":"post-27831","1":"product","2":"type-product","3":"status-publish","4":"has-post-thumbnail","6":"product_cat-consommables-de-soudage","7":"product_tag-wire-fr","8":"application-consommables-de-soudage-de-rechargement","9":"application-consommables-de-soudage-de-placage","10":"alloy_type-aciers-inoxydables-ferritiques-et-martensitiques","11":"family_name-chromecore-2","12":"welding_process-soudage-a-larc-submerge-saw","13":"welding_position-flat-fr","14":"datasheet-chromecore-414dn-s-2","15":"wear_type-metal-metal-fr","16":"wear_type-corrosion-fr","17":"wear_type-haute-temperature","18":"hardness-40-45-hrc-brut-de-soudage-3-couches","19":"en_iso_classification-en-14700-t-zfe7-2","20":"hardness_range-40-45-hrc-fr","22":"first","23":"instock","24":"sold-individually","25":"purchasable","26":"product-type-simple"},"acf":[],"yoast_head":"<!-- This site is optimized with the Yoast SEO Premium plugin v27.4 (Yoast SEO v27.4) - https:\/\/yoast.com\/product\/yoast-seo-premium-wordpress\/ -->\n<title>Fil fourr\u00e9 de rechargement CHROMECORE 414DN-S|Welding Alloys<\/title>\n<meta name=\"description\" content=\"Notre fil fourr\u00e9 CHROMECORE 414DN-S est con\u00e7u pour le rechargement \u00e0 l&#039;arc submerg\u00e9 des rouleaux d&#039;acierie pour une meilleure r\u00e9sistance \u00e0 la corrosion.\" \/>\n<meta name=\"robots\" content=\"noindex, follow, max-snippet:-1, max-image-preview:large, max-video-preview:-1\" \/>\n<meta property=\"og:locale\" content=\"fr_FR\" \/>\n<meta property=\"og:type\" content=\"article\" \/>\n<meta property=\"og:title\" content=\"CHROMECORE 414DN-S\" \/>\n<meta property=\"og:description\" content=\"Notre fil fourr\u00e9 CHROMECORE 414DN-S est con\u00e7u pour le rechargement \u00e0 l&#039;arc submerg\u00e9 des rouleaux d&#039;acierie pour une meilleure r\u00e9sistance \u00e0 la corrosion.\" \/>\n<meta property=\"og:url\" content=\"https:\/\/welding-alloys.zerobox.co.za\/fr\/produit\/chromecore-414dn-s\/\" \/>\n<meta property=\"og:site_name\" content=\"Welding Alloys\" \/>\n<meta property=\"article:publisher\" content=\"https:\/\/www.facebook.com\/weldingalloysgroup\" \/>\n<meta property=\"article:modified_time\" content=\"2026-02-18T12:36:08+00:00\" \/>\n<meta property=\"og:image\" content=\"https:\/\/welding-alloys.zerobox.co.za\/wp-content\/uploads\/2022\/02\/coil.jpg\" \/>\n\t<meta property=\"og:image:width\" content=\"1000\" \/>\n\t<meta property=\"og:image:height\" content=\"1000\" \/>\n\t<meta property=\"og:image:type\" content=\"image\/jpeg\" \/>\n<meta name=\"twitter:card\" content=\"summary_large_image\" \/>\n<meta name=\"twitter:label1\" content=\"Prix\" \/>\n\t<meta name=\"twitter:data1\" content=\"&#036;0.00\" \/>\n\t<meta name=\"twitter:label2\" content=\"Disponibilit\u00e9\" \/>\n\t<meta name=\"twitter:data2\" content=\"En stock\" \/>\n<script type=\"application\/ld+json\" class=\"yoast-schema-graph\">{\"@context\":\"https:\\\/\\\/schema.org\",\"@graph\":[{\"@type\":\"WebPage\",\"@id\":\"https:\\\/\\\/welding-alloys.zerobox.co.za\\\/fr\\\/produit\\\/chromecore-414dn-s\\\/\",\"url\":\"https:\\\/\\\/welding-alloys.zerobox.co.za\\\/fr\\\/produit\\\/chromecore-414dn-s\\\/\",\"name\":\"Fil fourr\u00e9 de rechargement CHROMECORE 414DN-S|Welding Alloys\",\"isPartOf\":{\"@id\":\"https:\\\/\\\/welding-alloys.zerobox.co.za\\\/fr\\\/#website\"},\"primaryImageOfPage\":{\"@id\":\"https:\\\/\\\/welding-alloys.zerobox.co.za\\\/fr\\\/produit\\\/chromecore-414dn-s\\\/#primaryimage\"},\"image\":{\"@id\":\"https:\\\/\\\/welding-alloys.zerobox.co.za\\\/fr\\\/produit\\\/chromecore-414dn-s\\\/#primaryimage\"},\"thumbnailUrl\":\"https:\\\/\\\/welding-alloys.zerobox.co.za\\\/wp-content\\\/uploads\\\/2022\\\/02\\\/coil.jpg\",\"datePublished\":\"2024-06-03T14:49:14+00:00\",\"dateModified\":\"2026-02-18T12:36:08+00:00\",\"description\":\"Notre fil fourr\u00e9 CHROMECORE 414DN-S est con\u00e7u pour le rechargement \u00e0 l'arc submerg\u00e9 des rouleaux d'acierie pour une meilleure r\u00e9sistance \u00e0 la corrosion.\",\"breadcrumb\":{\"@id\":\"https:\\\/\\\/welding-alloys.zerobox.co.za\\\/fr\\\/produit\\\/chromecore-414dn-s\\\/#breadcrumb\"},\"inLanguage\":\"fr-FR\",\"potentialAction\":[{\"@type\":\"ReadAction\",\"target\":[\"https:\\\/\\\/welding-alloys.zerobox.co.za\\\/fr\\\/produit\\\/chromecore-414dn-s\\\/\"]}]},{\"@type\":\"ImageObject\",\"inLanguage\":\"fr-FR\",\"@id\":\"https:\\\/\\\/welding-alloys.zerobox.co.za\\\/fr\\\/produit\\\/chromecore-414dn-s\\\/#primaryimage\",\"url\":\"https:\\\/\\\/welding-alloys.zerobox.co.za\\\/wp-content\\\/uploads\\\/2022\\\/02\\\/coil.jpg\",\"contentUrl\":\"https:\\\/\\\/welding-alloys.zerobox.co.za\\\/wp-content\\\/uploads\\\/2022\\\/02\\\/coil.jpg\",\"width\":1000,\"height\":1000,\"caption\":\"coil\"},{\"@type\":\"BreadcrumbList\",\"@id\":\"https:\\\/\\\/welding-alloys.zerobox.co.za\\\/fr\\\/produit\\\/chromecore-414dn-s\\\/#breadcrumb\",\"itemListElement\":[{\"@type\":\"ListItem\",\"position\":1,\"name\":\"Home\",\"item\":\"https:\\\/\\\/welding-alloys.zerobox.co.za\\\/fr\\\/accueil\\\/\"},{\"@type\":\"ListItem\",\"position\":2,\"name\":\"Produits et Services\",\"item\":\"https:\\\/\\\/welding-alloys.zerobox.co.za\\\/fr\\\/produits-et-services\\\/\"},{\"@type\":\"ListItem\",\"position\":3,\"name\":\"CHROMECORE 414DN-S\"}]},{\"@type\":\"WebSite\",\"@id\":\"https:\\\/\\\/welding-alloys.zerobox.co.za\\\/fr\\\/#website\",\"url\":\"https:\\\/\\\/welding-alloys.zerobox.co.za\\\/fr\\\/\",\"name\":\"Welding Alloys\",\"description\":\"Welding Alloys\",\"publisher\":{\"@id\":\"https:\\\/\\\/welding-alloys.zerobox.co.za\\\/fr\\\/#organization\"},\"potentialAction\":[{\"@type\":\"SearchAction\",\"target\":{\"@type\":\"EntryPoint\",\"urlTemplate\":\"https:\\\/\\\/welding-alloys.zerobox.co.za\\\/fr\\\/?s={search_term_string}\"},\"query-input\":{\"@type\":\"PropertyValueSpecification\",\"valueRequired\":true,\"valueName\":\"search_term_string\"}}],\"inLanguage\":\"fr-FR\"},{\"@type\":\"Organization\",\"@id\":\"https:\\\/\\\/welding-alloys.zerobox.co.za\\\/fr\\\/#organization\",\"name\":\"Welding Alloys\",\"url\":\"https:\\\/\\\/welding-alloys.zerobox.co.za\\\/fr\\\/\",\"logo\":{\"@type\":\"ImageObject\",\"inLanguage\":\"fr-FR\",\"@id\":\"https:\\\/\\\/welding-alloys.zerobox.co.za\\\/fr\\\/#\\\/schema\\\/logo\\\/image\\\/\",\"url\":\"https:\\\/\\\/welding-alloys.zerobox.co.za\\\/wp-content\\\/uploads\\\/2022\\\/02\\\/logo.png\",\"contentUrl\":\"https:\\\/\\\/welding-alloys.zerobox.co.za\\\/wp-content\\\/uploads\\\/2022\\\/02\\\/logo.png\",\"width\":542,\"height\":279,\"caption\":\"Welding Alloys\"},\"image\":{\"@id\":\"https:\\\/\\\/welding-alloys.zerobox.co.za\\\/fr\\\/#\\\/schema\\\/logo\\\/image\\\/\"},\"sameAs\":[\"https:\\\/\\\/www.facebook.com\\\/weldingalloysgroup\",\"https:\\\/\\\/www.youtube.com\\\/user\\\/WeldingAlloystv\",\"https:\\\/\\\/www.instagram.com\\\/weldingalloys\\\/\",\"https:\\\/\\\/linkedin.com\\\/company\\\/welding-alloys\"]}]}<\/script>\n<meta property=\"product:price:amount\" content=\"0.00\" \/>\n<meta property=\"product:price:currency\" content=\"USD\" \/>\n<meta property=\"og:availability\" content=\"instock\" \/>\n<meta property=\"product:availability\" content=\"instock\" \/>\n<meta property=\"product:retailer_item_id\" content=\"414DN-S\" \/>\n<meta property=\"product:condition\" content=\"new\" \/>\n<!-- \/ Yoast SEO Premium plugin. -->","yoast_head_json":{"title":"Fil fourr\u00e9 de rechargement CHROMECORE 414DN-S|Welding Alloys","description":"Notre fil fourr\u00e9 CHROMECORE 414DN-S est con\u00e7u pour le rechargement \u00e0 l'arc submerg\u00e9 des rouleaux d'acierie pour une meilleure r\u00e9sistance \u00e0 la corrosion.","robots":{"index":"noindex","follow":"follow","max-snippet":"max-snippet:-1","max-image-preview":"max-image-preview:large","max-video-preview":"max-video-preview:-1"},"og_locale":"fr_FR","og_type":"article","og_title":"CHROMECORE 414DN-S","og_description":"Notre fil fourr\u00e9 CHROMECORE 414DN-S est con\u00e7u pour le rechargement \u00e0 l'arc submerg\u00e9 des rouleaux d'acierie pour une meilleure r\u00e9sistance \u00e0 la corrosion.","og_url":"https:\/\/welding-alloys.zerobox.co.za\/fr\/produit\/chromecore-414dn-s\/","og_site_name":"Welding Alloys","article_publisher":"https:\/\/www.facebook.com\/weldingalloysgroup","article_modified_time":"2026-02-18T12:36:08+00:00","og_image":[{"width":1000,"height":1000,"url":"https:\/\/welding-alloys.zerobox.co.za\/wp-content\/uploads\/2022\/02\/coil.jpg","type":"image\/jpeg"}],"twitter_card":"summary_large_image","twitter_misc":{"Prix":"&#36;0.00","Disponibilit\u00e9":"En stock"},"schema":{"@context":"https:\/\/schema.org","@graph":[{"@type":"WebPage","@id":"https:\/\/welding-alloys.zerobox.co.za\/fr\/produit\/chromecore-414dn-s\/","url":"https:\/\/welding-alloys.zerobox.co.za\/fr\/produit\/chromecore-414dn-s\/","name":"Fil fourr\u00e9 de rechargement CHROMECORE 414DN-S|Welding Alloys","isPartOf":{"@id":"https:\/\/welding-alloys.zerobox.co.za\/fr\/#website"},"primaryImageOfPage":{"@id":"https:\/\/welding-alloys.zerobox.co.za\/fr\/produit\/chromecore-414dn-s\/#primaryimage"},"image":{"@id":"https:\/\/welding-alloys.zerobox.co.za\/fr\/produit\/chromecore-414dn-s\/#primaryimage"},"thumbnailUrl":"https:\/\/welding-alloys.zerobox.co.za\/wp-content\/uploads\/2022\/02\/coil.jpg","datePublished":"2024-06-03T14:49:14+00:00","dateModified":"2026-02-18T12:36:08+00:00","description":"Notre fil fourr\u00e9 CHROMECORE 414DN-S est con\u00e7u pour le rechargement \u00e0 l'arc submerg\u00e9 des rouleaux d'acierie pour une meilleure r\u00e9sistance \u00e0 la corrosion.","breadcrumb":{"@id":"https:\/\/welding-alloys.zerobox.co.za\/fr\/produit\/chromecore-414dn-s\/#breadcrumb"},"inLanguage":"fr-FR","potentialAction":[{"@type":"ReadAction","target":["https:\/\/welding-alloys.zerobox.co.za\/fr\/produit\/chromecore-414dn-s\/"]}]},{"@type":"ImageObject","inLanguage":"fr-FR","@id":"https:\/\/welding-alloys.zerobox.co.za\/fr\/produit\/chromecore-414dn-s\/#primaryimage","url":"https:\/\/welding-alloys.zerobox.co.za\/wp-content\/uploads\/2022\/02\/coil.jpg","contentUrl":"https:\/\/welding-alloys.zerobox.co.za\/wp-content\/uploads\/2022\/02\/coil.jpg","width":1000,"height":1000,"caption":"coil"},{"@type":"BreadcrumbList","@id":"https:\/\/welding-alloys.zerobox.co.za\/fr\/produit\/chromecore-414dn-s\/#breadcrumb","itemListElement":[{"@type":"ListItem","position":1,"name":"Home","item":"https:\/\/welding-alloys.zerobox.co.za\/fr\/accueil\/"},{"@type":"ListItem","position":2,"name":"Produits et Services","item":"https:\/\/welding-alloys.zerobox.co.za\/fr\/produits-et-services\/"},{"@type":"ListItem","position":3,"name":"CHROMECORE 414DN-S"}]},{"@type":"WebSite","@id":"https:\/\/welding-alloys.zerobox.co.za\/fr\/#website","url":"https:\/\/welding-alloys.zerobox.co.za\/fr\/","name":"Welding Alloys","description":"Welding Alloys","publisher":{"@id":"https:\/\/welding-alloys.zerobox.co.za\/fr\/#organization"},"potentialAction":[{"@type":"SearchAction","target":{"@type":"EntryPoint","urlTemplate":"https:\/\/welding-alloys.zerobox.co.za\/fr\/?s={search_term_string}"},"query-input":{"@type":"PropertyValueSpecification","valueRequired":true,"valueName":"search_term_string"}}],"inLanguage":"fr-FR"},{"@type":"Organization","@id":"https:\/\/welding-alloys.zerobox.co.za\/fr\/#organization","name":"Welding Alloys","url":"https:\/\/welding-alloys.zerobox.co.za\/fr\/","logo":{"@type":"ImageObject","inLanguage":"fr-FR","@id":"https:\/\/welding-alloys.zerobox.co.za\/fr\/#\/schema\/logo\/image\/","url":"https:\/\/welding-alloys.zerobox.co.za\/wp-content\/uploads\/2022\/02\/logo.png","contentUrl":"https:\/\/welding-alloys.zerobox.co.za\/wp-content\/uploads\/2022\/02\/logo.png","width":542,"height":279,"caption":"Welding Alloys"},"image":{"@id":"https:\/\/welding-alloys.zerobox.co.za\/fr\/#\/schema\/logo\/image\/"},"sameAs":["https:\/\/www.facebook.com\/weldingalloysgroup","https:\/\/www.youtube.com\/user\/WeldingAlloystv","https:\/\/www.instagram.com\/weldingalloys\/","https:\/\/linkedin.com\/company\/welding-alloys"]}]},"product_price_amount":"0.00","product_price_currency":"USD","og_availability":"instock","product_availability":"instock","product_retailer_item_id":"414DN-S","product_condition":"new"},"_links":{"self":[{"href":"https:\/\/welding-alloys.zerobox.co.za\/fr\/wp-json\/wp\/v2\/product\/27831","targetHints":{"allow":["GET"]}}],"collection":[{"href":"https:\/\/welding-alloys.zerobox.co.za\/fr\/wp-json\/wp\/v2\/product"}],"about":[{"href":"https:\/\/welding-alloys.zerobox.co.za\/fr\/wp-json\/wp\/v2\/types\/product"}],"replies":[{"embeddable":true,"href":"https:\/\/welding-alloys.zerobox.co.za\/fr\/wp-json\/wp\/v2\/comments?post=27831"}],"wp:featuredmedia":[{"embeddable":true,"href":"https:\/\/welding-alloys.zerobox.co.za\/fr\/wp-json\/wp\/v2\/media\/21524"}],"wp:attachment":[{"href":"https:\/\/welding-alloys.zerobox.co.za\/fr\/wp-json\/wp\/v2\/media?parent=27831"}],"wp:term":[{"taxonomy":"product_brand","embeddable":true,"href":"https:\/\/welding-alloys.zerobox.co.za\/fr\/wp-json\/wp\/v2\/product_brand?post=27831"},{"taxonomy":"product_cat","embeddable":true,"href":"https:\/\/welding-alloys.zerobox.co.za\/fr\/wp-json\/wp\/v2\/product_cat?post=27831"},{"taxonomy":"product_tag","embeddable":true,"href":"https:\/\/welding-alloys.zerobox.co.za\/fr\/wp-json\/wp\/v2\/product_tag?post=27831"},{"taxonomy":"application","embeddable":true,"href":"https:\/\/welding-alloys.zerobox.co.za\/fr\/wp-json\/wp\/v2\/application?post=27831"},{"taxonomy":"alloy_type","embeddable":true,"href":"https:\/\/welding-alloys.zerobox.co.za\/fr\/wp-json\/wp\/v2\/alloy_type?post=27831"},{"taxonomy":"family_name","embeddable":true,"href":"https:\/\/welding-alloys.zerobox.co.za\/fr\/wp-json\/wp\/v2\/family_name?post=27831"},{"taxonomy":"welding_process","embeddable":true,"href":"https:\/\/welding-alloys.zerobox.co.za\/fr\/wp-json\/wp\/v2\/welding_process?post=27831"},{"taxonomy":"welding_position","embeddable":true,"href":"https:\/\/welding-alloys.zerobox.co.za\/fr\/wp-json\/wp\/v2\/welding_position?post=27831"},{"taxonomy":"control_system","embeddable":true,"href":"https:\/\/welding-alloys.zerobox.co.za\/fr\/wp-json\/wp\/v2\/control_system?post=27831"},{"taxonomy":"datasheet","embeddable":true,"href":"https:\/\/welding-alloys.zerobox.co.za\/fr\/wp-json\/wp\/v2\/datasheet?post=27831"},{"taxonomy":"industry","embeddable":true,"href":"https:\/\/welding-alloys.zerobox.co.za\/fr\/wp-json\/wp\/v2\/industry?post=27831"},{"taxonomy":"base_metal_to_weld","embeddable":true,"href":"https:\/\/welding-alloys.zerobox.co.za\/fr\/wp-json\/wp\/v2\/base_metal_to_weld?post=27831"},{"taxonomy":"wear_type","embeddable":true,"href":"https:\/\/welding-alloys.zerobox.co.za\/fr\/wp-json\/wp\/v2\/wear_type?post=27831"},{"taxonomy":"hardness","embeddable":true,"href":"https:\/\/welding-alloys.zerobox.co.za\/fr\/wp-json\/wp\/v2\/hardness?post=27831"},{"taxonomy":"aws_classification","embeddable":true,"href":"https:\/\/welding-alloys.zerobox.co.za\/fr\/wp-json\/wp\/v2\/aws_classification?post=27831"},{"taxonomy":"en_iso_classification","embeddable":true,"href":"https:\/\/welding-alloys.zerobox.co.za\/fr\/wp-json\/wp\/v2\/en_iso_classification?post=27831"},{"taxonomy":"machine_expert","embeddable":true,"href":"https:\/\/welding-alloys.zerobox.co.za\/fr\/wp-json\/wp\/v2\/machine_expert?post=27831"},{"taxonomy":"industry_application","embeddable":true,"href":"https:\/\/welding-alloys.zerobox.co.za\/fr\/wp-json\/wp\/v2\/industry_application?post=27831"},{"taxonomy":"industry_expert","embeddable":true,"href":"https:\/\/welding-alloys.zerobox.co.za\/fr\/wp-json\/wp\/v2\/industry_expert?post=27831"},{"taxonomy":"hardness_range","embeddable":true,"href":"https:\/\/welding-alloys.zerobox.co.za\/fr\/wp-json\/wp\/v2\/hardness_range?post=27831"}],"curies":[{"name":"wp","href":"https:\/\/api.w.org\/{rel}","templated":true}]}}