{"id":51561,"date":"2024-09-17T14:28:52","date_gmt":"2024-09-17T12:28:52","guid":{"rendered":"https:\/\/welding-alloys.zerobox.co.za\/?page_id=51561"},"modified":"2024-11-06T13:35:33","modified_gmt":"2024-11-06T12:35:33","slug":"podcasts","status":"publish","type":"page","link":"https:\/\/welding-alloys.zerobox.co.za\/fr\/ressources\/podcasts\/","title":{"rendered":"Podcasts"},"content":{"rendered":"<div id='full_slider_1'  class='avia-fullwidth-slider main_color avia-shadow   avia-builder-el-0  el_before_av_section  avia-builder-el-first   container_wrap sidebar_left'  >\n<style type=\"text\/css\" data-created_by=\"avia_inline_auto\" id=\"style-css-av-3j8s203-d6f34a31d97607f2b2ff18ff9b137036\">\n#top #wrap_all .avia-slideshow .av-slideshow-caption.av-3j8s203-d6f34a31d97607f2b2ff18ff9b137036__0 .avia-caption-title{\nfont-size:38px;\ncolor:#ffffff;\n}\n<\/style>\n<div  class='avia-slideshow av-3j8s203-d6f34a31d97607f2b2ff18ff9b137036 avia-slideshow-no scaling av_slideshow_full avia-slide-slider av-slideshow-ui av-control-default av-slideshow-manual av-loop-once av-loop-manual-endless av-default-height-applied   avia-slideshow-1' data-slideshow-options=\"{&quot;animation&quot;:&quot;slide&quot;,&quot;autoplay&quot;:false,&quot;loop_autoplay&quot;:&quot;once&quot;,&quot;interval&quot;:5,&quot;loop_manual&quot;:&quot;manual-endless&quot;,&quot;autoplay_stopper&quot;:false,&quot;noNavigation&quot;:false,&quot;bg_slider&quot;:false,&quot;keep_padding&quot;:false,&quot;hoverpause&quot;:false,&quot;show_slide_delay&quot;:0}\"  itemprop=\"image\" itemscope=\"itemscope\" itemtype=\"https:\/\/schema.org\/ImageObject\" ><ul class='avia-slideshow-inner ' style='padding-bottom: 24.479166666667%;'><li  class='avia-slideshow-slide av-3j8s203-d6f34a31d97607f2b2ff18ff9b137036__0  av-single-slide slide-1 slide-odd'><div data-rel='slideshow-1' class='avia-slide-wrap '   ><div class='av-slideshow-caption av-3j8s203-d6f34a31d97607f2b2ff18ff9b137036__0 caption_fullwidth caption_left caption_left_framed caption_framed'><div class=\"container caption_container\"><div class=\"slideshow_caption\"><div class=\"slideshow_inner_caption\"><div class=\"slideshow_align_caption\"><h1 class='avia-caption-title '  itemprop=\"name\" >Podcasts<\/h1><\/div><\/div><\/div><\/div><\/div><img decoding=\"async\" fetchpriority=\"high\" class=\"wp-image-51522 avia-img-lazy-loading-not-51522\"  src=\"https:\/\/welding-alloys.zerobox.co.za\/wp-content\/uploads\/2024\/09\/microphone-set-up-home-podcast-studio.jpg\" width=\"1920\" height=\"470\" title='microphone-set-up-home-podcast-studio' alt='microphone-set-up-home-podcast-studio'  itemprop=\"thumbnailUrl\"  style='min-height:250px; min-width:1022px; ' srcset=\"https:\/\/welding-alloys.zerobox.co.za\/wp-content\/uploads\/2024\/09\/microphone-set-up-home-podcast-studio.jpg 1920w, https:\/\/welding-alloys.zerobox.co.za\/wp-content\/uploads\/2024\/09\/microphone-set-up-home-podcast-studio-300x73.jpg 300w, https:\/\/welding-alloys.zerobox.co.za\/wp-content\/uploads\/2024\/09\/microphone-set-up-home-podcast-studio-1030x252.jpg 1030w, https:\/\/welding-alloys.zerobox.co.za\/wp-content\/uploads\/2024\/09\/microphone-set-up-home-podcast-studio-768x188.jpg 768w, https:\/\/welding-alloys.zerobox.co.za\/wp-content\/uploads\/2024\/09\/microphone-set-up-home-podcast-studio-1536x376.jpg 1536w, https:\/\/welding-alloys.zerobox.co.za\/wp-content\/uploads\/2024\/09\/microphone-set-up-home-podcast-studio-1500x367.jpg 1500w, https:\/\/welding-alloys.zerobox.co.za\/wp-content\/uploads\/2024\/09\/microphone-set-up-home-podcast-studio-705x173.jpg 705w, https:\/\/welding-alloys.zerobox.co.za\/wp-content\/uploads\/2024\/09\/microphone-set-up-home-podcast-studio-450x110.jpg 450w, https:\/\/welding-alloys.zerobox.co.za\/wp-content\/uploads\/2024\/09\/microphone-set-up-home-podcast-studio-600x147.jpg 600w\" sizes=\"(max-width: 1920px) 100vw, 1920px\" \/><\/div><\/li><\/ul><\/div><\/div>\n<div id='av_section_1'  class='avia-section av-2qomlfn-14342f174464a9be48a3626f1de69b2c alternate_color avia-section-small avia-no-border-styling  avia-builder-el-1  el_after_av_slideshow_full  el_before_av_section  breadcrumb-container avia-bg-style-scroll container_wrap sidebar_left'  ><div class='container av-section-cont-open' ><div class='template-page content  av-content-small units'><div class='post-entry post-entry-type-page post-entry-51561'><div class='entry-content-wrapper clearfix'>\n\n\n<\/div><\/div><\/div><!-- close content main div --><\/div><\/div><div id='av_section_2'  class='avia-section av-1p9rsqr-273d7699c5dab74d7da5ca32691b00b7 main_color avia-section-default avia-no-border-styling  avia-builder-el-3  el_after_av_section  avia-builder-el-last  avia-bg-style-scroll container_wrap sidebar_left'  ><div class='container av-section-cont-open' ><div class='template-page content  av-content-small units'><div class='post-entry post-entry-type-page post-entry-51561'><div class='entry-content-wrapper clearfix'>\n\n<style type=\"text\/css\" data-created_by=\"avia_inline_auto\" id=\"style-css-av-1cgw5cz-5644e240ac903ee502ba2ba6c63e9dd4\">\n.flex_column.av-1cgw5cz-5644e240ac903ee502ba2ba6c63e9dd4{\nwidth:57.6%;\n}\n<\/style>\n<div  class='flex_column av-1cgw5cz-5644e240ac903ee502ba2ba6c63e9dd4 av_three_fifth  avia-builder-el-4  el_before_av_two_fifth  avia-builder-el-first  first flex_column_div  '     ><p>\n<style type=\"text\/css\" data-created_by=\"avia_inline_auto\" id=\"style-css-av-m00pyrli-a01bb70cba13f73b9b341a1f4fcf1cbb\">\n#top .av-special-heading.av-m00pyrli-a01bb70cba13f73b9b341a1f4fcf1cbb{\npadding-bottom:10px;\n}\nbody .av-special-heading.av-m00pyrli-a01bb70cba13f73b9b341a1f4fcf1cbb .av-special-heading-tag .heading-char{\nfont-size:25px;\n}\n.av-special-heading.av-m00pyrli-a01bb70cba13f73b9b341a1f4fcf1cbb .av-subheading{\nfont-size:15px;\n}\n<\/style>\n<div  class='av-special-heading av-m00pyrli-a01bb70cba13f73b9b341a1f4fcf1cbb av-special-heading-h2 blockquote modern-quote  avia-builder-el-5  el_before_av_textblock  avia-builder-el-first '><h2 class='av-special-heading-tag '  itemprop=\"headline\"  >Podcasts<\/h2><div class=\"special-heading-border\"><div class=\"special-heading-inner-border\"><\/div><\/div><\/div><br \/>\n<section  class='av_textblock_section av-m00pz4kn-bc93d12e9b73de5cacd2641ee53b970a '   itemscope=\"itemscope\" itemtype=\"https:\/\/schema.org\/CreativeWork\" ><div class='avia_textblock'  itemprop=\"text\" ><p>Plongez-vous dans notre s\u00e9rie limit\u00e9e de podcasts o\u00f9 chaque \u00e9pisode met en lumi\u00e8re une industrie sp\u00e9cifique et ses d\u00e9fis uniques en mati\u00e8re d\u2019usure. D\u00e9couvrez comment les experts de Welding Alloys analysent ces probl\u00e8mes et proposent des solutions innovantes et efficaces pour les surmonter. Que vous soyez dans l\u2019industrie du recyclage, de la sid\u00e9rurgie ou toute autre industrie confront\u00e9e \u00e0 l\u2019usure, nos podcasts vous offriront des insights pr\u00e9cieux et des strat\u00e9gies concr\u00e8tes pour lutter contre l\u2019usure de vos \u00e9quipements et optimiser vos op\u00e9rations.<\/p>\n<p>Bonne \u00e9coute!<\/p>\n<\/div><\/section><\/p><\/div>\n<style type=\"text\/css\" data-created_by=\"avia_inline_auto\" id=\"style-css-av-214u0yr-6e11626bd42d942d1476702bdeca3fe9\">\n.flex_column.av-214u0yr-6e11626bd42d942d1476702bdeca3fe9{\nwidth:36.4%;\nmargin-left:6%;\n}\n<\/style>\n<div  class='flex_column av-214u0yr-6e11626bd42d942d1476702bdeca3fe9 av_two_fifth  avia-builder-el-7  el_after_av_three_fifth  el_before_av_one_full  bg-grey flex_column_div  '     ><p>\n<style type=\"text\/css\" data-created_by=\"avia_inline_auto\" id=\"style-css-av-m0qchvru-0c6a21a971ec9e1085feba22bfa6b37a\">\n#top .av-special-heading.av-m0qchvru-0c6a21a971ec9e1085feba22bfa6b37a{\npadding-bottom:10px;\n}\nbody .av-special-heading.av-m0qchvru-0c6a21a971ec9e1085feba22bfa6b37a .av-special-heading-tag .heading-char{\nfont-size:25px;\n}\n#top #wrap_all .av-special-heading.av-m0qchvru-0c6a21a971ec9e1085feba22bfa6b37a .av-special-heading-tag{\npadding:20px 0 0 15px;\n}\n.av-special-heading.av-m0qchvru-0c6a21a971ec9e1085feba22bfa6b37a .av-subheading{\nfont-size:15px;\n}\n<\/style>\n<div  class='av-special-heading av-m0qchvru-0c6a21a971ec9e1085feba22bfa6b37a av-special-heading-h3 blockquote modern-quote  avia-builder-el-8  el_before_av_textblock  avia-builder-el-first '><h3 class='av-special-heading-tag '  itemprop=\"headline\"  >\u00c9coutez notre dernier podcast!<\/h3><div class=\"special-heading-border\"><div class=\"special-heading-inner-border\"><\/div><\/div><\/div><br \/>\n<section  class='av_textblock_section av-1w52h8-321d22d1b42f10d6b2a0c8bd876b2925 '   itemscope=\"itemscope\" itemtype=\"https:\/\/schema.org\/CreativeWork\" ><div class='avia_textblock'  itemprop=\"text\" >        <div class=\"p-3 padding-top-10\">\n            <!--<div class=\"row mb-0\">\n                <div class=\"col-md-4\">\n                    <div class=\"img-zoom\">\n                        <a href=\"https:\/\/welding-alloys.zerobox.co.za\/fr\/podcast\/nos-fils-fourres-custom-made\/\">\n                            <div class=\"featured-bg-img podcast\" style=\"background-image:url('https:\/\/welding-alloys.zerobox.co.za\/wp-content\/uploads\/2024\/09\/Custom-Made-thumbnail.jpg')\"><\/div>\n                        <\/a>\n                    <\/div>\n                <\/div>\n                <div class=\"col-md-8\">\n                    <h4>Nos fils fourr\u00e9s Custom Made<\/h4>\n                    <p><p>Pour r\u00e9pondre aux besoins sp\u00e9cifiques des diff\u00e9rentes industries, Welding Alloys fabrique des fils fourr\u00e9s standards comme sur-mesure. Partez \u00e0 la d\u00e9couverte de ces fils.<\/p>\n<\/p>\n                    <!--<audio class=\"audio\" style=\"width:100%;\" src=\"https:\/\/welding-alloys.zerobox.co.za\/wp-content\/uploads\/2024\/09\/Custom-Made.mp3\" controls controlsList=\"nodownload\"><\/audio>\n                    <!--<div class=\"text-right mt-3 m-0\">\n\t\t\t\t\t\t<!-- Link to the podcast \n                        <!--<a href=\"https:\/\/welding-alloys.zerobox.co.za\/fr\/podcast\/nos-fils-fourres-custom-made\/\" class=\"btn\" style=\"margin-left: 10px;\">En savoir plus<\/a>\n                        <!-- Download Button \n\t\t\t\t\t\t<!-- <a href=\"https:\/\/welding-alloys.zerobox.co.za\/wp-content\/uploads\/2024\/09\/Custom-Made.mp3\" download=\"Nos fils fourr\u00e9s Custom Made\" class=\"download-link pe-0\"><\/a>\n                   <!--<\/div>\n                <\/div>\n            <\/div>-->\n\t\t\t<div class=\"pt-4x justify-content-between align-items-end\">\n\t\t\t<iframe style=\"border-radius:12px\" src=\"https:\/\/open.spotify.com\/embed\/episode\/3wfijQEdzhGebCHVKR2YEV\" width=\"100%\" height=\"152\" frameBorder=\"0\" allowfullscreen=\"\" allow=\"autoplay; clipboard-write; encrypted-media; fullscreen; picture-in-picture\" loading=\"lazy\"><\/iframe>\n                <div style=\"margin-top:-10px;\"><p>Pour r\u00e9pondre aux besoins sp\u00e9cifiques des diff\u00e9rentes industries, Welding Alloys fabrique des fils fourr\u00e9s standards comme sur-mesure. Partez \u00e0 la d\u00e9couverte de ces fils.<\/p>\n<\/div>\n                <!-- Link to the podcast -->\n                <p class=\"m-0 text-right\"><a href=\"https:\/\/welding-alloys.zerobox.co.za\/fr\/podcast\/nos-fils-fourres-custom-made\/\" class=\"btn\">En savoir plus<\/a><\/p>\n            <\/div>\n        <\/div>\n        \n<\/div><\/section><\/p><\/div>\n<style type=\"text\/css\" data-created_by=\"avia_inline_auto\" id=\"style-css-av-tc81xf-675aa88d640a456c61b1c8e6b6e852ea\">\n#top .flex_column.av-tc81xf-675aa88d640a456c61b1c8e6b6e852ea{\nmargin-top:30px;\nmargin-bottom:0px;\n}\n.responsive #top #wrap_all .flex_column.av-tc81xf-675aa88d640a456c61b1c8e6b6e852ea{\nmargin-top:30px;\nmargin-bottom:0px;\n}\n<\/style>\n<div  class='flex_column av-tc81xf-675aa88d640a456c61b1c8e6b6e852ea av_one_full  avia-builder-el-10  el_after_av_two_fifth  avia-builder-el-last  first flex_column_div  '     ><p>\n<style type=\"text\/css\" data-created_by=\"avia_inline_auto\" id=\"style-css-av-m0qiya6n-b4256dc48a0754032a69743472392721\">\n#top .av-special-heading.av-m0qiya6n-b4256dc48a0754032a69743472392721{\npadding-bottom:10px;\n}\nbody .av-special-heading.av-m0qiya6n-b4256dc48a0754032a69743472392721 .av-special-heading-tag .heading-char{\nfont-size:25px;\n}\n.av-special-heading.av-m0qiya6n-b4256dc48a0754032a69743472392721 .av-subheading{\nfont-size:15px;\n}\n<\/style>\n<div  class='av-special-heading av-m0qiya6n-b4256dc48a0754032a69743472392721 av-special-heading-h3 blockquote modern-quote  avia-builder-el-11  el_before_av_textblock  avia-builder-el-first '><h3 class='av-special-heading-tag '  itemprop=\"headline\"  >Tous les \u00e9pisodes<\/h3><div class=\"special-heading-border\"><div class=\"special-heading-inner-border\"><\/div><\/div><\/div><br \/>\n<section  class='av_textblock_section av-m011fqxy-98c8221bb6af97ea3b547d275cac1571 '   itemscope=\"itemscope\" itemtype=\"https:\/\/schema.org\/CreativeWork\" ><div class='avia_textblock'  itemprop=\"text\" >    <div class=\"row mb-0 podcast-list\">\n                <div class=\"col-12\">\n                <div class=\"bordered p-3 mb-4\">\n                    <div class=\"d-md-flex\">\n                        <div class=\"flex-shrink-0\">\n                        \t<div class=\"img-zoom\" style=\"width: 140px;\">\n                                <a href=\"https:\/\/welding-alloys.zerobox.co.za\/fr\/podcast\/lusure-dans-lindustrie-siderurgique\/\" aria-label=\"L\u2019usure dans l\u2019industrie sid\u00e9rurgique\">\n\t\t\t\t\t\t\t\t<div class=\"featured-bg-img podcast\" style=\"background-image: url(https:\/\/welding-alloys.zerobox.co.za\/wp-content\/uploads\/2024\/09\/Industrie-siderurgique-thumbnail.png);\"><\/div>\n\t\t\t\t\t\t\t\t<span class=\"hidden\">L\u2019usure dans l\u2019industrie sid\u00e9rurgique<\/span>\n\t\t\t\t\t\t\t<\/a>\n                            <\/div>\n                        <\/div>\n                        <div class=\"flex-grow-1 ms-md-4\">\n                        \t<div class=\"equal-height-row\">\n                                <h4>L\u2019usure dans l\u2019industrie sid\u00e9rurgique<\/h4>\n                                <p>D\u00e9couvrez l\u2019usure \u00e0 laquelle l\u2019industrie sid\u00e9rurgique fait face, notamment au niveau des rouleaux de coul\u00e9e continue et les solutions propos\u00e9es par Welding Alloys pour y rem\u00e9dier.<\/p>\n                            <\/div>\n                            <p class=\"text-rightx mt-3 m-0\"><a href=\"https:\/\/welding-alloys.zerobox.co.za\/fr\/podcast\/lusure-dans-lindustrie-siderurgique\/\" class=\"btn\">\u00c9couter le podcast<\/a><\/p>\n                        <\/div>\n                    <\/div>\n                <\/div>\n            <\/div>\n                        <div class=\"col-12\">\n                <div class=\"bordered p-3 mb-4\">\n                    <div class=\"d-md-flex\">\n                        <div class=\"flex-shrink-0\">\n                        \t<div class=\"img-zoom\" style=\"width: 140px;\">\n                                <a href=\"https:\/\/welding-alloys.zerobox.co.za\/fr\/podcast\/lusure-dans-lindustrie-du-recyclage\/\" aria-label=\"L\u2019usure dans l\u2019industrie du recyclage\">\n\t\t\t\t\t\t\t\t<div class=\"featured-bg-img podcast\" style=\"background-image: url(https:\/\/welding-alloys.zerobox.co.za\/wp-content\/uploads\/2024\/09\/Recycling-thumbnail.png);\"><\/div>\n\t\t\t\t\t\t\t\t<span class=\"hidden\">L\u2019usure dans l\u2019industrie du recyclage<\/span>\n\t\t\t\t\t\t\t<\/a>\n                            <\/div>\n                        <\/div>\n                        <div class=\"flex-grow-1 ms-md-4\">\n                        \t<div class=\"equal-height-row\">\n                                <h4>L\u2019usure dans l\u2019industrie du recyclage<\/h4>\n                                <p>D\u00e9couvrez l\u2019usure \u00e0 laquelle l\u2019industrie du recyclage fait face et les solutions que propose Welding Alloys pour y rem\u00e9dier.<\/p>\n                            <\/div>\n                            <p class=\"text-rightx mt-3 m-0\"><a href=\"https:\/\/welding-alloys.zerobox.co.za\/fr\/podcast\/lusure-dans-lindustrie-du-recyclage\/\" class=\"btn\">\u00c9couter le podcast<\/a><\/p>\n                        <\/div>\n                    <\/div>\n                <\/div>\n            <\/div>\n                        <div class=\"col-12\">\n                <div class=\"bordered p-3 mb-4\">\n                    <div class=\"d-md-flex\">\n                        <div class=\"flex-shrink-0\">\n                        \t<div class=\"img-zoom\" style=\"width: 140px;\">\n                                <a href=\"https:\/\/welding-alloys.zerobox.co.za\/fr\/podcast\/presentation-de-welding-alloys\/\" aria-label=\"Pr\u00e9sentation de Welding Alloys\">\n\t\t\t\t\t\t\t\t<div class=\"featured-bg-img podcast\" style=\"background-image: url(https:\/\/welding-alloys.zerobox.co.za\/wp-content\/uploads\/2024\/09\/Company-presentation-thumbnail.jpg);\"><\/div>\n\t\t\t\t\t\t\t\t<span class=\"hidden\">Pr\u00e9sentation de Welding Alloys<\/span>\n\t\t\t\t\t\t\t<\/a>\n                            <\/div>\n                        <\/div>\n                        <div class=\"flex-grow-1 ms-md-4\">\n                        \t<div class=\"equal-height-row\">\n                                <h4>Pr\u00e9sentation de Welding Alloys<\/h4>\n                                <p>D\u00e9couvrez l\u2019entreprise Welding Alloys, un fournisseur de solutions compl\u00e8tes pour lutter contre l\u2019usure des installations de production.<\/p>\n                            <\/div>\n                            <p class=\"text-rightx mt-3 m-0\"><a href=\"https:\/\/welding-alloys.zerobox.co.za\/fr\/podcast\/presentation-de-welding-alloys\/\" class=\"btn\">\u00c9couter le podcast<\/a><\/p>\n                        <\/div>\n                    <\/div>\n                <\/div>\n            <\/div>\n                <\/div>\n        <nav class=\"paginate\">\n            <\/nav>\n    \n<\/div><\/section><\/p><\/div><\/div><\/div><\/div><!-- close content main div --><\/div><\/div><div id='after_section_2'  class='main_color av_default_container_wrap container_wrap sidebar_left'  ><div class='container av-section-cont-open' ><div class='template-page content  av-content-small units'><div class='post-entry post-entry-type-page post-entry-51561'><div class='entry-content-wrapper clearfix'>\n","protected":false},"excerpt":{"rendered":"","protected":false},"author":1,"featured_media":0,"parent":24434,"menu_order":0,"comment_status":"closed","ping_status":"closed","template":"","meta":{"_acf_changed":false,"_relevanssi_hide_post":"on","_relevanssi_hide_content":"on","_relevanssi_pin_for_all":"","_relevanssi_pin_keywords":"","_relevanssi_unpin_keywords":"","_relevanssi_related_keywords":"","_relevanssi_related_include_ids":"","_relevanssi_related_exclude_ids":"","_relevanssi_related_no_append":"","_relevanssi_related_not_related":"","_relevanssi_related_posts":"","_relevanssi_noindex_reason":"WooCommerce Yoast SEO Relevanssi index exclude","inline_featured_image":false,"footnotes":"","_links_to":"","_links_to_target":""},"class_list":["post-51561","page","type-page","status-publish","hentry"],"acf":[],"yoast_head":"<!-- This site is optimized with the Yoast SEO Premium plugin v27.3 (Yoast SEO v27.3) - https:\/\/yoast.com\/product\/yoast-seo-premium-wordpress\/ -->\n<title>Podcasts | Welding Alloys<\/title>\n<meta name=\"robots\" content=\"noindex, nofollow\" \/>\n<meta property=\"og:locale\" content=\"fr_FR\" \/>\n<meta property=\"og:type\" content=\"article\" \/>\n<meta property=\"og:title\" content=\"Podcasts\" \/>\n<meta property=\"og:url\" content=\"https:\/\/welding-alloys.zerobox.co.za\/fr\/ressources\/podcasts\/\" \/>\n<meta property=\"og:site_name\" content=\"Welding Alloys\" \/>\n<meta property=\"article:publisher\" content=\"https:\/\/www.facebook.com\/weldingalloysgroup\" \/>\n<meta property=\"article:modified_time\" content=\"2024-11-06T12:35:33+00:00\" \/>\n<meta property=\"og:image\" content=\"https:\/\/welding-alloys.zerobox.co.za\/wp-content\/uploads\/2022\/02\/logo.png\" \/>\n\t<meta property=\"og:image:width\" content=\"542\" \/>\n\t<meta property=\"og:image:height\" content=\"279\" \/>\n\t<meta property=\"og:image:type\" content=\"image\/png\" \/>\n<meta name=\"twitter:card\" content=\"summary_large_image\" \/>\n<script type=\"application\/ld+json\" class=\"yoast-schema-graph\">{\"@context\":\"https:\\\/\\\/schema.org\",\"@graph\":[{\"@type\":\"WebPage\",\"@id\":\"https:\\\/\\\/welding-alloys.zerobox.co.za\\\/fr\\\/ressources\\\/podcasts\\\/\",\"url\":\"https:\\\/\\\/welding-alloys.zerobox.co.za\\\/fr\\\/ressources\\\/podcasts\\\/\",\"name\":\"Podcasts | Welding Alloys\",\"isPartOf\":{\"@id\":\"https:\\\/\\\/welding-alloys.zerobox.co.za\\\/fr\\\/#website\"},\"datePublished\":\"2024-09-17T12:28:52+00:00\",\"dateModified\":\"2024-11-06T12:35:33+00:00\",\"breadcrumb\":{\"@id\":\"https:\\\/\\\/welding-alloys.zerobox.co.za\\\/fr\\\/ressources\\\/podcasts\\\/#breadcrumb\"},\"inLanguage\":\"fr-FR\",\"potentialAction\":[{\"@type\":\"ReadAction\",\"target\":[\"https:\\\/\\\/welding-alloys.zerobox.co.za\\\/fr\\\/ressources\\\/podcasts\\\/\"]}]},{\"@type\":\"BreadcrumbList\",\"@id\":\"https:\\\/\\\/welding-alloys.zerobox.co.za\\\/fr\\\/ressources\\\/podcasts\\\/#breadcrumb\",\"itemListElement\":[{\"@type\":\"ListItem\",\"position\":1,\"name\":\"Home\",\"item\":\"https:\\\/\\\/welding-alloys.zerobox.co.za\\\/fr\\\/accueil\\\/\"},{\"@type\":\"ListItem\",\"position\":2,\"name\":\"Ressources\",\"item\":\"https:\\\/\\\/welding-alloys.zerobox.co.za\\\/fr\\\/ressources\\\/\"},{\"@type\":\"ListItem\",\"position\":3,\"name\":\"Podcasts\"}]},{\"@type\":\"WebSite\",\"@id\":\"https:\\\/\\\/welding-alloys.zerobox.co.za\\\/fr\\\/#website\",\"url\":\"https:\\\/\\\/welding-alloys.zerobox.co.za\\\/fr\\\/\",\"name\":\"Welding Alloys\",\"description\":\"Welding Alloys\",\"publisher\":{\"@id\":\"https:\\\/\\\/welding-alloys.zerobox.co.za\\\/fr\\\/#organization\"},\"potentialAction\":[{\"@type\":\"SearchAction\",\"target\":{\"@type\":\"EntryPoint\",\"urlTemplate\":\"https:\\\/\\\/welding-alloys.zerobox.co.za\\\/fr\\\/?s={search_term_string}\"},\"query-input\":{\"@type\":\"PropertyValueSpecification\",\"valueRequired\":true,\"valueName\":\"search_term_string\"}}],\"inLanguage\":\"fr-FR\"},{\"@type\":\"Organization\",\"@id\":\"https:\\\/\\\/welding-alloys.zerobox.co.za\\\/fr\\\/#organization\",\"name\":\"Welding Alloys\",\"url\":\"https:\\\/\\\/welding-alloys.zerobox.co.za\\\/fr\\\/\",\"logo\":{\"@type\":\"ImageObject\",\"inLanguage\":\"fr-FR\",\"@id\":\"https:\\\/\\\/welding-alloys.zerobox.co.za\\\/fr\\\/#\\\/schema\\\/logo\\\/image\\\/\",\"url\":\"https:\\\/\\\/welding-alloys.zerobox.co.za\\\/wp-content\\\/uploads\\\/2022\\\/02\\\/logo.png\",\"contentUrl\":\"https:\\\/\\\/welding-alloys.zerobox.co.za\\\/wp-content\\\/uploads\\\/2022\\\/02\\\/logo.png\",\"width\":542,\"height\":279,\"caption\":\"Welding Alloys\"},\"image\":{\"@id\":\"https:\\\/\\\/welding-alloys.zerobox.co.za\\\/fr\\\/#\\\/schema\\\/logo\\\/image\\\/\"},\"sameAs\":[\"https:\\\/\\\/www.facebook.com\\\/weldingalloysgroup\",\"https:\\\/\\\/www.youtube.com\\\/user\\\/WeldingAlloystv\",\"https:\\\/\\\/www.instagram.com\\\/weldingalloys\\\/\",\"https:\\\/\\\/linkedin.com\\\/company\\\/welding-alloys\"]}]}<\/script>\n<!-- \/ Yoast SEO Premium plugin. -->","yoast_head_json":{"title":"Podcasts | Welding Alloys","robots":{"index":"noindex","follow":"nofollow"},"og_locale":"fr_FR","og_type":"article","og_title":"Podcasts","og_url":"https:\/\/welding-alloys.zerobox.co.za\/fr\/ressources\/podcasts\/","og_site_name":"Welding Alloys","article_publisher":"https:\/\/www.facebook.com\/weldingalloysgroup","article_modified_time":"2024-11-06T12:35:33+00:00","og_image":[{"width":542,"height":279,"url":"https:\/\/welding-alloys.zerobox.co.za\/wp-content\/uploads\/2022\/02\/logo.png","type":"image\/png"}],"twitter_card":"summary_large_image","schema":{"@context":"https:\/\/schema.org","@graph":[{"@type":"WebPage","@id":"https:\/\/welding-alloys.zerobox.co.za\/fr\/ressources\/podcasts\/","url":"https:\/\/welding-alloys.zerobox.co.za\/fr\/ressources\/podcasts\/","name":"Podcasts | Welding Alloys","isPartOf":{"@id":"https:\/\/welding-alloys.zerobox.co.za\/fr\/#website"},"datePublished":"2024-09-17T12:28:52+00:00","dateModified":"2024-11-06T12:35:33+00:00","breadcrumb":{"@id":"https:\/\/welding-alloys.zerobox.co.za\/fr\/ressources\/podcasts\/#breadcrumb"},"inLanguage":"fr-FR","potentialAction":[{"@type":"ReadAction","target":["https:\/\/welding-alloys.zerobox.co.za\/fr\/ressources\/podcasts\/"]}]},{"@type":"BreadcrumbList","@id":"https:\/\/welding-alloys.zerobox.co.za\/fr\/ressources\/podcasts\/#breadcrumb","itemListElement":[{"@type":"ListItem","position":1,"name":"Home","item":"https:\/\/welding-alloys.zerobox.co.za\/fr\/accueil\/"},{"@type":"ListItem","position":2,"name":"Ressources","item":"https:\/\/welding-alloys.zerobox.co.za\/fr\/ressources\/"},{"@type":"ListItem","position":3,"name":"Podcasts"}]},{"@type":"WebSite","@id":"https:\/\/welding-alloys.zerobox.co.za\/fr\/#website","url":"https:\/\/welding-alloys.zerobox.co.za\/fr\/","name":"Welding Alloys","description":"Welding Alloys","publisher":{"@id":"https:\/\/welding-alloys.zerobox.co.za\/fr\/#organization"},"potentialAction":[{"@type":"SearchAction","target":{"@type":"EntryPoint","urlTemplate":"https:\/\/welding-alloys.zerobox.co.za\/fr\/?s={search_term_string}"},"query-input":{"@type":"PropertyValueSpecification","valueRequired":true,"valueName":"search_term_string"}}],"inLanguage":"fr-FR"},{"@type":"Organization","@id":"https:\/\/welding-alloys.zerobox.co.za\/fr\/#organization","name":"Welding Alloys","url":"https:\/\/welding-alloys.zerobox.co.za\/fr\/","logo":{"@type":"ImageObject","inLanguage":"fr-FR","@id":"https:\/\/welding-alloys.zerobox.co.za\/fr\/#\/schema\/logo\/image\/","url":"https:\/\/welding-alloys.zerobox.co.za\/wp-content\/uploads\/2022\/02\/logo.png","contentUrl":"https:\/\/welding-alloys.zerobox.co.za\/wp-content\/uploads\/2022\/02\/logo.png","width":542,"height":279,"caption":"Welding Alloys"},"image":{"@id":"https:\/\/welding-alloys.zerobox.co.za\/fr\/#\/schema\/logo\/image\/"},"sameAs":["https:\/\/www.facebook.com\/weldingalloysgroup","https:\/\/www.youtube.com\/user\/WeldingAlloystv","https:\/\/www.instagram.com\/weldingalloys\/","https:\/\/linkedin.com\/company\/welding-alloys"]}]}},"_links":{"self":[{"href":"https:\/\/welding-alloys.zerobox.co.za\/fr\/wp-json\/wp\/v2\/pages\/51561","targetHints":{"allow":["GET"]}}],"collection":[{"href":"https:\/\/welding-alloys.zerobox.co.za\/fr\/wp-json\/wp\/v2\/pages"}],"about":[{"href":"https:\/\/welding-alloys.zerobox.co.za\/fr\/wp-json\/wp\/v2\/types\/page"}],"author":[{"embeddable":true,"href":"https:\/\/welding-alloys.zerobox.co.za\/fr\/wp-json\/wp\/v2\/users\/1"}],"replies":[{"embeddable":true,"href":"https:\/\/welding-alloys.zerobox.co.za\/fr\/wp-json\/wp\/v2\/comments?post=51561"}],"version-history":[{"count":10,"href":"https:\/\/welding-alloys.zerobox.co.za\/fr\/wp-json\/wp\/v2\/pages\/51561\/revisions"}],"predecessor-version":[{"id":53369,"href":"https:\/\/welding-alloys.zerobox.co.za\/fr\/wp-json\/wp\/v2\/pages\/51561\/revisions\/53369"}],"up":[{"embeddable":true,"href":"https:\/\/welding-alloys.zerobox.co.za\/fr\/wp-json\/wp\/v2\/pages\/24434"}],"wp:attachment":[{"href":"https:\/\/welding-alloys.zerobox.co.za\/fr\/wp-json\/wp\/v2\/media?parent=51561"}],"curies":[{"name":"wp","href":"https:\/\/api.w.org\/{rel}","templated":true}]}}