{"id":44891,"date":"2024-02-02T07:26:17","date_gmt":"2024-02-02T06:26:17","guid":{"rendered":"https:\/\/welding-alloys.zerobox.co.za\/?page_id=44891"},"modified":"2025-10-16T23:17:41","modified_gmt":"2025-10-16T21:17:41","slug":"stockage-manipulation","status":"publish","type":"page","link":"https:\/\/welding-alloys.zerobox.co.za\/fr\/ressources\/stockage-manipulation\/","title":{"rendered":"Stockage &#038; Manipulation"},"content":{"rendered":"<div id='full_slider_1'  class='avia-fullwidth-slider main_color avia-shadow   avia-builder-el-0  el_before_av_section  avia-builder-el-first   container_wrap sidebar_left'  >\n<style type=\"text\/css\" data-created_by=\"avia_inline_auto\" id=\"style-css-av-kzhajlgd-2293c31f98a0b596d31f9bfb8e79f203\">\n#top #wrap_all .avia-slideshow .av-slideshow-caption.av-kzhajlgd-2293c31f98a0b596d31f9bfb8e79f203__0 .avia-caption-title{\nfont-size:38px;\ncolor:#ffffff;\n}\n<\/style>\n<div  class='avia-slideshow av-kzhajlgd-2293c31f98a0b596d31f9bfb8e79f203 avia-slideshow-no scaling av_slideshow_full avia-slide-slider av-slideshow-ui av-control-default av-slideshow-manual av-loop-once av-loop-manual-endless av-default-height-applied   avia-slideshow-1' data-slideshow-options=\"{&quot;animation&quot;:&quot;slide&quot;,&quot;autoplay&quot;:false,&quot;loop_autoplay&quot;:&quot;once&quot;,&quot;interval&quot;:5,&quot;loop_manual&quot;:&quot;manual-endless&quot;,&quot;autoplay_stopper&quot;:false,&quot;noNavigation&quot;:false,&quot;bg_slider&quot;:false,&quot;keep_padding&quot;:false,&quot;hoverpause&quot;:false,&quot;show_slide_delay&quot;:0}\"  itemprop=\"image\" itemscope=\"itemscope\" itemtype=\"https:\/\/schema.org\/ImageObject\" ><ul class='avia-slideshow-inner ' style='padding-bottom: 24.739583333333%;'><li  class='avia-slideshow-slide av-kzhajlgd-2293c31f98a0b596d31f9bfb8e79f203__0  av-single-slide slide-1 slide-odd'><div data-rel='slideshow-1' class='avia-slide-wrap '   ><div class='av-slideshow-caption av-kzhajlgd-2293c31f98a0b596d31f9bfb8e79f203__0 caption_fullwidth caption_left caption_left_framed caption_framed'><div class=\"container caption_container\"><div class=\"slideshow_caption\"><div class=\"slideshow_inner_caption\"><div class=\"slideshow_align_caption\"><h2 class='avia-caption-title '  itemprop=\"name\" >Stockage &amp; Manipulation<\/h2><\/div><\/div><\/div><\/div><\/div><img decoding=\"async\" fetchpriority=\"high\" class=\"wp-image-7492 avia-img-lazy-loading-not-7492\"  src=\"https:\/\/welding-alloys.zerobox.co.za\/wp-content\/uploads\/2021\/12\/banner-content.jpg\" width=\"1920\" height=\"475\" title='banner content' alt='banner content'  itemprop=\"thumbnailUrl\"  style='min-height:250px; min-width:1011px; ' srcset=\"https:\/\/welding-alloys.zerobox.co.za\/wp-content\/uploads\/2021\/12\/banner-content.jpg 1920w, https:\/\/welding-alloys.zerobox.co.za\/wp-content\/uploads\/2021\/12\/banner-content-600x148.jpg 600w, https:\/\/welding-alloys.zerobox.co.za\/wp-content\/uploads\/2021\/12\/banner-content-300x74.jpg 300w, https:\/\/welding-alloys.zerobox.co.za\/wp-content\/uploads\/2021\/12\/banner-content-500x124.jpg 500w\" sizes=\"(max-width: 1920px) 100vw, 1920px\" \/><\/div><\/li><\/ul><\/div><\/div>\n<div id='av_section_1'  class='avia-section av-czfffho-4e18d853a4e44d634c7d7f3e6558fc83 alternate_color avia-section-small avia-no-border-styling  avia-builder-el-1  el_after_av_slideshow_full  el_before_av_section  breadcrumb-container avia-bg-style-scroll container_wrap sidebar_left'  ><div class='container av-section-cont-open' ><div class='template-page content  av-content-small units'><div class='post-entry post-entry-type-page post-entry-44891'><div class='entry-content-wrapper clearfix'>\n\n\n<\/div><\/div><\/div><!-- close content main div --><\/div><\/div><div id='av_section_2'  class='avia-section av-bzzaxgs-ae3530f8a543a8f909c4e68a1921d145 main_color avia-section-default avia-no-border-styling  avia-builder-el-3  el_after_av_section  avia-builder-el-last  avia-bg-style-scroll container_wrap sidebar_left'  ><div class='container av-section-cont-open' ><div class='template-page content  av-content-small units'><div class='post-entry post-entry-type-page post-entry-44891'><div class='entry-content-wrapper clearfix'>\n<div  class='flex_column av-bjkr2j0-2da40d6fdcd998398423c86055e7077d av_one_full  avia-builder-el-4  avia-builder-el-no-sibling  first flex_column_div  '     ><p>\n<style type=\"text\/css\" data-created_by=\"avia_inline_auto\" id=\"style-css-av-kzhagpu3-5224a13c764e4d9c13df7ffb86c61347\">\n#top .av-special-heading.av-kzhagpu3-5224a13c764e4d9c13df7ffb86c61347{\npadding-bottom:10px;\n}\nbody .av-special-heading.av-kzhagpu3-5224a13c764e4d9c13df7ffb86c61347 .av-special-heading-tag .heading-char{\nfont-size:25px;\n}\n.av-special-heading.av-kzhagpu3-5224a13c764e4d9c13df7ffb86c61347 .av-subheading{\nfont-size:15px;\n}\n<\/style>\n<div  class='av-special-heading av-kzhagpu3-5224a13c764e4d9c13df7ffb86c61347 av-special-heading-h1 blockquote modern-quote  avia-builder-el-5  el_before_av_textblock  avia-builder-el-first '><h1 class='av-special-heading-tag '  itemprop=\"headline\"  >Recommandations pour le stockage, la manipulation et l\u2019\u00e9tuvage des fils fourr\u00e9s<\/h1><div class=\"special-heading-border\"><div class=\"special-heading-inner-border\"><\/div><\/div><\/div><br \/>\n<section  class='av_textblock_section av-kzhak255-40e46d4c036cb6764da0b19a3bf9997c '   itemscope=\"itemscope\" itemtype=\"https:\/\/schema.org\/CreativeWork\" ><div class='avia_textblock'  itemprop=\"text\" ><p>Pour maintenir la qualit\u00e9, le stockage, la manipulation et l\u2019\u00e9tuvage des fils fourr\u00e9s doivent \u00eatre effectu\u00e9s conform\u00e9ment aux exigences suivantes :<\/p>\n<p><strong>Stockage<\/strong><\/p>\n<p>Les fils fourr\u00e9s doivent \u00eatre conserv\u00e9s dans des conditions de stockage ad\u00e9quates\u00a0:<\/p>\n<ul>\n<li>Les fils fourr\u00e9s doivent \u00eatre stock\u00e9s dans leur emballage d&#8217;origine non ouvert et non endommag\u00e9. Les dur\u00e9es de stockage doivent \u00eatre aussi courtes que possible.<\/li>\n<li>Dans la mesure du possible, le principe &#8220;premier entr\u00e9 &#8211; premier sorti&#8221; doit \u00eatre respect\u00e9.<\/li>\n<li>Les fils fourr\u00e9s ne doivent pas \u00eatre stock\u00e9s pendant plus de 5 ans. Les fils plus anciens doivent \u00eatre s\u00e9ch\u00e9s avant d&#8217;\u00eatre utilis\u00e9s.<\/li>\n<li>Les bobines ne doivent pas \u00eatre pos\u00e9es directement sur le sol ou contre un mur. Elles doivent \u00eatre stock\u00e9es \u00e0 minima sur des palettes en bois.<\/li>\n<li>La temp\u00e9rature du local de stockage doit \u00eatre maintenue aussi stable que possible, les variations de temp\u00e9rature ne devant pas d\u00e9passer \u00b1 5 \u00b0C.<\/li>\n<li>La temp\u00e9rature ne doit pas descendre en dessous de 15 \u00b0C. L&#8217;humidit\u00e9 relative ne doit pas d\u00e9passer 60 % entre 15 et 25 \u00b0C ou 50 % entre 25 et 35 \u00b0C.<\/li>\n<\/ul>\n<p><strong>Manipulation<\/strong><\/p>\n<ul>\n<li>Le soudage doit \u00eatre effectu\u00e9 \u00e0 temp\u00e9rature ambiante et \u00e0 faible humidit\u00e9 relative.<\/li>\n<li>Si l&#8217;humidit\u00e9 relative d\u00e9passe 60 %, les fils fourr\u00e9s ne doivent pas \u00eatre laiss\u00e9s sans protection pendant plus de 24 heures.<\/li>\n<li>Les bobines hors de leur emballage de protection ne doivent \u00eatre expos\u00e9es aux conditions normales de l&#8217;atelier que pendant une p\u00e9riode maximale de 72 heures.<\/li>\n<li>Entre les diff\u00e9rents postes de travail, les bobines de fil doivent \u00eatre stock\u00e9es dans leur emballage en plastique, dans les conditions de stockage mentionn\u00e9es ci-dessus, l&#8217;humidit\u00e9 relative ne devant pas d\u00e9passer 50 %.<\/li>\n<\/ul>\n<p><strong>\u00c9tuvage<\/strong><\/p>\n<ul>\n<li>S&#8217;il n&#8217;est pas possible de maintenir les niveaux de temp\u00e9rature et d&#8217;humidit\u00e9 mentionn\u00e9s ci-dessus, ou si l&#8217;emballage sous vide est ouvert ou endommag\u00e9, il faut proc\u00e9der \u00e0 l\u2019\u00e9tuvage du fil.<\/li>\n<li>Les fils l\u00e9g\u00e8rement affect\u00e9s par l&#8217;humidit\u00e9 peuvent \u00eatre \u00e9tuv\u00e9s \u00e0 140 &#8211; 200 \u00b0C pendant 2 \u00e0 12 heures. Le cycle recommand\u00e9 est de 6 heures \u00e0 150 \u00b0C.<\/li>\n<li>Il est possible d&#8217;effectuer jusqu&#8217;\u00e0 6 cycles d\u2019\u00e9tuvage maximum.<\/li>\n<li>Les fils fourr\u00e9s rouill\u00e9s et\/ou fortement contamin\u00e9s par l&#8217;eau ou expos\u00e9s \u00e0 l&#8217;atmosph\u00e8re pendant de longues p\u00e9riodes ne peuvent pas \u00eatre r\u00e9cup\u00e9r\u00e9s et doivent \u00eatre mis au rebut.<\/li>\n<\/ul>\n<p><a href=\"https:\/\/welding-alloys.zerobox.co.za\/fr\/contactez-nous\/\">Contactez-nous<\/a> si vous souhaitez avoir plus d\u2019informations sur le stockage et la manipulation des produits.<\/p>\n<p>Note : Les utilisateurs finaux peuvent utiliser les fils fourr\u00e9s en faisant appel \u00e0 leur propre jugement en proc\u00e9dant \u00e0 une inspection visuelle, aux essais non destructifs requis, aux essais de soudabilit\u00e9, aux essais m\u00e9caniques, aux analyses chimiques, etc. afin de valider leurs propres exigences de qualit\u00e9 pour la production.<\/p>\n<\/div><\/section><br \/>\n<div  class='avia-icon-list-container av-azqwc7g-22c5be04a4f58e768ff4761e2beb7ec7  avia-builder-el-7  el_after_av_textblock  avia-builder-el-last  link-list'><ul class='avia-icon-list avia_animate_when_almost_visible avia-icon-list-left av-iconlist-small av-azqwc7g-22c5be04a4f58e768ff4761e2beb7ec7 avia-iconlist-animate'>\n<li><div class='iconlist_icon av-9ptnvm4-f8dc2f9def5ae50fad68af03feb3637b avia-font-custom avia-iconfont avia-font-custom'><span class='av-icon-char' data-av_icon='\ue801' data-av_iconfont='custom' aria-hidden=\"true\"><\/span><\/div><article class=\"article-icon-entry av-iconlist-empty\"  itemscope=\"itemscope\" itemtype=\"https:\/\/schema.org\/CreativeWork\" ><div class=\"iconlist_content_wrap\"><header class=\"entry-content-header\" aria-label=\"Ic\u00f4ne : &lt;a href=&#039;https:\/\/welding-alloys.zerobox.co.za\/wp-content\/uploads\/2024\/02\/Recommandations-pour-le-stockage-et-la-manipulation.pdf&#039; title=&#039;T\u00e9l\u00e9charger le PDF&#039; target=&quot;_blank&quot;  rel=&quot;noopener noreferrer&quot;&gt;T\u00e9l\u00e9charger le PDF&lt;\/a&gt;\"><div class='av_iconlist_title iconlist_title_small  '  itemprop=\"headline\" ><a href='https:\/\/welding-alloys.zerobox.co.za\/wp-content\/uploads\/2024\/02\/Recommandations-pour-le-stockage-et-la-manipulation.pdf' title='T\u00e9l\u00e9charger le PDF' target=\"_blank\"  rel=\"noopener noreferrer\">T\u00e9l\u00e9charger le PDF<\/a><\/div><\/header><div class='iconlist_content '  itemprop=\"text\" ><\/div><\/div><footer class=\"entry-footer\"><\/footer><\/article><div class=\"iconlist-timeline\"><\/div><\/li>\n<\/ul><\/div><\/p><\/div>\n<\/div><\/div><\/div><!-- close content main div --><\/div><\/div><div id='after_section_2'  class='main_color av_default_container_wrap container_wrap sidebar_left'  ><div class='container av-section-cont-open' ><div class='template-page content  av-content-small units'><div class='post-entry post-entry-type-page post-entry-44891'><div class='entry-content-wrapper clearfix'>\n","protected":false},"excerpt":{"rendered":"<p>D\u00e9couvrez les meilleures pratiques en mati\u00e8re de recommandations de stockage, de manutention et de s\u00e9chage des fils fourr\u00e9s pour garantir la s\u00e9curit\u00e9 et l&#8217;efficacit\u00e9 de vos op\u00e9rations.<\/p>\n","protected":false},"author":1,"featured_media":0,"parent":24434,"menu_order":0,"comment_status":"closed","ping_status":"closed","template":"","meta":{"_acf_changed":false,"_relevanssi_hide_post":"","_relevanssi_hide_content":"","_relevanssi_pin_for_all":"","_relevanssi_pin_keywords":"","_relevanssi_unpin_keywords":"","_relevanssi_related_keywords":"","_relevanssi_related_include_ids":"","_relevanssi_related_exclude_ids":"","_relevanssi_related_no_append":"","_relevanssi_related_not_related":"","_relevanssi_related_posts":"","_relevanssi_noindex_reason":"","inline_featured_image":false,"footnotes":"","_links_to":"","_links_to_target":""},"class_list":["post-44891","page","type-page","status-publish","hentry"],"acf":[],"yoast_head":"<!-- This site is optimized with the Yoast SEO Premium plugin v27.4 (Yoast SEO v27.4) - https:\/\/yoast.com\/product\/yoast-seo-premium-wordpress\/ -->\n<title>Stockage &amp; Manipulation | Welding Alloys<\/title>\n<meta name=\"description\" content=\"D\u00e9couvrez les meilleures pratiques en mati\u00e8re de recommandations de stockage, de manutention et de s\u00e9chage des fils fourr\u00e9s pour garantir la s\u00e9curit\u00e9 et l&#039;efficacit\u00e9 de vos op\u00e9rations.\" \/>\n<meta name=\"robots\" content=\"noindex, follow, max-snippet:-1, max-image-preview:large, max-video-preview:-1\" \/>\n<meta property=\"og:locale\" content=\"fr_FR\" \/>\n<meta property=\"og:type\" content=\"article\" \/>\n<meta property=\"og:title\" content=\"Stockage &amp; Manipulation\" \/>\n<meta property=\"og:description\" content=\"D\u00e9couvrez les meilleures pratiques en mati\u00e8re de recommandations de stockage, de manutention et de s\u00e9chage des fils fourr\u00e9s pour garantir la s\u00e9curit\u00e9 et l&#039;efficacit\u00e9 de vos op\u00e9rations.\" \/>\n<meta property=\"og:url\" content=\"https:\/\/welding-alloys.zerobox.co.za\/fr\/ressources\/stockage-manipulation\/\" \/>\n<meta property=\"og:site_name\" content=\"Welding Alloys\" \/>\n<meta property=\"article:publisher\" content=\"https:\/\/www.facebook.com\/weldingalloysgroup\" \/>\n<meta property=\"article:modified_time\" content=\"2025-10-16T21:17:41+00:00\" \/>\n<meta property=\"og:image\" content=\"https:\/\/welding-alloys.zerobox.co.za\/wp-content\/uploads\/2022\/02\/logo.png\" \/>\n\t<meta property=\"og:image:width\" content=\"542\" \/>\n\t<meta property=\"og:image:height\" content=\"279\" \/>\n\t<meta property=\"og:image:type\" content=\"image\/png\" \/>\n<meta name=\"twitter:card\" content=\"summary_large_image\" \/>\n<meta name=\"twitter:label1\" content=\"Dur\u00e9e de lecture estim\u00e9e\" \/>\n\t<meta name=\"twitter:data1\" content=\"3 minutes\" \/>\n<script type=\"application\/ld+json\" class=\"yoast-schema-graph\">{\"@context\":\"https:\\\/\\\/schema.org\",\"@graph\":[{\"@type\":\"WebPage\",\"@id\":\"https:\\\/\\\/welding-alloys.zerobox.co.za\\\/fr\\\/ressources\\\/stockage-manipulation\\\/\",\"url\":\"https:\\\/\\\/welding-alloys.zerobox.co.za\\\/fr\\\/ressources\\\/stockage-manipulation\\\/\",\"name\":\"Stockage & Manipulation | Welding Alloys\",\"isPartOf\":{\"@id\":\"https:\\\/\\\/welding-alloys.zerobox.co.za\\\/fr\\\/#website\"},\"datePublished\":\"2024-02-02T06:26:17+00:00\",\"dateModified\":\"2025-10-16T21:17:41+00:00\",\"description\":\"D\u00e9couvrez les meilleures pratiques en mati\u00e8re de recommandations de stockage, de manutention et de s\u00e9chage des fils fourr\u00e9s pour garantir la s\u00e9curit\u00e9 et l'efficacit\u00e9 de vos op\u00e9rations.\",\"breadcrumb\":{\"@id\":\"https:\\\/\\\/welding-alloys.zerobox.co.za\\\/fr\\\/ressources\\\/stockage-manipulation\\\/#breadcrumb\"},\"inLanguage\":\"fr-FR\",\"potentialAction\":[{\"@type\":\"ReadAction\",\"target\":[\"https:\\\/\\\/welding-alloys.zerobox.co.za\\\/fr\\\/ressources\\\/stockage-manipulation\\\/\"]}]},{\"@type\":\"BreadcrumbList\",\"@id\":\"https:\\\/\\\/welding-alloys.zerobox.co.za\\\/fr\\\/ressources\\\/stockage-manipulation\\\/#breadcrumb\",\"itemListElement\":[{\"@type\":\"ListItem\",\"position\":1,\"name\":\"Home\",\"item\":\"https:\\\/\\\/welding-alloys.zerobox.co.za\\\/fr\\\/accueil\\\/\"},{\"@type\":\"ListItem\",\"position\":2,\"name\":\"Ressources\",\"item\":\"https:\\\/\\\/welding-alloys.zerobox.co.za\\\/fr\\\/ressources\\\/\"},{\"@type\":\"ListItem\",\"position\":3,\"name\":\"Stockage &#038; Manipulation\"}]},{\"@type\":\"WebSite\",\"@id\":\"https:\\\/\\\/welding-alloys.zerobox.co.za\\\/fr\\\/#website\",\"url\":\"https:\\\/\\\/welding-alloys.zerobox.co.za\\\/fr\\\/\",\"name\":\"Welding Alloys\",\"description\":\"Welding Alloys\",\"publisher\":{\"@id\":\"https:\\\/\\\/welding-alloys.zerobox.co.za\\\/fr\\\/#organization\"},\"potentialAction\":[{\"@type\":\"SearchAction\",\"target\":{\"@type\":\"EntryPoint\",\"urlTemplate\":\"https:\\\/\\\/welding-alloys.zerobox.co.za\\\/fr\\\/?s={search_term_string}\"},\"query-input\":{\"@type\":\"PropertyValueSpecification\",\"valueRequired\":true,\"valueName\":\"search_term_string\"}}],\"inLanguage\":\"fr-FR\"},{\"@type\":\"Organization\",\"@id\":\"https:\\\/\\\/welding-alloys.zerobox.co.za\\\/fr\\\/#organization\",\"name\":\"Welding Alloys\",\"url\":\"https:\\\/\\\/welding-alloys.zerobox.co.za\\\/fr\\\/\",\"logo\":{\"@type\":\"ImageObject\",\"inLanguage\":\"fr-FR\",\"@id\":\"https:\\\/\\\/welding-alloys.zerobox.co.za\\\/fr\\\/#\\\/schema\\\/logo\\\/image\\\/\",\"url\":\"https:\\\/\\\/welding-alloys.zerobox.co.za\\\/wp-content\\\/uploads\\\/2022\\\/02\\\/logo.png\",\"contentUrl\":\"https:\\\/\\\/welding-alloys.zerobox.co.za\\\/wp-content\\\/uploads\\\/2022\\\/02\\\/logo.png\",\"width\":542,\"height\":279,\"caption\":\"Welding Alloys\"},\"image\":{\"@id\":\"https:\\\/\\\/welding-alloys.zerobox.co.za\\\/fr\\\/#\\\/schema\\\/logo\\\/image\\\/\"},\"sameAs\":[\"https:\\\/\\\/www.facebook.com\\\/weldingalloysgroup\",\"https:\\\/\\\/www.youtube.com\\\/user\\\/WeldingAlloystv\",\"https:\\\/\\\/www.instagram.com\\\/weldingalloys\\\/\",\"https:\\\/\\\/linkedin.com\\\/company\\\/welding-alloys\"]}]}<\/script>\n<!-- \/ Yoast SEO Premium plugin. -->","yoast_head_json":{"title":"Stockage & Manipulation | Welding Alloys","description":"D\u00e9couvrez les meilleures pratiques en mati\u00e8re de recommandations de stockage, de manutention et de s\u00e9chage des fils fourr\u00e9s pour garantir la s\u00e9curit\u00e9 et l'efficacit\u00e9 de vos op\u00e9rations.","robots":{"index":"noindex","follow":"follow","max-snippet":"max-snippet:-1","max-image-preview":"max-image-preview:large","max-video-preview":"max-video-preview:-1"},"og_locale":"fr_FR","og_type":"article","og_title":"Stockage & Manipulation","og_description":"D\u00e9couvrez les meilleures pratiques en mati\u00e8re de recommandations de stockage, de manutention et de s\u00e9chage des fils fourr\u00e9s pour garantir la s\u00e9curit\u00e9 et l'efficacit\u00e9 de vos op\u00e9rations.","og_url":"https:\/\/welding-alloys.zerobox.co.za\/fr\/ressources\/stockage-manipulation\/","og_site_name":"Welding Alloys","article_publisher":"https:\/\/www.facebook.com\/weldingalloysgroup","article_modified_time":"2025-10-16T21:17:41+00:00","og_image":[{"width":542,"height":279,"url":"https:\/\/welding-alloys.zerobox.co.za\/wp-content\/uploads\/2022\/02\/logo.png","type":"image\/png"}],"twitter_card":"summary_large_image","twitter_misc":{"Dur\u00e9e de lecture estim\u00e9e":"3 minutes"},"schema":{"@context":"https:\/\/schema.org","@graph":[{"@type":"WebPage","@id":"https:\/\/welding-alloys.zerobox.co.za\/fr\/ressources\/stockage-manipulation\/","url":"https:\/\/welding-alloys.zerobox.co.za\/fr\/ressources\/stockage-manipulation\/","name":"Stockage & Manipulation | Welding Alloys","isPartOf":{"@id":"https:\/\/welding-alloys.zerobox.co.za\/fr\/#website"},"datePublished":"2024-02-02T06:26:17+00:00","dateModified":"2025-10-16T21:17:41+00:00","description":"D\u00e9couvrez les meilleures pratiques en mati\u00e8re de recommandations de stockage, de manutention et de s\u00e9chage des fils fourr\u00e9s pour garantir la s\u00e9curit\u00e9 et l'efficacit\u00e9 de vos op\u00e9rations.","breadcrumb":{"@id":"https:\/\/welding-alloys.zerobox.co.za\/fr\/ressources\/stockage-manipulation\/#breadcrumb"},"inLanguage":"fr-FR","potentialAction":[{"@type":"ReadAction","target":["https:\/\/welding-alloys.zerobox.co.za\/fr\/ressources\/stockage-manipulation\/"]}]},{"@type":"BreadcrumbList","@id":"https:\/\/welding-alloys.zerobox.co.za\/fr\/ressources\/stockage-manipulation\/#breadcrumb","itemListElement":[{"@type":"ListItem","position":1,"name":"Home","item":"https:\/\/welding-alloys.zerobox.co.za\/fr\/accueil\/"},{"@type":"ListItem","position":2,"name":"Ressources","item":"https:\/\/welding-alloys.zerobox.co.za\/fr\/ressources\/"},{"@type":"ListItem","position":3,"name":"Stockage &#038; Manipulation"}]},{"@type":"WebSite","@id":"https:\/\/welding-alloys.zerobox.co.za\/fr\/#website","url":"https:\/\/welding-alloys.zerobox.co.za\/fr\/","name":"Welding Alloys","description":"Welding Alloys","publisher":{"@id":"https:\/\/welding-alloys.zerobox.co.za\/fr\/#organization"},"potentialAction":[{"@type":"SearchAction","target":{"@type":"EntryPoint","urlTemplate":"https:\/\/welding-alloys.zerobox.co.za\/fr\/?s={search_term_string}"},"query-input":{"@type":"PropertyValueSpecification","valueRequired":true,"valueName":"search_term_string"}}],"inLanguage":"fr-FR"},{"@type":"Organization","@id":"https:\/\/welding-alloys.zerobox.co.za\/fr\/#organization","name":"Welding Alloys","url":"https:\/\/welding-alloys.zerobox.co.za\/fr\/","logo":{"@type":"ImageObject","inLanguage":"fr-FR","@id":"https:\/\/welding-alloys.zerobox.co.za\/fr\/#\/schema\/logo\/image\/","url":"https:\/\/welding-alloys.zerobox.co.za\/wp-content\/uploads\/2022\/02\/logo.png","contentUrl":"https:\/\/welding-alloys.zerobox.co.za\/wp-content\/uploads\/2022\/02\/logo.png","width":542,"height":279,"caption":"Welding Alloys"},"image":{"@id":"https:\/\/welding-alloys.zerobox.co.za\/fr\/#\/schema\/logo\/image\/"},"sameAs":["https:\/\/www.facebook.com\/weldingalloysgroup","https:\/\/www.youtube.com\/user\/WeldingAlloystv","https:\/\/www.instagram.com\/weldingalloys\/","https:\/\/linkedin.com\/company\/welding-alloys"]}]}},"_links":{"self":[{"href":"https:\/\/welding-alloys.zerobox.co.za\/fr\/wp-json\/wp\/v2\/pages\/44891","targetHints":{"allow":["GET"]}}],"collection":[{"href":"https:\/\/welding-alloys.zerobox.co.za\/fr\/wp-json\/wp\/v2\/pages"}],"about":[{"href":"https:\/\/welding-alloys.zerobox.co.za\/fr\/wp-json\/wp\/v2\/types\/page"}],"author":[{"embeddable":true,"href":"https:\/\/welding-alloys.zerobox.co.za\/fr\/wp-json\/wp\/v2\/users\/1"}],"replies":[{"embeddable":true,"href":"https:\/\/welding-alloys.zerobox.co.za\/fr\/wp-json\/wp\/v2\/comments?post=44891"}],"version-history":[{"count":2,"href":"https:\/\/welding-alloys.zerobox.co.za\/fr\/wp-json\/wp\/v2\/pages\/44891\/revisions"}],"predecessor-version":[{"id":62466,"href":"https:\/\/welding-alloys.zerobox.co.za\/fr\/wp-json\/wp\/v2\/pages\/44891\/revisions\/62466"}],"up":[{"embeddable":true,"href":"https:\/\/welding-alloys.zerobox.co.za\/fr\/wp-json\/wp\/v2\/pages\/24434"}],"wp:attachment":[{"href":"https:\/\/welding-alloys.zerobox.co.za\/fr\/wp-json\/wp\/v2\/media?parent=44891"}],"curies":[{"name":"wp","href":"https:\/\/api.w.org\/{rel}","templated":true}]}}