{"id":39159,"date":"2021-11-23T15:19:48","date_gmt":"2021-11-23T14:19:48","guid":{"rendered":"https:\/\/welding-alloys.zerobox.co.za\/?page_id=39159"},"modified":"2025-10-16T12:32:34","modified_gmt":"2025-10-16T10:32:34","slug":"application-industrielle","status":"publish","type":"page","link":"https:\/\/welding-alloys.zerobox.co.za\/fr\/application-industrielle\/","title":{"rendered":"Applications Industrielle"},"content":{"rendered":"<div id='full_slider_1'  class='avia-fullwidth-slider main_color avia-shadow   avia-builder-el-0  el_before_av_section  avia-builder-el-first   container_wrap sidebar_left'  >\n<style type=\"text\/css\" data-created_by=\"avia_inline_auto\" id=\"style-css-av-24bs9y-d42cd9d88815eed70ec960433ece6d19\">\n#top #wrap_all .avia-slideshow .av-slideshow-caption.av-24bs9y-d42cd9d88815eed70ec960433ece6d19__0 .avia-caption-title{\nfont-size:38px;\ncolor:#ffffff;\n}\n<\/style>\n<div  class='avia-slideshow av-24bs9y-d42cd9d88815eed70ec960433ece6d19 avia-slideshow-no scaling av_slideshow_full avia-slide-slider av-slideshow-ui av-control-default av-slideshow-manual av-loop-once av-loop-manual-endless av-default-height-applied   avia-slideshow-1' data-slideshow-options=\"{&quot;animation&quot;:&quot;slide&quot;,&quot;autoplay&quot;:false,&quot;loop_autoplay&quot;:&quot;once&quot;,&quot;interval&quot;:5,&quot;loop_manual&quot;:&quot;manual-endless&quot;,&quot;autoplay_stopper&quot;:false,&quot;noNavigation&quot;:false,&quot;bg_slider&quot;:false,&quot;keep_padding&quot;:false,&quot;hoverpause&quot;:false,&quot;show_slide_delay&quot;:0}\"  itemprop=\"image\" itemscope=\"itemscope\" itemtype=\"https:\/\/schema.org\/ImageObject\" ><ul class='avia-slideshow-inner ' style='padding-bottom: 24.609375%;'><li  class='avia-slideshow-slide av-24bs9y-d42cd9d88815eed70ec960433ece6d19__0  av-single-slide slide-1 slide-odd'><div data-rel='slideshow-1' class='avia-slide-wrap '   ><div class='av-slideshow-caption av-24bs9y-d42cd9d88815eed70ec960433ece6d19__0 caption_fullwidth caption_left caption_left_framed caption_framed'><div class=\"container caption_container\"><div class=\"slideshow_caption\"><div class=\"slideshow_inner_caption\"><div class=\"slideshow_align_caption\"><h2 class='avia-caption-title '  itemprop=\"name\" >Expertise technique et solutions pour r\u00e9soudre les probl\u00e8mes d\u2019usure de votre industrie<\/h2><\/div><\/div><\/div><\/div><\/div><img decoding=\"async\" fetchpriority=\"high\" class=\"wp-image-10961 avia-img-lazy-loading-not-10961\"  src=\"https:\/\/welding-alloys.zerobox.co.za\/wp-content\/uploads\/2022\/01\/Industries-banner.jpg\" width=\"1280\" height=\"315\" title='Industries banner' alt='Industries banner'  itemprop=\"thumbnailUrl\"  style='min-height:250px; min-width:1016px; ' srcset=\"https:\/\/welding-alloys.zerobox.co.za\/wp-content\/uploads\/2022\/01\/Industries-banner.jpg 1280w, https:\/\/welding-alloys.zerobox.co.za\/wp-content\/uploads\/2022\/01\/Industries-banner-600x148.jpg 600w, https:\/\/welding-alloys.zerobox.co.za\/wp-content\/uploads\/2022\/01\/Industries-banner-300x74.jpg 300w, https:\/\/welding-alloys.zerobox.co.za\/wp-content\/uploads\/2022\/01\/Industries-banner-500x123.jpg 500w\" sizes=\"(max-width: 1280px) 100vw, 1280px\" \/><\/div><\/li><\/ul><\/div><\/div>\n<div id='av_section_1'  class='avia-section av-1qpceu-0d516d2794588649e4ffa5856cd09c4e alternate_color avia-section-small avia-no-border-styling  avia-builder-el-1  el_after_av_slideshow_full  el_before_av_section  breadcrumb-container avia-bg-style-scroll container_wrap sidebar_left'  ><div class='container av-section-cont-open' ><div class='template-page content  av-content-small units'><div class='post-entry post-entry-type-page post-entry-39159'><div class='entry-content-wrapper clearfix'>\n\n\n<\/div><\/div><\/div><!-- close content main div --><\/div><\/div><div id='av_section_2'  class='avia-section av-1go6va-8feabe0d264a6c7a93a5e02867d116de main_color avia-section-default avia-no-border-styling  avia-builder-el-3  el_after_av_section  el_before_av_layout_row  avia-bg-style-scroll container_wrap sidebar_left'  ><div class='container av-section-cont-open' ><div class='template-page content  av-content-small units'><div class='post-entry post-entry-type-page post-entry-39159'><div class='entry-content-wrapper clearfix'>\n<div  class='flex_column av-195mwe-0bf3a7a3feb3192d8ca5ecec11895d63 av_one_full  avia-builder-el-4  avia-builder-el-no-sibling  first flex_column_div  '     ><p>\n<style type=\"text\/css\" data-created_by=\"avia_inline_auto\" id=\"style-css-av-13n1za-c230532136f05bc933bdfe3ce4f924fb\">\n#top .av-special-heading.av-13n1za-c230532136f05bc933bdfe3ce4f924fb{\npadding-bottom:10px;\n}\nbody .av-special-heading.av-13n1za-c230532136f05bc933bdfe3ce4f924fb .av-special-heading-tag .heading-char{\nfont-size:25px;\n}\n.av-special-heading.av-13n1za-c230532136f05bc933bdfe3ce4f924fb .av-subheading{\nfont-size:15px;\n}\n<\/style>\n<div  class='av-special-heading av-13n1za-c230532136f05bc933bdfe3ce4f924fb av-special-heading-h1 blockquote modern-quote  avia-builder-el-5  el_before_av_textblock  avia-builder-el-first '><h1 class='av-special-heading-tag '  itemprop=\"headline\"  >Applications Industrielle<\/h1><div class=\"special-heading-border\"><div class=\"special-heading-inner-border\"><\/div><\/div><\/div><br \/>\n<section  class='av_textblock_section av-yjml2-60870ec5ae1cc8dc143dbddb8ceffaa3 '   itemscope=\"itemscope\" itemtype=\"https:\/\/schema.org\/CreativeWork\" ><div class='avia_textblock'  itemprop=\"text\" ><section class=\"av_textblock_section av-3kvoaq-0b4b1c776a7ee4b2f75cd84e059d4578\">\n<div class=\"avia_textblock\">\n<p>En tant qu\u2019experts de la protection contre l\u2019usure, nos produits, \u00e9quipements et solutions se sont av\u00e9r\u00e9s b\u00e9n\u00e9fiques pour l\u2019efficacit\u00e9 \u00e0 court et \u00e0 long terme des installations dans un large \u00e9ventail d\u2019industries mondiales. Nos solutions sont bas\u00e9es sur le client et se concentrent sur la r\u00e9duction du co\u00fbt total de possession (TCO). Pour ce faire, nous prenons le temps de comprendre nos clients, leurs op\u00e9rations, leurs exigences, leurs besoins et leurs attentes, puis nous d\u00e9veloppons des solutions sur mesure qui r\u00e9duisent les co\u00fbts de maintenance et augmentent la dur\u00e9e de vie des pi\u00e8ces.<\/p>\n<p>Nous concevons, produisons et proposons des consommables de soudage avanc\u00e9s, des \u00e9quipements de soudage automatis\u00e9s pour la protection contre l\u2019usure, ainsi qu\u2019une gamme de solutions techniques de protection contre l\u2019usure. Choisissez votre secteur d\u2019activit\u00e9 pour en savoir plus.<\/p>\n<p>Vous ne trouvez pas votre secteur d\u2019activit\u00e9 ? Aucun probl\u00e8me. N\u2019h\u00e9sitez pas \u00e0 nous contacter pour parler \u00e0 l\u2019un de nos experts en produits et solutions de soudage.<\/p>\n<\/div>\n<\/section>\n<\/div><\/section><br \/>\n<div  class='avia-button-wrap av-tf0r2-6f2fb82e385e307df6df096a65c8e95b-wrap avia-button-right  avia-builder-el-7  el_after_av_textblock  avia-builder-el-last '><a href='https:\/\/welding-alloys.zerobox.co.za\/fr\/contactez-nous\/'  class='avia-button av-tf0r2-6f2fb82e385e307df6df096a65c8e95b av-link-btn avia-icon_select-yes-right-icon avia-size-medium avia-position-right avia-color-theme-color'   aria-label=\"Contactez-Nous\"><span class='avia_iconbox_title' >Contactez-Nous<\/span><span class='avia_button_icon avia_button_icon_right avia-iconfont avia-font-custom' data-av_icon='\ue803' data-av_iconfont='custom' ><\/span><\/a><\/div><\/p><\/div><\/div><\/div><\/div><!-- close content main div --><\/div><\/div><div id='av-layout-grid-1'  class='av-layout-grid-container av-mul6e-db379fa00bbbb03a9f120e261b336e5c entry-content-wrapper main_color av-flex-cells  avia-builder-el-8  el_after_av_section  avia-builder-el-last  grid-row-not-first  container_wrap sidebar_left'  >\n\n<style type=\"text\/css\" data-created_by=\"avia_inline_auto\" id=\"style-css-av-h93bi-680a83648e087e0fc3683a185cdd5213\">\n.flex_cell.av-h93bi-680a83648e087e0fc3683a185cdd5213{\nvertical-align:top;\n}\n.responsive #top #wrap_all .flex_cell.av-h93bi-680a83648e087e0fc3683a185cdd5213{\npadding:0px 0px 0px 0px !important;\n}\n<\/style>\n<div class='flex_cell av-h93bi-680a83648e087e0fc3683a185cdd5213 av-gridrow-cell av_one_full no_margin  avia-builder-el-9  avia-builder-el-no-sibling  content-align-top av-zero-padding'  ><div class='flex_cell_inner'>\n<\/div><\/div>\n<\/div><\/p>\n","protected":false},"excerpt":{"rendered":"<p>En tant qu\u2019experts de la protection contre l\u2019usure, nos produits, \u00e9quipements et solutions se sont av\u00e9r\u00e9s b\u00e9n\u00e9fiques pour l\u2019efficacit\u00e9 \u00e0 court et \u00e0 long terme des installations dans un large \u00e9ventail d\u2019industries mondiales.<\/p>\n","protected":false},"author":1,"featured_media":0,"parent":0,"menu_order":0,"comment_status":"closed","ping_status":"open","template":"","meta":{"_acf_changed":false,"_relevanssi_hide_post":"","_relevanssi_hide_content":"","_relevanssi_pin_for_all":"","_relevanssi_pin_keywords":"","_relevanssi_unpin_keywords":"","_relevanssi_related_keywords":"","_relevanssi_related_include_ids":"","_relevanssi_related_exclude_ids":"","_relevanssi_related_no_append":"","_relevanssi_related_not_related":"","_relevanssi_related_posts":"","_relevanssi_noindex_reason":"","inline_featured_image":false,"footnotes":"","_links_to":"","_links_to_target":""},"class_list":["post-39159","page","type-page","status-publish","hentry"],"acf":[],"yoast_head":"<!-- This site is optimized with the Yoast SEO Premium plugin v27.4 (Yoast SEO v27.4) - https:\/\/yoast.com\/product\/yoast-seo-premium-wordpress\/ -->\n<title>Applications Industrielle | Welding Alloys<\/title>\n<meta name=\"description\" content=\"En tant qu\u2019experts de la protection contre l\u2019usure, nos produits, \u00e9quipements et solutions se sont av\u00e9r\u00e9s b\u00e9n\u00e9fiques pour l\u2019efficacit\u00e9 \u00e0 court et \u00e0 long terme des installations dans un large \u00e9ventail d\u2019industries mondiales.\" \/>\n<meta name=\"robots\" content=\"noindex, follow, max-snippet:-1, max-image-preview:large, max-video-preview:-1\" \/>\n<meta property=\"og:locale\" content=\"fr_FR\" \/>\n<meta property=\"og:type\" content=\"article\" \/>\n<meta property=\"og:title\" content=\"Applications Industrielle\" \/>\n<meta property=\"og:description\" content=\"En tant qu\u2019experts de la protection contre l\u2019usure, nos produits, \u00e9quipements et solutions se sont av\u00e9r\u00e9s b\u00e9n\u00e9fiques pour l\u2019efficacit\u00e9 \u00e0 court et \u00e0 long terme des installations dans un large \u00e9ventail d\u2019industries mondiales.\" \/>\n<meta property=\"og:url\" content=\"https:\/\/welding-alloys.zerobox.co.za\/fr\/application-industrielle\/\" \/>\n<meta property=\"og:site_name\" content=\"Welding Alloys\" \/>\n<meta property=\"article:publisher\" content=\"https:\/\/www.facebook.com\/weldingalloysgroup\" \/>\n<meta property=\"article:modified_time\" content=\"2025-10-16T10:32:34+00:00\" \/>\n<meta property=\"og:image\" content=\"https:\/\/welding-alloys.zerobox.co.za\/wp-content\/uploads\/2022\/02\/logo.png\" \/>\n\t<meta property=\"og:image:width\" content=\"542\" \/>\n\t<meta property=\"og:image:height\" content=\"279\" \/>\n\t<meta property=\"og:image:type\" content=\"image\/png\" \/>\n<meta name=\"twitter:card\" content=\"summary_large_image\" \/>\n<meta name=\"twitter:label1\" content=\"Dur\u00e9e de lecture estim\u00e9e\" \/>\n\t<meta name=\"twitter:data1\" content=\"1 minute\" \/>\n<script type=\"application\/ld+json\" class=\"yoast-schema-graph\">{\"@context\":\"https:\\\/\\\/schema.org\",\"@graph\":[{\"@type\":\"WebPage\",\"@id\":\"https:\\\/\\\/welding-alloys.zerobox.co.za\\\/fr\\\/application-industrielle\\\/\",\"url\":\"https:\\\/\\\/welding-alloys.zerobox.co.za\\\/fr\\\/application-industrielle\\\/\",\"name\":\"Applications Industrielle | Welding Alloys\",\"isPartOf\":{\"@id\":\"https:\\\/\\\/welding-alloys.zerobox.co.za\\\/fr\\\/#website\"},\"datePublished\":\"2021-11-23T14:19:48+00:00\",\"dateModified\":\"2025-10-16T10:32:34+00:00\",\"description\":\"En tant qu\u2019experts de la protection contre l\u2019usure, nos produits, \u00e9quipements et solutions se sont av\u00e9r\u00e9s b\u00e9n\u00e9fiques pour l\u2019efficacit\u00e9 \u00e0 court et \u00e0 long terme des installations dans un large \u00e9ventail d\u2019industries mondiales.\",\"breadcrumb\":{\"@id\":\"https:\\\/\\\/welding-alloys.zerobox.co.za\\\/fr\\\/application-industrielle\\\/#breadcrumb\"},\"inLanguage\":\"fr-FR\",\"potentialAction\":[{\"@type\":\"ReadAction\",\"target\":[\"https:\\\/\\\/welding-alloys.zerobox.co.za\\\/fr\\\/application-industrielle\\\/\"]}]},{\"@type\":\"BreadcrumbList\",\"@id\":\"https:\\\/\\\/welding-alloys.zerobox.co.za\\\/fr\\\/application-industrielle\\\/#breadcrumb\",\"itemListElement\":[{\"@type\":\"ListItem\",\"position\":1,\"name\":\"Home\",\"item\":\"https:\\\/\\\/welding-alloys.zerobox.co.za\\\/fr\\\/accueil\\\/\"},{\"@type\":\"ListItem\",\"position\":2,\"name\":\"Applications Industrielle\"}]},{\"@type\":\"WebSite\",\"@id\":\"https:\\\/\\\/welding-alloys.zerobox.co.za\\\/fr\\\/#website\",\"url\":\"https:\\\/\\\/welding-alloys.zerobox.co.za\\\/fr\\\/\",\"name\":\"Welding Alloys\",\"description\":\"Welding Alloys\",\"publisher\":{\"@id\":\"https:\\\/\\\/welding-alloys.zerobox.co.za\\\/fr\\\/#organization\"},\"potentialAction\":[{\"@type\":\"SearchAction\",\"target\":{\"@type\":\"EntryPoint\",\"urlTemplate\":\"https:\\\/\\\/welding-alloys.zerobox.co.za\\\/fr\\\/?s={search_term_string}\"},\"query-input\":{\"@type\":\"PropertyValueSpecification\",\"valueRequired\":true,\"valueName\":\"search_term_string\"}}],\"inLanguage\":\"fr-FR\"},{\"@type\":\"Organization\",\"@id\":\"https:\\\/\\\/welding-alloys.zerobox.co.za\\\/fr\\\/#organization\",\"name\":\"Welding Alloys\",\"url\":\"https:\\\/\\\/welding-alloys.zerobox.co.za\\\/fr\\\/\",\"logo\":{\"@type\":\"ImageObject\",\"inLanguage\":\"fr-FR\",\"@id\":\"https:\\\/\\\/welding-alloys.zerobox.co.za\\\/fr\\\/#\\\/schema\\\/logo\\\/image\\\/\",\"url\":\"https:\\\/\\\/welding-alloys.zerobox.co.za\\\/wp-content\\\/uploads\\\/2022\\\/02\\\/logo.png\",\"contentUrl\":\"https:\\\/\\\/welding-alloys.zerobox.co.za\\\/wp-content\\\/uploads\\\/2022\\\/02\\\/logo.png\",\"width\":542,\"height\":279,\"caption\":\"Welding Alloys\"},\"image\":{\"@id\":\"https:\\\/\\\/welding-alloys.zerobox.co.za\\\/fr\\\/#\\\/schema\\\/logo\\\/image\\\/\"},\"sameAs\":[\"https:\\\/\\\/www.facebook.com\\\/weldingalloysgroup\",\"https:\\\/\\\/www.youtube.com\\\/user\\\/WeldingAlloystv\",\"https:\\\/\\\/www.instagram.com\\\/weldingalloys\\\/\",\"https:\\\/\\\/linkedin.com\\\/company\\\/welding-alloys\"]}]}<\/script>\n<!-- \/ Yoast SEO Premium plugin. -->","yoast_head_json":{"title":"Applications Industrielle | Welding Alloys","description":"En tant qu\u2019experts de la protection contre l\u2019usure, nos produits, \u00e9quipements et solutions se sont av\u00e9r\u00e9s b\u00e9n\u00e9fiques pour l\u2019efficacit\u00e9 \u00e0 court et \u00e0 long terme des installations dans un large \u00e9ventail d\u2019industries mondiales.","robots":{"index":"noindex","follow":"follow","max-snippet":"max-snippet:-1","max-image-preview":"max-image-preview:large","max-video-preview":"max-video-preview:-1"},"og_locale":"fr_FR","og_type":"article","og_title":"Applications Industrielle","og_description":"En tant qu\u2019experts de la protection contre l\u2019usure, nos produits, \u00e9quipements et solutions se sont av\u00e9r\u00e9s b\u00e9n\u00e9fiques pour l\u2019efficacit\u00e9 \u00e0 court et \u00e0 long terme des installations dans un large \u00e9ventail d\u2019industries mondiales.","og_url":"https:\/\/welding-alloys.zerobox.co.za\/fr\/application-industrielle\/","og_site_name":"Welding Alloys","article_publisher":"https:\/\/www.facebook.com\/weldingalloysgroup","article_modified_time":"2025-10-16T10:32:34+00:00","og_image":[{"width":542,"height":279,"url":"https:\/\/welding-alloys.zerobox.co.za\/wp-content\/uploads\/2022\/02\/logo.png","type":"image\/png"}],"twitter_card":"summary_large_image","twitter_misc":{"Dur\u00e9e de lecture estim\u00e9e":"1 minute"},"schema":{"@context":"https:\/\/schema.org","@graph":[{"@type":"WebPage","@id":"https:\/\/welding-alloys.zerobox.co.za\/fr\/application-industrielle\/","url":"https:\/\/welding-alloys.zerobox.co.za\/fr\/application-industrielle\/","name":"Applications Industrielle | Welding Alloys","isPartOf":{"@id":"https:\/\/welding-alloys.zerobox.co.za\/fr\/#website"},"datePublished":"2021-11-23T14:19:48+00:00","dateModified":"2025-10-16T10:32:34+00:00","description":"En tant qu\u2019experts de la protection contre l\u2019usure, nos produits, \u00e9quipements et solutions se sont av\u00e9r\u00e9s b\u00e9n\u00e9fiques pour l\u2019efficacit\u00e9 \u00e0 court et \u00e0 long terme des installations dans un large \u00e9ventail d\u2019industries mondiales.","breadcrumb":{"@id":"https:\/\/welding-alloys.zerobox.co.za\/fr\/application-industrielle\/#breadcrumb"},"inLanguage":"fr-FR","potentialAction":[{"@type":"ReadAction","target":["https:\/\/welding-alloys.zerobox.co.za\/fr\/application-industrielle\/"]}]},{"@type":"BreadcrumbList","@id":"https:\/\/welding-alloys.zerobox.co.za\/fr\/application-industrielle\/#breadcrumb","itemListElement":[{"@type":"ListItem","position":1,"name":"Home","item":"https:\/\/welding-alloys.zerobox.co.za\/fr\/accueil\/"},{"@type":"ListItem","position":2,"name":"Applications Industrielle"}]},{"@type":"WebSite","@id":"https:\/\/welding-alloys.zerobox.co.za\/fr\/#website","url":"https:\/\/welding-alloys.zerobox.co.za\/fr\/","name":"Welding Alloys","description":"Welding Alloys","publisher":{"@id":"https:\/\/welding-alloys.zerobox.co.za\/fr\/#organization"},"potentialAction":[{"@type":"SearchAction","target":{"@type":"EntryPoint","urlTemplate":"https:\/\/welding-alloys.zerobox.co.za\/fr\/?s={search_term_string}"},"query-input":{"@type":"PropertyValueSpecification","valueRequired":true,"valueName":"search_term_string"}}],"inLanguage":"fr-FR"},{"@type":"Organization","@id":"https:\/\/welding-alloys.zerobox.co.za\/fr\/#organization","name":"Welding Alloys","url":"https:\/\/welding-alloys.zerobox.co.za\/fr\/","logo":{"@type":"ImageObject","inLanguage":"fr-FR","@id":"https:\/\/welding-alloys.zerobox.co.za\/fr\/#\/schema\/logo\/image\/","url":"https:\/\/welding-alloys.zerobox.co.za\/wp-content\/uploads\/2022\/02\/logo.png","contentUrl":"https:\/\/welding-alloys.zerobox.co.za\/wp-content\/uploads\/2022\/02\/logo.png","width":542,"height":279,"caption":"Welding Alloys"},"image":{"@id":"https:\/\/welding-alloys.zerobox.co.za\/fr\/#\/schema\/logo\/image\/"},"sameAs":["https:\/\/www.facebook.com\/weldingalloysgroup","https:\/\/www.youtube.com\/user\/WeldingAlloystv","https:\/\/www.instagram.com\/weldingalloys\/","https:\/\/linkedin.com\/company\/welding-alloys"]}]}},"_links":{"self":[{"href":"https:\/\/welding-alloys.zerobox.co.za\/fr\/wp-json\/wp\/v2\/pages\/39159","targetHints":{"allow":["GET"]}}],"collection":[{"href":"https:\/\/welding-alloys.zerobox.co.za\/fr\/wp-json\/wp\/v2\/pages"}],"about":[{"href":"https:\/\/welding-alloys.zerobox.co.za\/fr\/wp-json\/wp\/v2\/types\/page"}],"author":[{"embeddable":true,"href":"https:\/\/welding-alloys.zerobox.co.za\/fr\/wp-json\/wp\/v2\/users\/1"}],"replies":[{"embeddable":true,"href":"https:\/\/welding-alloys.zerobox.co.za\/fr\/wp-json\/wp\/v2\/comments?post=39159"}],"version-history":[{"count":2,"href":"https:\/\/welding-alloys.zerobox.co.za\/fr\/wp-json\/wp\/v2\/pages\/39159\/revisions"}],"predecessor-version":[{"id":69295,"href":"https:\/\/welding-alloys.zerobox.co.za\/fr\/wp-json\/wp\/v2\/pages\/39159\/revisions\/69295"}],"wp:attachment":[{"href":"https:\/\/welding-alloys.zerobox.co.za\/fr\/wp-json\/wp\/v2\/media?parent=39159"}],"curies":[{"name":"wp","href":"https:\/\/api.w.org\/{rel}","templated":true}]}}