{"id":24423,"date":"2022-02-07T00:51:37","date_gmt":"2022-02-06T23:51:37","guid":{"rendered":"https:\/\/welding-alloys.zerobox.co.za\/?page_id=24423"},"modified":"2026-01-12T08:42:50","modified_gmt":"2026-01-12T07:42:50","slug":"une-presence-mondiale","status":"publish","type":"page","link":"https:\/\/welding-alloys.zerobox.co.za\/fr\/services\/prestations-de-services-integra\/une-presence-mondiale\/","title":{"rendered":"Une Pr\u00e9sence mondiale"},"content":{"rendered":"<div id='full_slider_1'  class='avia-fullwidth-slider main_color avia-shadow   avia-builder-el-0  el_before_av_section  avia-builder-el-first   container_wrap sidebar_left'  >\n<style type=\"text\/css\" data-created_by=\"avia_inline_auto\" id=\"style-css-av-kzh28y31-3812037cdcadabd52bc79c9ffd0a1dec\">\n#top #wrap_all .avia-slideshow .av-slideshow-caption.av-kzh28y31-3812037cdcadabd52bc79c9ffd0a1dec__0 .avia-caption-title{\nfont-size:38px;\ncolor:#ffffff;\n}\n<\/style>\n<div  class='avia-slideshow av-kzh28y31-3812037cdcadabd52bc79c9ffd0a1dec avia-slideshow-no scaling av_slideshow_full avia-slide-slider av-slideshow-ui av-control-default av-slideshow-manual av-loop-once av-loop-manual-endless av-default-height-applied   avia-slideshow-1' data-slideshow-options=\"{&quot;animation&quot;:&quot;slide&quot;,&quot;autoplay&quot;:false,&quot;loop_autoplay&quot;:&quot;once&quot;,&quot;interval&quot;:5,&quot;loop_manual&quot;:&quot;manual-endless&quot;,&quot;autoplay_stopper&quot;:false,&quot;noNavigation&quot;:false,&quot;bg_slider&quot;:false,&quot;keep_padding&quot;:false,&quot;hoverpause&quot;:false,&quot;show_slide_delay&quot;:0}\"  itemprop=\"image\" itemscope=\"itemscope\" itemtype=\"https:\/\/schema.org\/ImageObject\" ><ul class='avia-slideshow-inner ' style='padding-bottom: 24.609375%;'><li  class='avia-slideshow-slide av-kzh28y31-3812037cdcadabd52bc79c9ffd0a1dec__0  av-single-slide slide-1 slide-odd'><div data-rel='slideshow-1' class='avia-slide-wrap '   ><div class='av-slideshow-caption av-kzh28y31-3812037cdcadabd52bc79c9ffd0a1dec__0 caption_fullwidth caption_left caption_left_framed caption_framed'><div class=\"container caption_container\"><div class=\"slideshow_caption\"><div class=\"slideshow_inner_caption\"><div class=\"slideshow_align_caption\"><h2 class='avia-caption-title '  itemprop=\"name\" >Un r\u00e9seau mondial d\u2019ing\u00e9nieurs Integra\u2122 \u00e0 votre service<\/h2><\/div><\/div><\/div><\/div><\/div><img decoding=\"async\" fetchpriority=\"high\" class=\"wp-image-18553 avia-img-lazy-loading-not-18553\"  src=\"https:\/\/welding-alloys.zerobox.co.za\/wp-content\/uploads\/2022\/02\/contact-banner.jpg\" width=\"1280\" height=\"315\" title='contact banner' alt='contact banner'  itemprop=\"thumbnailUrl\"  style='min-height:250px; min-width:1016px; ' srcset=\"https:\/\/welding-alloys.zerobox.co.za\/wp-content\/uploads\/2022\/02\/contact-banner.jpg 1280w, https:\/\/welding-alloys.zerobox.co.za\/wp-content\/uploads\/2022\/02\/contact-banner-600x148.jpg 600w, https:\/\/welding-alloys.zerobox.co.za\/wp-content\/uploads\/2022\/02\/contact-banner-300x74.jpg 300w, https:\/\/welding-alloys.zerobox.co.za\/wp-content\/uploads\/2022\/02\/contact-banner-500x123.jpg 500w\" sizes=\"(max-width: 1280px) 100vw, 1280px\" \/><\/div><\/li><\/ul><\/div><\/div>\n<div id='av_section_1'  class='avia-section av-3k1vf28-00a76d537e33a8ae8c0d3c166d49b897 alternate_color avia-section-small avia-no-border-styling  avia-builder-el-1  el_after_av_slideshow_full  el_before_av_section  breadcrumb-container avia-bg-style-scroll container_wrap sidebar_left'  ><div class='container av-section-cont-open' ><div class='template-page content  av-content-small units'><div class='post-entry post-entry-type-page post-entry-24423'><div class='entry-content-wrapper clearfix'>\n\n\n<\/div><\/div><\/div><!-- close content main div --><\/div><\/div><div id='av_section_2'  class='avia-section av-2n6zedc-a9ccf68d5eb11f5ed64863a51c8b4592 main_color avia-section-default avia-no-border-styling  avia-builder-el-3  el_after_av_section  avia-builder-el-last  avia-bg-style-scroll container_wrap sidebar_left'  ><div class='container av-section-cont-open' ><div class='template-page content  av-content-small units'><div class='post-entry post-entry-type-page post-entry-24423'><div class='entry-content-wrapper clearfix'>\n<div  class='flex_column av-21qb1hc-d24a239ca0d60ef914bff3e9092480c1 av_three_fifth  avia-builder-el-4  el_before_av_two_fifth  avia-builder-el-first  first flex_column_div  '     ><p>\n<style type=\"text\/css\" data-created_by=\"avia_inline_auto\" id=\"style-css-av-kzh28k32-d86ab01fc91f03cd42e4e03672cbe308\">\n#top .av-special-heading.av-kzh28k32-d86ab01fc91f03cd42e4e03672cbe308{\npadding-bottom:10px;\n}\nbody .av-special-heading.av-kzh28k32-d86ab01fc91f03cd42e4e03672cbe308 .av-special-heading-tag .heading-char{\nfont-size:25px;\n}\n.av-special-heading.av-kzh28k32-d86ab01fc91f03cd42e4e03672cbe308 .av-subheading{\nfont-size:15px;\n}\n<\/style>\n<div  class='av-special-heading av-kzh28k32-d86ab01fc91f03cd42e4e03672cbe308 av-special-heading-h1 blockquote modern-quote  avia-builder-el-5  el_before_av_textblock  avia-builder-el-first '><h1 class='av-special-heading-tag '  itemprop=\"headline\"  >Une Pr\u00e9sence mondiale<\/h1><div class=\"special-heading-border\"><div class=\"special-heading-inner-border\"><\/div><\/div><\/div><br \/>\n<section  class='av_textblock_section av-kzh299ef-22148cff71d510e24d8082d4d8690501 '   itemscope=\"itemscope\" itemtype=\"https:\/\/schema.org\/CreativeWork\" ><div class='avia_textblock'  itemprop=\"text\" ><p>Nos \u00e9quipes exp\u00e9riment\u00e9es d\u2019ing\u00e9nieurs, de techniciens et de soudeurs qualifi\u00e9s Integra\u2122 sont r\u00e9parties strat\u00e9giquement dans 25 centres de service Integra\u2122 \u00e0 travers le monde. Nous disposons d\u2019une grande expertise et nous \u00e9valuons, analysons, recommandons, concevons, optimisons et fabriquons des solutions pour une protection anti-usure efficace dans la plupart des industries. Nos experts b\u00e9n\u00e9ficient de connaissances approfondies et d\u2019une exp\u00e9rience acquise depuis plus de 60 ans, ce qui nous permet de fournir \u00e0 nos clients les meilleures solutions disponibles.<\/p>\n<p>Notre division Integra\u2122 est sp\u00e9cialis\u00e9e dans la fourniture de services de soudage en interne ou in-situ, en utilisant nos propres consommables de soudage avanc\u00e9s et machines de pointe pour le <a href=\"https:\/\/welding-alloys.zerobox.co.za\/fr\/application\/consommables-de-soudage-de-rechargement\/\">rechargement dur<\/a>, le placage et la fabrication de nouveaux composants ou la r\u00e9paration de composants existants. Notre connaissance des conditions de service des composants us\u00e9s nous permet de recommander les m\u00e9thodes et consommables de soudage les plus adapt\u00e9s. Nos solutions offrent une dur\u00e9e de vie exceptionnelle aux composants, d\u00e9passant syst\u00e9matiquement les performances de la pi\u00e8ce d\u2019origine avec comme objectif ultime la r\u00e9duction du TCO.<\/p>\n<\/div><\/section><\/p><\/div><div  class='flex_column av-6l5alc-2ed757532eea05acf535745dd9b3fe33 av_two_fifth  avia-builder-el-7  el_after_av_three_fifth  avia-builder-el-last  flex_column_div  '     ><p><div  class='avia-button-wrap av-l13bbeqp-52b9aa9b8d8646e359995da4bc106e3b-wrap avia-button-center  avia-builder-el-8  el_before_av_button  avia-builder-el-first  margin-bottom-10 text-left'><a href='https:\/\/welding-alloys.zerobox.co.za\/fr\/contactez-un-expert-integra\/?iframe=true&amp;product_id=24423'  class='avia-button av-l13bbeqp-52b9aa9b8d8646e359995da4bc106e3b av-link-btn avia-icon_select-yes-right-icon avia-size-medium avia-position-center avia-color-theme-color'  rel=\"nofollow\"  aria-label=\"Contacter un expert\"><span class='avia_iconbox_title' >Contacter un expert<\/span><span class='avia_button_icon avia_button_icon_right avia-iconfont avia-font-custom' data-av_icon='\ue803' data-av_iconfont='custom' ><\/span><\/a><\/div><br \/>\n<div  class='avia-button-wrap av-l13bcdvh-13a0b4ab53f3d950ed8f882f6f8a5c24-wrap avia-button-center  avia-builder-el-9  el_after_av_button  el_before_av_iconlist  text-left'><a href='https:\/\/welding-alloys.zerobox.co.za\/fr\/demander-un-audit-dusure\/?iframe=true&amp;product_id=24423'  class='avia-button av-l13bcdvh-13a0b4ab53f3d950ed8f882f6f8a5c24 av-link-btn avia-icon_select-yes-left-icon avia-size-medium avia-position-center avia-color-dark'  rel=\"nofollow\"  aria-label=\"Demander un audit d\u2019usure\"><span class='avia_button_icon avia_button_icon_left avia-iconfont avia-font-entypo-fontello' data-av_icon='\ue8d1' data-av_iconfont='entypo-fontello' ><\/span><span class='avia_iconbox_title' >Demander un audit d\u2019usure<\/span><\/a><\/div><br \/>\n<div  class='avia-icon-list-container av-ltqj7jg6-25cc0644cefc7a1b746d0b27268c4db0  avia-builder-el-10  el_after_av_button  avia-builder-el-last  link-list margin-top-0'><ul class='avia-icon-list avia_animate_when_almost_visible avia-icon-list-left av-iconlist-small av-ltqj7jg6-25cc0644cefc7a1b746d0b27268c4db0 avia-iconlist-animate'>\n<li><div class='iconlist_icon av-ltqj7gre-0b296ddbdec0582b0dca6744e9951574 avia-font-custom avia-iconfont avia-font-custom'><span class='av-icon-char' data-av_icon='\ue800' data-av_iconfont='custom' aria-hidden=\"true\"><\/span><\/div><article class=\"article-icon-entry av-iconlist-empty\"  itemscope=\"itemscope\" itemtype=\"https:\/\/schema.org\/CreativeWork\" ><div class=\"iconlist_content_wrap\"><header class=\"entry-content-header\" aria-label=\"Ic\u00f4ne : &lt;a href=&#039;https:\/\/welding-alloys.zerobox.co.za\/fr\/societe\/presence\/&#039; title=&#039;o\u00f9 nous trouver&#039;&gt;o\u00f9 nous trouver&lt;\/a&gt;\"><div class='av_iconlist_title iconlist_title_small  '  itemprop=\"headline\" ><a href='https:\/\/welding-alloys.zerobox.co.za\/fr\/societe\/presence\/' title='o\u00f9 nous trouver'>o\u00f9 nous trouver<\/a><\/div><\/header><div class='iconlist_content '  itemprop=\"text\" ><\/div><\/div><footer class=\"entry-footer\"><\/footer><\/article><div class=\"iconlist-timeline\"><\/div><\/li>\n<\/ul><\/div><\/p><\/div><\/div><\/div><\/div><!-- close content main div --><\/div><\/div><div id='after_section_2'  class='main_color av_default_container_wrap container_wrap sidebar_left'  ><div class='container av-section-cont-open' ><div class='template-page content  av-content-small units'><div class='post-entry post-entry-type-page post-entry-24423'><div class='entry-content-wrapper clearfix'>\n","protected":false},"excerpt":{"rendered":"<p>Une \u00e9quipe exp\u00e9riment\u00e9e d&#8217;ing\u00e9nieurs, de techniciens et de soudeurs qualifi\u00e9s Integra, strat\u00e9giquement situ\u00e9s dans le monde entier.<\/p>\n","protected":false},"author":1,"featured_media":0,"parent":24696,"menu_order":0,"comment_status":"closed","ping_status":"open","template":"","meta":{"_acf_changed":false,"_relevanssi_hide_post":"","_relevanssi_hide_content":"","_relevanssi_pin_for_all":"","_relevanssi_pin_keywords":"","_relevanssi_unpin_keywords":"","_relevanssi_related_keywords":"","_relevanssi_related_include_ids":"","_relevanssi_related_exclude_ids":"","_relevanssi_related_no_append":"","_relevanssi_related_not_related":"","_relevanssi_related_posts":"","_relevanssi_noindex_reason":"","inline_featured_image":false,"footnotes":"","_links_to":"","_links_to_target":""},"class_list":["post-24423","page","type-page","status-publish","hentry"],"acf":[],"yoast_head":"<!-- This site is optimized with the Yoast SEO Premium plugin v27.4 (Yoast SEO v27.4) - https:\/\/yoast.com\/product\/yoast-seo-premium-wordpress\/ -->\n<title>Une Pr\u00e9sence mondiale | Welding Alloys<\/title>\n<meta name=\"description\" content=\"Une \u00e9quipe exp\u00e9riment\u00e9e d&#039;ing\u00e9nieurs, de techniciens et de soudeurs qualifi\u00e9s Integra, strat\u00e9giquement situ\u00e9s dans le monde entier.\" \/>\n<meta name=\"robots\" content=\"noindex, follow, max-snippet:-1, max-image-preview:large, max-video-preview:-1\" \/>\n<meta property=\"og:locale\" content=\"fr_FR\" \/>\n<meta property=\"og:type\" content=\"article\" \/>\n<meta property=\"og:title\" content=\"Une Pr\u00e9sence mondiale\" \/>\n<meta property=\"og:description\" content=\"Une \u00e9quipe exp\u00e9riment\u00e9e d&#039;ing\u00e9nieurs, de techniciens et de soudeurs qualifi\u00e9s Integra, strat\u00e9giquement situ\u00e9s dans le monde entier.\" \/>\n<meta property=\"og:url\" content=\"https:\/\/welding-alloys.zerobox.co.za\/fr\/services\/prestations-de-services-integra\/une-presence-mondiale\/\" \/>\n<meta property=\"og:site_name\" content=\"Welding Alloys\" \/>\n<meta property=\"article:publisher\" content=\"https:\/\/www.facebook.com\/weldingalloysgroup\" \/>\n<meta property=\"article:modified_time\" content=\"2026-01-12T07:42:50+00:00\" \/>\n<meta property=\"og:image\" content=\"https:\/\/welding-alloys.zerobox.co.za\/wp-content\/uploads\/2022\/02\/logo.png\" \/>\n\t<meta property=\"og:image:width\" content=\"542\" \/>\n\t<meta property=\"og:image:height\" content=\"279\" \/>\n\t<meta property=\"og:image:type\" content=\"image\/png\" \/>\n<meta name=\"twitter:card\" content=\"summary_large_image\" \/>\n<meta name=\"twitter:label1\" content=\"Dur\u00e9e de lecture estim\u00e9e\" \/>\n\t<meta name=\"twitter:data1\" content=\"2 minutes\" \/>\n<script type=\"application\/ld+json\" class=\"yoast-schema-graph\">{\"@context\":\"https:\\\/\\\/schema.org\",\"@graph\":[{\"@type\":\"WebPage\",\"@id\":\"https:\\\/\\\/welding-alloys.zerobox.co.za\\\/fr\\\/services\\\/prestations-de-services-integra\\\/une-presence-mondiale\\\/\",\"url\":\"https:\\\/\\\/welding-alloys.zerobox.co.za\\\/fr\\\/services\\\/prestations-de-services-integra\\\/une-presence-mondiale\\\/\",\"name\":\"Une Pr\u00e9sence mondiale | Welding Alloys\",\"isPartOf\":{\"@id\":\"https:\\\/\\\/welding-alloys.zerobox.co.za\\\/fr\\\/#website\"},\"datePublished\":\"2022-02-06T23:51:37+00:00\",\"dateModified\":\"2026-01-12T07:42:50+00:00\",\"description\":\"Une \u00e9quipe exp\u00e9riment\u00e9e d'ing\u00e9nieurs, de techniciens et de soudeurs qualifi\u00e9s Integra, strat\u00e9giquement situ\u00e9s dans le monde entier.\",\"breadcrumb\":{\"@id\":\"https:\\\/\\\/welding-alloys.zerobox.co.za\\\/fr\\\/services\\\/prestations-de-services-integra\\\/une-presence-mondiale\\\/#breadcrumb\"},\"inLanguage\":\"fr-FR\",\"potentialAction\":[{\"@type\":\"ReadAction\",\"target\":[\"https:\\\/\\\/welding-alloys.zerobox.co.za\\\/fr\\\/services\\\/prestations-de-services-integra\\\/une-presence-mondiale\\\/\"]}]},{\"@type\":\"BreadcrumbList\",\"@id\":\"https:\\\/\\\/welding-alloys.zerobox.co.za\\\/fr\\\/services\\\/prestations-de-services-integra\\\/une-presence-mondiale\\\/#breadcrumb\",\"itemListElement\":[{\"@type\":\"ListItem\",\"position\":1,\"name\":\"Home\",\"item\":\"https:\\\/\\\/welding-alloys.zerobox.co.za\\\/fr\\\/accueil\\\/\"},{\"@type\":\"ListItem\",\"position\":2,\"name\":\"Produits et Services\",\"item\":\"https:\\\/\\\/welding-alloys.zerobox.co.za\\\/fr\\\/services\\\/\"},{\"@type\":\"ListItem\",\"position\":3,\"name\":\"Services de lutte contre l&#8217;usure\",\"item\":\"https:\\\/\\\/welding-alloys.zerobox.co.za\\\/fr\\\/services\\\/prestations-de-services-integra\\\/\"},{\"@type\":\"ListItem\",\"position\":4,\"name\":\"Une Pr\u00e9sence mondiale\"}]},{\"@type\":\"WebSite\",\"@id\":\"https:\\\/\\\/welding-alloys.zerobox.co.za\\\/fr\\\/#website\",\"url\":\"https:\\\/\\\/welding-alloys.zerobox.co.za\\\/fr\\\/\",\"name\":\"Welding Alloys\",\"description\":\"Welding Alloys\",\"publisher\":{\"@id\":\"https:\\\/\\\/welding-alloys.zerobox.co.za\\\/fr\\\/#organization\"},\"potentialAction\":[{\"@type\":\"SearchAction\",\"target\":{\"@type\":\"EntryPoint\",\"urlTemplate\":\"https:\\\/\\\/welding-alloys.zerobox.co.za\\\/fr\\\/?s={search_term_string}\"},\"query-input\":{\"@type\":\"PropertyValueSpecification\",\"valueRequired\":true,\"valueName\":\"search_term_string\"}}],\"inLanguage\":\"fr-FR\"},{\"@type\":\"Organization\",\"@id\":\"https:\\\/\\\/welding-alloys.zerobox.co.za\\\/fr\\\/#organization\",\"name\":\"Welding Alloys\",\"url\":\"https:\\\/\\\/welding-alloys.zerobox.co.za\\\/fr\\\/\",\"logo\":{\"@type\":\"ImageObject\",\"inLanguage\":\"fr-FR\",\"@id\":\"https:\\\/\\\/welding-alloys.zerobox.co.za\\\/fr\\\/#\\\/schema\\\/logo\\\/image\\\/\",\"url\":\"https:\\\/\\\/welding-alloys.zerobox.co.za\\\/wp-content\\\/uploads\\\/2022\\\/02\\\/logo.png\",\"contentUrl\":\"https:\\\/\\\/welding-alloys.zerobox.co.za\\\/wp-content\\\/uploads\\\/2022\\\/02\\\/logo.png\",\"width\":542,\"height\":279,\"caption\":\"Welding Alloys\"},\"image\":{\"@id\":\"https:\\\/\\\/welding-alloys.zerobox.co.za\\\/fr\\\/#\\\/schema\\\/logo\\\/image\\\/\"},\"sameAs\":[\"https:\\\/\\\/www.facebook.com\\\/weldingalloysgroup\",\"https:\\\/\\\/www.youtube.com\\\/user\\\/WeldingAlloystv\",\"https:\\\/\\\/www.instagram.com\\\/weldingalloys\\\/\",\"https:\\\/\\\/linkedin.com\\\/company\\\/welding-alloys\"]}]}<\/script>\n<!-- \/ Yoast SEO Premium plugin. -->","yoast_head_json":{"title":"Une Pr\u00e9sence mondiale | Welding Alloys","description":"Une \u00e9quipe exp\u00e9riment\u00e9e d'ing\u00e9nieurs, de techniciens et de soudeurs qualifi\u00e9s Integra, strat\u00e9giquement situ\u00e9s dans le monde entier.","robots":{"index":"noindex","follow":"follow","max-snippet":"max-snippet:-1","max-image-preview":"max-image-preview:large","max-video-preview":"max-video-preview:-1"},"og_locale":"fr_FR","og_type":"article","og_title":"Une Pr\u00e9sence mondiale","og_description":"Une \u00e9quipe exp\u00e9riment\u00e9e d'ing\u00e9nieurs, de techniciens et de soudeurs qualifi\u00e9s Integra, strat\u00e9giquement situ\u00e9s dans le monde entier.","og_url":"https:\/\/welding-alloys.zerobox.co.za\/fr\/services\/prestations-de-services-integra\/une-presence-mondiale\/","og_site_name":"Welding Alloys","article_publisher":"https:\/\/www.facebook.com\/weldingalloysgroup","article_modified_time":"2026-01-12T07:42:50+00:00","og_image":[{"width":542,"height":279,"url":"https:\/\/welding-alloys.zerobox.co.za\/wp-content\/uploads\/2022\/02\/logo.png","type":"image\/png"}],"twitter_card":"summary_large_image","twitter_misc":{"Dur\u00e9e de lecture estim\u00e9e":"2 minutes"},"schema":{"@context":"https:\/\/schema.org","@graph":[{"@type":"WebPage","@id":"https:\/\/welding-alloys.zerobox.co.za\/fr\/services\/prestations-de-services-integra\/une-presence-mondiale\/","url":"https:\/\/welding-alloys.zerobox.co.za\/fr\/services\/prestations-de-services-integra\/une-presence-mondiale\/","name":"Une Pr\u00e9sence mondiale | Welding Alloys","isPartOf":{"@id":"https:\/\/welding-alloys.zerobox.co.za\/fr\/#website"},"datePublished":"2022-02-06T23:51:37+00:00","dateModified":"2026-01-12T07:42:50+00:00","description":"Une \u00e9quipe exp\u00e9riment\u00e9e d'ing\u00e9nieurs, de techniciens et de soudeurs qualifi\u00e9s Integra, strat\u00e9giquement situ\u00e9s dans le monde entier.","breadcrumb":{"@id":"https:\/\/welding-alloys.zerobox.co.za\/fr\/services\/prestations-de-services-integra\/une-presence-mondiale\/#breadcrumb"},"inLanguage":"fr-FR","potentialAction":[{"@type":"ReadAction","target":["https:\/\/welding-alloys.zerobox.co.za\/fr\/services\/prestations-de-services-integra\/une-presence-mondiale\/"]}]},{"@type":"BreadcrumbList","@id":"https:\/\/welding-alloys.zerobox.co.za\/fr\/services\/prestations-de-services-integra\/une-presence-mondiale\/#breadcrumb","itemListElement":[{"@type":"ListItem","position":1,"name":"Home","item":"https:\/\/welding-alloys.zerobox.co.za\/fr\/accueil\/"},{"@type":"ListItem","position":2,"name":"Produits et Services","item":"https:\/\/welding-alloys.zerobox.co.za\/fr\/services\/"},{"@type":"ListItem","position":3,"name":"Services de lutte contre l&#8217;usure","item":"https:\/\/welding-alloys.zerobox.co.za\/fr\/services\/prestations-de-services-integra\/"},{"@type":"ListItem","position":4,"name":"Une Pr\u00e9sence mondiale"}]},{"@type":"WebSite","@id":"https:\/\/welding-alloys.zerobox.co.za\/fr\/#website","url":"https:\/\/welding-alloys.zerobox.co.za\/fr\/","name":"Welding Alloys","description":"Welding Alloys","publisher":{"@id":"https:\/\/welding-alloys.zerobox.co.za\/fr\/#organization"},"potentialAction":[{"@type":"SearchAction","target":{"@type":"EntryPoint","urlTemplate":"https:\/\/welding-alloys.zerobox.co.za\/fr\/?s={search_term_string}"},"query-input":{"@type":"PropertyValueSpecification","valueRequired":true,"valueName":"search_term_string"}}],"inLanguage":"fr-FR"},{"@type":"Organization","@id":"https:\/\/welding-alloys.zerobox.co.za\/fr\/#organization","name":"Welding Alloys","url":"https:\/\/welding-alloys.zerobox.co.za\/fr\/","logo":{"@type":"ImageObject","inLanguage":"fr-FR","@id":"https:\/\/welding-alloys.zerobox.co.za\/fr\/#\/schema\/logo\/image\/","url":"https:\/\/welding-alloys.zerobox.co.za\/wp-content\/uploads\/2022\/02\/logo.png","contentUrl":"https:\/\/welding-alloys.zerobox.co.za\/wp-content\/uploads\/2022\/02\/logo.png","width":542,"height":279,"caption":"Welding Alloys"},"image":{"@id":"https:\/\/welding-alloys.zerobox.co.za\/fr\/#\/schema\/logo\/image\/"},"sameAs":["https:\/\/www.facebook.com\/weldingalloysgroup","https:\/\/www.youtube.com\/user\/WeldingAlloystv","https:\/\/www.instagram.com\/weldingalloys\/","https:\/\/linkedin.com\/company\/welding-alloys"]}]}},"_links":{"self":[{"href":"https:\/\/welding-alloys.zerobox.co.za\/fr\/wp-json\/wp\/v2\/pages\/24423","targetHints":{"allow":["GET"]}}],"collection":[{"href":"https:\/\/welding-alloys.zerobox.co.za\/fr\/wp-json\/wp\/v2\/pages"}],"about":[{"href":"https:\/\/welding-alloys.zerobox.co.za\/fr\/wp-json\/wp\/v2\/types\/page"}],"author":[{"embeddable":true,"href":"https:\/\/welding-alloys.zerobox.co.za\/fr\/wp-json\/wp\/v2\/users\/1"}],"replies":[{"embeddable":true,"href":"https:\/\/welding-alloys.zerobox.co.za\/fr\/wp-json\/wp\/v2\/comments?post=24423"}],"version-history":[{"count":4,"href":"https:\/\/welding-alloys.zerobox.co.za\/fr\/wp-json\/wp\/v2\/pages\/24423\/revisions"}],"predecessor-version":[{"id":62718,"href":"https:\/\/welding-alloys.zerobox.co.za\/fr\/wp-json\/wp\/v2\/pages\/24423\/revisions\/62718"}],"up":[{"embeddable":true,"href":"https:\/\/welding-alloys.zerobox.co.za\/fr\/wp-json\/wp\/v2\/pages\/24696"}],"wp:attachment":[{"href":"https:\/\/welding-alloys.zerobox.co.za\/fr\/wp-json\/wp\/v2\/media?parent=24423"}],"curies":[{"name":"wp","href":"https:\/\/api.w.org\/{rel}","templated":true}]}}