{"id":35437,"date":"2022-07-04T10:01:39","date_gmt":"2022-07-04T08:01:39","guid":{"rendered":"https:\/\/welding-alloys.zerobox.co.za\/product\/maquina-de-soldadura-de-equipo-de-revestimiento-del-interior-de-tuberias\/"},"modified":"2024-04-03T11:48:21","modified_gmt":"2024-04-03T09:48:21","slug":"maquina-de-soldadura-internal-pipe-cladder","status":"publish","type":"product","link":"https:\/\/welding-alloys.zerobox.co.za\/es\/producto\/maquina-de-soldadura-internal-pipe-cladder\/","title":{"rendered":"M\u00e1quina de soldadura &#8211; Internal Pipe Cladder"},"content":{"rendered":"<p>La m\u00e1quina de soldadura para revestimiento interior de tuber\u00edas es una m\u00e1quina automatizada que se puede adaptar por completo y est\u00e1 dise\u00f1ada para la soldadura interior de tuber\u00edas. La m\u00e1quina se combina con los consumibles de Welding Alloys y ofrece una soluci\u00f3n especial para proteger las tuber\u00edas del desgaste por corrosi\u00f3n y abrasi\u00f3n. Nuestra m\u00e1quina es empleada en las industrias del carb\u00f3n,  petr\u00f3leo y el gas, construcci\u00f3n civil, industria naval, sider\u00fargica y cementera.<\/p>\n<p>Con esta m\u00e1quina es posible la rotaci\u00f3n del componente usando las partes firmes de la tuber\u00eda como apoyo. El movimiento de la pistola de soldadura est\u00e1 controlado en el eje lineal X,Y,Z e incluye un sistema de alimentaci\u00f3n de alambre. El sistema de control integrado y la tracci\u00f3n del motor garantizan que la m\u00e1quina ofrezca una soluci\u00f3n completamente automatizada.<\/p>\n","protected":false},"excerpt":{"rendered":"<p>M\u00e1quina de soldadura especialmente dise\u00f1ada para el revestimiento del interior de tuber\u00edas.<\/p>\n","protected":false},"featured_media":8656,"comment_status":"closed","ping_status":"closed","template":"","meta":{"_acf_changed":false,"_relevanssi_hide_post":"","_relevanssi_hide_content":"","_relevanssi_pin_for_all":"","_relevanssi_pin_keywords":"","_relevanssi_unpin_keywords":"","_relevanssi_related_keywords":"","_relevanssi_related_include_ids":"","_relevanssi_related_exclude_ids":"","_relevanssi_related_no_append":"","_relevanssi_related_not_related":"","_relevanssi_related_posts":"","_relevanssi_noindex_reason":"","inline_featured_image":false,"_links_to":"","_links_to_target":""},"product_brand":[],"product_cat":[3296],"product_tag":[],"application":[],"alloy_type":[],"family_name":[],"welding_process":[],"welding_position":[],"control_system":[10893],"datasheet":[],"industry":[],"base_metal_to_weld":[],"wear_type":[],"hardness":[],"aws_classification":[],"en_iso_classification":[],"machine_expert":[3416],"industry_application":[],"industry_expert":[],"hardness_range":[],"class_list":{"0":"post-35437","1":"product","2":"type-product","3":"status-publish","4":"has-post-thumbnail","6":"product_cat-maquinas-a-medida","7":"control_system-d3-touch","8":"machine_expert-guillaume-roeckel-es","10":"first","11":"instock","12":"purchasable","13":"product-type-simple"},"acf":[],"yoast_head":"<!-- This site is optimized with the Yoast SEO Premium plugin v27.4 (Yoast SEO v27.4) - https:\/\/yoast.com\/product\/yoast-seo-premium-wordpress\/ -->\n<title>M\u00e1quina de soldadura de equipo de revestimiento del interior de tuber\u00edas<\/title>\n<meta name=\"description\" content=\"M\u00e1quina de soldadura especialmente dise\u00f1ada para el revestimiento de soldadura de orificios del interior de tuber\u00edas.\" \/>\n<meta name=\"robots\" content=\"noindex, follow, max-snippet:-1, max-image-preview:large, max-video-preview:-1\" \/>\n<meta property=\"og:locale\" content=\"es_ES\" \/>\n<meta property=\"og:type\" content=\"article\" \/>\n<meta property=\"og:title\" content=\"M\u00e1quina de soldadura - Internal Pipe Cladder\" \/>\n<meta property=\"og:description\" content=\"M\u00e1quina de soldadura especialmente dise\u00f1ada para el revestimiento de soldadura de orificios del interior de tuber\u00edas.\" \/>\n<meta property=\"og:url\" content=\"https:\/\/welding-alloys.zerobox.co.za\/es\/producto\/maquina-de-soldadura-internal-pipe-cladder\/\" \/>\n<meta property=\"og:site_name\" content=\"Welding Alloys\" \/>\n<meta property=\"article:publisher\" content=\"https:\/\/www.facebook.com\/weldingalloysgroup\" \/>\n<meta property=\"article:modified_time\" content=\"2024-04-03T09:48:21+00:00\" \/>\n<meta property=\"og:image\" content=\"https:\/\/welding-alloys.zerobox.co.za\/wp-content\/uploads\/2021\/12\/Pipe-cladder.jpg\" \/>\n\t<meta property=\"og:image:width\" content=\"1000\" \/>\n\t<meta property=\"og:image:height\" content=\"1000\" \/>\n\t<meta property=\"og:image:type\" content=\"image\/jpeg\" \/>\n<meta name=\"twitter:card\" content=\"summary_large_image\" \/>\n<meta name=\"twitter:label1\" content=\"Precio\" \/>\n\t<meta name=\"twitter:data1\" content=\"&#036;0.00\" \/>\n\t<meta name=\"twitter:label2\" content=\"Disponibilidad\" \/>\n\t<meta name=\"twitter:data2\" content=\"Disponible\" \/>\n<script type=\"application\/ld+json\" class=\"yoast-schema-graph\">{\"@context\":\"https:\\\/\\\/schema.org\",\"@graph\":[{\"@type\":\"WebPage\",\"@id\":\"https:\\\/\\\/welding-alloys.zerobox.co.za\\\/es\\\/producto\\\/maquina-de-soldadura-internal-pipe-cladder\\\/\",\"url\":\"https:\\\/\\\/welding-alloys.zerobox.co.za\\\/es\\\/producto\\\/maquina-de-soldadura-internal-pipe-cladder\\\/\",\"name\":\"M\u00e1quina de soldadura de equipo de revestimiento del interior de tuber\u00edas\",\"isPartOf\":{\"@id\":\"https:\\\/\\\/welding-alloys.zerobox.co.za\\\/es\\\/#website\"},\"primaryImageOfPage\":{\"@id\":\"https:\\\/\\\/welding-alloys.zerobox.co.za\\\/es\\\/producto\\\/maquina-de-soldadura-internal-pipe-cladder\\\/#primaryimage\"},\"image\":{\"@id\":\"https:\\\/\\\/welding-alloys.zerobox.co.za\\\/es\\\/producto\\\/maquina-de-soldadura-internal-pipe-cladder\\\/#primaryimage\"},\"thumbnailUrl\":\"https:\\\/\\\/welding-alloys.zerobox.co.za\\\/wp-content\\\/uploads\\\/2021\\\/12\\\/Pipe-cladder.jpg\",\"datePublished\":\"2022-07-04T08:01:39+00:00\",\"dateModified\":\"2024-04-03T09:48:21+00:00\",\"description\":\"M\u00e1quina de soldadura especialmente dise\u00f1ada para el revestimiento de soldadura de orificios del interior de tuber\u00edas.\",\"breadcrumb\":{\"@id\":\"https:\\\/\\\/welding-alloys.zerobox.co.za\\\/es\\\/producto\\\/maquina-de-soldadura-internal-pipe-cladder\\\/#breadcrumb\"},\"inLanguage\":\"es\",\"potentialAction\":[{\"@type\":\"ReadAction\",\"target\":[\"https:\\\/\\\/welding-alloys.zerobox.co.za\\\/es\\\/producto\\\/maquina-de-soldadura-internal-pipe-cladder\\\/\"]}]},{\"@type\":\"ImageObject\",\"inLanguage\":\"es\",\"@id\":\"https:\\\/\\\/welding-alloys.zerobox.co.za\\\/es\\\/producto\\\/maquina-de-soldadura-internal-pipe-cladder\\\/#primaryimage\",\"url\":\"https:\\\/\\\/welding-alloys.zerobox.co.za\\\/wp-content\\\/uploads\\\/2021\\\/12\\\/Pipe-cladder.jpg\",\"contentUrl\":\"https:\\\/\\\/welding-alloys.zerobox.co.za\\\/wp-content\\\/uploads\\\/2021\\\/12\\\/Pipe-cladder.jpg\",\"width\":1000,\"height\":1000,\"caption\":\"Pipe cladder\"},{\"@type\":\"BreadcrumbList\",\"@id\":\"https:\\\/\\\/welding-alloys.zerobox.co.za\\\/es\\\/producto\\\/maquina-de-soldadura-internal-pipe-cladder\\\/#breadcrumb\",\"itemListElement\":[{\"@type\":\"ListItem\",\"position\":1,\"name\":\"Home\",\"item\":\"https:\\\/\\\/welding-alloys.zerobox.co.za\\\/es\\\/inicio\\\/\"},{\"@type\":\"ListItem\",\"position\":2,\"name\":\"Productos y servicios\",\"item\":\"https:\\\/\\\/welding-alloys.zerobox.co.za\\\/es\\\/productos-y-servicios\\\/\"},{\"@type\":\"ListItem\",\"position\":3,\"name\":\"M\u00e1quina de soldadura &#8211; Internal Pipe Cladder\"}]},{\"@type\":\"WebSite\",\"@id\":\"https:\\\/\\\/welding-alloys.zerobox.co.za\\\/es\\\/#website\",\"url\":\"https:\\\/\\\/welding-alloys.zerobox.co.za\\\/es\\\/\",\"name\":\"Welding Alloys\",\"description\":\"Welding Alloys\",\"publisher\":{\"@id\":\"https:\\\/\\\/welding-alloys.zerobox.co.za\\\/es\\\/#organization\"},\"potentialAction\":[{\"@type\":\"SearchAction\",\"target\":{\"@type\":\"EntryPoint\",\"urlTemplate\":\"https:\\\/\\\/welding-alloys.zerobox.co.za\\\/es\\\/?s={search_term_string}\"},\"query-input\":{\"@type\":\"PropertyValueSpecification\",\"valueRequired\":true,\"valueName\":\"search_term_string\"}}],\"inLanguage\":\"es\"},{\"@type\":\"Organization\",\"@id\":\"https:\\\/\\\/welding-alloys.zerobox.co.za\\\/es\\\/#organization\",\"name\":\"Welding Alloys\",\"url\":\"https:\\\/\\\/welding-alloys.zerobox.co.za\\\/es\\\/\",\"logo\":{\"@type\":\"ImageObject\",\"inLanguage\":\"es\",\"@id\":\"https:\\\/\\\/welding-alloys.zerobox.co.za\\\/es\\\/#\\\/schema\\\/logo\\\/image\\\/\",\"url\":\"https:\\\/\\\/welding-alloys.zerobox.co.za\\\/wp-content\\\/uploads\\\/2022\\\/02\\\/logo.png\",\"contentUrl\":\"https:\\\/\\\/welding-alloys.zerobox.co.za\\\/wp-content\\\/uploads\\\/2022\\\/02\\\/logo.png\",\"width\":542,\"height\":279,\"caption\":\"Welding Alloys\"},\"image\":{\"@id\":\"https:\\\/\\\/welding-alloys.zerobox.co.za\\\/es\\\/#\\\/schema\\\/logo\\\/image\\\/\"},\"sameAs\":[\"https:\\\/\\\/www.facebook.com\\\/weldingalloysgroup\",\"https:\\\/\\\/www.youtube.com\\\/user\\\/WeldingAlloystv\",\"https:\\\/\\\/www.instagram.com\\\/weldingalloys\\\/\",\"https:\\\/\\\/linkedin.com\\\/company\\\/welding-alloys\"]}]}<\/script>\n<meta property=\"product:price:amount\" content=\"0.00\" \/>\n<meta property=\"product:price:currency\" content=\"USD\" \/>\n<meta property=\"og:availability\" content=\"instock\" \/>\n<meta property=\"product:availability\" content=\"instock\" \/>\n<meta property=\"product:retailer_item_id\" content=\"internal-pipe-cladder\" \/>\n<meta property=\"product:condition\" content=\"new\" \/>\n<!-- \/ Yoast SEO Premium plugin. -->","yoast_head_json":{"title":"M\u00e1quina de soldadura de equipo de revestimiento del interior de tuber\u00edas","description":"M\u00e1quina de soldadura especialmente dise\u00f1ada para el revestimiento de soldadura de orificios del interior de tuber\u00edas.","robots":{"index":"noindex","follow":"follow","max-snippet":"max-snippet:-1","max-image-preview":"max-image-preview:large","max-video-preview":"max-video-preview:-1"},"og_locale":"es_ES","og_type":"article","og_title":"M\u00e1quina de soldadura - Internal Pipe Cladder","og_description":"M\u00e1quina de soldadura especialmente dise\u00f1ada para el revestimiento de soldadura de orificios del interior de tuber\u00edas.","og_url":"https:\/\/welding-alloys.zerobox.co.za\/es\/producto\/maquina-de-soldadura-internal-pipe-cladder\/","og_site_name":"Welding Alloys","article_publisher":"https:\/\/www.facebook.com\/weldingalloysgroup","article_modified_time":"2024-04-03T09:48:21+00:00","og_image":[{"width":1000,"height":1000,"url":"https:\/\/welding-alloys.zerobox.co.za\/wp-content\/uploads\/2021\/12\/Pipe-cladder.jpg","type":"image\/jpeg"}],"twitter_card":"summary_large_image","twitter_misc":{"Precio":"&#36;0.00","Disponibilidad":"Disponible"},"schema":{"@context":"https:\/\/schema.org","@graph":[{"@type":"WebPage","@id":"https:\/\/welding-alloys.zerobox.co.za\/es\/producto\/maquina-de-soldadura-internal-pipe-cladder\/","url":"https:\/\/welding-alloys.zerobox.co.za\/es\/producto\/maquina-de-soldadura-internal-pipe-cladder\/","name":"M\u00e1quina de soldadura de equipo de revestimiento del interior de tuber\u00edas","isPartOf":{"@id":"https:\/\/welding-alloys.zerobox.co.za\/es\/#website"},"primaryImageOfPage":{"@id":"https:\/\/welding-alloys.zerobox.co.za\/es\/producto\/maquina-de-soldadura-internal-pipe-cladder\/#primaryimage"},"image":{"@id":"https:\/\/welding-alloys.zerobox.co.za\/es\/producto\/maquina-de-soldadura-internal-pipe-cladder\/#primaryimage"},"thumbnailUrl":"https:\/\/welding-alloys.zerobox.co.za\/wp-content\/uploads\/2021\/12\/Pipe-cladder.jpg","datePublished":"2022-07-04T08:01:39+00:00","dateModified":"2024-04-03T09:48:21+00:00","description":"M\u00e1quina de soldadura especialmente dise\u00f1ada para el revestimiento de soldadura de orificios del interior de tuber\u00edas.","breadcrumb":{"@id":"https:\/\/welding-alloys.zerobox.co.za\/es\/producto\/maquina-de-soldadura-internal-pipe-cladder\/#breadcrumb"},"inLanguage":"es","potentialAction":[{"@type":"ReadAction","target":["https:\/\/welding-alloys.zerobox.co.za\/es\/producto\/maquina-de-soldadura-internal-pipe-cladder\/"]}]},{"@type":"ImageObject","inLanguage":"es","@id":"https:\/\/welding-alloys.zerobox.co.za\/es\/producto\/maquina-de-soldadura-internal-pipe-cladder\/#primaryimage","url":"https:\/\/welding-alloys.zerobox.co.za\/wp-content\/uploads\/2021\/12\/Pipe-cladder.jpg","contentUrl":"https:\/\/welding-alloys.zerobox.co.za\/wp-content\/uploads\/2021\/12\/Pipe-cladder.jpg","width":1000,"height":1000,"caption":"Pipe cladder"},{"@type":"BreadcrumbList","@id":"https:\/\/welding-alloys.zerobox.co.za\/es\/producto\/maquina-de-soldadura-internal-pipe-cladder\/#breadcrumb","itemListElement":[{"@type":"ListItem","position":1,"name":"Home","item":"https:\/\/welding-alloys.zerobox.co.za\/es\/inicio\/"},{"@type":"ListItem","position":2,"name":"Productos y servicios","item":"https:\/\/welding-alloys.zerobox.co.za\/es\/productos-y-servicios\/"},{"@type":"ListItem","position":3,"name":"M\u00e1quina de soldadura &#8211; Internal Pipe Cladder"}]},{"@type":"WebSite","@id":"https:\/\/welding-alloys.zerobox.co.za\/es\/#website","url":"https:\/\/welding-alloys.zerobox.co.za\/es\/","name":"Welding Alloys","description":"Welding Alloys","publisher":{"@id":"https:\/\/welding-alloys.zerobox.co.za\/es\/#organization"},"potentialAction":[{"@type":"SearchAction","target":{"@type":"EntryPoint","urlTemplate":"https:\/\/welding-alloys.zerobox.co.za\/es\/?s={search_term_string}"},"query-input":{"@type":"PropertyValueSpecification","valueRequired":true,"valueName":"search_term_string"}}],"inLanguage":"es"},{"@type":"Organization","@id":"https:\/\/welding-alloys.zerobox.co.za\/es\/#organization","name":"Welding Alloys","url":"https:\/\/welding-alloys.zerobox.co.za\/es\/","logo":{"@type":"ImageObject","inLanguage":"es","@id":"https:\/\/welding-alloys.zerobox.co.za\/es\/#\/schema\/logo\/image\/","url":"https:\/\/welding-alloys.zerobox.co.za\/wp-content\/uploads\/2022\/02\/logo.png","contentUrl":"https:\/\/welding-alloys.zerobox.co.za\/wp-content\/uploads\/2022\/02\/logo.png","width":542,"height":279,"caption":"Welding Alloys"},"image":{"@id":"https:\/\/welding-alloys.zerobox.co.za\/es\/#\/schema\/logo\/image\/"},"sameAs":["https:\/\/www.facebook.com\/weldingalloysgroup","https:\/\/www.youtube.com\/user\/WeldingAlloystv","https:\/\/www.instagram.com\/weldingalloys\/","https:\/\/linkedin.com\/company\/welding-alloys"]}]},"product_price_amount":"0.00","product_price_currency":"USD","og_availability":"instock","product_availability":"instock","product_retailer_item_id":"internal-pipe-cladder","product_condition":"new"},"_links":{"self":[{"href":"https:\/\/welding-alloys.zerobox.co.za\/es\/wp-json\/wp\/v2\/product\/35437","targetHints":{"allow":["GET"]}}],"collection":[{"href":"https:\/\/welding-alloys.zerobox.co.za\/es\/wp-json\/wp\/v2\/product"}],"about":[{"href":"https:\/\/welding-alloys.zerobox.co.za\/es\/wp-json\/wp\/v2\/types\/product"}],"replies":[{"embeddable":true,"href":"https:\/\/welding-alloys.zerobox.co.za\/es\/wp-json\/wp\/v2\/comments?post=35437"}],"wp:featuredmedia":[{"embeddable":true,"href":"https:\/\/welding-alloys.zerobox.co.za\/es\/wp-json\/wp\/v2\/media\/8656"}],"wp:attachment":[{"href":"https:\/\/welding-alloys.zerobox.co.za\/es\/wp-json\/wp\/v2\/media?parent=35437"}],"wp:term":[{"taxonomy":"product_brand","embeddable":true,"href":"https:\/\/welding-alloys.zerobox.co.za\/es\/wp-json\/wp\/v2\/product_brand?post=35437"},{"taxonomy":"product_cat","embeddable":true,"href":"https:\/\/welding-alloys.zerobox.co.za\/es\/wp-json\/wp\/v2\/product_cat?post=35437"},{"taxonomy":"product_tag","embeddable":true,"href":"https:\/\/welding-alloys.zerobox.co.za\/es\/wp-json\/wp\/v2\/product_tag?post=35437"},{"taxonomy":"application","embeddable":true,"href":"https:\/\/welding-alloys.zerobox.co.za\/es\/wp-json\/wp\/v2\/application?post=35437"},{"taxonomy":"alloy_type","embeddable":true,"href":"https:\/\/welding-alloys.zerobox.co.za\/es\/wp-json\/wp\/v2\/alloy_type?post=35437"},{"taxonomy":"family_name","embeddable":true,"href":"https:\/\/welding-alloys.zerobox.co.za\/es\/wp-json\/wp\/v2\/family_name?post=35437"},{"taxonomy":"welding_process","embeddable":true,"href":"https:\/\/welding-alloys.zerobox.co.za\/es\/wp-json\/wp\/v2\/welding_process?post=35437"},{"taxonomy":"welding_position","embeddable":true,"href":"https:\/\/welding-alloys.zerobox.co.za\/es\/wp-json\/wp\/v2\/welding_position?post=35437"},{"taxonomy":"control_system","embeddable":true,"href":"https:\/\/welding-alloys.zerobox.co.za\/es\/wp-json\/wp\/v2\/control_system?post=35437"},{"taxonomy":"datasheet","embeddable":true,"href":"https:\/\/welding-alloys.zerobox.co.za\/es\/wp-json\/wp\/v2\/datasheet?post=35437"},{"taxonomy":"industry","embeddable":true,"href":"https:\/\/welding-alloys.zerobox.co.za\/es\/wp-json\/wp\/v2\/industry?post=35437"},{"taxonomy":"base_metal_to_weld","embeddable":true,"href":"https:\/\/welding-alloys.zerobox.co.za\/es\/wp-json\/wp\/v2\/base_metal_to_weld?post=35437"},{"taxonomy":"wear_type","embeddable":true,"href":"https:\/\/welding-alloys.zerobox.co.za\/es\/wp-json\/wp\/v2\/wear_type?post=35437"},{"taxonomy":"hardness","embeddable":true,"href":"https:\/\/welding-alloys.zerobox.co.za\/es\/wp-json\/wp\/v2\/hardness?post=35437"},{"taxonomy":"aws_classification","embeddable":true,"href":"https:\/\/welding-alloys.zerobox.co.za\/es\/wp-json\/wp\/v2\/aws_classification?post=35437"},{"taxonomy":"en_iso_classification","embeddable":true,"href":"https:\/\/welding-alloys.zerobox.co.za\/es\/wp-json\/wp\/v2\/en_iso_classification?post=35437"},{"taxonomy":"machine_expert","embeddable":true,"href":"https:\/\/welding-alloys.zerobox.co.za\/es\/wp-json\/wp\/v2\/machine_expert?post=35437"},{"taxonomy":"industry_application","embeddable":true,"href":"https:\/\/welding-alloys.zerobox.co.za\/es\/wp-json\/wp\/v2\/industry_application?post=35437"},{"taxonomy":"industry_expert","embeddable":true,"href":"https:\/\/welding-alloys.zerobox.co.za\/es\/wp-json\/wp\/v2\/industry_expert?post=35437"},{"taxonomy":"hardness_range","embeddable":true,"href":"https:\/\/welding-alloys.zerobox.co.za\/es\/wp-json\/wp\/v2\/hardness_range?post=35437"}],"curies":[{"name":"wp","href":"https:\/\/api.w.org\/{rel}","templated":true}]}}