{"id":35430,"date":"2022-07-04T10:01:39","date_gmt":"2022-07-04T08:01:39","guid":{"rendered":"https:\/\/welding-alloys.zerobox.co.za\/product\/maquina-de-soldadura-de-equipo-de-molino-de-azucarera\/"},"modified":"2024-04-03T11:48:15","modified_gmt":"2024-04-03T09:48:15","slug":"maquina-de-soldadura-sugar-mill-kit-smk","status":"publish","type":"product","link":"https:\/\/welding-alloys.zerobox.co.za\/es\/producto\/maquina-de-soldadura-sugar-mill-kit-smk\/","title":{"rendered":"M\u00e1quina de soldadura &#8211; Sugar Mill Kit (SMK)"},"content":{"rendered":"<p>El equipo SMK es una m\u00e1quina de soldadura dise\u00f1ada para soldar los rodillos de molienda que se emplean en la industria del az\u00facar. Con esta pieza ligera de maquinaria automatizada, puedes soldar por arco, reconstruir, y soldar el chapisco de los rodillos azucareros para optimizar la eficiencia de molienda y prolongar la vida \u00fatil. La m\u00e1quina tambi\u00e9n se puede emplear para soldar otros componentes utilizados en las azucareras, como las placas de desechos.<\/p>\n<p>La m\u00e1quina SMK, combinada con nuestros alambres tubulares de soldadura de recubrimiento duro especiales para la industria del az\u00facar, ofrece una soluci\u00f3n para molinos de az\u00facar que funciona a nivel mundial.<\/p>\n","protected":false},"excerpt":{"rendered":"<p>M\u00e1quina de soldadura especialmente dise\u00f1ada para el recubrimiento duro de rodillos de molinos azucareros.<\/p>\n","protected":false},"featured_media":40315,"comment_status":"closed","ping_status":"closed","template":"","meta":{"_acf_changed":false,"_relevanssi_hide_post":"","_relevanssi_hide_content":"","_relevanssi_pin_for_all":"","_relevanssi_pin_keywords":"","_relevanssi_unpin_keywords":"","_relevanssi_related_keywords":"","_relevanssi_related_include_ids":"","_relevanssi_related_exclude_ids":"","_relevanssi_related_no_append":"","_relevanssi_related_not_related":"","_relevanssi_related_posts":"","_relevanssi_noindex_reason":"","inline_featured_image":false,"_links_to":"","_links_to_target":""},"product_brand":[],"product_cat":[3303],"product_tag":[],"application":[],"alloy_type":[],"family_name":[],"welding_process":[],"welding_position":[],"control_system":[10883],"datasheet":[5557],"industry":[],"base_metal_to_weld":[],"wear_type":[],"hardness":[],"aws_classification":[],"en_iso_classification":[],"machine_expert":[3416],"industry_application":[],"industry_expert":[],"hardness_range":[],"class_list":{"0":"post-35430","1":"product","2":"type-product","3":"status-publish","4":"has-post-thumbnail","6":"product_cat-maquinas-portatiles-de-soldadura","7":"control_system-d3-pendant-with-4-screen","8":"datasheet-smk-4","9":"machine_expert-guillaume-roeckel-es","11":"first","12":"instock","13":"purchasable","14":"product-type-simple"},"acf":[],"yoast_head":"<!-- This site is optimized with the Yoast SEO Premium plugin v27.4 (Yoast SEO v27.4) - https:\/\/yoast.com\/product\/yoast-seo-premium-wordpress\/ -->\n<title>M\u00e1quina de soldadura de equipo de molino de azucarera<\/title>\n<meta name=\"description\" content=\"M\u00e1quina de soldadura especialmente dise\u00f1ada para el recubrimiento duro de rodillos de azucarera.\" \/>\n<meta name=\"robots\" content=\"noindex, follow, max-snippet:-1, max-image-preview:large, max-video-preview:-1\" \/>\n<meta property=\"og:locale\" content=\"es_ES\" \/>\n<meta property=\"og:type\" content=\"article\" \/>\n<meta property=\"og:title\" content=\"M\u00e1quina de soldadura - Sugar Mill Kit (SMK)\" \/>\n<meta property=\"og:description\" content=\"M\u00e1quina de soldadura especialmente dise\u00f1ada para el recubrimiento duro de rodillos de azucarera.\" \/>\n<meta property=\"og:url\" content=\"https:\/\/welding-alloys.zerobox.co.za\/es\/producto\/maquina-de-soldadura-sugar-mill-kit-smk\/\" \/>\n<meta property=\"og:site_name\" content=\"Welding Alloys\" \/>\n<meta property=\"article:publisher\" content=\"https:\/\/www.facebook.com\/weldingalloysgroup\" \/>\n<meta property=\"article:modified_time\" content=\"2024-04-03T09:48:15+00:00\" \/>\n<meta property=\"og:image\" content=\"https:\/\/welding-alloys.zerobox.co.za\/wp-content\/uploads\/2022\/07\/Sugar-Mill_Kit_00.jpg\" \/>\n\t<meta property=\"og:image:width\" content=\"1000\" \/>\n\t<meta property=\"og:image:height\" content=\"1000\" \/>\n\t<meta property=\"og:image:type\" content=\"image\/jpeg\" \/>\n<meta name=\"twitter:card\" content=\"summary_large_image\" \/>\n<meta name=\"twitter:label1\" content=\"Precio\" \/>\n\t<meta name=\"twitter:data1\" content=\"&#036;0.00\" \/>\n\t<meta name=\"twitter:label2\" content=\"Disponibilidad\" \/>\n\t<meta name=\"twitter:data2\" content=\"Disponible\" \/>\n<script type=\"application\/ld+json\" class=\"yoast-schema-graph\">{\"@context\":\"https:\\\/\\\/schema.org\",\"@graph\":[{\"@type\":\"WebPage\",\"@id\":\"https:\\\/\\\/welding-alloys.zerobox.co.za\\\/es\\\/producto\\\/maquina-de-soldadura-sugar-mill-kit-smk\\\/\",\"url\":\"https:\\\/\\\/welding-alloys.zerobox.co.za\\\/es\\\/producto\\\/maquina-de-soldadura-sugar-mill-kit-smk\\\/\",\"name\":\"M\u00e1quina de soldadura de equipo de molino de azucarera\",\"isPartOf\":{\"@id\":\"https:\\\/\\\/welding-alloys.zerobox.co.za\\\/es\\\/#website\"},\"primaryImageOfPage\":{\"@id\":\"https:\\\/\\\/welding-alloys.zerobox.co.za\\\/es\\\/producto\\\/maquina-de-soldadura-sugar-mill-kit-smk\\\/#primaryimage\"},\"image\":{\"@id\":\"https:\\\/\\\/welding-alloys.zerobox.co.za\\\/es\\\/producto\\\/maquina-de-soldadura-sugar-mill-kit-smk\\\/#primaryimage\"},\"thumbnailUrl\":\"https:\\\/\\\/welding-alloys.zerobox.co.za\\\/wp-content\\\/uploads\\\/2022\\\/07\\\/Sugar-Mill_Kit_00.jpg\",\"datePublished\":\"2022-07-04T08:01:39+00:00\",\"dateModified\":\"2024-04-03T09:48:15+00:00\",\"description\":\"M\u00e1quina de soldadura especialmente dise\u00f1ada para el recubrimiento duro de rodillos de azucarera.\",\"breadcrumb\":{\"@id\":\"https:\\\/\\\/welding-alloys.zerobox.co.za\\\/es\\\/producto\\\/maquina-de-soldadura-sugar-mill-kit-smk\\\/#breadcrumb\"},\"inLanguage\":\"es\",\"potentialAction\":[{\"@type\":\"ReadAction\",\"target\":[\"https:\\\/\\\/welding-alloys.zerobox.co.za\\\/es\\\/producto\\\/maquina-de-soldadura-sugar-mill-kit-smk\\\/\"]}]},{\"@type\":\"ImageObject\",\"inLanguage\":\"es\",\"@id\":\"https:\\\/\\\/welding-alloys.zerobox.co.za\\\/es\\\/producto\\\/maquina-de-soldadura-sugar-mill-kit-smk\\\/#primaryimage\",\"url\":\"https:\\\/\\\/welding-alloys.zerobox.co.za\\\/wp-content\\\/uploads\\\/2022\\\/07\\\/Sugar-Mill_Kit_00.jpg\",\"contentUrl\":\"https:\\\/\\\/welding-alloys.zerobox.co.za\\\/wp-content\\\/uploads\\\/2022\\\/07\\\/Sugar-Mill_Kit_00.jpg\",\"width\":1000,\"height\":1000,\"caption\":\"Sugar Mill Kit 00\"},{\"@type\":\"BreadcrumbList\",\"@id\":\"https:\\\/\\\/welding-alloys.zerobox.co.za\\\/es\\\/producto\\\/maquina-de-soldadura-sugar-mill-kit-smk\\\/#breadcrumb\",\"itemListElement\":[{\"@type\":\"ListItem\",\"position\":1,\"name\":\"Home\",\"item\":\"https:\\\/\\\/welding-alloys.zerobox.co.za\\\/es\\\/inicio\\\/\"},{\"@type\":\"ListItem\",\"position\":2,\"name\":\"Productos y servicios\",\"item\":\"https:\\\/\\\/welding-alloys.zerobox.co.za\\\/es\\\/productos-y-servicios\\\/\"},{\"@type\":\"ListItem\",\"position\":3,\"name\":\"M\u00e1quina de soldadura &#8211; Sugar Mill Kit (SMK)\"}]},{\"@type\":\"WebSite\",\"@id\":\"https:\\\/\\\/welding-alloys.zerobox.co.za\\\/es\\\/#website\",\"url\":\"https:\\\/\\\/welding-alloys.zerobox.co.za\\\/es\\\/\",\"name\":\"Welding Alloys\",\"description\":\"Welding Alloys\",\"publisher\":{\"@id\":\"https:\\\/\\\/welding-alloys.zerobox.co.za\\\/es\\\/#organization\"},\"potentialAction\":[{\"@type\":\"SearchAction\",\"target\":{\"@type\":\"EntryPoint\",\"urlTemplate\":\"https:\\\/\\\/welding-alloys.zerobox.co.za\\\/es\\\/?s={search_term_string}\"},\"query-input\":{\"@type\":\"PropertyValueSpecification\",\"valueRequired\":true,\"valueName\":\"search_term_string\"}}],\"inLanguage\":\"es\"},{\"@type\":\"Organization\",\"@id\":\"https:\\\/\\\/welding-alloys.zerobox.co.za\\\/es\\\/#organization\",\"name\":\"Welding Alloys\",\"url\":\"https:\\\/\\\/welding-alloys.zerobox.co.za\\\/es\\\/\",\"logo\":{\"@type\":\"ImageObject\",\"inLanguage\":\"es\",\"@id\":\"https:\\\/\\\/welding-alloys.zerobox.co.za\\\/es\\\/#\\\/schema\\\/logo\\\/image\\\/\",\"url\":\"https:\\\/\\\/welding-alloys.zerobox.co.za\\\/wp-content\\\/uploads\\\/2022\\\/02\\\/logo.png\",\"contentUrl\":\"https:\\\/\\\/welding-alloys.zerobox.co.za\\\/wp-content\\\/uploads\\\/2022\\\/02\\\/logo.png\",\"width\":542,\"height\":279,\"caption\":\"Welding Alloys\"},\"image\":{\"@id\":\"https:\\\/\\\/welding-alloys.zerobox.co.za\\\/es\\\/#\\\/schema\\\/logo\\\/image\\\/\"},\"sameAs\":[\"https:\\\/\\\/www.facebook.com\\\/weldingalloysgroup\",\"https:\\\/\\\/www.youtube.com\\\/user\\\/WeldingAlloystv\",\"https:\\\/\\\/www.instagram.com\\\/weldingalloys\\\/\",\"https:\\\/\\\/linkedin.com\\\/company\\\/welding-alloys\"]}]}<\/script>\n<meta property=\"product:price:amount\" content=\"0.00\" \/>\n<meta property=\"product:price:currency\" content=\"USD\" \/>\n<meta property=\"og:availability\" content=\"instock\" \/>\n<meta property=\"product:availability\" content=\"instock\" \/>\n<meta property=\"product:retailer_item_id\" content=\"SMK\" \/>\n<meta property=\"product:condition\" content=\"new\" \/>\n<!-- \/ Yoast SEO Premium plugin. -->","yoast_head_json":{"title":"M\u00e1quina de soldadura de equipo de molino de azucarera","description":"M\u00e1quina de soldadura especialmente dise\u00f1ada para el recubrimiento duro de rodillos de azucarera.","robots":{"index":"noindex","follow":"follow","max-snippet":"max-snippet:-1","max-image-preview":"max-image-preview:large","max-video-preview":"max-video-preview:-1"},"og_locale":"es_ES","og_type":"article","og_title":"M\u00e1quina de soldadura - Sugar Mill Kit (SMK)","og_description":"M\u00e1quina de soldadura especialmente dise\u00f1ada para el recubrimiento duro de rodillos de azucarera.","og_url":"https:\/\/welding-alloys.zerobox.co.za\/es\/producto\/maquina-de-soldadura-sugar-mill-kit-smk\/","og_site_name":"Welding Alloys","article_publisher":"https:\/\/www.facebook.com\/weldingalloysgroup","article_modified_time":"2024-04-03T09:48:15+00:00","og_image":[{"width":1000,"height":1000,"url":"https:\/\/welding-alloys.zerobox.co.za\/wp-content\/uploads\/2022\/07\/Sugar-Mill_Kit_00.jpg","type":"image\/jpeg"}],"twitter_card":"summary_large_image","twitter_misc":{"Precio":"&#36;0.00","Disponibilidad":"Disponible"},"schema":{"@context":"https:\/\/schema.org","@graph":[{"@type":"WebPage","@id":"https:\/\/welding-alloys.zerobox.co.za\/es\/producto\/maquina-de-soldadura-sugar-mill-kit-smk\/","url":"https:\/\/welding-alloys.zerobox.co.za\/es\/producto\/maquina-de-soldadura-sugar-mill-kit-smk\/","name":"M\u00e1quina de soldadura de equipo de molino de azucarera","isPartOf":{"@id":"https:\/\/welding-alloys.zerobox.co.za\/es\/#website"},"primaryImageOfPage":{"@id":"https:\/\/welding-alloys.zerobox.co.za\/es\/producto\/maquina-de-soldadura-sugar-mill-kit-smk\/#primaryimage"},"image":{"@id":"https:\/\/welding-alloys.zerobox.co.za\/es\/producto\/maquina-de-soldadura-sugar-mill-kit-smk\/#primaryimage"},"thumbnailUrl":"https:\/\/welding-alloys.zerobox.co.za\/wp-content\/uploads\/2022\/07\/Sugar-Mill_Kit_00.jpg","datePublished":"2022-07-04T08:01:39+00:00","dateModified":"2024-04-03T09:48:15+00:00","description":"M\u00e1quina de soldadura especialmente dise\u00f1ada para el recubrimiento duro de rodillos de azucarera.","breadcrumb":{"@id":"https:\/\/welding-alloys.zerobox.co.za\/es\/producto\/maquina-de-soldadura-sugar-mill-kit-smk\/#breadcrumb"},"inLanguage":"es","potentialAction":[{"@type":"ReadAction","target":["https:\/\/welding-alloys.zerobox.co.za\/es\/producto\/maquina-de-soldadura-sugar-mill-kit-smk\/"]}]},{"@type":"ImageObject","inLanguage":"es","@id":"https:\/\/welding-alloys.zerobox.co.za\/es\/producto\/maquina-de-soldadura-sugar-mill-kit-smk\/#primaryimage","url":"https:\/\/welding-alloys.zerobox.co.za\/wp-content\/uploads\/2022\/07\/Sugar-Mill_Kit_00.jpg","contentUrl":"https:\/\/welding-alloys.zerobox.co.za\/wp-content\/uploads\/2022\/07\/Sugar-Mill_Kit_00.jpg","width":1000,"height":1000,"caption":"Sugar Mill Kit 00"},{"@type":"BreadcrumbList","@id":"https:\/\/welding-alloys.zerobox.co.za\/es\/producto\/maquina-de-soldadura-sugar-mill-kit-smk\/#breadcrumb","itemListElement":[{"@type":"ListItem","position":1,"name":"Home","item":"https:\/\/welding-alloys.zerobox.co.za\/es\/inicio\/"},{"@type":"ListItem","position":2,"name":"Productos y servicios","item":"https:\/\/welding-alloys.zerobox.co.za\/es\/productos-y-servicios\/"},{"@type":"ListItem","position":3,"name":"M\u00e1quina de soldadura &#8211; Sugar Mill Kit (SMK)"}]},{"@type":"WebSite","@id":"https:\/\/welding-alloys.zerobox.co.za\/es\/#website","url":"https:\/\/welding-alloys.zerobox.co.za\/es\/","name":"Welding Alloys","description":"Welding Alloys","publisher":{"@id":"https:\/\/welding-alloys.zerobox.co.za\/es\/#organization"},"potentialAction":[{"@type":"SearchAction","target":{"@type":"EntryPoint","urlTemplate":"https:\/\/welding-alloys.zerobox.co.za\/es\/?s={search_term_string}"},"query-input":{"@type":"PropertyValueSpecification","valueRequired":true,"valueName":"search_term_string"}}],"inLanguage":"es"},{"@type":"Organization","@id":"https:\/\/welding-alloys.zerobox.co.za\/es\/#organization","name":"Welding Alloys","url":"https:\/\/welding-alloys.zerobox.co.za\/es\/","logo":{"@type":"ImageObject","inLanguage":"es","@id":"https:\/\/welding-alloys.zerobox.co.za\/es\/#\/schema\/logo\/image\/","url":"https:\/\/welding-alloys.zerobox.co.za\/wp-content\/uploads\/2022\/02\/logo.png","contentUrl":"https:\/\/welding-alloys.zerobox.co.za\/wp-content\/uploads\/2022\/02\/logo.png","width":542,"height":279,"caption":"Welding Alloys"},"image":{"@id":"https:\/\/welding-alloys.zerobox.co.za\/es\/#\/schema\/logo\/image\/"},"sameAs":["https:\/\/www.facebook.com\/weldingalloysgroup","https:\/\/www.youtube.com\/user\/WeldingAlloystv","https:\/\/www.instagram.com\/weldingalloys\/","https:\/\/linkedin.com\/company\/welding-alloys"]}]},"product_price_amount":"0.00","product_price_currency":"USD","og_availability":"instock","product_availability":"instock","product_retailer_item_id":"SMK","product_condition":"new"},"_links":{"self":[{"href":"https:\/\/welding-alloys.zerobox.co.za\/es\/wp-json\/wp\/v2\/product\/35430","targetHints":{"allow":["GET"]}}],"collection":[{"href":"https:\/\/welding-alloys.zerobox.co.za\/es\/wp-json\/wp\/v2\/product"}],"about":[{"href":"https:\/\/welding-alloys.zerobox.co.za\/es\/wp-json\/wp\/v2\/types\/product"}],"replies":[{"embeddable":true,"href":"https:\/\/welding-alloys.zerobox.co.za\/es\/wp-json\/wp\/v2\/comments?post=35430"}],"wp:featuredmedia":[{"embeddable":true,"href":"https:\/\/welding-alloys.zerobox.co.za\/es\/wp-json\/wp\/v2\/media\/40315"}],"wp:attachment":[{"href":"https:\/\/welding-alloys.zerobox.co.za\/es\/wp-json\/wp\/v2\/media?parent=35430"}],"wp:term":[{"taxonomy":"product_brand","embeddable":true,"href":"https:\/\/welding-alloys.zerobox.co.za\/es\/wp-json\/wp\/v2\/product_brand?post=35430"},{"taxonomy":"product_cat","embeddable":true,"href":"https:\/\/welding-alloys.zerobox.co.za\/es\/wp-json\/wp\/v2\/product_cat?post=35430"},{"taxonomy":"product_tag","embeddable":true,"href":"https:\/\/welding-alloys.zerobox.co.za\/es\/wp-json\/wp\/v2\/product_tag?post=35430"},{"taxonomy":"application","embeddable":true,"href":"https:\/\/welding-alloys.zerobox.co.za\/es\/wp-json\/wp\/v2\/application?post=35430"},{"taxonomy":"alloy_type","embeddable":true,"href":"https:\/\/welding-alloys.zerobox.co.za\/es\/wp-json\/wp\/v2\/alloy_type?post=35430"},{"taxonomy":"family_name","embeddable":true,"href":"https:\/\/welding-alloys.zerobox.co.za\/es\/wp-json\/wp\/v2\/family_name?post=35430"},{"taxonomy":"welding_process","embeddable":true,"href":"https:\/\/welding-alloys.zerobox.co.za\/es\/wp-json\/wp\/v2\/welding_process?post=35430"},{"taxonomy":"welding_position","embeddable":true,"href":"https:\/\/welding-alloys.zerobox.co.za\/es\/wp-json\/wp\/v2\/welding_position?post=35430"},{"taxonomy":"control_system","embeddable":true,"href":"https:\/\/welding-alloys.zerobox.co.za\/es\/wp-json\/wp\/v2\/control_system?post=35430"},{"taxonomy":"datasheet","embeddable":true,"href":"https:\/\/welding-alloys.zerobox.co.za\/es\/wp-json\/wp\/v2\/datasheet?post=35430"},{"taxonomy":"industry","embeddable":true,"href":"https:\/\/welding-alloys.zerobox.co.za\/es\/wp-json\/wp\/v2\/industry?post=35430"},{"taxonomy":"base_metal_to_weld","embeddable":true,"href":"https:\/\/welding-alloys.zerobox.co.za\/es\/wp-json\/wp\/v2\/base_metal_to_weld?post=35430"},{"taxonomy":"wear_type","embeddable":true,"href":"https:\/\/welding-alloys.zerobox.co.za\/es\/wp-json\/wp\/v2\/wear_type?post=35430"},{"taxonomy":"hardness","embeddable":true,"href":"https:\/\/welding-alloys.zerobox.co.za\/es\/wp-json\/wp\/v2\/hardness?post=35430"},{"taxonomy":"aws_classification","embeddable":true,"href":"https:\/\/welding-alloys.zerobox.co.za\/es\/wp-json\/wp\/v2\/aws_classification?post=35430"},{"taxonomy":"en_iso_classification","embeddable":true,"href":"https:\/\/welding-alloys.zerobox.co.za\/es\/wp-json\/wp\/v2\/en_iso_classification?post=35430"},{"taxonomy":"machine_expert","embeddable":true,"href":"https:\/\/welding-alloys.zerobox.co.za\/es\/wp-json\/wp\/v2\/machine_expert?post=35430"},{"taxonomy":"industry_application","embeddable":true,"href":"https:\/\/welding-alloys.zerobox.co.za\/es\/wp-json\/wp\/v2\/industry_application?post=35430"},{"taxonomy":"industry_expert","embeddable":true,"href":"https:\/\/welding-alloys.zerobox.co.za\/es\/wp-json\/wp\/v2\/industry_expert?post=35430"},{"taxonomy":"hardness_range","embeddable":true,"href":"https:\/\/welding-alloys.zerobox.co.za\/es\/wp-json\/wp\/v2\/hardness_range?post=35430"}],"curies":[{"name":"wp","href":"https:\/\/api.w.org\/{rel}","templated":true}]}}