{"id":34120,"date":"2024-06-03T17:50:27","date_gmt":"2024-06-03T15:50:27","guid":{"rendered":"https:\/\/welding-alloys.zerobox.co.za\/product\/tetra-v-347l-g\/"},"modified":"2026-02-18T13:58:16","modified_gmt":"2026-02-18T12:58:16","slug":"tetra-v-347l-g","status":"publish","type":"product","link":"https:\/\/welding-alloys.zerobox.co.za\/es\/producto\/tetra-v-347l-g\/","title":{"rendered":"TETRA V 347L-G"},"content":{"rendered":"<ul>\n<li>Un contenido de 19% cromo, 9% n\u00edquel, niobio estabilizado, y bajo contenido de carbono<\/li>\n<li>Cord\u00f3n de soldadura de buen aspecto, con f\u00e1cil liberaci\u00f3n de escoria, con muy buena penetraci\u00f3n y un alto rendimiento<\/li>\n<li>Excelente solidez de rayos X<\/li>\n<li>Especialmente dise\u00f1ado para soldar en mala posici\u00f3n<\/li>\n<li>Perfecto para la realizaci\u00f3n de soldaduras verticales<\/li>\n<li>Soldadura con las mezclas cl\u00e1sicas y econ\u00f3micas de Ar-CO2 o CO2<\/li>\n<\/ul>\n","protected":false},"excerpt":{"rendered":"<p>Alambre de acero inoxidable con fundente de rutilo en el n\u00facleo para soldadura por arco el\u00e9ctrico con protecci\u00f3n de gas<\/p>\n","protected":false},"featured_media":444,"comment_status":"closed","ping_status":"closed","template":"","meta":{"_acf_changed":false,"_relevanssi_hide_post":"","_relevanssi_hide_content":"","_relevanssi_pin_for_all":"","_relevanssi_pin_keywords":"","_relevanssi_unpin_keywords":"","_relevanssi_related_keywords":"","_relevanssi_related_include_ids":"","_relevanssi_related_exclude_ids":"","_relevanssi_related_no_append":"","_relevanssi_related_not_related":"","_relevanssi_related_posts":"","_relevanssi_noindex_reason":"","inline_featured_image":false,"_links_to":"","_links_to_target":""},"product_brand":[],"product_cat":[3290],"product_tag":[3321],"application":[3420,3424],"alloy_type":[10941],"family_name":[3592],"welding_process":[10960],"welding_position":[10980],"control_system":[],"datasheet":[5263],"industry":[],"base_metal_to_weld":[7188,7488,7497,7247,7489,7498,7248,7490,7499,7249,7491,7500,12284,7250,7493,7501,12289,7251,7494,7252,7495,7253,7496],"wear_type":[10907],"hardness":[],"aws_classification":[8863],"en_iso_classification":[10095],"machine_expert":[],"industry_application":[],"industry_expert":[],"hardness_range":[],"class_list":{"0":"post-34120","1":"product","2":"type-product","3":"status-publish","4":"has-post-thumbnail","6":"product_cat-consumibles-de-soldadura","7":"product_tag-wire-es","8":"application-material-de-soldadura-para-revestimiento-inoxidable-con-fundente-en-el-nucleo","9":"application-material-de-soldadura-para-union-y-reparacion","10":"alloy_type-acero-inoxidable","11":"family_name-tetra","12":"welding_process-soldadura-por-arco-electrico-de-alambre-tubular-con-fundente-en-el-nucleo-con-gas-de-proteccion-fcaw-g","13":"welding_position-all-positions-es","14":"datasheet-tetra-v-347l-g-4","15":"base_metal_to_weld-1-4541","16":"base_metal_to_weld-aisi-cf8c","17":"base_metal_to_weld-aisi-439","18":"base_metal_to_weld-1-4546","19":"base_metal_to_weld-uns-j92710","20":"base_metal_to_weld-aisi-430cb","21":"base_metal_to_weld-1-4552","22":"base_metal_to_weld-1-4912","23":"base_metal_to_weld-aisi-409","24":"base_metal_to_weld-aisi-347","25":"base_metal_to_weld-1-4509","26":"base_metal_to_weld-uns-s43035","27":"base_metal_to_weld-1-4520-4","28":"base_metal_to_weld-aisi-321","29":"base_metal_to_weld-1-4511","30":"base_metal_to_weld-uns-s40900","31":"base_metal_to_weld-1-4340-4","32":"base_metal_to_weld-uns-s34700","33":"base_metal_to_weld-1-4512","34":"base_metal_to_weld-uns-s32100","35":"base_metal_to_weld-aisi-18crcb","36":"base_metal_to_weld-uns-s30400","37":"base_metal_to_weld-aisi-430ti","38":"wear_type-corrosion","39":"aws_classification-asme-iic-sfa-5-22-aws-a-5-22-e347t1-4-e347t1-1","40":"en_iso_classification-en-iso-17633-a-t-19-9-nb-p-m21-1-t-19-9-nb-p-c1-1","42":"first","43":"instock","44":"sold-individually","45":"purchasable","46":"product-type-simple"},"acf":[],"yoast_head":"<!-- This site is optimized with the Yoast SEO Premium plugin v27.4 (Yoast SEO v27.4) - https:\/\/yoast.com\/product\/yoast-seo-premium-wordpress\/ -->\n<title>TETRA V 347L-G Alambre de acero inoxidable con fundente de rutilo en el n\u00facleo para soldadura por arco el\u00e9ctrico con protecci\u00f3n de gas<\/title>\n<meta name=\"description\" content=\"TETRA V 347L-G Alambre de acero inoxidable con fundente de rutilo en el n\u00facleo para soldadura por arco el\u00e9ctrico con protecci\u00f3n de gas\" \/>\n<meta name=\"robots\" content=\"noindex, follow, max-snippet:-1, max-image-preview:large, max-video-preview:-1\" \/>\n<meta property=\"og:locale\" content=\"es_ES\" \/>\n<meta property=\"og:type\" content=\"article\" \/>\n<meta property=\"og:title\" content=\"TETRA V 347L-G\" \/>\n<meta property=\"og:description\" content=\"TETRA V 347L-G Alambre de acero inoxidable con fundente de rutilo en el n\u00facleo para soldadura por arco el\u00e9ctrico con protecci\u00f3n de gas\" \/>\n<meta property=\"og:url\" content=\"https:\/\/welding-alloys.zerobox.co.za\/es\/producto\/tetra-v-347l-g\/\" \/>\n<meta property=\"og:site_name\" content=\"Welding Alloys\" \/>\n<meta property=\"article:publisher\" content=\"https:\/\/www.facebook.com\/weldingalloysgroup\" \/>\n<meta property=\"article:modified_time\" content=\"2026-02-18T12:58:16+00:00\" \/>\n<meta property=\"og:image\" content=\"https:\/\/welding-alloys.zerobox.co.za\/wp-content\/uploads\/2021\/11\/blackspool.jpg\" \/>\n\t<meta property=\"og:image:width\" content=\"1000\" \/>\n\t<meta property=\"og:image:height\" content=\"1000\" \/>\n\t<meta property=\"og:image:type\" content=\"image\/jpeg\" \/>\n<meta name=\"twitter:card\" content=\"summary_large_image\" \/>\n<meta name=\"twitter:label1\" content=\"Precio\" \/>\n\t<meta name=\"twitter:data1\" content=\"&#036;0.00\" \/>\n\t<meta name=\"twitter:label2\" content=\"Disponibilidad\" \/>\n\t<meta name=\"twitter:data2\" content=\"Disponible\" \/>\n<script type=\"application\/ld+json\" class=\"yoast-schema-graph\">{\"@context\":\"https:\\\/\\\/schema.org\",\"@graph\":[{\"@type\":\"WebPage\",\"@id\":\"https:\\\/\\\/welding-alloys.zerobox.co.za\\\/es\\\/producto\\\/tetra-v-347l-g\\\/\",\"url\":\"https:\\\/\\\/welding-alloys.zerobox.co.za\\\/es\\\/producto\\\/tetra-v-347l-g\\\/\",\"name\":\"TETRA V 347L-G Alambre de acero inoxidable con fundente de rutilo en el n\u00facleo para soldadura por arco el\u00e9ctrico con protecci\u00f3n de gas\",\"isPartOf\":{\"@id\":\"https:\\\/\\\/welding-alloys.zerobox.co.za\\\/es\\\/#website\"},\"primaryImageOfPage\":{\"@id\":\"https:\\\/\\\/welding-alloys.zerobox.co.za\\\/es\\\/producto\\\/tetra-v-347l-g\\\/#primaryimage\"},\"image\":{\"@id\":\"https:\\\/\\\/welding-alloys.zerobox.co.za\\\/es\\\/producto\\\/tetra-v-347l-g\\\/#primaryimage\"},\"thumbnailUrl\":\"https:\\\/\\\/welding-alloys.zerobox.co.za\\\/wp-content\\\/uploads\\\/2021\\\/11\\\/blackspool.jpg\",\"datePublished\":\"2024-06-03T15:50:27+00:00\",\"dateModified\":\"2026-02-18T12:58:16+00:00\",\"description\":\"TETRA V 347L-G Alambre de acero inoxidable con fundente de rutilo en el n\u00facleo para soldadura por arco el\u00e9ctrico con protecci\u00f3n de gas\",\"breadcrumb\":{\"@id\":\"https:\\\/\\\/welding-alloys.zerobox.co.za\\\/es\\\/producto\\\/tetra-v-347l-g\\\/#breadcrumb\"},\"inLanguage\":\"es\",\"potentialAction\":[{\"@type\":\"ReadAction\",\"target\":[\"https:\\\/\\\/welding-alloys.zerobox.co.za\\\/es\\\/producto\\\/tetra-v-347l-g\\\/\"]}]},{\"@type\":\"ImageObject\",\"inLanguage\":\"es\",\"@id\":\"https:\\\/\\\/welding-alloys.zerobox.co.za\\\/es\\\/producto\\\/tetra-v-347l-g\\\/#primaryimage\",\"url\":\"https:\\\/\\\/welding-alloys.zerobox.co.za\\\/wp-content\\\/uploads\\\/2021\\\/11\\\/blackspool.jpg\",\"contentUrl\":\"https:\\\/\\\/welding-alloys.zerobox.co.za\\\/wp-content\\\/uploads\\\/2021\\\/11\\\/blackspool.jpg\",\"width\":1000,\"height\":1000,\"caption\":\"blackspool\"},{\"@type\":\"BreadcrumbList\",\"@id\":\"https:\\\/\\\/welding-alloys.zerobox.co.za\\\/es\\\/producto\\\/tetra-v-347l-g\\\/#breadcrumb\",\"itemListElement\":[{\"@type\":\"ListItem\",\"position\":1,\"name\":\"Home\",\"item\":\"https:\\\/\\\/welding-alloys.zerobox.co.za\\\/es\\\/inicio\\\/\"},{\"@type\":\"ListItem\",\"position\":2,\"name\":\"Productos y servicios\",\"item\":\"https:\\\/\\\/welding-alloys.zerobox.co.za\\\/es\\\/productos-y-servicios\\\/\"},{\"@type\":\"ListItem\",\"position\":3,\"name\":\"TETRA V 347L-G\"}]},{\"@type\":\"WebSite\",\"@id\":\"https:\\\/\\\/welding-alloys.zerobox.co.za\\\/es\\\/#website\",\"url\":\"https:\\\/\\\/welding-alloys.zerobox.co.za\\\/es\\\/\",\"name\":\"Welding Alloys\",\"description\":\"Welding Alloys\",\"publisher\":{\"@id\":\"https:\\\/\\\/welding-alloys.zerobox.co.za\\\/es\\\/#organization\"},\"potentialAction\":[{\"@type\":\"SearchAction\",\"target\":{\"@type\":\"EntryPoint\",\"urlTemplate\":\"https:\\\/\\\/welding-alloys.zerobox.co.za\\\/es\\\/?s={search_term_string}\"},\"query-input\":{\"@type\":\"PropertyValueSpecification\",\"valueRequired\":true,\"valueName\":\"search_term_string\"}}],\"inLanguage\":\"es\"},{\"@type\":\"Organization\",\"@id\":\"https:\\\/\\\/welding-alloys.zerobox.co.za\\\/es\\\/#organization\",\"name\":\"Welding Alloys\",\"url\":\"https:\\\/\\\/welding-alloys.zerobox.co.za\\\/es\\\/\",\"logo\":{\"@type\":\"ImageObject\",\"inLanguage\":\"es\",\"@id\":\"https:\\\/\\\/welding-alloys.zerobox.co.za\\\/es\\\/#\\\/schema\\\/logo\\\/image\\\/\",\"url\":\"https:\\\/\\\/welding-alloys.zerobox.co.za\\\/wp-content\\\/uploads\\\/2022\\\/02\\\/logo.png\",\"contentUrl\":\"https:\\\/\\\/welding-alloys.zerobox.co.za\\\/wp-content\\\/uploads\\\/2022\\\/02\\\/logo.png\",\"width\":542,\"height\":279,\"caption\":\"Welding Alloys\"},\"image\":{\"@id\":\"https:\\\/\\\/welding-alloys.zerobox.co.za\\\/es\\\/#\\\/schema\\\/logo\\\/image\\\/\"},\"sameAs\":[\"https:\\\/\\\/www.facebook.com\\\/weldingalloysgroup\",\"https:\\\/\\\/www.youtube.com\\\/user\\\/WeldingAlloystv\",\"https:\\\/\\\/www.instagram.com\\\/weldingalloys\\\/\",\"https:\\\/\\\/linkedin.com\\\/company\\\/welding-alloys\"]}]}<\/script>\n<meta property=\"product:price:amount\" content=\"0.00\" \/>\n<meta property=\"product:price:currency\" content=\"USD\" \/>\n<meta property=\"og:availability\" content=\"instock\" \/>\n<meta property=\"product:availability\" content=\"instock\" \/>\n<meta property=\"product:retailer_item_id\" content=\"V347L-G\" \/>\n<meta property=\"product:condition\" content=\"new\" \/>\n<!-- \/ Yoast SEO Premium plugin. -->","yoast_head_json":{"title":"TETRA V 347L-G Alambre de acero inoxidable con fundente de rutilo en el n\u00facleo para soldadura por arco el\u00e9ctrico con protecci\u00f3n de gas","description":"TETRA V 347L-G Alambre de acero inoxidable con fundente de rutilo en el n\u00facleo para soldadura por arco el\u00e9ctrico con protecci\u00f3n de gas","robots":{"index":"noindex","follow":"follow","max-snippet":"max-snippet:-1","max-image-preview":"max-image-preview:large","max-video-preview":"max-video-preview:-1"},"og_locale":"es_ES","og_type":"article","og_title":"TETRA V 347L-G","og_description":"TETRA V 347L-G Alambre de acero inoxidable con fundente de rutilo en el n\u00facleo para soldadura por arco el\u00e9ctrico con protecci\u00f3n de gas","og_url":"https:\/\/welding-alloys.zerobox.co.za\/es\/producto\/tetra-v-347l-g\/","og_site_name":"Welding Alloys","article_publisher":"https:\/\/www.facebook.com\/weldingalloysgroup","article_modified_time":"2026-02-18T12:58:16+00:00","og_image":[{"width":1000,"height":1000,"url":"https:\/\/welding-alloys.zerobox.co.za\/wp-content\/uploads\/2021\/11\/blackspool.jpg","type":"image\/jpeg"}],"twitter_card":"summary_large_image","twitter_misc":{"Precio":"&#36;0.00","Disponibilidad":"Disponible"},"schema":{"@context":"https:\/\/schema.org","@graph":[{"@type":"WebPage","@id":"https:\/\/welding-alloys.zerobox.co.za\/es\/producto\/tetra-v-347l-g\/","url":"https:\/\/welding-alloys.zerobox.co.za\/es\/producto\/tetra-v-347l-g\/","name":"TETRA V 347L-G Alambre de acero inoxidable con fundente de rutilo en el n\u00facleo para soldadura por arco el\u00e9ctrico con protecci\u00f3n de gas","isPartOf":{"@id":"https:\/\/welding-alloys.zerobox.co.za\/es\/#website"},"primaryImageOfPage":{"@id":"https:\/\/welding-alloys.zerobox.co.za\/es\/producto\/tetra-v-347l-g\/#primaryimage"},"image":{"@id":"https:\/\/welding-alloys.zerobox.co.za\/es\/producto\/tetra-v-347l-g\/#primaryimage"},"thumbnailUrl":"https:\/\/welding-alloys.zerobox.co.za\/wp-content\/uploads\/2021\/11\/blackspool.jpg","datePublished":"2024-06-03T15:50:27+00:00","dateModified":"2026-02-18T12:58:16+00:00","description":"TETRA V 347L-G Alambre de acero inoxidable con fundente de rutilo en el n\u00facleo para soldadura por arco el\u00e9ctrico con protecci\u00f3n de gas","breadcrumb":{"@id":"https:\/\/welding-alloys.zerobox.co.za\/es\/producto\/tetra-v-347l-g\/#breadcrumb"},"inLanguage":"es","potentialAction":[{"@type":"ReadAction","target":["https:\/\/welding-alloys.zerobox.co.za\/es\/producto\/tetra-v-347l-g\/"]}]},{"@type":"ImageObject","inLanguage":"es","@id":"https:\/\/welding-alloys.zerobox.co.za\/es\/producto\/tetra-v-347l-g\/#primaryimage","url":"https:\/\/welding-alloys.zerobox.co.za\/wp-content\/uploads\/2021\/11\/blackspool.jpg","contentUrl":"https:\/\/welding-alloys.zerobox.co.za\/wp-content\/uploads\/2021\/11\/blackspool.jpg","width":1000,"height":1000,"caption":"blackspool"},{"@type":"BreadcrumbList","@id":"https:\/\/welding-alloys.zerobox.co.za\/es\/producto\/tetra-v-347l-g\/#breadcrumb","itemListElement":[{"@type":"ListItem","position":1,"name":"Home","item":"https:\/\/welding-alloys.zerobox.co.za\/es\/inicio\/"},{"@type":"ListItem","position":2,"name":"Productos y servicios","item":"https:\/\/welding-alloys.zerobox.co.za\/es\/productos-y-servicios\/"},{"@type":"ListItem","position":3,"name":"TETRA V 347L-G"}]},{"@type":"WebSite","@id":"https:\/\/welding-alloys.zerobox.co.za\/es\/#website","url":"https:\/\/welding-alloys.zerobox.co.za\/es\/","name":"Welding Alloys","description":"Welding Alloys","publisher":{"@id":"https:\/\/welding-alloys.zerobox.co.za\/es\/#organization"},"potentialAction":[{"@type":"SearchAction","target":{"@type":"EntryPoint","urlTemplate":"https:\/\/welding-alloys.zerobox.co.za\/es\/?s={search_term_string}"},"query-input":{"@type":"PropertyValueSpecification","valueRequired":true,"valueName":"search_term_string"}}],"inLanguage":"es"},{"@type":"Organization","@id":"https:\/\/welding-alloys.zerobox.co.za\/es\/#organization","name":"Welding Alloys","url":"https:\/\/welding-alloys.zerobox.co.za\/es\/","logo":{"@type":"ImageObject","inLanguage":"es","@id":"https:\/\/welding-alloys.zerobox.co.za\/es\/#\/schema\/logo\/image\/","url":"https:\/\/welding-alloys.zerobox.co.za\/wp-content\/uploads\/2022\/02\/logo.png","contentUrl":"https:\/\/welding-alloys.zerobox.co.za\/wp-content\/uploads\/2022\/02\/logo.png","width":542,"height":279,"caption":"Welding Alloys"},"image":{"@id":"https:\/\/welding-alloys.zerobox.co.za\/es\/#\/schema\/logo\/image\/"},"sameAs":["https:\/\/www.facebook.com\/weldingalloysgroup","https:\/\/www.youtube.com\/user\/WeldingAlloystv","https:\/\/www.instagram.com\/weldingalloys\/","https:\/\/linkedin.com\/company\/welding-alloys"]}]},"product_price_amount":"0.00","product_price_currency":"USD","og_availability":"instock","product_availability":"instock","product_retailer_item_id":"V347L-G","product_condition":"new"},"_links":{"self":[{"href":"https:\/\/welding-alloys.zerobox.co.za\/es\/wp-json\/wp\/v2\/product\/34120","targetHints":{"allow":["GET"]}}],"collection":[{"href":"https:\/\/welding-alloys.zerobox.co.za\/es\/wp-json\/wp\/v2\/product"}],"about":[{"href":"https:\/\/welding-alloys.zerobox.co.za\/es\/wp-json\/wp\/v2\/types\/product"}],"replies":[{"embeddable":true,"href":"https:\/\/welding-alloys.zerobox.co.za\/es\/wp-json\/wp\/v2\/comments?post=34120"}],"wp:featuredmedia":[{"embeddable":true,"href":"https:\/\/welding-alloys.zerobox.co.za\/es\/wp-json\/wp\/v2\/media\/444"}],"wp:attachment":[{"href":"https:\/\/welding-alloys.zerobox.co.za\/es\/wp-json\/wp\/v2\/media?parent=34120"}],"wp:term":[{"taxonomy":"product_brand","embeddable":true,"href":"https:\/\/welding-alloys.zerobox.co.za\/es\/wp-json\/wp\/v2\/product_brand?post=34120"},{"taxonomy":"product_cat","embeddable":true,"href":"https:\/\/welding-alloys.zerobox.co.za\/es\/wp-json\/wp\/v2\/product_cat?post=34120"},{"taxonomy":"product_tag","embeddable":true,"href":"https:\/\/welding-alloys.zerobox.co.za\/es\/wp-json\/wp\/v2\/product_tag?post=34120"},{"taxonomy":"application","embeddable":true,"href":"https:\/\/welding-alloys.zerobox.co.za\/es\/wp-json\/wp\/v2\/application?post=34120"},{"taxonomy":"alloy_type","embeddable":true,"href":"https:\/\/welding-alloys.zerobox.co.za\/es\/wp-json\/wp\/v2\/alloy_type?post=34120"},{"taxonomy":"family_name","embeddable":true,"href":"https:\/\/welding-alloys.zerobox.co.za\/es\/wp-json\/wp\/v2\/family_name?post=34120"},{"taxonomy":"welding_process","embeddable":true,"href":"https:\/\/welding-alloys.zerobox.co.za\/es\/wp-json\/wp\/v2\/welding_process?post=34120"},{"taxonomy":"welding_position","embeddable":true,"href":"https:\/\/welding-alloys.zerobox.co.za\/es\/wp-json\/wp\/v2\/welding_position?post=34120"},{"taxonomy":"control_system","embeddable":true,"href":"https:\/\/welding-alloys.zerobox.co.za\/es\/wp-json\/wp\/v2\/control_system?post=34120"},{"taxonomy":"datasheet","embeddable":true,"href":"https:\/\/welding-alloys.zerobox.co.za\/es\/wp-json\/wp\/v2\/datasheet?post=34120"},{"taxonomy":"industry","embeddable":true,"href":"https:\/\/welding-alloys.zerobox.co.za\/es\/wp-json\/wp\/v2\/industry?post=34120"},{"taxonomy":"base_metal_to_weld","embeddable":true,"href":"https:\/\/welding-alloys.zerobox.co.za\/es\/wp-json\/wp\/v2\/base_metal_to_weld?post=34120"},{"taxonomy":"wear_type","embeddable":true,"href":"https:\/\/welding-alloys.zerobox.co.za\/es\/wp-json\/wp\/v2\/wear_type?post=34120"},{"taxonomy":"hardness","embeddable":true,"href":"https:\/\/welding-alloys.zerobox.co.za\/es\/wp-json\/wp\/v2\/hardness?post=34120"},{"taxonomy":"aws_classification","embeddable":true,"href":"https:\/\/welding-alloys.zerobox.co.za\/es\/wp-json\/wp\/v2\/aws_classification?post=34120"},{"taxonomy":"en_iso_classification","embeddable":true,"href":"https:\/\/welding-alloys.zerobox.co.za\/es\/wp-json\/wp\/v2\/en_iso_classification?post=34120"},{"taxonomy":"machine_expert","embeddable":true,"href":"https:\/\/welding-alloys.zerobox.co.za\/es\/wp-json\/wp\/v2\/machine_expert?post=34120"},{"taxonomy":"industry_application","embeddable":true,"href":"https:\/\/welding-alloys.zerobox.co.za\/es\/wp-json\/wp\/v2\/industry_application?post=34120"},{"taxonomy":"industry_expert","embeddable":true,"href":"https:\/\/welding-alloys.zerobox.co.za\/es\/wp-json\/wp\/v2\/industry_expert?post=34120"},{"taxonomy":"hardness_range","embeddable":true,"href":"https:\/\/welding-alloys.zerobox.co.za\/es\/wp-json\/wp\/v2\/hardness_range?post=34120"}],"curies":[{"name":"wp","href":"https:\/\/api.w.org\/{rel}","templated":true}]}}