{"id":33086,"date":"2024-06-03T16:59:40","date_gmt":"2024-06-03T14:59:40","guid":{"rendered":"https:\/\/welding-alloys.zerobox.co.za\/product\/gamma-4648\/"},"modified":"2026-02-18T13:54:09","modified_gmt":"2026-02-18T12:54:09","slug":"gamma-4648","status":"publish","type":"product","link":"https:\/\/welding-alloys.zerobox.co.za\/es\/producto\/gamma-4648\/","title":{"rendered":"GAMMA 4648"},"content":{"rendered":"<ul>\n<li>La calidad de las escorias de desfosforaci\u00f3n de nueva generaci\u00f3n garantiza una calidad metal\u00fargica \u00f3ptima y un buen recurso de soldadura<\/li>\n<li>Unido a una mayor productividad, GAMMA 4648 ofrece muchas otras ventajas en comparaci\u00f3n a los hilos s\u00f3lidos: Propiedades de humectaci\u00f3n mejoradas, mayor resistencia al agrietamiento, mejor aspecto del cord\u00f3n de soldadura y la forma, y el uso de las t\u00edpicas mezclas de gases M21<\/li>\n<li>Rendimiento m\u00e1ximo en posiciones horizontales y planas<\/li>\n<\/ul>\n","protected":false},"excerpt":{"rendered":"<p>Alambre tubular con fundente en el n\u00facleo base n\u00edquel para soldadura por arco con protecci\u00f3n de gas<\/p>\n","protected":false},"featured_media":444,"comment_status":"closed","ping_status":"closed","template":"","meta":{"_acf_changed":false,"_relevanssi_hide_post":"","_relevanssi_hide_content":"","_relevanssi_pin_for_all":"","_relevanssi_pin_keywords":"","_relevanssi_unpin_keywords":"","_relevanssi_related_keywords":"","_relevanssi_related_include_ids":"","_relevanssi_related_exclude_ids":"","_relevanssi_related_no_append":"","_relevanssi_related_not_related":"","_relevanssi_related_posts":"","_relevanssi_noindex_reason":"","inline_featured_image":false,"_links_to":"","_links_to_target":""},"product_brand":[],"product_cat":[3290],"product_tag":[3321],"application":[3420,3424],"alloy_type":[12253],"family_name":[3603],"welding_process":[10960],"welding_position":[10976],"control_system":[],"datasheet":[5136],"industry":[],"base_metal_to_weld":[7209,7274,7422,7430,7438,7466,7474,7483,7210,7310,7423,7431,7439,7467,7475,7484,7232,7311,7424,7432,7450,7468,7476,7485,7235,7313,7425,7433,7451,7469,7477,7486,7196,7236,7372,7426,7434,7459,7470,7479,7487,12261,7197,7240,7385,7427,7435,7462,7471,7480,12263,7204,7241,7420,7428,7436,7463,7472,7481,7208,7272,7421,7429,7437,7465,7473,7482],"wear_type":[10908,10907],"hardness":[],"aws_classification":[8798],"en_iso_classification":[10015],"machine_expert":[],"industry_application":[],"industry_expert":[],"hardness_range":[],"class_list":{"0":"post-33086","1":"product","2":"type-product","3":"status-publish","4":"has-post-thumbnail","6":"product_cat-consumibles-de-soldadura","7":"product_tag-wire-es","8":"application-material-de-soldadura-para-revestimiento-inoxidable-con-fundente-en-el-nucleo","9":"application-material-de-soldadura-para-union-y-reparacion","10":"alloy_type-aleaciones-con-base-de-niquel","11":"family_name-gamma","12":"welding_process-soldadura-por-arco-electrico-de-alambre-tubular-con-fundente-en-el-nucleo-con-gas-de-proteccion-fcaw-g","13":"welding_position-flat-es","14":"datasheet-gamma-4648-4","15":"base_metal_to_weld-2-4817","16":"base_metal_to_weld-aisi-420","17":"base_metal_to_weld-1-4961","18":"base_metal_to_weld-aisi-800h","19":"base_metal_to_weld-uns-n06075","20":"base_metal_to_weld-1-4847","21":"base_metal_to_weld-1-4034","22":"base_metal_to_weld-uns-s40300","23":"base_metal_to_weld-1-4876","24":"base_metal_to_weld-1-4313","25":"base_metal_to_weld-1-4968","26":"base_metal_to_weld-aisi-800ht","27":"base_metal_to_weld-uns-n07090","28":"base_metal_to_weld-1-4849","29":"base_metal_to_weld-1-4037","30":"base_metal_to_weld-uns-s42000","31":"base_metal_to_weld-1-4558","32":"base_metal_to_weld-1-4407","33":"base_metal_to_weld-1-4981","34":"base_metal_to_weld-aleacion-601","35":"base_metal_to_weld-aisi-9ni","36":"base_metal_to_weld-1-4852","37":"base_metal_to_weld-1-4057","38":"base_metal_to_weld-uns-s43100","39":"base_metal_to_weld-1-4958","40":"base_metal_to_weld-1-4414","41":"base_metal_to_weld-1-4988","42":"base_metal_to_weld-aleacion-75","43":"base_metal_to_weld-uns-k81340","44":"base_metal_to_weld-1-4857","45":"base_metal_to_weld-1-4117","46":"base_metal_to_weld-s41500","47":"base_metal_to_weld-1-4418","48":"base_metal_to_weld-1-5662","49":"base_metal_to_weld-1-4848","50":"base_metal_to_weld-2-4851","51":"base_metal_to_weld-aleacion-80a","52":"base_metal_to_weld-aisi-800","53":"base_metal_to_weld-aisi-334","54":"base_metal_to_weld-1-4122","55":"base_metal_to_weld-j91550","56":"base_metal_to_weld-1-4000","57":"base_metal_to_weld-1-4405","58":"base_metal_to_weld-uns-n06600","59":"base_metal_to_weld-uns-s31635","60":"base_metal_to_weld-2-4951","61":"base_metal_to_weld-aleacion-90","62":"base_metal_to_weld-1-4859","63":"base_metal_to_weld-1-4919","64":"base_metal_to_weld-aisi-420d","65":"base_metal_to_weld-2-4360-4","66":"base_metal_to_weld-aleacion-600","67":"base_metal_to_weld-uns-n07080","68":"base_metal_to_weld-1-4885","69":"base_metal_to_weld-2-4952","70":"base_metal_to_weld-uns-n08810","71":"base_metal_to_weld-1-4861","72":"base_metal_to_weld-1-4028","73":"base_metal_to_weld-aisi-431","74":"base_metal_to_weld-2-4816","75":"base_metal_to_weld-aisi-403","76":"base_metal_to_weld-1-4959","77":"base_metal_to_weld-2-4969","78":"base_metal_to_weld-uns-n06601","79":"base_metal_to_weld-1-4059","80":"base_metal_to_weld-1-4031","81":"base_metal_to_weld-aisi-440c","82":"wear_type-alta-temperatura","83":"wear_type-corrosion","84":"aws_classification-aws-a-5-34-aws-a5-34m-enicr3t0-4-mas-cercano-tni6082-04-mas-cercano","85":"en_iso_classification-en-iso-12153-t-ni-6083-nicr20mn6fe4nb-b-m21-3","87":"first","88":"instock","89":"sold-individually","90":"purchasable","91":"product-type-simple"},"acf":[],"yoast_head":"<!-- This site is optimized with the Yoast SEO Premium plugin v27.4 (Yoast SEO v27.4) - https:\/\/yoast.com\/product\/yoast-seo-premium-wordpress\/ -->\n<title>GAMMA 4648 Alambre tubular con fundente en el n\u00facleo base n\u00edquel para soldadura por arco con protecci\u00f3n de gas<\/title>\n<meta name=\"description\" content=\"GAMMA 4648 Alambre tubular con fundente en el n\u00facleo base n\u00edquel para soldadura por arco con protecci\u00f3n de gas\" \/>\n<meta name=\"robots\" content=\"noindex, follow, max-snippet:-1, max-image-preview:large, max-video-preview:-1\" \/>\n<meta property=\"og:locale\" content=\"es_ES\" \/>\n<meta property=\"og:type\" content=\"article\" \/>\n<meta property=\"og:title\" content=\"GAMMA 4648\" \/>\n<meta property=\"og:description\" content=\"GAMMA 4648 Alambre tubular con fundente en el n\u00facleo base n\u00edquel para soldadura por arco con protecci\u00f3n de gas\" \/>\n<meta property=\"og:url\" content=\"https:\/\/welding-alloys.zerobox.co.za\/es\/producto\/gamma-4648\/\" \/>\n<meta property=\"og:site_name\" content=\"Welding Alloys\" \/>\n<meta property=\"article:publisher\" content=\"https:\/\/www.facebook.com\/weldingalloysgroup\" \/>\n<meta property=\"article:modified_time\" content=\"2026-02-18T12:54:09+00:00\" \/>\n<meta property=\"og:image\" content=\"https:\/\/welding-alloys.zerobox.co.za\/wp-content\/uploads\/2021\/11\/blackspool.jpg\" \/>\n\t<meta property=\"og:image:width\" content=\"1000\" \/>\n\t<meta property=\"og:image:height\" content=\"1000\" \/>\n\t<meta property=\"og:image:type\" content=\"image\/jpeg\" \/>\n<meta name=\"twitter:card\" content=\"summary_large_image\" \/>\n<meta name=\"twitter:label1\" content=\"Precio\" \/>\n\t<meta name=\"twitter:data1\" content=\"&#036;0.00\" \/>\n\t<meta name=\"twitter:label2\" content=\"Disponibilidad\" \/>\n\t<meta name=\"twitter:data2\" content=\"Disponible\" \/>\n<script type=\"application\/ld+json\" class=\"yoast-schema-graph\">{\"@context\":\"https:\\\/\\\/schema.org\",\"@graph\":[{\"@type\":\"WebPage\",\"@id\":\"https:\\\/\\\/welding-alloys.zerobox.co.za\\\/es\\\/producto\\\/gamma-4648\\\/\",\"url\":\"https:\\\/\\\/welding-alloys.zerobox.co.za\\\/es\\\/producto\\\/gamma-4648\\\/\",\"name\":\"GAMMA 4648 Alambre tubular con fundente en el n\u00facleo base n\u00edquel para soldadura por arco con protecci\u00f3n de gas\",\"isPartOf\":{\"@id\":\"https:\\\/\\\/welding-alloys.zerobox.co.za\\\/es\\\/#website\"},\"primaryImageOfPage\":{\"@id\":\"https:\\\/\\\/welding-alloys.zerobox.co.za\\\/es\\\/producto\\\/gamma-4648\\\/#primaryimage\"},\"image\":{\"@id\":\"https:\\\/\\\/welding-alloys.zerobox.co.za\\\/es\\\/producto\\\/gamma-4648\\\/#primaryimage\"},\"thumbnailUrl\":\"https:\\\/\\\/welding-alloys.zerobox.co.za\\\/wp-content\\\/uploads\\\/2021\\\/11\\\/blackspool.jpg\",\"datePublished\":\"2024-06-03T14:59:40+00:00\",\"dateModified\":\"2026-02-18T12:54:09+00:00\",\"description\":\"GAMMA 4648 Alambre tubular con fundente en el n\u00facleo base n\u00edquel para soldadura por arco con protecci\u00f3n de gas\",\"breadcrumb\":{\"@id\":\"https:\\\/\\\/welding-alloys.zerobox.co.za\\\/es\\\/producto\\\/gamma-4648\\\/#breadcrumb\"},\"inLanguage\":\"es\",\"potentialAction\":[{\"@type\":\"ReadAction\",\"target\":[\"https:\\\/\\\/welding-alloys.zerobox.co.za\\\/es\\\/producto\\\/gamma-4648\\\/\"]}]},{\"@type\":\"ImageObject\",\"inLanguage\":\"es\",\"@id\":\"https:\\\/\\\/welding-alloys.zerobox.co.za\\\/es\\\/producto\\\/gamma-4648\\\/#primaryimage\",\"url\":\"https:\\\/\\\/welding-alloys.zerobox.co.za\\\/wp-content\\\/uploads\\\/2021\\\/11\\\/blackspool.jpg\",\"contentUrl\":\"https:\\\/\\\/welding-alloys.zerobox.co.za\\\/wp-content\\\/uploads\\\/2021\\\/11\\\/blackspool.jpg\",\"width\":1000,\"height\":1000,\"caption\":\"blackspool\"},{\"@type\":\"BreadcrumbList\",\"@id\":\"https:\\\/\\\/welding-alloys.zerobox.co.za\\\/es\\\/producto\\\/gamma-4648\\\/#breadcrumb\",\"itemListElement\":[{\"@type\":\"ListItem\",\"position\":1,\"name\":\"Home\",\"item\":\"https:\\\/\\\/welding-alloys.zerobox.co.za\\\/es\\\/inicio\\\/\"},{\"@type\":\"ListItem\",\"position\":2,\"name\":\"Productos y servicios\",\"item\":\"https:\\\/\\\/welding-alloys.zerobox.co.za\\\/es\\\/productos-y-servicios\\\/\"},{\"@type\":\"ListItem\",\"position\":3,\"name\":\"GAMMA 4648\"}]},{\"@type\":\"WebSite\",\"@id\":\"https:\\\/\\\/welding-alloys.zerobox.co.za\\\/es\\\/#website\",\"url\":\"https:\\\/\\\/welding-alloys.zerobox.co.za\\\/es\\\/\",\"name\":\"Welding Alloys\",\"description\":\"Welding Alloys\",\"publisher\":{\"@id\":\"https:\\\/\\\/welding-alloys.zerobox.co.za\\\/es\\\/#organization\"},\"potentialAction\":[{\"@type\":\"SearchAction\",\"target\":{\"@type\":\"EntryPoint\",\"urlTemplate\":\"https:\\\/\\\/welding-alloys.zerobox.co.za\\\/es\\\/?s={search_term_string}\"},\"query-input\":{\"@type\":\"PropertyValueSpecification\",\"valueRequired\":true,\"valueName\":\"search_term_string\"}}],\"inLanguage\":\"es\"},{\"@type\":\"Organization\",\"@id\":\"https:\\\/\\\/welding-alloys.zerobox.co.za\\\/es\\\/#organization\",\"name\":\"Welding Alloys\",\"url\":\"https:\\\/\\\/welding-alloys.zerobox.co.za\\\/es\\\/\",\"logo\":{\"@type\":\"ImageObject\",\"inLanguage\":\"es\",\"@id\":\"https:\\\/\\\/welding-alloys.zerobox.co.za\\\/es\\\/#\\\/schema\\\/logo\\\/image\\\/\",\"url\":\"https:\\\/\\\/welding-alloys.zerobox.co.za\\\/wp-content\\\/uploads\\\/2022\\\/02\\\/logo.png\",\"contentUrl\":\"https:\\\/\\\/welding-alloys.zerobox.co.za\\\/wp-content\\\/uploads\\\/2022\\\/02\\\/logo.png\",\"width\":542,\"height\":279,\"caption\":\"Welding Alloys\"},\"image\":{\"@id\":\"https:\\\/\\\/welding-alloys.zerobox.co.za\\\/es\\\/#\\\/schema\\\/logo\\\/image\\\/\"},\"sameAs\":[\"https:\\\/\\\/www.facebook.com\\\/weldingalloysgroup\",\"https:\\\/\\\/www.youtube.com\\\/user\\\/WeldingAlloystv\",\"https:\\\/\\\/www.instagram.com\\\/weldingalloys\\\/\",\"https:\\\/\\\/linkedin.com\\\/company\\\/welding-alloys\"]}]}<\/script>\n<meta property=\"product:price:amount\" content=\"0.00\" \/>\n<meta property=\"product:price:currency\" content=\"USD\" \/>\n<meta property=\"og:availability\" content=\"instock\" \/>\n<meta property=\"product:availability\" content=\"instock\" \/>\n<meta property=\"product:retailer_item_id\" content=\"4648\" \/>\n<meta property=\"product:condition\" content=\"new\" \/>\n<!-- \/ Yoast SEO Premium plugin. -->","yoast_head_json":{"title":"GAMMA 4648 Alambre tubular con fundente en el n\u00facleo base n\u00edquel para soldadura por arco con protecci\u00f3n de gas","description":"GAMMA 4648 Alambre tubular con fundente en el n\u00facleo base n\u00edquel para soldadura por arco con protecci\u00f3n de gas","robots":{"index":"noindex","follow":"follow","max-snippet":"max-snippet:-1","max-image-preview":"max-image-preview:large","max-video-preview":"max-video-preview:-1"},"og_locale":"es_ES","og_type":"article","og_title":"GAMMA 4648","og_description":"GAMMA 4648 Alambre tubular con fundente en el n\u00facleo base n\u00edquel para soldadura por arco con protecci\u00f3n de gas","og_url":"https:\/\/welding-alloys.zerobox.co.za\/es\/producto\/gamma-4648\/","og_site_name":"Welding Alloys","article_publisher":"https:\/\/www.facebook.com\/weldingalloysgroup","article_modified_time":"2026-02-18T12:54:09+00:00","og_image":[{"width":1000,"height":1000,"url":"https:\/\/welding-alloys.zerobox.co.za\/wp-content\/uploads\/2021\/11\/blackspool.jpg","type":"image\/jpeg"}],"twitter_card":"summary_large_image","twitter_misc":{"Precio":"&#36;0.00","Disponibilidad":"Disponible"},"schema":{"@context":"https:\/\/schema.org","@graph":[{"@type":"WebPage","@id":"https:\/\/welding-alloys.zerobox.co.za\/es\/producto\/gamma-4648\/","url":"https:\/\/welding-alloys.zerobox.co.za\/es\/producto\/gamma-4648\/","name":"GAMMA 4648 Alambre tubular con fundente en el n\u00facleo base n\u00edquel para soldadura por arco con protecci\u00f3n de gas","isPartOf":{"@id":"https:\/\/welding-alloys.zerobox.co.za\/es\/#website"},"primaryImageOfPage":{"@id":"https:\/\/welding-alloys.zerobox.co.za\/es\/producto\/gamma-4648\/#primaryimage"},"image":{"@id":"https:\/\/welding-alloys.zerobox.co.za\/es\/producto\/gamma-4648\/#primaryimage"},"thumbnailUrl":"https:\/\/welding-alloys.zerobox.co.za\/wp-content\/uploads\/2021\/11\/blackspool.jpg","datePublished":"2024-06-03T14:59:40+00:00","dateModified":"2026-02-18T12:54:09+00:00","description":"GAMMA 4648 Alambre tubular con fundente en el n\u00facleo base n\u00edquel para soldadura por arco con protecci\u00f3n de gas","breadcrumb":{"@id":"https:\/\/welding-alloys.zerobox.co.za\/es\/producto\/gamma-4648\/#breadcrumb"},"inLanguage":"es","potentialAction":[{"@type":"ReadAction","target":["https:\/\/welding-alloys.zerobox.co.za\/es\/producto\/gamma-4648\/"]}]},{"@type":"ImageObject","inLanguage":"es","@id":"https:\/\/welding-alloys.zerobox.co.za\/es\/producto\/gamma-4648\/#primaryimage","url":"https:\/\/welding-alloys.zerobox.co.za\/wp-content\/uploads\/2021\/11\/blackspool.jpg","contentUrl":"https:\/\/welding-alloys.zerobox.co.za\/wp-content\/uploads\/2021\/11\/blackspool.jpg","width":1000,"height":1000,"caption":"blackspool"},{"@type":"BreadcrumbList","@id":"https:\/\/welding-alloys.zerobox.co.za\/es\/producto\/gamma-4648\/#breadcrumb","itemListElement":[{"@type":"ListItem","position":1,"name":"Home","item":"https:\/\/welding-alloys.zerobox.co.za\/es\/inicio\/"},{"@type":"ListItem","position":2,"name":"Productos y servicios","item":"https:\/\/welding-alloys.zerobox.co.za\/es\/productos-y-servicios\/"},{"@type":"ListItem","position":3,"name":"GAMMA 4648"}]},{"@type":"WebSite","@id":"https:\/\/welding-alloys.zerobox.co.za\/es\/#website","url":"https:\/\/welding-alloys.zerobox.co.za\/es\/","name":"Welding Alloys","description":"Welding Alloys","publisher":{"@id":"https:\/\/welding-alloys.zerobox.co.za\/es\/#organization"},"potentialAction":[{"@type":"SearchAction","target":{"@type":"EntryPoint","urlTemplate":"https:\/\/welding-alloys.zerobox.co.za\/es\/?s={search_term_string}"},"query-input":{"@type":"PropertyValueSpecification","valueRequired":true,"valueName":"search_term_string"}}],"inLanguage":"es"},{"@type":"Organization","@id":"https:\/\/welding-alloys.zerobox.co.za\/es\/#organization","name":"Welding Alloys","url":"https:\/\/welding-alloys.zerobox.co.za\/es\/","logo":{"@type":"ImageObject","inLanguage":"es","@id":"https:\/\/welding-alloys.zerobox.co.za\/es\/#\/schema\/logo\/image\/","url":"https:\/\/welding-alloys.zerobox.co.za\/wp-content\/uploads\/2022\/02\/logo.png","contentUrl":"https:\/\/welding-alloys.zerobox.co.za\/wp-content\/uploads\/2022\/02\/logo.png","width":542,"height":279,"caption":"Welding Alloys"},"image":{"@id":"https:\/\/welding-alloys.zerobox.co.za\/es\/#\/schema\/logo\/image\/"},"sameAs":["https:\/\/www.facebook.com\/weldingalloysgroup","https:\/\/www.youtube.com\/user\/WeldingAlloystv","https:\/\/www.instagram.com\/weldingalloys\/","https:\/\/linkedin.com\/company\/welding-alloys"]}]},"product_price_amount":"0.00","product_price_currency":"USD","og_availability":"instock","product_availability":"instock","product_retailer_item_id":"4648","product_condition":"new"},"_links":{"self":[{"href":"https:\/\/welding-alloys.zerobox.co.za\/es\/wp-json\/wp\/v2\/product\/33086","targetHints":{"allow":["GET"]}}],"collection":[{"href":"https:\/\/welding-alloys.zerobox.co.za\/es\/wp-json\/wp\/v2\/product"}],"about":[{"href":"https:\/\/welding-alloys.zerobox.co.za\/es\/wp-json\/wp\/v2\/types\/product"}],"replies":[{"embeddable":true,"href":"https:\/\/welding-alloys.zerobox.co.za\/es\/wp-json\/wp\/v2\/comments?post=33086"}],"wp:featuredmedia":[{"embeddable":true,"href":"https:\/\/welding-alloys.zerobox.co.za\/es\/wp-json\/wp\/v2\/media\/444"}],"wp:attachment":[{"href":"https:\/\/welding-alloys.zerobox.co.za\/es\/wp-json\/wp\/v2\/media?parent=33086"}],"wp:term":[{"taxonomy":"product_brand","embeddable":true,"href":"https:\/\/welding-alloys.zerobox.co.za\/es\/wp-json\/wp\/v2\/product_brand?post=33086"},{"taxonomy":"product_cat","embeddable":true,"href":"https:\/\/welding-alloys.zerobox.co.za\/es\/wp-json\/wp\/v2\/product_cat?post=33086"},{"taxonomy":"product_tag","embeddable":true,"href":"https:\/\/welding-alloys.zerobox.co.za\/es\/wp-json\/wp\/v2\/product_tag?post=33086"},{"taxonomy":"application","embeddable":true,"href":"https:\/\/welding-alloys.zerobox.co.za\/es\/wp-json\/wp\/v2\/application?post=33086"},{"taxonomy":"alloy_type","embeddable":true,"href":"https:\/\/welding-alloys.zerobox.co.za\/es\/wp-json\/wp\/v2\/alloy_type?post=33086"},{"taxonomy":"family_name","embeddable":true,"href":"https:\/\/welding-alloys.zerobox.co.za\/es\/wp-json\/wp\/v2\/family_name?post=33086"},{"taxonomy":"welding_process","embeddable":true,"href":"https:\/\/welding-alloys.zerobox.co.za\/es\/wp-json\/wp\/v2\/welding_process?post=33086"},{"taxonomy":"welding_position","embeddable":true,"href":"https:\/\/welding-alloys.zerobox.co.za\/es\/wp-json\/wp\/v2\/welding_position?post=33086"},{"taxonomy":"control_system","embeddable":true,"href":"https:\/\/welding-alloys.zerobox.co.za\/es\/wp-json\/wp\/v2\/control_system?post=33086"},{"taxonomy":"datasheet","embeddable":true,"href":"https:\/\/welding-alloys.zerobox.co.za\/es\/wp-json\/wp\/v2\/datasheet?post=33086"},{"taxonomy":"industry","embeddable":true,"href":"https:\/\/welding-alloys.zerobox.co.za\/es\/wp-json\/wp\/v2\/industry?post=33086"},{"taxonomy":"base_metal_to_weld","embeddable":true,"href":"https:\/\/welding-alloys.zerobox.co.za\/es\/wp-json\/wp\/v2\/base_metal_to_weld?post=33086"},{"taxonomy":"wear_type","embeddable":true,"href":"https:\/\/welding-alloys.zerobox.co.za\/es\/wp-json\/wp\/v2\/wear_type?post=33086"},{"taxonomy":"hardness","embeddable":true,"href":"https:\/\/welding-alloys.zerobox.co.za\/es\/wp-json\/wp\/v2\/hardness?post=33086"},{"taxonomy":"aws_classification","embeddable":true,"href":"https:\/\/welding-alloys.zerobox.co.za\/es\/wp-json\/wp\/v2\/aws_classification?post=33086"},{"taxonomy":"en_iso_classification","embeddable":true,"href":"https:\/\/welding-alloys.zerobox.co.za\/es\/wp-json\/wp\/v2\/en_iso_classification?post=33086"},{"taxonomy":"machine_expert","embeddable":true,"href":"https:\/\/welding-alloys.zerobox.co.za\/es\/wp-json\/wp\/v2\/machine_expert?post=33086"},{"taxonomy":"industry_application","embeddable":true,"href":"https:\/\/welding-alloys.zerobox.co.za\/es\/wp-json\/wp\/v2\/industry_application?post=33086"},{"taxonomy":"industry_expert","embeddable":true,"href":"https:\/\/welding-alloys.zerobox.co.za\/es\/wp-json\/wp\/v2\/industry_expert?post=33086"},{"taxonomy":"hardness_range","embeddable":true,"href":"https:\/\/welding-alloys.zerobox.co.za\/es\/wp-json\/wp\/v2\/hardness_range?post=33086"}],"curies":[{"name":"wp","href":"https:\/\/api.w.org\/{rel}","templated":true}]}}