{"id":32953,"date":"2024-06-03T16:51:38","date_gmt":"2024-06-03T14:51:38","guid":{"rendered":"https:\/\/welding-alloys.zerobox.co.za\/product\/chromecore-417-4cu-g\/"},"modified":"2026-02-18T13:53:35","modified_gmt":"2026-02-18T12:53:35","slug":"chromecore-417-4cu-g","status":"publish","type":"product","link":"https:\/\/welding-alloys.zerobox.co.za\/es\/producto\/chromecore-417-4cu-g\/","title":{"rendered":"CHROMECORE 417 4Cu-G"},"content":{"rendered":"<ul>\n<li>Contenido de acero inoxidable martens\u00edtico de envejecimiento t\u00e9rmico<\/li>\n<li>Despu\u00e9s de ser soldado, el contenido se puede mecanizar para conseguir el perfil exacto que se necesita. Se puede endurecer hasta alcanzar los 48 HRc con tratamiento t\u00e9rmico. De esa forma, aguanta muy bien la cavitaci\u00f3n y la corrosi\u00f3n<\/li>\n<li>Se recomienda el tratamiento t\u00e9rmico a 430 \u2013 470\u00b0C despu\u00e9s de la soldadura y el mecanizado para conseguir una estructura de temple martens\u00edtico que contenga un envejecimiento t\u00e9rmico de Ni\/Cu<\/li>\n<\/ul>\n","protected":false},"excerpt":{"rendered":"<p>Alambre tubular para soldadura por arco el\u00e9ctrico con protecci\u00f3n de gas para recubrimiento duro y reconstrucci\u00f3n<\/p>\n","protected":false},"featured_media":448,"comment_status":"closed","ping_status":"closed","template":"","meta":{"_acf_changed":false,"_relevanssi_hide_post":"","_relevanssi_hide_content":"","_relevanssi_pin_for_all":"","_relevanssi_pin_keywords":"","_relevanssi_unpin_keywords":"","_relevanssi_related_keywords":"","_relevanssi_related_include_ids":"","_relevanssi_related_exclude_ids":"","_relevanssi_related_no_append":"","_relevanssi_related_not_related":"","_relevanssi_related_posts":"","_relevanssi_noindex_reason":"","inline_featured_image":false,"_links_to":"","_links_to_target":""},"product_brand":[],"product_cat":[3290],"product_tag":[3321],"application":[3423,3420],"alloy_type":[10937],"family_name":[3596],"welding_process":[10960],"welding_position":[10980],"control_system":[],"datasheet":[5366],"industry":[],"base_metal_to_weld":[],"wear_type":[10904,10905,10906,10907,10908],"hardness":[10867],"aws_classification":[8899],"en_iso_classification":[10141],"machine_expert":[],"industry_application":[],"industry_expert":[],"hardness_range":[12113,12118],"class_list":{"0":"post-32953","1":"product","2":"type-product","3":"status-publish","4":"has-post-thumbnail","6":"product_cat-consumibles-de-soldadura","7":"product_tag-wire-es","8":"application-material-de-soldadura-para-recargue-duro-con-fundente-en-el-nucleo","9":"application-material-de-soldadura-para-revestimiento-inoxidable-con-fundente-en-el-nucleo","10":"alloy_type-aceros-inoxidables-ferriticos-y-martensiticos","11":"family_name-chromecore","12":"welding_process-soldadura-por-arco-electrico-de-alambre-tubular-con-fundente-en-el-nucleo-con-gas-de-proteccion-fcaw-g","13":"welding_position-all-positions-es","14":"datasheet-chromecore-417-4cu-g-4","15":"wear_type-abrasion","16":"wear_type-impacto","17":"wear_type-contacto-entre-metales","18":"wear_type-corrosion","19":"wear_type-alta-temperatura","20":"hardness-30-37-hrc-al-estado-de-soldadura-3-capas","21":"aws_classification-asme-iic-sfa-5-9-aws-a-5-9-ec630","22":"en_iso_classification-en-14700-t-zfe11","23":"hardness_range-30-35-hrc","24":"hardness_range-35-40-hrc","26":"first","27":"instock","28":"sold-individually","29":"purchasable","30":"product-type-simple"},"acf":[],"yoast_head":"<!-- This site is optimized with the Yoast SEO Premium plugin v27.4 (Yoast SEO v27.4) - https:\/\/yoast.com\/product\/yoast-seo-premium-wordpress\/ -->\n<title>CHROMECORE 417 4Cu-G Alambre tubular para soldadura por arco el\u00e9ctrico con protecci\u00f3n de gas para recubrimiento duro y reconstrucci\u00f3n<\/title>\n<meta name=\"description\" content=\"Alambre tubular para soldadura por arco el\u00e9ctrico con protecci\u00f3n de gas para recubrimiento duro y reconstrucci\u00f3n\" \/>\n<meta name=\"robots\" content=\"noindex, follow, max-snippet:-1, max-image-preview:large, max-video-preview:-1\" \/>\n<meta property=\"og:locale\" content=\"es_ES\" \/>\n<meta property=\"og:type\" content=\"article\" \/>\n<meta property=\"og:title\" content=\"CHROMECORE 417 4Cu-G\" \/>\n<meta property=\"og:description\" content=\"Alambre tubular para soldadura por arco el\u00e9ctrico con protecci\u00f3n de gas para recubrimiento duro y reconstrucci\u00f3n\" \/>\n<meta property=\"og:url\" content=\"https:\/\/welding-alloys.zerobox.co.za\/es\/producto\/chromecore-417-4cu-g\/\" \/>\n<meta property=\"og:site_name\" content=\"Welding Alloys\" \/>\n<meta property=\"article:publisher\" content=\"https:\/\/www.facebook.com\/weldingalloysgroup\" \/>\n<meta property=\"article:modified_time\" content=\"2026-02-18T12:53:35+00:00\" \/>\n<meta property=\"og:image\" content=\"https:\/\/welding-alloys.zerobox.co.za\/wp-content\/uploads\/2021\/11\/bronzespool.jpg\" \/>\n\t<meta property=\"og:image:width\" content=\"1000\" \/>\n\t<meta property=\"og:image:height\" content=\"1000\" \/>\n\t<meta property=\"og:image:type\" content=\"image\/jpeg\" \/>\n<meta name=\"twitter:card\" content=\"summary_large_image\" \/>\n<meta name=\"twitter:label1\" content=\"Precio\" \/>\n\t<meta name=\"twitter:data1\" content=\"&#036;0.00\" \/>\n\t<meta name=\"twitter:label2\" content=\"Disponibilidad\" \/>\n\t<meta name=\"twitter:data2\" content=\"Disponible\" \/>\n<script type=\"application\/ld+json\" class=\"yoast-schema-graph\">{\"@context\":\"https:\\\/\\\/schema.org\",\"@graph\":[{\"@type\":\"WebPage\",\"@id\":\"https:\\\/\\\/welding-alloys.zerobox.co.za\\\/es\\\/producto\\\/chromecore-417-4cu-g\\\/\",\"url\":\"https:\\\/\\\/welding-alloys.zerobox.co.za\\\/es\\\/producto\\\/chromecore-417-4cu-g\\\/\",\"name\":\"CHROMECORE 417 4Cu-G Alambre tubular para soldadura por arco el\u00e9ctrico con protecci\u00f3n de gas para recubrimiento duro y reconstrucci\u00f3n\",\"isPartOf\":{\"@id\":\"https:\\\/\\\/welding-alloys.zerobox.co.za\\\/es\\\/#website\"},\"primaryImageOfPage\":{\"@id\":\"https:\\\/\\\/welding-alloys.zerobox.co.za\\\/es\\\/producto\\\/chromecore-417-4cu-g\\\/#primaryimage\"},\"image\":{\"@id\":\"https:\\\/\\\/welding-alloys.zerobox.co.za\\\/es\\\/producto\\\/chromecore-417-4cu-g\\\/#primaryimage\"},\"thumbnailUrl\":\"https:\\\/\\\/welding-alloys.zerobox.co.za\\\/wp-content\\\/uploads\\\/2021\\\/11\\\/bronzespool.jpg\",\"datePublished\":\"2024-06-03T14:51:38+00:00\",\"dateModified\":\"2026-02-18T12:53:35+00:00\",\"description\":\"Alambre tubular para soldadura por arco el\u00e9ctrico con protecci\u00f3n de gas para recubrimiento duro y reconstrucci\u00f3n\",\"breadcrumb\":{\"@id\":\"https:\\\/\\\/welding-alloys.zerobox.co.za\\\/es\\\/producto\\\/chromecore-417-4cu-g\\\/#breadcrumb\"},\"inLanguage\":\"es\",\"potentialAction\":[{\"@type\":\"ReadAction\",\"target\":[\"https:\\\/\\\/welding-alloys.zerobox.co.za\\\/es\\\/producto\\\/chromecore-417-4cu-g\\\/\"]}]},{\"@type\":\"ImageObject\",\"inLanguage\":\"es\",\"@id\":\"https:\\\/\\\/welding-alloys.zerobox.co.za\\\/es\\\/producto\\\/chromecore-417-4cu-g\\\/#primaryimage\",\"url\":\"https:\\\/\\\/welding-alloys.zerobox.co.za\\\/wp-content\\\/uploads\\\/2021\\\/11\\\/bronzespool.jpg\",\"contentUrl\":\"https:\\\/\\\/welding-alloys.zerobox.co.za\\\/wp-content\\\/uploads\\\/2021\\\/11\\\/bronzespool.jpg\",\"width\":1000,\"height\":1000,\"caption\":\"bronzespool\"},{\"@type\":\"BreadcrumbList\",\"@id\":\"https:\\\/\\\/welding-alloys.zerobox.co.za\\\/es\\\/producto\\\/chromecore-417-4cu-g\\\/#breadcrumb\",\"itemListElement\":[{\"@type\":\"ListItem\",\"position\":1,\"name\":\"Home\",\"item\":\"https:\\\/\\\/welding-alloys.zerobox.co.za\\\/es\\\/inicio\\\/\"},{\"@type\":\"ListItem\",\"position\":2,\"name\":\"Productos y servicios\",\"item\":\"https:\\\/\\\/welding-alloys.zerobox.co.za\\\/es\\\/productos-y-servicios\\\/\"},{\"@type\":\"ListItem\",\"position\":3,\"name\":\"CHROMECORE 417 4Cu-G\"}]},{\"@type\":\"WebSite\",\"@id\":\"https:\\\/\\\/welding-alloys.zerobox.co.za\\\/es\\\/#website\",\"url\":\"https:\\\/\\\/welding-alloys.zerobox.co.za\\\/es\\\/\",\"name\":\"Welding Alloys\",\"description\":\"Welding Alloys\",\"publisher\":{\"@id\":\"https:\\\/\\\/welding-alloys.zerobox.co.za\\\/es\\\/#organization\"},\"potentialAction\":[{\"@type\":\"SearchAction\",\"target\":{\"@type\":\"EntryPoint\",\"urlTemplate\":\"https:\\\/\\\/welding-alloys.zerobox.co.za\\\/es\\\/?s={search_term_string}\"},\"query-input\":{\"@type\":\"PropertyValueSpecification\",\"valueRequired\":true,\"valueName\":\"search_term_string\"}}],\"inLanguage\":\"es\"},{\"@type\":\"Organization\",\"@id\":\"https:\\\/\\\/welding-alloys.zerobox.co.za\\\/es\\\/#organization\",\"name\":\"Welding Alloys\",\"url\":\"https:\\\/\\\/welding-alloys.zerobox.co.za\\\/es\\\/\",\"logo\":{\"@type\":\"ImageObject\",\"inLanguage\":\"es\",\"@id\":\"https:\\\/\\\/welding-alloys.zerobox.co.za\\\/es\\\/#\\\/schema\\\/logo\\\/image\\\/\",\"url\":\"https:\\\/\\\/welding-alloys.zerobox.co.za\\\/wp-content\\\/uploads\\\/2022\\\/02\\\/logo.png\",\"contentUrl\":\"https:\\\/\\\/welding-alloys.zerobox.co.za\\\/wp-content\\\/uploads\\\/2022\\\/02\\\/logo.png\",\"width\":542,\"height\":279,\"caption\":\"Welding Alloys\"},\"image\":{\"@id\":\"https:\\\/\\\/welding-alloys.zerobox.co.za\\\/es\\\/#\\\/schema\\\/logo\\\/image\\\/\"},\"sameAs\":[\"https:\\\/\\\/www.facebook.com\\\/weldingalloysgroup\",\"https:\\\/\\\/www.youtube.com\\\/user\\\/WeldingAlloystv\",\"https:\\\/\\\/www.instagram.com\\\/weldingalloys\\\/\",\"https:\\\/\\\/linkedin.com\\\/company\\\/welding-alloys\"]}]}<\/script>\n<meta property=\"product:price:amount\" content=\"0.00\" \/>\n<meta property=\"product:price:currency\" content=\"USD\" \/>\n<meta property=\"og:availability\" content=\"instock\" \/>\n<meta property=\"product:availability\" content=\"instock\" \/>\n<meta property=\"product:retailer_item_id\" content=\"4174Cu-G\" \/>\n<meta property=\"product:condition\" content=\"new\" \/>\n<!-- \/ Yoast SEO Premium plugin. -->","yoast_head_json":{"title":"CHROMECORE 417 4Cu-G Alambre tubular para soldadura por arco el\u00e9ctrico con protecci\u00f3n de gas para recubrimiento duro y reconstrucci\u00f3n","description":"Alambre tubular para soldadura por arco el\u00e9ctrico con protecci\u00f3n de gas para recubrimiento duro y reconstrucci\u00f3n","robots":{"index":"noindex","follow":"follow","max-snippet":"max-snippet:-1","max-image-preview":"max-image-preview:large","max-video-preview":"max-video-preview:-1"},"og_locale":"es_ES","og_type":"article","og_title":"CHROMECORE 417 4Cu-G","og_description":"Alambre tubular para soldadura por arco el\u00e9ctrico con protecci\u00f3n de gas para recubrimiento duro y reconstrucci\u00f3n","og_url":"https:\/\/welding-alloys.zerobox.co.za\/es\/producto\/chromecore-417-4cu-g\/","og_site_name":"Welding Alloys","article_publisher":"https:\/\/www.facebook.com\/weldingalloysgroup","article_modified_time":"2026-02-18T12:53:35+00:00","og_image":[{"width":1000,"height":1000,"url":"https:\/\/welding-alloys.zerobox.co.za\/wp-content\/uploads\/2021\/11\/bronzespool.jpg","type":"image\/jpeg"}],"twitter_card":"summary_large_image","twitter_misc":{"Precio":"&#36;0.00","Disponibilidad":"Disponible"},"schema":{"@context":"https:\/\/schema.org","@graph":[{"@type":"WebPage","@id":"https:\/\/welding-alloys.zerobox.co.za\/es\/producto\/chromecore-417-4cu-g\/","url":"https:\/\/welding-alloys.zerobox.co.za\/es\/producto\/chromecore-417-4cu-g\/","name":"CHROMECORE 417 4Cu-G Alambre tubular para soldadura por arco el\u00e9ctrico con protecci\u00f3n de gas para recubrimiento duro y reconstrucci\u00f3n","isPartOf":{"@id":"https:\/\/welding-alloys.zerobox.co.za\/es\/#website"},"primaryImageOfPage":{"@id":"https:\/\/welding-alloys.zerobox.co.za\/es\/producto\/chromecore-417-4cu-g\/#primaryimage"},"image":{"@id":"https:\/\/welding-alloys.zerobox.co.za\/es\/producto\/chromecore-417-4cu-g\/#primaryimage"},"thumbnailUrl":"https:\/\/welding-alloys.zerobox.co.za\/wp-content\/uploads\/2021\/11\/bronzespool.jpg","datePublished":"2024-06-03T14:51:38+00:00","dateModified":"2026-02-18T12:53:35+00:00","description":"Alambre tubular para soldadura por arco el\u00e9ctrico con protecci\u00f3n de gas para recubrimiento duro y reconstrucci\u00f3n","breadcrumb":{"@id":"https:\/\/welding-alloys.zerobox.co.za\/es\/producto\/chromecore-417-4cu-g\/#breadcrumb"},"inLanguage":"es","potentialAction":[{"@type":"ReadAction","target":["https:\/\/welding-alloys.zerobox.co.za\/es\/producto\/chromecore-417-4cu-g\/"]}]},{"@type":"ImageObject","inLanguage":"es","@id":"https:\/\/welding-alloys.zerobox.co.za\/es\/producto\/chromecore-417-4cu-g\/#primaryimage","url":"https:\/\/welding-alloys.zerobox.co.za\/wp-content\/uploads\/2021\/11\/bronzespool.jpg","contentUrl":"https:\/\/welding-alloys.zerobox.co.za\/wp-content\/uploads\/2021\/11\/bronzespool.jpg","width":1000,"height":1000,"caption":"bronzespool"},{"@type":"BreadcrumbList","@id":"https:\/\/welding-alloys.zerobox.co.za\/es\/producto\/chromecore-417-4cu-g\/#breadcrumb","itemListElement":[{"@type":"ListItem","position":1,"name":"Home","item":"https:\/\/welding-alloys.zerobox.co.za\/es\/inicio\/"},{"@type":"ListItem","position":2,"name":"Productos y servicios","item":"https:\/\/welding-alloys.zerobox.co.za\/es\/productos-y-servicios\/"},{"@type":"ListItem","position":3,"name":"CHROMECORE 417 4Cu-G"}]},{"@type":"WebSite","@id":"https:\/\/welding-alloys.zerobox.co.za\/es\/#website","url":"https:\/\/welding-alloys.zerobox.co.za\/es\/","name":"Welding Alloys","description":"Welding Alloys","publisher":{"@id":"https:\/\/welding-alloys.zerobox.co.za\/es\/#organization"},"potentialAction":[{"@type":"SearchAction","target":{"@type":"EntryPoint","urlTemplate":"https:\/\/welding-alloys.zerobox.co.za\/es\/?s={search_term_string}"},"query-input":{"@type":"PropertyValueSpecification","valueRequired":true,"valueName":"search_term_string"}}],"inLanguage":"es"},{"@type":"Organization","@id":"https:\/\/welding-alloys.zerobox.co.za\/es\/#organization","name":"Welding Alloys","url":"https:\/\/welding-alloys.zerobox.co.za\/es\/","logo":{"@type":"ImageObject","inLanguage":"es","@id":"https:\/\/welding-alloys.zerobox.co.za\/es\/#\/schema\/logo\/image\/","url":"https:\/\/welding-alloys.zerobox.co.za\/wp-content\/uploads\/2022\/02\/logo.png","contentUrl":"https:\/\/welding-alloys.zerobox.co.za\/wp-content\/uploads\/2022\/02\/logo.png","width":542,"height":279,"caption":"Welding Alloys"},"image":{"@id":"https:\/\/welding-alloys.zerobox.co.za\/es\/#\/schema\/logo\/image\/"},"sameAs":["https:\/\/www.facebook.com\/weldingalloysgroup","https:\/\/www.youtube.com\/user\/WeldingAlloystv","https:\/\/www.instagram.com\/weldingalloys\/","https:\/\/linkedin.com\/company\/welding-alloys"]}]},"product_price_amount":"0.00","product_price_currency":"USD","og_availability":"instock","product_availability":"instock","product_retailer_item_id":"4174Cu-G","product_condition":"new"},"_links":{"self":[{"href":"https:\/\/welding-alloys.zerobox.co.za\/es\/wp-json\/wp\/v2\/product\/32953","targetHints":{"allow":["GET"]}}],"collection":[{"href":"https:\/\/welding-alloys.zerobox.co.za\/es\/wp-json\/wp\/v2\/product"}],"about":[{"href":"https:\/\/welding-alloys.zerobox.co.za\/es\/wp-json\/wp\/v2\/types\/product"}],"replies":[{"embeddable":true,"href":"https:\/\/welding-alloys.zerobox.co.za\/es\/wp-json\/wp\/v2\/comments?post=32953"}],"wp:featuredmedia":[{"embeddable":true,"href":"https:\/\/welding-alloys.zerobox.co.za\/es\/wp-json\/wp\/v2\/media\/448"}],"wp:attachment":[{"href":"https:\/\/welding-alloys.zerobox.co.za\/es\/wp-json\/wp\/v2\/media?parent=32953"}],"wp:term":[{"taxonomy":"product_brand","embeddable":true,"href":"https:\/\/welding-alloys.zerobox.co.za\/es\/wp-json\/wp\/v2\/product_brand?post=32953"},{"taxonomy":"product_cat","embeddable":true,"href":"https:\/\/welding-alloys.zerobox.co.za\/es\/wp-json\/wp\/v2\/product_cat?post=32953"},{"taxonomy":"product_tag","embeddable":true,"href":"https:\/\/welding-alloys.zerobox.co.za\/es\/wp-json\/wp\/v2\/product_tag?post=32953"},{"taxonomy":"application","embeddable":true,"href":"https:\/\/welding-alloys.zerobox.co.za\/es\/wp-json\/wp\/v2\/application?post=32953"},{"taxonomy":"alloy_type","embeddable":true,"href":"https:\/\/welding-alloys.zerobox.co.za\/es\/wp-json\/wp\/v2\/alloy_type?post=32953"},{"taxonomy":"family_name","embeddable":true,"href":"https:\/\/welding-alloys.zerobox.co.za\/es\/wp-json\/wp\/v2\/family_name?post=32953"},{"taxonomy":"welding_process","embeddable":true,"href":"https:\/\/welding-alloys.zerobox.co.za\/es\/wp-json\/wp\/v2\/welding_process?post=32953"},{"taxonomy":"welding_position","embeddable":true,"href":"https:\/\/welding-alloys.zerobox.co.za\/es\/wp-json\/wp\/v2\/welding_position?post=32953"},{"taxonomy":"control_system","embeddable":true,"href":"https:\/\/welding-alloys.zerobox.co.za\/es\/wp-json\/wp\/v2\/control_system?post=32953"},{"taxonomy":"datasheet","embeddable":true,"href":"https:\/\/welding-alloys.zerobox.co.za\/es\/wp-json\/wp\/v2\/datasheet?post=32953"},{"taxonomy":"industry","embeddable":true,"href":"https:\/\/welding-alloys.zerobox.co.za\/es\/wp-json\/wp\/v2\/industry?post=32953"},{"taxonomy":"base_metal_to_weld","embeddable":true,"href":"https:\/\/welding-alloys.zerobox.co.za\/es\/wp-json\/wp\/v2\/base_metal_to_weld?post=32953"},{"taxonomy":"wear_type","embeddable":true,"href":"https:\/\/welding-alloys.zerobox.co.za\/es\/wp-json\/wp\/v2\/wear_type?post=32953"},{"taxonomy":"hardness","embeddable":true,"href":"https:\/\/welding-alloys.zerobox.co.za\/es\/wp-json\/wp\/v2\/hardness?post=32953"},{"taxonomy":"aws_classification","embeddable":true,"href":"https:\/\/welding-alloys.zerobox.co.za\/es\/wp-json\/wp\/v2\/aws_classification?post=32953"},{"taxonomy":"en_iso_classification","embeddable":true,"href":"https:\/\/welding-alloys.zerobox.co.za\/es\/wp-json\/wp\/v2\/en_iso_classification?post=32953"},{"taxonomy":"machine_expert","embeddable":true,"href":"https:\/\/welding-alloys.zerobox.co.za\/es\/wp-json\/wp\/v2\/machine_expert?post=32953"},{"taxonomy":"industry_application","embeddable":true,"href":"https:\/\/welding-alloys.zerobox.co.za\/es\/wp-json\/wp\/v2\/industry_application?post=32953"},{"taxonomy":"industry_expert","embeddable":true,"href":"https:\/\/welding-alloys.zerobox.co.za\/es\/wp-json\/wp\/v2\/industry_expert?post=32953"},{"taxonomy":"hardness_range","embeddable":true,"href":"https:\/\/welding-alloys.zerobox.co.za\/es\/wp-json\/wp\/v2\/hardness_range?post=32953"}],"curies":[{"name":"wp","href":"https:\/\/api.w.org\/{rel}","templated":true}]}}