{"id":44910,"date":"2024-02-02T07:26:17","date_gmt":"2024-02-02T06:26:17","guid":{"rendered":"https:\/\/welding-alloys.zerobox.co.za\/?page_id=44910"},"modified":"2025-10-19T19:56:33","modified_gmt":"2025-10-19T17:56:33","slug":"almacenamiento-manejo","status":"publish","type":"page","link":"https:\/\/welding-alloys.zerobox.co.za\/es\/recursos\/almacenamiento-manejo\/","title":{"rendered":"Almacenamiento &#038; Manejo"},"content":{"rendered":"<div id='full_slider_1'  class='avia-fullwidth-slider main_color avia-shadow   avia-builder-el-0  el_before_av_section  avia-builder-el-first   container_wrap sidebar_left'  >\n<style type=\"text\/css\" data-created_by=\"avia_inline_auto\" id=\"style-css-av-kzhajlgd-2293c31f98a0b596d31f9bfb8e79f203\">\n#top #wrap_all .avia-slideshow .av-slideshow-caption.av-kzhajlgd-2293c31f98a0b596d31f9bfb8e79f203__0 .avia-caption-title{\nfont-size:38px;\ncolor:#ffffff;\n}\n<\/style>\n<div  class='avia-slideshow av-kzhajlgd-2293c31f98a0b596d31f9bfb8e79f203 avia-slideshow-no scaling av_slideshow_full avia-slide-slider av-slideshow-ui av-control-default av-slideshow-manual av-loop-once av-loop-manual-endless av-default-height-applied   avia-slideshow-1' data-slideshow-options=\"{&quot;animation&quot;:&quot;slide&quot;,&quot;autoplay&quot;:false,&quot;loop_autoplay&quot;:&quot;once&quot;,&quot;interval&quot;:5,&quot;loop_manual&quot;:&quot;manual-endless&quot;,&quot;autoplay_stopper&quot;:false,&quot;noNavigation&quot;:false,&quot;bg_slider&quot;:false,&quot;keep_padding&quot;:false,&quot;hoverpause&quot;:false,&quot;show_slide_delay&quot;:0}\"  itemprop=\"image\" itemscope=\"itemscope\" itemtype=\"https:\/\/schema.org\/ImageObject\" ><ul class='avia-slideshow-inner ' style='padding-bottom: 24.739583333333%;'><li  class='avia-slideshow-slide av-kzhajlgd-2293c31f98a0b596d31f9bfb8e79f203__0  av-single-slide slide-1 slide-odd'><div data-rel='slideshow-1' class='avia-slide-wrap '   ><div class='av-slideshow-caption av-kzhajlgd-2293c31f98a0b596d31f9bfb8e79f203__0 caption_fullwidth caption_left caption_left_framed caption_framed'><div class=\"container caption_container\"><div class=\"slideshow_caption\"><div class=\"slideshow_inner_caption\"><div class=\"slideshow_align_caption\"><h2 class='avia-caption-title '  itemprop=\"name\" >Almacenamiento &amp; Manejo<\/h2><\/div><\/div><\/div><\/div><\/div><img decoding=\"async\" fetchpriority=\"high\" class=\"wp-image-7494 avia-img-lazy-loading-not-7494\"  src=\"https:\/\/welding-alloys.zerobox.co.za\/wp-content\/uploads\/2021\/12\/banner-content.jpg\" width=\"1920\" height=\"475\" title='banner content' alt='banner content'  itemprop=\"thumbnailUrl\"  style='min-height:250px; min-width:1011px; ' srcset=\"https:\/\/welding-alloys.zerobox.co.za\/wp-content\/uploads\/2021\/12\/banner-content.jpg 1920w, https:\/\/welding-alloys.zerobox.co.za\/wp-content\/uploads\/2021\/12\/banner-content-600x148.jpg 600w, https:\/\/welding-alloys.zerobox.co.za\/wp-content\/uploads\/2021\/12\/banner-content-300x74.jpg 300w, https:\/\/welding-alloys.zerobox.co.za\/wp-content\/uploads\/2021\/12\/banner-content-500x124.jpg 500w\" sizes=\"(max-width: 1920px) 100vw, 1920px\" \/><\/div><\/li><\/ul><\/div><\/div>\n<div id='av_section_1'  class='avia-section av-czfffho-4e18d853a4e44d634c7d7f3e6558fc83 alternate_color avia-section-small avia-no-border-styling  avia-builder-el-1  el_after_av_slideshow_full  el_before_av_section  breadcrumb-container avia-bg-style-scroll container_wrap sidebar_left'  ><div class='container av-section-cont-open' ><div class='template-page content  av-content-small units'><div class='post-entry post-entry-type-page post-entry-44910'><div class='entry-content-wrapper clearfix'>\n\n\n<\/div><\/div><\/div><!-- close content main div --><\/div><\/div><div id='av_section_2'  class='avia-section av-bzzaxgs-ae3530f8a543a8f909c4e68a1921d145 main_color avia-section-default avia-no-border-styling  avia-builder-el-3  el_after_av_section  avia-builder-el-last  avia-bg-style-scroll container_wrap sidebar_left'  ><div class='container av-section-cont-open' ><div class='template-page content  av-content-small units'><div class='post-entry post-entry-type-page post-entry-44910'><div class='entry-content-wrapper clearfix'>\n<div  class='flex_column av-bjkr2j0-2da40d6fdcd998398423c86055e7077d av_one_full  avia-builder-el-4  avia-builder-el-no-sibling  first flex_column_div  '     ><p>\n<style type=\"text\/css\" data-created_by=\"avia_inline_auto\" id=\"style-css-av-kzhagpu3-11b1a473780ba452c1167baf946b6eb2\">\n#top .av-special-heading.av-kzhagpu3-11b1a473780ba452c1167baf946b6eb2{\npadding-bottom:10px;\n}\nbody .av-special-heading.av-kzhagpu3-11b1a473780ba452c1167baf946b6eb2 .av-special-heading-tag .heading-char{\nfont-size:25px;\n}\n.av-special-heading.av-kzhagpu3-11b1a473780ba452c1167baf946b6eb2 .av-subheading{\nfont-size:15px;\n}\n<\/style>\n<div  class='av-special-heading av-kzhagpu3-11b1a473780ba452c1167baf946b6eb2 av-special-heading-h1 blockquote modern-quote  avia-builder-el-5  el_before_av_textblock  avia-builder-el-first '><h1 class='av-special-heading-tag '  itemprop=\"headline\"  >Recomendaciones para el almacenamiento, manejo y secado de alambres tubulares<\/h1><div class=\"special-heading-border\"><div class=\"special-heading-inner-border\"><\/div><\/div><\/div><br \/>\n<section  class='av_textblock_section av-kzhak255-40e46d4c036cb6764da0b19a3bf9997c '   itemscope=\"itemscope\" itemtype=\"https:\/\/schema.org\/CreativeWork\" ><div class='avia_textblock'  itemprop=\"text\" ><p>Para mantener la calidad, el almacenamiento, el manejo y el secado de los alambres tubulares deben realizarse de acuerdo con los siguientes requisitos:<\/p>\n<p><strong>Almacenamiento<\/strong><\/p>\n<p>Los alambres tubulares deben mantenerse en condiciones de almacenamiento adecuadamente controladas como se indica a continuaci\u00f3n:<\/p>\n<ul>\n<li>Los alambres tubulares deben almacenarse en su embalaje original sin abrir y sin da\u00f1os. Los tiempos de almacenamiento deben ser lo m\u00e1s cortos posible.b<\/li>\n<li>Siempre que sea posible, se debe respetar el principio &#8220;primero en entrar, primero en salir&#8221;<\/li>\n<li>El alambre tubular no debe almacenarse por m\u00e1s de 5 a\u00f1os. El alambre m\u00e1s viejo debe secarse antes de su uso.<\/li>\n<li>Las bobinas no deben colocarse directamente en el suelo o contra una pared. Deben almacenarse al menos sobre plataformas de madera.<\/li>\n<li>La temperatura del almac\u00e9n debe mantenerse lo m\u00e1s uniforme posible, las variaciones de temperatura no deben exceder \u00b1 5 \u00b0C.<\/li>\n<li>La temperatura no debe llegar a menos de 15 \u00b0C. La humedad relativa no debe superar el 60% a 15 \u201325 \u00b0C o el 50% a 25 \u00b0C \u2013 35 \u00b0C.<\/li>\n<\/ul>\n<p><strong>Manejo<\/strong><\/p>\n<ul>\n<li>La soldadura debe realizarse a temperatura ambiente y baja humedad relativa.<\/li>\n<li>Si la humedad relativa supera el 60%, los alambres tubulares no deben dejarse desprotegidos durante m\u00e1s de 24 horas.<\/li>\n<li>Las bobinas fuera del embalaje protector solo deben exponerse a las condiciones normales del taller durante un per\u00edodo m\u00e1ximo de 72 horas.<\/li>\n<li>ntre turnos, las bobinas de alambre deben almacenarse en su bolsa de pl\u00e1stico, en las condiciones de almacenamiento mencionadas anteriormente, con una humedad relativa que no supere el 50%.<\/li>\n<\/ul>\n<p><strong>Secado<\/strong><\/p>\n<ul>\n<li>Si no es posible mantener los niveles de temperatura y humedad mencionados anteriormente, o si el empaque al vac\u00edo est\u00e1 abierto o da\u00f1ado, se debe proceder al secado del alambre.<\/li>\n<li>El alambre ligeramente afectado por la humedad puede secarse a 140 &#8211; 200 \u00b0C durante 2 &#8211; 12 horas. El ciclo recomendado es de 6 horas a 150 \u00b0C.<\/li>\n<li>Se permiten hasta 6 ciclos de secado m\u00e1ximo.<\/li>\n<li>Los alambres tubulares que est\u00e9n oxidados o hayan sufrido una contaminaci\u00f3n grave por agua o que hayan estado expuestos a la atm\u00f3sfera durante largos per\u00edodos de tiempo no se pueden restaurar y deben desecharse.<\/li>\n<\/ul>\n<p>Por favor <a href=\"https:\/\/welding-alloys.zerobox.co.za\/es\/contacto\/\">contactenos<\/a> para m\u00e1s informaci\u00f3n sobre el almacenamiento, manjo y secado de nuestros productos.<\/p>\n<p>Nota: Los usuarios finales pueden utilizar los alambres tubulares bajo su propio criterio de ingenier\u00eda mediante inspecci\u00f3n visual, END requerida, prueba de soldabilidad, prueba mec\u00e1nica, an\u00e1lisis qu\u00edmico, etc., para validar sus propios requisitos de calidad para la producci\u00f3n.<\/p>\n<\/div><\/section><br \/>\n<div  class='avia-icon-list-container av-azqwc7g-22c5be04a4f58e768ff4761e2beb7ec7  avia-builder-el-7  el_after_av_textblock  avia-builder-el-last  link-list'><ul class='avia-icon-list avia_animate_when_almost_visible avia-icon-list-left av-iconlist-small av-azqwc7g-22c5be04a4f58e768ff4761e2beb7ec7 avia-iconlist-animate'>\n<li><div class='iconlist_icon av-9ptnvm4-5e587c0070f767c95c48e726e18b8c4b avia-font-custom avia-iconfont avia-font-custom'><span class='av-icon-char' data-av_icon='\ue801' data-av_iconfont='custom' aria-hidden=\"true\"><\/span><\/div><article class=\"article-icon-entry av-iconlist-empty\"  itemscope=\"itemscope\" itemtype=\"https:\/\/schema.org\/CreativeWork\" ><div class=\"iconlist_content_wrap\"><header class=\"entry-content-header\" aria-label=\"Icon: &lt;a href=&#039;https:\/\/welding-alloys.zerobox.co.za\/wp-content\/uploads\/2024\/02\/Recomendaciones-para-el-almacenamiento-manejo-y-secado-de-alambres-tubulares.pdf&#039; title=&#039;Descargar PDF&#039; target=&quot;_blank&quot;  rel=&quot;noopener noreferrer&quot;&gt;Descargar PDF&lt;\/a&gt;\"><div class='av_iconlist_title iconlist_title_small  '  itemprop=\"headline\" ><a href='https:\/\/welding-alloys.zerobox.co.za\/wp-content\/uploads\/2024\/02\/Recomendaciones-para-el-almacenamiento-manejo-y-secado-de-alambres-tubulares.pdf' title='Descargar PDF' target=\"_blank\"  rel=\"noopener noreferrer\">Descargar PDF<\/a><\/div><\/header><div class='iconlist_content '  itemprop=\"text\" ><\/div><\/div><footer class=\"entry-footer\"><\/footer><\/article><div class=\"iconlist-timeline\"><\/div><\/li>\n<\/ul><\/div><\/p><\/div>\n<\/div><\/div><\/div><!-- close content main div --><\/div><\/div><div id='after_section_2'  class='main_color av_default_container_wrap container_wrap sidebar_left'  ><div class='container av-section-cont-open' ><div class='template-page content  av-content-small units'><div class='post-entry post-entry-type-page post-entry-44910'><div class='entry-content-wrapper clearfix'>\n","protected":false},"excerpt":{"rendered":"<p>Explore las mejores pr\u00e1cticas para el almacenamiento, manipulaci\u00f3n y resecado de cables con n\u00facleo para garantizar la seguridad y la eficiencia en sus operaciones.<\/p>\n","protected":false},"author":1,"featured_media":0,"parent":24432,"menu_order":0,"comment_status":"closed","ping_status":"closed","template":"","meta":{"_acf_changed":false,"_relevanssi_hide_post":"","_relevanssi_hide_content":"","_relevanssi_pin_for_all":"","_relevanssi_pin_keywords":"","_relevanssi_unpin_keywords":"","_relevanssi_related_keywords":"","_relevanssi_related_include_ids":"","_relevanssi_related_exclude_ids":"","_relevanssi_related_no_append":"","_relevanssi_related_not_related":"","_relevanssi_related_posts":"","_relevanssi_noindex_reason":"","inline_featured_image":false,"footnotes":"","_links_to":"","_links_to_target":""},"class_list":["post-44910","page","type-page","status-publish","hentry"],"acf":[],"yoast_head":"<!-- This site is optimized with the Yoast SEO Premium plugin v27.4 (Yoast SEO v27.4) - https:\/\/yoast.com\/product\/yoast-seo-premium-wordpress\/ -->\n<title>Almacenamiento &amp; Manejo | Welding Alloys<\/title>\n<meta name=\"description\" content=\"Explore las mejores pr\u00e1cticas para el almacenamiento, manipulaci\u00f3n y resecado de cables con n\u00facleo para garantizar la seguridad y la eficiencia en sus operaciones.\" \/>\n<meta name=\"robots\" content=\"noindex, follow, max-snippet:-1, max-image-preview:large, max-video-preview:-1\" \/>\n<meta property=\"og:locale\" content=\"es_ES\" \/>\n<meta property=\"og:type\" content=\"article\" \/>\n<meta property=\"og:title\" content=\"Almacenamiento &amp; Manejo\" \/>\n<meta property=\"og:description\" content=\"Explore las mejores pr\u00e1cticas para el almacenamiento, manipulaci\u00f3n y resecado de cables con n\u00facleo para garantizar la seguridad y la eficiencia en sus operaciones.\" \/>\n<meta property=\"og:url\" content=\"https:\/\/welding-alloys.zerobox.co.za\/es\/recursos\/almacenamiento-manejo\/\" \/>\n<meta property=\"og:site_name\" content=\"Welding Alloys\" \/>\n<meta property=\"article:publisher\" content=\"https:\/\/www.facebook.com\/weldingalloysgroup\" \/>\n<meta property=\"article:modified_time\" content=\"2025-10-19T17:56:33+00:00\" \/>\n<meta property=\"og:image\" content=\"https:\/\/welding-alloys.zerobox.co.za\/wp-content\/uploads\/2022\/02\/logo.png\" \/>\n\t<meta property=\"og:image:width\" content=\"542\" \/>\n\t<meta property=\"og:image:height\" content=\"279\" \/>\n\t<meta property=\"og:image:type\" content=\"image\/png\" \/>\n<meta name=\"twitter:card\" content=\"summary_large_image\" \/>\n<script type=\"application\/ld+json\" class=\"yoast-schema-graph\">{\"@context\":\"https:\\\/\\\/schema.org\",\"@graph\":[{\"@type\":\"WebPage\",\"@id\":\"https:\\\/\\\/welding-alloys.zerobox.co.za\\\/es\\\/recursos\\\/almacenamiento-manejo\\\/\",\"url\":\"https:\\\/\\\/welding-alloys.zerobox.co.za\\\/es\\\/recursos\\\/almacenamiento-manejo\\\/\",\"name\":\"Almacenamiento & Manejo | Welding Alloys\",\"isPartOf\":{\"@id\":\"https:\\\/\\\/welding-alloys.zerobox.co.za\\\/es\\\/#website\"},\"datePublished\":\"2024-02-02T06:26:17+00:00\",\"dateModified\":\"2025-10-19T17:56:33+00:00\",\"description\":\"Explore las mejores pr\u00e1cticas para el almacenamiento, manipulaci\u00f3n y resecado de cables con n\u00facleo para garantizar la seguridad y la eficiencia en sus operaciones.\",\"breadcrumb\":{\"@id\":\"https:\\\/\\\/welding-alloys.zerobox.co.za\\\/es\\\/recursos\\\/almacenamiento-manejo\\\/#breadcrumb\"},\"inLanguage\":\"es\",\"potentialAction\":[{\"@type\":\"ReadAction\",\"target\":[\"https:\\\/\\\/welding-alloys.zerobox.co.za\\\/es\\\/recursos\\\/almacenamiento-manejo\\\/\"]}]},{\"@type\":\"BreadcrumbList\",\"@id\":\"https:\\\/\\\/welding-alloys.zerobox.co.za\\\/es\\\/recursos\\\/almacenamiento-manejo\\\/#breadcrumb\",\"itemListElement\":[{\"@type\":\"ListItem\",\"position\":1,\"name\":\"Home\",\"item\":\"https:\\\/\\\/welding-alloys.zerobox.co.za\\\/es\\\/inicio\\\/\"},{\"@type\":\"ListItem\",\"position\":2,\"name\":\"Recursos\",\"item\":\"https:\\\/\\\/welding-alloys.zerobox.co.za\\\/es\\\/recursos\\\/\"},{\"@type\":\"ListItem\",\"position\":3,\"name\":\"Almacenamiento &#038; Manejo\"}]},{\"@type\":\"WebSite\",\"@id\":\"https:\\\/\\\/welding-alloys.zerobox.co.za\\\/es\\\/#website\",\"url\":\"https:\\\/\\\/welding-alloys.zerobox.co.za\\\/es\\\/\",\"name\":\"Welding Alloys\",\"description\":\"Welding Alloys\",\"publisher\":{\"@id\":\"https:\\\/\\\/welding-alloys.zerobox.co.za\\\/es\\\/#organization\"},\"potentialAction\":[{\"@type\":\"SearchAction\",\"target\":{\"@type\":\"EntryPoint\",\"urlTemplate\":\"https:\\\/\\\/welding-alloys.zerobox.co.za\\\/es\\\/?s={search_term_string}\"},\"query-input\":{\"@type\":\"PropertyValueSpecification\",\"valueRequired\":true,\"valueName\":\"search_term_string\"}}],\"inLanguage\":\"es\"},{\"@type\":\"Organization\",\"@id\":\"https:\\\/\\\/welding-alloys.zerobox.co.za\\\/es\\\/#organization\",\"name\":\"Welding Alloys\",\"url\":\"https:\\\/\\\/welding-alloys.zerobox.co.za\\\/es\\\/\",\"logo\":{\"@type\":\"ImageObject\",\"inLanguage\":\"es\",\"@id\":\"https:\\\/\\\/welding-alloys.zerobox.co.za\\\/es\\\/#\\\/schema\\\/logo\\\/image\\\/\",\"url\":\"https:\\\/\\\/welding-alloys.zerobox.co.za\\\/wp-content\\\/uploads\\\/2022\\\/02\\\/logo.png\",\"contentUrl\":\"https:\\\/\\\/welding-alloys.zerobox.co.za\\\/wp-content\\\/uploads\\\/2022\\\/02\\\/logo.png\",\"width\":542,\"height\":279,\"caption\":\"Welding Alloys\"},\"image\":{\"@id\":\"https:\\\/\\\/welding-alloys.zerobox.co.za\\\/es\\\/#\\\/schema\\\/logo\\\/image\\\/\"},\"sameAs\":[\"https:\\\/\\\/www.facebook.com\\\/weldingalloysgroup\",\"https:\\\/\\\/www.youtube.com\\\/user\\\/WeldingAlloystv\",\"https:\\\/\\\/www.instagram.com\\\/weldingalloys\\\/\",\"https:\\\/\\\/linkedin.com\\\/company\\\/welding-alloys\"]}]}<\/script>\n<!-- \/ Yoast SEO Premium plugin. -->","yoast_head_json":{"title":"Almacenamiento & Manejo | Welding Alloys","description":"Explore las mejores pr\u00e1cticas para el almacenamiento, manipulaci\u00f3n y resecado de cables con n\u00facleo para garantizar la seguridad y la eficiencia en sus operaciones.","robots":{"index":"noindex","follow":"follow","max-snippet":"max-snippet:-1","max-image-preview":"max-image-preview:large","max-video-preview":"max-video-preview:-1"},"og_locale":"es_ES","og_type":"article","og_title":"Almacenamiento & Manejo","og_description":"Explore las mejores pr\u00e1cticas para el almacenamiento, manipulaci\u00f3n y resecado de cables con n\u00facleo para garantizar la seguridad y la eficiencia en sus operaciones.","og_url":"https:\/\/welding-alloys.zerobox.co.za\/es\/recursos\/almacenamiento-manejo\/","og_site_name":"Welding Alloys","article_publisher":"https:\/\/www.facebook.com\/weldingalloysgroup","article_modified_time":"2025-10-19T17:56:33+00:00","og_image":[{"width":542,"height":279,"url":"https:\/\/welding-alloys.zerobox.co.za\/wp-content\/uploads\/2022\/02\/logo.png","type":"image\/png"}],"twitter_card":"summary_large_image","schema":{"@context":"https:\/\/schema.org","@graph":[{"@type":"WebPage","@id":"https:\/\/welding-alloys.zerobox.co.za\/es\/recursos\/almacenamiento-manejo\/","url":"https:\/\/welding-alloys.zerobox.co.za\/es\/recursos\/almacenamiento-manejo\/","name":"Almacenamiento & Manejo | Welding Alloys","isPartOf":{"@id":"https:\/\/welding-alloys.zerobox.co.za\/es\/#website"},"datePublished":"2024-02-02T06:26:17+00:00","dateModified":"2025-10-19T17:56:33+00:00","description":"Explore las mejores pr\u00e1cticas para el almacenamiento, manipulaci\u00f3n y resecado de cables con n\u00facleo para garantizar la seguridad y la eficiencia en sus operaciones.","breadcrumb":{"@id":"https:\/\/welding-alloys.zerobox.co.za\/es\/recursos\/almacenamiento-manejo\/#breadcrumb"},"inLanguage":"es","potentialAction":[{"@type":"ReadAction","target":["https:\/\/welding-alloys.zerobox.co.za\/es\/recursos\/almacenamiento-manejo\/"]}]},{"@type":"BreadcrumbList","@id":"https:\/\/welding-alloys.zerobox.co.za\/es\/recursos\/almacenamiento-manejo\/#breadcrumb","itemListElement":[{"@type":"ListItem","position":1,"name":"Home","item":"https:\/\/welding-alloys.zerobox.co.za\/es\/inicio\/"},{"@type":"ListItem","position":2,"name":"Recursos","item":"https:\/\/welding-alloys.zerobox.co.za\/es\/recursos\/"},{"@type":"ListItem","position":3,"name":"Almacenamiento &#038; Manejo"}]},{"@type":"WebSite","@id":"https:\/\/welding-alloys.zerobox.co.za\/es\/#website","url":"https:\/\/welding-alloys.zerobox.co.za\/es\/","name":"Welding Alloys","description":"Welding Alloys","publisher":{"@id":"https:\/\/welding-alloys.zerobox.co.za\/es\/#organization"},"potentialAction":[{"@type":"SearchAction","target":{"@type":"EntryPoint","urlTemplate":"https:\/\/welding-alloys.zerobox.co.za\/es\/?s={search_term_string}"},"query-input":{"@type":"PropertyValueSpecification","valueRequired":true,"valueName":"search_term_string"}}],"inLanguage":"es"},{"@type":"Organization","@id":"https:\/\/welding-alloys.zerobox.co.za\/es\/#organization","name":"Welding Alloys","url":"https:\/\/welding-alloys.zerobox.co.za\/es\/","logo":{"@type":"ImageObject","inLanguage":"es","@id":"https:\/\/welding-alloys.zerobox.co.za\/es\/#\/schema\/logo\/image\/","url":"https:\/\/welding-alloys.zerobox.co.za\/wp-content\/uploads\/2022\/02\/logo.png","contentUrl":"https:\/\/welding-alloys.zerobox.co.za\/wp-content\/uploads\/2022\/02\/logo.png","width":542,"height":279,"caption":"Welding Alloys"},"image":{"@id":"https:\/\/welding-alloys.zerobox.co.za\/es\/#\/schema\/logo\/image\/"},"sameAs":["https:\/\/www.facebook.com\/weldingalloysgroup","https:\/\/www.youtube.com\/user\/WeldingAlloystv","https:\/\/www.instagram.com\/weldingalloys\/","https:\/\/linkedin.com\/company\/welding-alloys"]}]}},"_links":{"self":[{"href":"https:\/\/welding-alloys.zerobox.co.za\/es\/wp-json\/wp\/v2\/pages\/44910","targetHints":{"allow":["GET"]}}],"collection":[{"href":"https:\/\/welding-alloys.zerobox.co.za\/es\/wp-json\/wp\/v2\/pages"}],"about":[{"href":"https:\/\/welding-alloys.zerobox.co.za\/es\/wp-json\/wp\/v2\/types\/page"}],"author":[{"embeddable":true,"href":"https:\/\/welding-alloys.zerobox.co.za\/es\/wp-json\/wp\/v2\/users\/1"}],"replies":[{"embeddable":true,"href":"https:\/\/welding-alloys.zerobox.co.za\/es\/wp-json\/wp\/v2\/comments?post=44910"}],"version-history":[{"count":2,"href":"https:\/\/welding-alloys.zerobox.co.za\/es\/wp-json\/wp\/v2\/pages\/44910\/revisions"}],"predecessor-version":[{"id":62467,"href":"https:\/\/welding-alloys.zerobox.co.za\/es\/wp-json\/wp\/v2\/pages\/44910\/revisions\/62467"}],"up":[{"embeddable":true,"href":"https:\/\/welding-alloys.zerobox.co.za\/es\/wp-json\/wp\/v2\/pages\/24432"}],"wp:attachment":[{"href":"https:\/\/welding-alloys.zerobox.co.za\/es\/wp-json\/wp\/v2\/media?parent=44910"}],"curies":[{"name":"wp","href":"https:\/\/api.w.org\/{rel}","templated":true}]}}