{"id":35412,"date":"2022-07-04T10:01:39","date_gmt":"2022-07-04T08:01:39","guid":{"rendered":"https:\/\/welding-alloys.zerobox.co.za\/product\/drehjoch-plattierungsschweissgeraet\/"},"modified":"2024-04-03T10:03:17","modified_gmt":"2024-04-03T08:03:17","slug":"5-achsen-schweissanlage","status":"publish","type":"product","link":"https:\/\/welding-alloys.zerobox.co.za\/de\/produkt\/5-achsen-schweissanlage\/","title":{"rendered":"5-Achsen Schwei\u00dfanlage"},"content":{"rendered":"<p>Die 5-Achsen Schwei\u00dfanlage ist eine station\u00e4re Anlage f\u00fcr das Auftragschwei\u00dfen von komplexen Bauteilen. Je nach Ausf\u00fchrung k\u00f6nnen Bauteile mit einem maximalen Durchmesser von 1200 mm, einer L\u00e4nge von bis zu 1000 mm und 1500 kg Gewicht bearbeitet werden. Es stehen aber auch Systeme mit Kapazit\u00e4ten bis 10 to zur Verf\u00fcgung.<\/p>\n<p> Die Maschine eignet sich f\u00fcr komplexe Bauteile aus der \u00d6l- und Gasindustrie, aus Schmieden und anderen Stahlbaubereichen. Dabei handelt es sich um Neufertigungen oder Bauteile aus der allgemeinen Reparatur und Instandhaltung. Diese Schwei\u00dfanlage ist vielseitig einsetzbar und erm\u00f6glicht auch komplexere Schwei\u00dfgeometrien wie z. B. in:<br \/>\n  &#8211; Schiffskolben<br \/>\n  &#8211; \u00d6l- und Gasventilen<br \/>\n  &#8211; Schmiedegesenken<br \/>\n  &#8211; Extrudergeh\u00e4usen<br \/>\n  &#8211; Mischertr\u00f6gen<br \/>\n  usw.<\/p>\n","protected":false},"excerpt":{"rendered":"<p>Schwei\u00dfanlage f\u00fcr das Auftragschwei\u00dfen von komplexen Bauteilen.<\/p>\n","protected":false},"featured_media":37840,"comment_status":"closed","ping_status":"closed","template":"","meta":{"_acf_changed":false,"_relevanssi_hide_post":"","_relevanssi_hide_content":"","_relevanssi_pin_for_all":"","_relevanssi_pin_keywords":"","_relevanssi_unpin_keywords":"","_relevanssi_related_keywords":"","_relevanssi_related_include_ids":"","_relevanssi_related_exclude_ids":"","_relevanssi_related_no_append":"","_relevanssi_related_not_related":"","_relevanssi_related_posts":"","_relevanssi_noindex_reason":"","inline_featured_image":false,"_links_to":"","_links_to_target":""},"product_brand":[],"product_cat":[3299],"product_tag":[],"application":[],"alloy_type":[],"family_name":[],"welding_process":[],"welding_position":[],"control_system":[10892],"datasheet":[5073],"industry":[],"base_metal_to_weld":[],"wear_type":[],"hardness":[],"aws_classification":[],"en_iso_classification":[],"machine_expert":[3414],"industry_application":[],"industry_expert":[],"hardness_range":[],"class_list":{"0":"post-35412","1":"product","2":"type-product","3":"status-publish","4":"has-post-thumbnail","6":"product_cat-stationaere-schweisssysteme","7":"control_system-d3-touch","8":"datasheet-rotary-yoke-cladder-3","9":"machine_expert-guillaume-roeckel-de","11":"first","12":"instock","13":"purchasable","14":"product-type-simple"},"acf":[],"yoast_head":"<!-- This site is optimized with the Yoast SEO Premium plugin v27.4 (Yoast SEO v27.4) - https:\/\/yoast.com\/product\/yoast-seo-premium-wordpress\/ -->\n<title>Drehjoch-Plattierungsschwei\u00dfger\u00e4t<\/title>\n<meta name=\"description\" content=\"Eine Maschine zum Overlay-Schwei\u00dfen in mehrere Richtungen.\" \/>\n<meta name=\"robots\" content=\"noindex, follow, max-snippet:-1, max-image-preview:large, max-video-preview:-1\" \/>\n<meta property=\"og:locale\" content=\"de_DE\" \/>\n<meta property=\"og:type\" content=\"article\" \/>\n<meta property=\"og:title\" content=\"5-Achsen Schwei\u00dfanlage\" \/>\n<meta property=\"og:description\" content=\"Eine Maschine zum Overlay-Schwei\u00dfen in mehrere Richtungen.\" \/>\n<meta property=\"og:url\" content=\"https:\/\/welding-alloys.zerobox.co.za\/de\/produkt\/5-achsen-schweissanlage\/\" \/>\n<meta property=\"og:site_name\" content=\"Welding Alloys\" \/>\n<meta property=\"article:publisher\" content=\"https:\/\/www.facebook.com\/weldingalloysgroup\" \/>\n<meta property=\"article:modified_time\" content=\"2024-04-03T08:03:17+00:00\" \/>\n<meta property=\"og:image\" content=\"https:\/\/welding-alloys.zerobox.co.za\/wp-content\/uploads\/2022\/07\/RY-main_1.jpg\" \/>\n\t<meta property=\"og:image:width\" content=\"1000\" \/>\n\t<meta property=\"og:image:height\" content=\"1000\" \/>\n\t<meta property=\"og:image:type\" content=\"image\/jpeg\" \/>\n<meta name=\"twitter:card\" content=\"summary_large_image\" \/>\n<meta name=\"twitter:label1\" content=\"Preis\" \/>\n\t<meta name=\"twitter:data1\" content=\"&#036;0.00\" \/>\n\t<meta name=\"twitter:label2\" content=\"Verf\u00fcgbarkeit\" \/>\n\t<meta name=\"twitter:data2\" content=\"Auf Lager\" \/>\n<script type=\"application\/ld+json\" class=\"yoast-schema-graph\">{\"@context\":\"https:\\\/\\\/schema.org\",\"@graph\":[{\"@type\":\"WebPage\",\"@id\":\"https:\\\/\\\/welding-alloys.zerobox.co.za\\\/de\\\/produkt\\\/5-achsen-schweissanlage\\\/\",\"url\":\"https:\\\/\\\/welding-alloys.zerobox.co.za\\\/de\\\/produkt\\\/5-achsen-schweissanlage\\\/\",\"name\":\"Drehjoch-Plattierungsschwei\u00dfger\u00e4t\",\"isPartOf\":{\"@id\":\"https:\\\/\\\/welding-alloys.zerobox.co.za\\\/de\\\/#website\"},\"primaryImageOfPage\":{\"@id\":\"https:\\\/\\\/welding-alloys.zerobox.co.za\\\/de\\\/produkt\\\/5-achsen-schweissanlage\\\/#primaryimage\"},\"image\":{\"@id\":\"https:\\\/\\\/welding-alloys.zerobox.co.za\\\/de\\\/produkt\\\/5-achsen-schweissanlage\\\/#primaryimage\"},\"thumbnailUrl\":\"https:\\\/\\\/welding-alloys.zerobox.co.za\\\/wp-content\\\/uploads\\\/2022\\\/07\\\/RY-main_1.jpg\",\"datePublished\":\"2022-07-04T08:01:39+00:00\",\"dateModified\":\"2024-04-03T08:03:17+00:00\",\"description\":\"Eine Maschine zum Overlay-Schwei\u00dfen in mehrere Richtungen.\",\"breadcrumb\":{\"@id\":\"https:\\\/\\\/welding-alloys.zerobox.co.za\\\/de\\\/produkt\\\/5-achsen-schweissanlage\\\/#breadcrumb\"},\"inLanguage\":\"de\",\"potentialAction\":[{\"@type\":\"ReadAction\",\"target\":[\"https:\\\/\\\/welding-alloys.zerobox.co.za\\\/de\\\/produkt\\\/5-achsen-schweissanlage\\\/\"]}]},{\"@type\":\"ImageObject\",\"inLanguage\":\"de\",\"@id\":\"https:\\\/\\\/welding-alloys.zerobox.co.za\\\/de\\\/produkt\\\/5-achsen-schweissanlage\\\/#primaryimage\",\"url\":\"https:\\\/\\\/welding-alloys.zerobox.co.za\\\/wp-content\\\/uploads\\\/2022\\\/07\\\/RY-main_1.jpg\",\"contentUrl\":\"https:\\\/\\\/welding-alloys.zerobox.co.za\\\/wp-content\\\/uploads\\\/2022\\\/07\\\/RY-main_1.jpg\",\"width\":1000,\"height\":1000,\"caption\":\"RY main 1\"},{\"@type\":\"BreadcrumbList\",\"@id\":\"https:\\\/\\\/welding-alloys.zerobox.co.za\\\/de\\\/produkt\\\/5-achsen-schweissanlage\\\/#breadcrumb\",\"itemListElement\":[{\"@type\":\"ListItem\",\"position\":1,\"name\":\"Home\",\"item\":\"https:\\\/\\\/welding-alloys.zerobox.co.za\\\/de\\\/hauptseite\\\/\"},{\"@type\":\"ListItem\",\"position\":2,\"name\":\"Produkte &#038; Dienstleistungen\",\"item\":\"https:\\\/\\\/welding-alloys.zerobox.co.za\\\/de\\\/produkte-dienstleistungen\\\/\"},{\"@type\":\"ListItem\",\"position\":3,\"name\":\"5-Achsen Schwei\u00dfanlage\"}]},{\"@type\":\"WebSite\",\"@id\":\"https:\\\/\\\/welding-alloys.zerobox.co.za\\\/de\\\/#website\",\"url\":\"https:\\\/\\\/welding-alloys.zerobox.co.za\\\/de\\\/\",\"name\":\"Welding Alloys\",\"description\":\"Welding Alloys\",\"publisher\":{\"@id\":\"https:\\\/\\\/welding-alloys.zerobox.co.za\\\/de\\\/#organization\"},\"potentialAction\":[{\"@type\":\"SearchAction\",\"target\":{\"@type\":\"EntryPoint\",\"urlTemplate\":\"https:\\\/\\\/welding-alloys.zerobox.co.za\\\/de\\\/?s={search_term_string}\"},\"query-input\":{\"@type\":\"PropertyValueSpecification\",\"valueRequired\":true,\"valueName\":\"search_term_string\"}}],\"inLanguage\":\"de\"},{\"@type\":\"Organization\",\"@id\":\"https:\\\/\\\/welding-alloys.zerobox.co.za\\\/de\\\/#organization\",\"name\":\"Welding Alloys\",\"url\":\"https:\\\/\\\/welding-alloys.zerobox.co.za\\\/de\\\/\",\"logo\":{\"@type\":\"ImageObject\",\"inLanguage\":\"de\",\"@id\":\"https:\\\/\\\/welding-alloys.zerobox.co.za\\\/de\\\/#\\\/schema\\\/logo\\\/image\\\/\",\"url\":\"https:\\\/\\\/welding-alloys.zerobox.co.za\\\/wp-content\\\/uploads\\\/2022\\\/02\\\/logo.png\",\"contentUrl\":\"https:\\\/\\\/welding-alloys.zerobox.co.za\\\/wp-content\\\/uploads\\\/2022\\\/02\\\/logo.png\",\"width\":542,\"height\":279,\"caption\":\"Welding Alloys\"},\"image\":{\"@id\":\"https:\\\/\\\/welding-alloys.zerobox.co.za\\\/de\\\/#\\\/schema\\\/logo\\\/image\\\/\"},\"sameAs\":[\"https:\\\/\\\/www.facebook.com\\\/weldingalloysgroup\",\"https:\\\/\\\/www.youtube.com\\\/user\\\/WeldingAlloystv\",\"https:\\\/\\\/www.instagram.com\\\/weldingalloys\\\/\",\"https:\\\/\\\/linkedin.com\\\/company\\\/welding-alloys\"]}]}<\/script>\n<meta property=\"product:price:amount\" content=\"0.00\" \/>\n<meta property=\"product:price:currency\" content=\"USD\" \/>\n<meta property=\"og:availability\" content=\"instock\" \/>\n<meta property=\"product:availability\" content=\"instock\" \/>\n<meta property=\"product:retailer_item_id\" content=\"rotary-yoke-cladder\" \/>\n<meta property=\"product:condition\" content=\"new\" \/>\n<!-- \/ Yoast SEO Premium plugin. -->","yoast_head_json":{"title":"Drehjoch-Plattierungsschwei\u00dfger\u00e4t","description":"Eine Maschine zum Overlay-Schwei\u00dfen in mehrere Richtungen.","robots":{"index":"noindex","follow":"follow","max-snippet":"max-snippet:-1","max-image-preview":"max-image-preview:large","max-video-preview":"max-video-preview:-1"},"og_locale":"de_DE","og_type":"article","og_title":"5-Achsen Schwei\u00dfanlage","og_description":"Eine Maschine zum Overlay-Schwei\u00dfen in mehrere Richtungen.","og_url":"https:\/\/welding-alloys.zerobox.co.za\/de\/produkt\/5-achsen-schweissanlage\/","og_site_name":"Welding Alloys","article_publisher":"https:\/\/www.facebook.com\/weldingalloysgroup","article_modified_time":"2024-04-03T08:03:17+00:00","og_image":[{"width":1000,"height":1000,"url":"https:\/\/welding-alloys.zerobox.co.za\/wp-content\/uploads\/2022\/07\/RY-main_1.jpg","type":"image\/jpeg"}],"twitter_card":"summary_large_image","twitter_misc":{"Preis":"&#36;0.00","Verf\u00fcgbarkeit":"Auf Lager"},"schema":{"@context":"https:\/\/schema.org","@graph":[{"@type":"WebPage","@id":"https:\/\/welding-alloys.zerobox.co.za\/de\/produkt\/5-achsen-schweissanlage\/","url":"https:\/\/welding-alloys.zerobox.co.za\/de\/produkt\/5-achsen-schweissanlage\/","name":"Drehjoch-Plattierungsschwei\u00dfger\u00e4t","isPartOf":{"@id":"https:\/\/welding-alloys.zerobox.co.za\/de\/#website"},"primaryImageOfPage":{"@id":"https:\/\/welding-alloys.zerobox.co.za\/de\/produkt\/5-achsen-schweissanlage\/#primaryimage"},"image":{"@id":"https:\/\/welding-alloys.zerobox.co.za\/de\/produkt\/5-achsen-schweissanlage\/#primaryimage"},"thumbnailUrl":"https:\/\/welding-alloys.zerobox.co.za\/wp-content\/uploads\/2022\/07\/RY-main_1.jpg","datePublished":"2022-07-04T08:01:39+00:00","dateModified":"2024-04-03T08:03:17+00:00","description":"Eine Maschine zum Overlay-Schwei\u00dfen in mehrere Richtungen.","breadcrumb":{"@id":"https:\/\/welding-alloys.zerobox.co.za\/de\/produkt\/5-achsen-schweissanlage\/#breadcrumb"},"inLanguage":"de","potentialAction":[{"@type":"ReadAction","target":["https:\/\/welding-alloys.zerobox.co.za\/de\/produkt\/5-achsen-schweissanlage\/"]}]},{"@type":"ImageObject","inLanguage":"de","@id":"https:\/\/welding-alloys.zerobox.co.za\/de\/produkt\/5-achsen-schweissanlage\/#primaryimage","url":"https:\/\/welding-alloys.zerobox.co.za\/wp-content\/uploads\/2022\/07\/RY-main_1.jpg","contentUrl":"https:\/\/welding-alloys.zerobox.co.za\/wp-content\/uploads\/2022\/07\/RY-main_1.jpg","width":1000,"height":1000,"caption":"RY main 1"},{"@type":"BreadcrumbList","@id":"https:\/\/welding-alloys.zerobox.co.za\/de\/produkt\/5-achsen-schweissanlage\/#breadcrumb","itemListElement":[{"@type":"ListItem","position":1,"name":"Home","item":"https:\/\/welding-alloys.zerobox.co.za\/de\/hauptseite\/"},{"@type":"ListItem","position":2,"name":"Produkte &#038; Dienstleistungen","item":"https:\/\/welding-alloys.zerobox.co.za\/de\/produkte-dienstleistungen\/"},{"@type":"ListItem","position":3,"name":"5-Achsen Schwei\u00dfanlage"}]},{"@type":"WebSite","@id":"https:\/\/welding-alloys.zerobox.co.za\/de\/#website","url":"https:\/\/welding-alloys.zerobox.co.za\/de\/","name":"Welding Alloys","description":"Welding Alloys","publisher":{"@id":"https:\/\/welding-alloys.zerobox.co.za\/de\/#organization"},"potentialAction":[{"@type":"SearchAction","target":{"@type":"EntryPoint","urlTemplate":"https:\/\/welding-alloys.zerobox.co.za\/de\/?s={search_term_string}"},"query-input":{"@type":"PropertyValueSpecification","valueRequired":true,"valueName":"search_term_string"}}],"inLanguage":"de"},{"@type":"Organization","@id":"https:\/\/welding-alloys.zerobox.co.za\/de\/#organization","name":"Welding Alloys","url":"https:\/\/welding-alloys.zerobox.co.za\/de\/","logo":{"@type":"ImageObject","inLanguage":"de","@id":"https:\/\/welding-alloys.zerobox.co.za\/de\/#\/schema\/logo\/image\/","url":"https:\/\/welding-alloys.zerobox.co.za\/wp-content\/uploads\/2022\/02\/logo.png","contentUrl":"https:\/\/welding-alloys.zerobox.co.za\/wp-content\/uploads\/2022\/02\/logo.png","width":542,"height":279,"caption":"Welding Alloys"},"image":{"@id":"https:\/\/welding-alloys.zerobox.co.za\/de\/#\/schema\/logo\/image\/"},"sameAs":["https:\/\/www.facebook.com\/weldingalloysgroup","https:\/\/www.youtube.com\/user\/WeldingAlloystv","https:\/\/www.instagram.com\/weldingalloys\/","https:\/\/linkedin.com\/company\/welding-alloys"]}]},"product_price_amount":"0.00","product_price_currency":"USD","og_availability":"instock","product_availability":"instock","product_retailer_item_id":"rotary-yoke-cladder","product_condition":"new"},"_links":{"self":[{"href":"https:\/\/welding-alloys.zerobox.co.za\/de\/wp-json\/wp\/v2\/product\/35412","targetHints":{"allow":["GET"]}}],"collection":[{"href":"https:\/\/welding-alloys.zerobox.co.za\/de\/wp-json\/wp\/v2\/product"}],"about":[{"href":"https:\/\/welding-alloys.zerobox.co.za\/de\/wp-json\/wp\/v2\/types\/product"}],"replies":[{"embeddable":true,"href":"https:\/\/welding-alloys.zerobox.co.za\/de\/wp-json\/wp\/v2\/comments?post=35412"}],"wp:featuredmedia":[{"embeddable":true,"href":"https:\/\/welding-alloys.zerobox.co.za\/de\/wp-json\/wp\/v2\/media\/37840"}],"wp:attachment":[{"href":"https:\/\/welding-alloys.zerobox.co.za\/de\/wp-json\/wp\/v2\/media?parent=35412"}],"wp:term":[{"taxonomy":"product_brand","embeddable":true,"href":"https:\/\/welding-alloys.zerobox.co.za\/de\/wp-json\/wp\/v2\/product_brand?post=35412"},{"taxonomy":"product_cat","embeddable":true,"href":"https:\/\/welding-alloys.zerobox.co.za\/de\/wp-json\/wp\/v2\/product_cat?post=35412"},{"taxonomy":"product_tag","embeddable":true,"href":"https:\/\/welding-alloys.zerobox.co.za\/de\/wp-json\/wp\/v2\/product_tag?post=35412"},{"taxonomy":"application","embeddable":true,"href":"https:\/\/welding-alloys.zerobox.co.za\/de\/wp-json\/wp\/v2\/application?post=35412"},{"taxonomy":"alloy_type","embeddable":true,"href":"https:\/\/welding-alloys.zerobox.co.za\/de\/wp-json\/wp\/v2\/alloy_type?post=35412"},{"taxonomy":"family_name","embeddable":true,"href":"https:\/\/welding-alloys.zerobox.co.za\/de\/wp-json\/wp\/v2\/family_name?post=35412"},{"taxonomy":"welding_process","embeddable":true,"href":"https:\/\/welding-alloys.zerobox.co.za\/de\/wp-json\/wp\/v2\/welding_process?post=35412"},{"taxonomy":"welding_position","embeddable":true,"href":"https:\/\/welding-alloys.zerobox.co.za\/de\/wp-json\/wp\/v2\/welding_position?post=35412"},{"taxonomy":"control_system","embeddable":true,"href":"https:\/\/welding-alloys.zerobox.co.za\/de\/wp-json\/wp\/v2\/control_system?post=35412"},{"taxonomy":"datasheet","embeddable":true,"href":"https:\/\/welding-alloys.zerobox.co.za\/de\/wp-json\/wp\/v2\/datasheet?post=35412"},{"taxonomy":"industry","embeddable":true,"href":"https:\/\/welding-alloys.zerobox.co.za\/de\/wp-json\/wp\/v2\/industry?post=35412"},{"taxonomy":"base_metal_to_weld","embeddable":true,"href":"https:\/\/welding-alloys.zerobox.co.za\/de\/wp-json\/wp\/v2\/base_metal_to_weld?post=35412"},{"taxonomy":"wear_type","embeddable":true,"href":"https:\/\/welding-alloys.zerobox.co.za\/de\/wp-json\/wp\/v2\/wear_type?post=35412"},{"taxonomy":"hardness","embeddable":true,"href":"https:\/\/welding-alloys.zerobox.co.za\/de\/wp-json\/wp\/v2\/hardness?post=35412"},{"taxonomy":"aws_classification","embeddable":true,"href":"https:\/\/welding-alloys.zerobox.co.za\/de\/wp-json\/wp\/v2\/aws_classification?post=35412"},{"taxonomy":"en_iso_classification","embeddable":true,"href":"https:\/\/welding-alloys.zerobox.co.za\/de\/wp-json\/wp\/v2\/en_iso_classification?post=35412"},{"taxonomy":"machine_expert","embeddable":true,"href":"https:\/\/welding-alloys.zerobox.co.za\/de\/wp-json\/wp\/v2\/machine_expert?post=35412"},{"taxonomy":"industry_application","embeddable":true,"href":"https:\/\/welding-alloys.zerobox.co.za\/de\/wp-json\/wp\/v2\/industry_application?post=35412"},{"taxonomy":"industry_expert","embeddable":true,"href":"https:\/\/welding-alloys.zerobox.co.za\/de\/wp-json\/wp\/v2\/industry_expert?post=35412"},{"taxonomy":"hardness_range","embeddable":true,"href":"https:\/\/welding-alloys.zerobox.co.za\/de\/wp-json\/wp\/v2\/hardness_range?post=35412"}],"curies":[{"name":"wp","href":"https:\/\/api.w.org\/{rel}","templated":true}]}}