{"id":30956,"date":"2024-06-03T17:19:11","date_gmt":"2024-06-03T15:19:11","guid":{"rendered":"https:\/\/welding-alloys.zerobox.co.za\/product\/hardface-r55-s\/"},"modified":"2026-02-18T13:46:55","modified_gmt":"2026-02-18T12:46:55","slug":"hardface-r55-s","status":"publish","type":"product","link":"https:\/\/welding-alloys.zerobox.co.za\/de\/produkt\/hardface-r55-s\/","title":{"rendered":"HARDFACE R55-S"},"content":{"rendered":"<ul>\n<li>Niedriglegiertes, martensitisches Schwei\u00dfgut und bietet guten Schutz bei Abrasion und gleichzeitiger Schlagbelastung<\/li>\n<\/ul>\n","protected":false},"excerpt":{"rendered":"<p>F\u00fclldraht f\u00fcr das Unterpulverschwei\u00dfen<\/p>\n","protected":false},"featured_media":21525,"comment_status":"closed","ping_status":"closed","template":"","meta":{"_acf_changed":false,"_relevanssi_hide_post":"","_relevanssi_hide_content":"","_relevanssi_pin_for_all":"","_relevanssi_pin_keywords":"","_relevanssi_unpin_keywords":"","_relevanssi_related_keywords":"","_relevanssi_related_include_ids":"","_relevanssi_related_exclude_ids":"","_relevanssi_related_no_append":"","_relevanssi_related_not_related":"","_relevanssi_related_posts":"","_relevanssi_noindex_reason":"","inline_featured_image":false,"_links_to":"","_links_to_target":""},"product_brand":[],"product_cat":[3291],"product_tag":[3320],"application":[3422],"alloy_type":[10922],"family_name":[3543],"welding_process":[10954],"welding_position":[10971],"control_system":[],"datasheet":[4848],"industry":[],"base_metal_to_weld":[],"wear_type":[10901,10903,10899,10900],"hardness":[10716],"aws_classification":[],"en_iso_classification":[9661],"machine_expert":[],"industry_application":[],"industry_expert":[],"hardness_range":[12127,12130],"class_list":{"0":"post-30956","1":"product","2":"type-product","3":"status-publish","4":"has-post-thumbnail","6":"product_cat-schweiszusatzwerkstoffe","7":"product_tag-wire-de","8":"application-schweisszusatzwerkstoffe-fuer-die-hartauftragung","9":"alloy_type-niedrig-und-mittellegierte-staehle","10":"family_name-hardface","11":"welding_process-unterpulverschweissen-saw","12":"welding_position-flat-de","13":"datasheet-hardface-r55-s-3","14":"wear_type-metall-metall","15":"wear_type-hohe-temperatur","16":"wear_type-abrasion","17":"wear_type-schlag","18":"hardness-55-hrc-3-lagig-wie-geschweisst","19":"en_iso_classification-en-14700-t-fe2","20":"hardness_range-50-55-hrc","21":"hardness_range-55-60-hrc","23":"first","24":"instock","25":"sold-individually","26":"purchasable","27":"product-type-simple"},"acf":[],"yoast_head":"<!-- This site is optimized with the Yoast SEO Premium plugin v27.4 (Yoast SEO v27.4) - https:\/\/yoast.com\/product\/yoast-seo-premium-wordpress\/ -->\n<title>HARDFACE R55-S F\u00fclldraht f\u00fcr das Unterpulverschwei\u00dfen<\/title>\n<meta name=\"description\" content=\"HARDFACE R55-S F\u00fclldraht f\u00fcr das Unterpulverschwei\u00dfen\" \/>\n<meta name=\"robots\" content=\"noindex, follow, max-snippet:-1, max-image-preview:large, max-video-preview:-1\" \/>\n<meta property=\"og:locale\" content=\"de_DE\" \/>\n<meta property=\"og:type\" content=\"article\" \/>\n<meta property=\"og:title\" content=\"HARDFACE R55-S\" \/>\n<meta property=\"og:description\" content=\"HARDFACE R55-S F\u00fclldraht f\u00fcr das Unterpulverschwei\u00dfen\" \/>\n<meta property=\"og:url\" content=\"https:\/\/welding-alloys.zerobox.co.za\/de\/produkt\/hardface-r55-s\/\" \/>\n<meta property=\"og:site_name\" content=\"Welding Alloys\" \/>\n<meta property=\"article:publisher\" content=\"https:\/\/www.facebook.com\/weldingalloysgroup\" \/>\n<meta property=\"article:modified_time\" content=\"2026-02-18T12:46:55+00:00\" \/>\n<meta property=\"og:image\" content=\"https:\/\/welding-alloys.zerobox.co.za\/wp-content\/uploads\/2022\/02\/coil.jpg\" \/>\n\t<meta property=\"og:image:width\" content=\"1000\" \/>\n\t<meta property=\"og:image:height\" content=\"1000\" \/>\n\t<meta property=\"og:image:type\" content=\"image\/jpeg\" \/>\n<meta name=\"twitter:card\" content=\"summary_large_image\" \/>\n<meta name=\"twitter:label1\" content=\"Preis\" \/>\n\t<meta name=\"twitter:data1\" content=\"&#036;0.00\" \/>\n\t<meta name=\"twitter:label2\" content=\"Verf\u00fcgbarkeit\" \/>\n\t<meta name=\"twitter:data2\" content=\"Auf Lager\" \/>\n<script type=\"application\/ld+json\" class=\"yoast-schema-graph\">{\"@context\":\"https:\\\/\\\/schema.org\",\"@graph\":[{\"@type\":\"WebPage\",\"@id\":\"https:\\\/\\\/welding-alloys.zerobox.co.za\\\/de\\\/produkt\\\/hardface-r55-s\\\/\",\"url\":\"https:\\\/\\\/welding-alloys.zerobox.co.za\\\/de\\\/produkt\\\/hardface-r55-s\\\/\",\"name\":\"HARDFACE R55-S F\u00fclldraht f\u00fcr das Unterpulverschwei\u00dfen\",\"isPartOf\":{\"@id\":\"https:\\\/\\\/welding-alloys.zerobox.co.za\\\/de\\\/#website\"},\"primaryImageOfPage\":{\"@id\":\"https:\\\/\\\/welding-alloys.zerobox.co.za\\\/de\\\/produkt\\\/hardface-r55-s\\\/#primaryimage\"},\"image\":{\"@id\":\"https:\\\/\\\/welding-alloys.zerobox.co.za\\\/de\\\/produkt\\\/hardface-r55-s\\\/#primaryimage\"},\"thumbnailUrl\":\"https:\\\/\\\/welding-alloys.zerobox.co.za\\\/wp-content\\\/uploads\\\/2022\\\/02\\\/coil.jpg\",\"datePublished\":\"2024-06-03T15:19:11+00:00\",\"dateModified\":\"2026-02-18T12:46:55+00:00\",\"description\":\"HARDFACE R55-S F\u00fclldraht f\u00fcr das Unterpulverschwei\u00dfen\",\"breadcrumb\":{\"@id\":\"https:\\\/\\\/welding-alloys.zerobox.co.za\\\/de\\\/produkt\\\/hardface-r55-s\\\/#breadcrumb\"},\"inLanguage\":\"de\",\"potentialAction\":[{\"@type\":\"ReadAction\",\"target\":[\"https:\\\/\\\/welding-alloys.zerobox.co.za\\\/de\\\/produkt\\\/hardface-r55-s\\\/\"]}]},{\"@type\":\"ImageObject\",\"inLanguage\":\"de\",\"@id\":\"https:\\\/\\\/welding-alloys.zerobox.co.za\\\/de\\\/produkt\\\/hardface-r55-s\\\/#primaryimage\",\"url\":\"https:\\\/\\\/welding-alloys.zerobox.co.za\\\/wp-content\\\/uploads\\\/2022\\\/02\\\/coil.jpg\",\"contentUrl\":\"https:\\\/\\\/welding-alloys.zerobox.co.za\\\/wp-content\\\/uploads\\\/2022\\\/02\\\/coil.jpg\",\"width\":1000,\"height\":1000,\"caption\":\"coil\"},{\"@type\":\"BreadcrumbList\",\"@id\":\"https:\\\/\\\/welding-alloys.zerobox.co.za\\\/de\\\/produkt\\\/hardface-r55-s\\\/#breadcrumb\",\"itemListElement\":[{\"@type\":\"ListItem\",\"position\":1,\"name\":\"Home\",\"item\":\"https:\\\/\\\/welding-alloys.zerobox.co.za\\\/de\\\/hauptseite\\\/\"},{\"@type\":\"ListItem\",\"position\":2,\"name\":\"Produkte &#038; Dienstleistungen\",\"item\":\"https:\\\/\\\/welding-alloys.zerobox.co.za\\\/de\\\/produkte-dienstleistungen\\\/\"},{\"@type\":\"ListItem\",\"position\":3,\"name\":\"HARDFACE R55-S\"}]},{\"@type\":\"WebSite\",\"@id\":\"https:\\\/\\\/welding-alloys.zerobox.co.za\\\/de\\\/#website\",\"url\":\"https:\\\/\\\/welding-alloys.zerobox.co.za\\\/de\\\/\",\"name\":\"Welding Alloys\",\"description\":\"Welding Alloys\",\"publisher\":{\"@id\":\"https:\\\/\\\/welding-alloys.zerobox.co.za\\\/de\\\/#organization\"},\"potentialAction\":[{\"@type\":\"SearchAction\",\"target\":{\"@type\":\"EntryPoint\",\"urlTemplate\":\"https:\\\/\\\/welding-alloys.zerobox.co.za\\\/de\\\/?s={search_term_string}\"},\"query-input\":{\"@type\":\"PropertyValueSpecification\",\"valueRequired\":true,\"valueName\":\"search_term_string\"}}],\"inLanguage\":\"de\"},{\"@type\":\"Organization\",\"@id\":\"https:\\\/\\\/welding-alloys.zerobox.co.za\\\/de\\\/#organization\",\"name\":\"Welding Alloys\",\"url\":\"https:\\\/\\\/welding-alloys.zerobox.co.za\\\/de\\\/\",\"logo\":{\"@type\":\"ImageObject\",\"inLanguage\":\"de\",\"@id\":\"https:\\\/\\\/welding-alloys.zerobox.co.za\\\/de\\\/#\\\/schema\\\/logo\\\/image\\\/\",\"url\":\"https:\\\/\\\/welding-alloys.zerobox.co.za\\\/wp-content\\\/uploads\\\/2022\\\/02\\\/logo.png\",\"contentUrl\":\"https:\\\/\\\/welding-alloys.zerobox.co.za\\\/wp-content\\\/uploads\\\/2022\\\/02\\\/logo.png\",\"width\":542,\"height\":279,\"caption\":\"Welding Alloys\"},\"image\":{\"@id\":\"https:\\\/\\\/welding-alloys.zerobox.co.za\\\/de\\\/#\\\/schema\\\/logo\\\/image\\\/\"},\"sameAs\":[\"https:\\\/\\\/www.facebook.com\\\/weldingalloysgroup\",\"https:\\\/\\\/www.youtube.com\\\/user\\\/WeldingAlloystv\",\"https:\\\/\\\/www.instagram.com\\\/weldingalloys\\\/\",\"https:\\\/\\\/linkedin.com\\\/company\\\/welding-alloys\"]}]}<\/script>\n<meta property=\"product:price:amount\" content=\"0.00\" \/>\n<meta property=\"product:price:currency\" content=\"USD\" \/>\n<meta property=\"og:availability\" content=\"instock\" \/>\n<meta property=\"product:availability\" content=\"instock\" \/>\n<meta property=\"product:retailer_item_id\" content=\"R55-S\" \/>\n<meta property=\"product:condition\" content=\"new\" \/>\n<!-- \/ Yoast SEO Premium plugin. -->","yoast_head_json":{"title":"HARDFACE R55-S F\u00fclldraht f\u00fcr das Unterpulverschwei\u00dfen","description":"HARDFACE R55-S F\u00fclldraht f\u00fcr das Unterpulverschwei\u00dfen","robots":{"index":"noindex","follow":"follow","max-snippet":"max-snippet:-1","max-image-preview":"max-image-preview:large","max-video-preview":"max-video-preview:-1"},"og_locale":"de_DE","og_type":"article","og_title":"HARDFACE R55-S","og_description":"HARDFACE R55-S F\u00fclldraht f\u00fcr das Unterpulverschwei\u00dfen","og_url":"https:\/\/welding-alloys.zerobox.co.za\/de\/produkt\/hardface-r55-s\/","og_site_name":"Welding Alloys","article_publisher":"https:\/\/www.facebook.com\/weldingalloysgroup","article_modified_time":"2026-02-18T12:46:55+00:00","og_image":[{"width":1000,"height":1000,"url":"https:\/\/welding-alloys.zerobox.co.za\/wp-content\/uploads\/2022\/02\/coil.jpg","type":"image\/jpeg"}],"twitter_card":"summary_large_image","twitter_misc":{"Preis":"&#36;0.00","Verf\u00fcgbarkeit":"Auf Lager"},"schema":{"@context":"https:\/\/schema.org","@graph":[{"@type":"WebPage","@id":"https:\/\/welding-alloys.zerobox.co.za\/de\/produkt\/hardface-r55-s\/","url":"https:\/\/welding-alloys.zerobox.co.za\/de\/produkt\/hardface-r55-s\/","name":"HARDFACE R55-S F\u00fclldraht f\u00fcr das Unterpulverschwei\u00dfen","isPartOf":{"@id":"https:\/\/welding-alloys.zerobox.co.za\/de\/#website"},"primaryImageOfPage":{"@id":"https:\/\/welding-alloys.zerobox.co.za\/de\/produkt\/hardface-r55-s\/#primaryimage"},"image":{"@id":"https:\/\/welding-alloys.zerobox.co.za\/de\/produkt\/hardface-r55-s\/#primaryimage"},"thumbnailUrl":"https:\/\/welding-alloys.zerobox.co.za\/wp-content\/uploads\/2022\/02\/coil.jpg","datePublished":"2024-06-03T15:19:11+00:00","dateModified":"2026-02-18T12:46:55+00:00","description":"HARDFACE R55-S F\u00fclldraht f\u00fcr das Unterpulverschwei\u00dfen","breadcrumb":{"@id":"https:\/\/welding-alloys.zerobox.co.za\/de\/produkt\/hardface-r55-s\/#breadcrumb"},"inLanguage":"de","potentialAction":[{"@type":"ReadAction","target":["https:\/\/welding-alloys.zerobox.co.za\/de\/produkt\/hardface-r55-s\/"]}]},{"@type":"ImageObject","inLanguage":"de","@id":"https:\/\/welding-alloys.zerobox.co.za\/de\/produkt\/hardface-r55-s\/#primaryimage","url":"https:\/\/welding-alloys.zerobox.co.za\/wp-content\/uploads\/2022\/02\/coil.jpg","contentUrl":"https:\/\/welding-alloys.zerobox.co.za\/wp-content\/uploads\/2022\/02\/coil.jpg","width":1000,"height":1000,"caption":"coil"},{"@type":"BreadcrumbList","@id":"https:\/\/welding-alloys.zerobox.co.za\/de\/produkt\/hardface-r55-s\/#breadcrumb","itemListElement":[{"@type":"ListItem","position":1,"name":"Home","item":"https:\/\/welding-alloys.zerobox.co.za\/de\/hauptseite\/"},{"@type":"ListItem","position":2,"name":"Produkte &#038; Dienstleistungen","item":"https:\/\/welding-alloys.zerobox.co.za\/de\/produkte-dienstleistungen\/"},{"@type":"ListItem","position":3,"name":"HARDFACE R55-S"}]},{"@type":"WebSite","@id":"https:\/\/welding-alloys.zerobox.co.za\/de\/#website","url":"https:\/\/welding-alloys.zerobox.co.za\/de\/","name":"Welding Alloys","description":"Welding Alloys","publisher":{"@id":"https:\/\/welding-alloys.zerobox.co.za\/de\/#organization"},"potentialAction":[{"@type":"SearchAction","target":{"@type":"EntryPoint","urlTemplate":"https:\/\/welding-alloys.zerobox.co.za\/de\/?s={search_term_string}"},"query-input":{"@type":"PropertyValueSpecification","valueRequired":true,"valueName":"search_term_string"}}],"inLanguage":"de"},{"@type":"Organization","@id":"https:\/\/welding-alloys.zerobox.co.za\/de\/#organization","name":"Welding Alloys","url":"https:\/\/welding-alloys.zerobox.co.za\/de\/","logo":{"@type":"ImageObject","inLanguage":"de","@id":"https:\/\/welding-alloys.zerobox.co.za\/de\/#\/schema\/logo\/image\/","url":"https:\/\/welding-alloys.zerobox.co.za\/wp-content\/uploads\/2022\/02\/logo.png","contentUrl":"https:\/\/welding-alloys.zerobox.co.za\/wp-content\/uploads\/2022\/02\/logo.png","width":542,"height":279,"caption":"Welding Alloys"},"image":{"@id":"https:\/\/welding-alloys.zerobox.co.za\/de\/#\/schema\/logo\/image\/"},"sameAs":["https:\/\/www.facebook.com\/weldingalloysgroup","https:\/\/www.youtube.com\/user\/WeldingAlloystv","https:\/\/www.instagram.com\/weldingalloys\/","https:\/\/linkedin.com\/company\/welding-alloys"]}]},"product_price_amount":"0.00","product_price_currency":"USD","og_availability":"instock","product_availability":"instock","product_retailer_item_id":"R55-S","product_condition":"new"},"_links":{"self":[{"href":"https:\/\/welding-alloys.zerobox.co.za\/de\/wp-json\/wp\/v2\/product\/30956","targetHints":{"allow":["GET"]}}],"collection":[{"href":"https:\/\/welding-alloys.zerobox.co.za\/de\/wp-json\/wp\/v2\/product"}],"about":[{"href":"https:\/\/welding-alloys.zerobox.co.za\/de\/wp-json\/wp\/v2\/types\/product"}],"replies":[{"embeddable":true,"href":"https:\/\/welding-alloys.zerobox.co.za\/de\/wp-json\/wp\/v2\/comments?post=30956"}],"wp:featuredmedia":[{"embeddable":true,"href":"https:\/\/welding-alloys.zerobox.co.za\/de\/wp-json\/wp\/v2\/media\/21525"}],"wp:attachment":[{"href":"https:\/\/welding-alloys.zerobox.co.za\/de\/wp-json\/wp\/v2\/media?parent=30956"}],"wp:term":[{"taxonomy":"product_brand","embeddable":true,"href":"https:\/\/welding-alloys.zerobox.co.za\/de\/wp-json\/wp\/v2\/product_brand?post=30956"},{"taxonomy":"product_cat","embeddable":true,"href":"https:\/\/welding-alloys.zerobox.co.za\/de\/wp-json\/wp\/v2\/product_cat?post=30956"},{"taxonomy":"product_tag","embeddable":true,"href":"https:\/\/welding-alloys.zerobox.co.za\/de\/wp-json\/wp\/v2\/product_tag?post=30956"},{"taxonomy":"application","embeddable":true,"href":"https:\/\/welding-alloys.zerobox.co.za\/de\/wp-json\/wp\/v2\/application?post=30956"},{"taxonomy":"alloy_type","embeddable":true,"href":"https:\/\/welding-alloys.zerobox.co.za\/de\/wp-json\/wp\/v2\/alloy_type?post=30956"},{"taxonomy":"family_name","embeddable":true,"href":"https:\/\/welding-alloys.zerobox.co.za\/de\/wp-json\/wp\/v2\/family_name?post=30956"},{"taxonomy":"welding_process","embeddable":true,"href":"https:\/\/welding-alloys.zerobox.co.za\/de\/wp-json\/wp\/v2\/welding_process?post=30956"},{"taxonomy":"welding_position","embeddable":true,"href":"https:\/\/welding-alloys.zerobox.co.za\/de\/wp-json\/wp\/v2\/welding_position?post=30956"},{"taxonomy":"control_system","embeddable":true,"href":"https:\/\/welding-alloys.zerobox.co.za\/de\/wp-json\/wp\/v2\/control_system?post=30956"},{"taxonomy":"datasheet","embeddable":true,"href":"https:\/\/welding-alloys.zerobox.co.za\/de\/wp-json\/wp\/v2\/datasheet?post=30956"},{"taxonomy":"industry","embeddable":true,"href":"https:\/\/welding-alloys.zerobox.co.za\/de\/wp-json\/wp\/v2\/industry?post=30956"},{"taxonomy":"base_metal_to_weld","embeddable":true,"href":"https:\/\/welding-alloys.zerobox.co.za\/de\/wp-json\/wp\/v2\/base_metal_to_weld?post=30956"},{"taxonomy":"wear_type","embeddable":true,"href":"https:\/\/welding-alloys.zerobox.co.za\/de\/wp-json\/wp\/v2\/wear_type?post=30956"},{"taxonomy":"hardness","embeddable":true,"href":"https:\/\/welding-alloys.zerobox.co.za\/de\/wp-json\/wp\/v2\/hardness?post=30956"},{"taxonomy":"aws_classification","embeddable":true,"href":"https:\/\/welding-alloys.zerobox.co.za\/de\/wp-json\/wp\/v2\/aws_classification?post=30956"},{"taxonomy":"en_iso_classification","embeddable":true,"href":"https:\/\/welding-alloys.zerobox.co.za\/de\/wp-json\/wp\/v2\/en_iso_classification?post=30956"},{"taxonomy":"machine_expert","embeddable":true,"href":"https:\/\/welding-alloys.zerobox.co.za\/de\/wp-json\/wp\/v2\/machine_expert?post=30956"},{"taxonomy":"industry_application","embeddable":true,"href":"https:\/\/welding-alloys.zerobox.co.za\/de\/wp-json\/wp\/v2\/industry_application?post=30956"},{"taxonomy":"industry_expert","embeddable":true,"href":"https:\/\/welding-alloys.zerobox.co.za\/de\/wp-json\/wp\/v2\/industry_expert?post=30956"},{"taxonomy":"hardness_range","embeddable":true,"href":"https:\/\/welding-alloys.zerobox.co.za\/de\/wp-json\/wp\/v2\/hardness_range?post=30956"}],"curies":[{"name":"wp","href":"https:\/\/api.w.org\/{rel}","templated":true}]}}