{"id":30568,"date":"2024-06-03T16:59:40","date_gmt":"2024-06-03T14:59:40","guid":{"rendered":"https:\/\/welding-alloys.zerobox.co.za\/product\/gamma-v-4648\/"},"modified":"2026-02-18T13:45:36","modified_gmt":"2026-02-18T12:45:36","slug":"gamma-v-4648","status":"publish","type":"product","link":"https:\/\/welding-alloys.zerobox.co.za\/de\/produkt\/gamma-v-4648\/","title":{"rendered":"GAMMA V 4648"},"content":{"rendered":"<ul>\n<li>Neben der erh\u00f6hten Produktivit\u00e4t zeichnet den GAMMA V 4648 gegen\u00fcber Massivdr\u00e4hten insbesondere die bessere Verschwei\u00dfbarkeit, die Spritzerarmut, die bessere Lichtbogenstabilit\u00e4t, die bessere Benetzung des Grundwerkstoffes und das bessere Erscheinungsbild der Naht aus<\/li>\n<li>Optimale Performance beim Schwei\u00dfen in Zwangspositionen<\/li>\n<\/ul>\n","protected":false},"excerpt":{"rendered":"<p>F\u00fclldraht f\u00fcr das Schutzgasschwei\u00dfen, Nickelbasis<\/p>\n","protected":false},"featured_media":443,"comment_status":"closed","ping_status":"closed","template":"","meta":{"_acf_changed":false,"_relevanssi_hide_post":"","_relevanssi_hide_content":"","_relevanssi_pin_for_all":"","_relevanssi_pin_keywords":"","_relevanssi_unpin_keywords":"","_relevanssi_related_keywords":"","_relevanssi_related_include_ids":"","_relevanssi_related_exclude_ids":"","_relevanssi_related_no_append":"","_relevanssi_related_not_related":"","_relevanssi_related_posts":"","_relevanssi_noindex_reason":"","inline_featured_image":false,"_links_to":"","_links_to_target":""},"product_brand":[],"product_cat":[3291],"product_tag":[3320],"application":[3419,3427],"alloy_type":[12252],"family_name":[3559],"welding_process":[10953],"welding_position":[10975],"control_system":[],"datasheet":[4679],"industry":[],"base_metal_to_weld":[6671,6708,6887,6895,6903,6930,6939,6948,6675,6739,6888,6896,6904,6932,6940,6949,6676,6741,6889,6897,6905,6933,6941,6950,6677,6777,6890,6898,6906,6934,6942,6951,6699,6778,6891,6899,6917,6935,6943,6952,6702,6780,6892,6900,6918,6936,6944,6953,6663,6703,6839,6893,6901,6926,6937,6946,6954,12260,6664,6707,6852,6894,6902,6929,6938,6947,12264],"wear_type":[10902,10903],"hardness":[],"aws_classification":[8642],"en_iso_classification":[9712],"machine_expert":[],"industry_application":[],"industry_expert":[],"hardness_range":[],"class_list":{"0":"post-30568","1":"product","2":"type-product","3":"status-publish","4":"has-post-thumbnail","6":"product_cat-schweiszusatzwerkstoffe","7":"product_tag-wire-de","8":"application-schweisszusatzwerkstoffe-fuer-das-plattieren","9":"application-schweisszusatzwerkstoffe-fuer-das-verbindungs-und-reparaturschweissen","10":"alloy_type-nickelbasis-legierungen","11":"family_name-gamma","12":"welding_process-schutzgasschweissen-mit-fuelldraht-fcaw-g","13":"welding_position-all-positions-de","14":"datasheet-gamma-v-4648-3","15":"base_metal_to_weld-alloy-600","16":"base_metal_to_weld-uns-n07080","17":"base_metal_to_weld-1-4885","18":"base_metal_to_weld-2-4952","19":"base_metal_to_weld-uns-n08810","20":"base_metal_to_weld-1-4861","21":"base_metal_to_weld-1-4028","22":"base_metal_to_weld-aisi-431","23":"base_metal_to_weld-2-4816","24":"base_metal_to_weld-aisi-403","25":"base_metal_to_weld-1-4959","26":"base_metal_to_weld-2-4969","27":"base_metal_to_weld-uns-n06601","28":"base_metal_to_weld-1-4059","29":"base_metal_to_weld-1-4031","30":"base_metal_to_weld-aisi-440c","31":"base_metal_to_weld-2-4817","32":"base_metal_to_weld-aisi-420","33":"base_metal_to_weld-1-4961","34":"base_metal_to_weld-aisi-800h","35":"base_metal_to_weld-uns-n06075","36":"base_metal_to_weld-1-4847","37":"base_metal_to_weld-1-4034","38":"base_metal_to_weld-uns-s40300","39":"base_metal_to_weld-1-4876","40":"base_metal_to_weld-1-4313","41":"base_metal_to_weld-1-4968","42":"base_metal_to_weld-aisi-800ht","43":"base_metal_to_weld-uns-n07090","44":"base_metal_to_weld-1-4849","45":"base_metal_to_weld-1-4037","46":"base_metal_to_weld-uns-s42000","47":"base_metal_to_weld-1-4558","48":"base_metal_to_weld-1-4407","49":"base_metal_to_weld-1-4981","50":"base_metal_to_weld-alloy-601","51":"base_metal_to_weld-aisi-9ni-stahl","52":"base_metal_to_weld-1-4852","53":"base_metal_to_weld-1-4057","54":"base_metal_to_weld-uns-s43100","55":"base_metal_to_weld-1-4958","56":"base_metal_to_weld-1-4414","57":"base_metal_to_weld-1-4988","58":"base_metal_to_weld-alloy-75","59":"base_metal_to_weld-uns-k81340","60":"base_metal_to_weld-1-4857","61":"base_metal_to_weld-1-4117","62":"base_metal_to_weld-s41500","63":"base_metal_to_weld-1-4418","64":"base_metal_to_weld-1-5662","65":"base_metal_to_weld-1-4848","66":"base_metal_to_weld-2-4851","67":"base_metal_to_weld-alloy-80a","68":"base_metal_to_weld-aisi-800","69":"base_metal_to_weld-aisi-334","70":"base_metal_to_weld-1-4122","71":"base_metal_to_weld-j91550","72":"base_metal_to_weld-1-4000","73":"base_metal_to_weld-1-4405","74":"base_metal_to_weld-uns-n06600","75":"base_metal_to_weld-uns-s31635","76":"base_metal_to_weld-2-4951","77":"base_metal_to_weld-alloy-90","78":"base_metal_to_weld-1-4859","79":"base_metal_to_weld-1-4919","80":"base_metal_to_weld-aisi-420d","81":"base_metal_to_weld-2-4360-3","82":"wear_type-korrosion","83":"wear_type-hohe-temperatur","84":"aws_classification-aws-a-5-34-aws-a-5-34m-enicr3t1-4-nearest","85":"en_iso_classification-en-iso-12153-t-ni-6083-nicr20mn6fe4nb-p-m21-1","87":"first","88":"instock","89":"sold-individually","90":"purchasable","91":"product-type-simple"},"acf":[],"yoast_head":"<!-- This site is optimized with the Yoast SEO Premium plugin v27.4 (Yoast SEO v27.4) - https:\/\/yoast.com\/product\/yoast-seo-premium-wordpress\/ -->\n<title>GAMMA V 4648 F\u00fclldraht f\u00fcr das Schutzgasschwei\u00dfen, Nickelbasis<\/title>\n<meta name=\"description\" content=\"GAMMA V 4648 F\u00fclldraht f\u00fcr das Schutzgasschwei\u00dfen, Nickelbasis\" \/>\n<meta name=\"robots\" content=\"noindex, follow, max-snippet:-1, max-image-preview:large, max-video-preview:-1\" \/>\n<meta property=\"og:locale\" content=\"de_DE\" \/>\n<meta property=\"og:type\" content=\"article\" \/>\n<meta property=\"og:title\" content=\"GAMMA V 4648\" \/>\n<meta property=\"og:description\" content=\"GAMMA V 4648 F\u00fclldraht f\u00fcr das Schutzgasschwei\u00dfen, Nickelbasis\" \/>\n<meta property=\"og:url\" content=\"https:\/\/welding-alloys.zerobox.co.za\/de\/produkt\/gamma-v-4648\/\" \/>\n<meta property=\"og:site_name\" content=\"Welding Alloys\" \/>\n<meta property=\"article:publisher\" content=\"https:\/\/www.facebook.com\/weldingalloysgroup\" \/>\n<meta property=\"article:modified_time\" content=\"2026-02-18T12:45:36+00:00\" \/>\n<meta property=\"og:image\" content=\"https:\/\/welding-alloys.zerobox.co.za\/wp-content\/uploads\/2021\/11\/blackspool.jpg\" \/>\n\t<meta property=\"og:image:width\" content=\"1000\" \/>\n\t<meta property=\"og:image:height\" content=\"1000\" \/>\n\t<meta property=\"og:image:type\" content=\"image\/jpeg\" \/>\n<meta name=\"twitter:card\" content=\"summary_large_image\" \/>\n<meta name=\"twitter:label1\" content=\"Preis\" \/>\n\t<meta name=\"twitter:data1\" content=\"&#036;0.00\" \/>\n\t<meta name=\"twitter:label2\" content=\"Verf\u00fcgbarkeit\" \/>\n\t<meta name=\"twitter:data2\" content=\"Auf Lager\" \/>\n<script type=\"application\/ld+json\" class=\"yoast-schema-graph\">{\"@context\":\"https:\\\/\\\/schema.org\",\"@graph\":[{\"@type\":\"WebPage\",\"@id\":\"https:\\\/\\\/welding-alloys.zerobox.co.za\\\/de\\\/produkt\\\/gamma-v-4648\\\/\",\"url\":\"https:\\\/\\\/welding-alloys.zerobox.co.za\\\/de\\\/produkt\\\/gamma-v-4648\\\/\",\"name\":\"GAMMA V 4648 F\u00fclldraht f\u00fcr das Schutzgasschwei\u00dfen, Nickelbasis\",\"isPartOf\":{\"@id\":\"https:\\\/\\\/welding-alloys.zerobox.co.za\\\/de\\\/#website\"},\"primaryImageOfPage\":{\"@id\":\"https:\\\/\\\/welding-alloys.zerobox.co.za\\\/de\\\/produkt\\\/gamma-v-4648\\\/#primaryimage\"},\"image\":{\"@id\":\"https:\\\/\\\/welding-alloys.zerobox.co.za\\\/de\\\/produkt\\\/gamma-v-4648\\\/#primaryimage\"},\"thumbnailUrl\":\"https:\\\/\\\/welding-alloys.zerobox.co.za\\\/wp-content\\\/uploads\\\/2021\\\/11\\\/blackspool.jpg\",\"datePublished\":\"2024-06-03T14:59:40+00:00\",\"dateModified\":\"2026-02-18T12:45:36+00:00\",\"description\":\"GAMMA V 4648 F\u00fclldraht f\u00fcr das Schutzgasschwei\u00dfen, Nickelbasis\",\"breadcrumb\":{\"@id\":\"https:\\\/\\\/welding-alloys.zerobox.co.za\\\/de\\\/produkt\\\/gamma-v-4648\\\/#breadcrumb\"},\"inLanguage\":\"de\",\"potentialAction\":[{\"@type\":\"ReadAction\",\"target\":[\"https:\\\/\\\/welding-alloys.zerobox.co.za\\\/de\\\/produkt\\\/gamma-v-4648\\\/\"]}]},{\"@type\":\"ImageObject\",\"inLanguage\":\"de\",\"@id\":\"https:\\\/\\\/welding-alloys.zerobox.co.za\\\/de\\\/produkt\\\/gamma-v-4648\\\/#primaryimage\",\"url\":\"https:\\\/\\\/welding-alloys.zerobox.co.za\\\/wp-content\\\/uploads\\\/2021\\\/11\\\/blackspool.jpg\",\"contentUrl\":\"https:\\\/\\\/welding-alloys.zerobox.co.za\\\/wp-content\\\/uploads\\\/2021\\\/11\\\/blackspool.jpg\",\"width\":1000,\"height\":1000,\"caption\":\"blackspool\"},{\"@type\":\"BreadcrumbList\",\"@id\":\"https:\\\/\\\/welding-alloys.zerobox.co.za\\\/de\\\/produkt\\\/gamma-v-4648\\\/#breadcrumb\",\"itemListElement\":[{\"@type\":\"ListItem\",\"position\":1,\"name\":\"Home\",\"item\":\"https:\\\/\\\/welding-alloys.zerobox.co.za\\\/de\\\/hauptseite\\\/\"},{\"@type\":\"ListItem\",\"position\":2,\"name\":\"Produkte &#038; Dienstleistungen\",\"item\":\"https:\\\/\\\/welding-alloys.zerobox.co.za\\\/de\\\/produkte-dienstleistungen\\\/\"},{\"@type\":\"ListItem\",\"position\":3,\"name\":\"GAMMA V 4648\"}]},{\"@type\":\"WebSite\",\"@id\":\"https:\\\/\\\/welding-alloys.zerobox.co.za\\\/de\\\/#website\",\"url\":\"https:\\\/\\\/welding-alloys.zerobox.co.za\\\/de\\\/\",\"name\":\"Welding Alloys\",\"description\":\"Welding Alloys\",\"publisher\":{\"@id\":\"https:\\\/\\\/welding-alloys.zerobox.co.za\\\/de\\\/#organization\"},\"potentialAction\":[{\"@type\":\"SearchAction\",\"target\":{\"@type\":\"EntryPoint\",\"urlTemplate\":\"https:\\\/\\\/welding-alloys.zerobox.co.za\\\/de\\\/?s={search_term_string}\"},\"query-input\":{\"@type\":\"PropertyValueSpecification\",\"valueRequired\":true,\"valueName\":\"search_term_string\"}}],\"inLanguage\":\"de\"},{\"@type\":\"Organization\",\"@id\":\"https:\\\/\\\/welding-alloys.zerobox.co.za\\\/de\\\/#organization\",\"name\":\"Welding Alloys\",\"url\":\"https:\\\/\\\/welding-alloys.zerobox.co.za\\\/de\\\/\",\"logo\":{\"@type\":\"ImageObject\",\"inLanguage\":\"de\",\"@id\":\"https:\\\/\\\/welding-alloys.zerobox.co.za\\\/de\\\/#\\\/schema\\\/logo\\\/image\\\/\",\"url\":\"https:\\\/\\\/welding-alloys.zerobox.co.za\\\/wp-content\\\/uploads\\\/2022\\\/02\\\/logo.png\",\"contentUrl\":\"https:\\\/\\\/welding-alloys.zerobox.co.za\\\/wp-content\\\/uploads\\\/2022\\\/02\\\/logo.png\",\"width\":542,\"height\":279,\"caption\":\"Welding Alloys\"},\"image\":{\"@id\":\"https:\\\/\\\/welding-alloys.zerobox.co.za\\\/de\\\/#\\\/schema\\\/logo\\\/image\\\/\"},\"sameAs\":[\"https:\\\/\\\/www.facebook.com\\\/weldingalloysgroup\",\"https:\\\/\\\/www.youtube.com\\\/user\\\/WeldingAlloystv\",\"https:\\\/\\\/www.instagram.com\\\/weldingalloys\\\/\",\"https:\\\/\\\/linkedin.com\\\/company\\\/welding-alloys\"]}]}<\/script>\n<meta property=\"product:price:amount\" content=\"0.00\" \/>\n<meta property=\"product:price:currency\" content=\"USD\" \/>\n<meta property=\"og:availability\" content=\"instock\" \/>\n<meta property=\"product:availability\" content=\"instock\" \/>\n<meta property=\"product:retailer_item_id\" content=\"V4648\" \/>\n<meta property=\"product:condition\" content=\"new\" \/>\n<!-- \/ Yoast SEO Premium plugin. -->","yoast_head_json":{"title":"GAMMA V 4648 F\u00fclldraht f\u00fcr das Schutzgasschwei\u00dfen, Nickelbasis","description":"GAMMA V 4648 F\u00fclldraht f\u00fcr das Schutzgasschwei\u00dfen, Nickelbasis","robots":{"index":"noindex","follow":"follow","max-snippet":"max-snippet:-1","max-image-preview":"max-image-preview:large","max-video-preview":"max-video-preview:-1"},"og_locale":"de_DE","og_type":"article","og_title":"GAMMA V 4648","og_description":"GAMMA V 4648 F\u00fclldraht f\u00fcr das Schutzgasschwei\u00dfen, Nickelbasis","og_url":"https:\/\/welding-alloys.zerobox.co.za\/de\/produkt\/gamma-v-4648\/","og_site_name":"Welding Alloys","article_publisher":"https:\/\/www.facebook.com\/weldingalloysgroup","article_modified_time":"2026-02-18T12:45:36+00:00","og_image":[{"width":1000,"height":1000,"url":"https:\/\/welding-alloys.zerobox.co.za\/wp-content\/uploads\/2021\/11\/blackspool.jpg","type":"image\/jpeg"}],"twitter_card":"summary_large_image","twitter_misc":{"Preis":"&#36;0.00","Verf\u00fcgbarkeit":"Auf Lager"},"schema":{"@context":"https:\/\/schema.org","@graph":[{"@type":"WebPage","@id":"https:\/\/welding-alloys.zerobox.co.za\/de\/produkt\/gamma-v-4648\/","url":"https:\/\/welding-alloys.zerobox.co.za\/de\/produkt\/gamma-v-4648\/","name":"GAMMA V 4648 F\u00fclldraht f\u00fcr das Schutzgasschwei\u00dfen, Nickelbasis","isPartOf":{"@id":"https:\/\/welding-alloys.zerobox.co.za\/de\/#website"},"primaryImageOfPage":{"@id":"https:\/\/welding-alloys.zerobox.co.za\/de\/produkt\/gamma-v-4648\/#primaryimage"},"image":{"@id":"https:\/\/welding-alloys.zerobox.co.za\/de\/produkt\/gamma-v-4648\/#primaryimage"},"thumbnailUrl":"https:\/\/welding-alloys.zerobox.co.za\/wp-content\/uploads\/2021\/11\/blackspool.jpg","datePublished":"2024-06-03T14:59:40+00:00","dateModified":"2026-02-18T12:45:36+00:00","description":"GAMMA V 4648 F\u00fclldraht f\u00fcr das Schutzgasschwei\u00dfen, Nickelbasis","breadcrumb":{"@id":"https:\/\/welding-alloys.zerobox.co.za\/de\/produkt\/gamma-v-4648\/#breadcrumb"},"inLanguage":"de","potentialAction":[{"@type":"ReadAction","target":["https:\/\/welding-alloys.zerobox.co.za\/de\/produkt\/gamma-v-4648\/"]}]},{"@type":"ImageObject","inLanguage":"de","@id":"https:\/\/welding-alloys.zerobox.co.za\/de\/produkt\/gamma-v-4648\/#primaryimage","url":"https:\/\/welding-alloys.zerobox.co.za\/wp-content\/uploads\/2021\/11\/blackspool.jpg","contentUrl":"https:\/\/welding-alloys.zerobox.co.za\/wp-content\/uploads\/2021\/11\/blackspool.jpg","width":1000,"height":1000,"caption":"blackspool"},{"@type":"BreadcrumbList","@id":"https:\/\/welding-alloys.zerobox.co.za\/de\/produkt\/gamma-v-4648\/#breadcrumb","itemListElement":[{"@type":"ListItem","position":1,"name":"Home","item":"https:\/\/welding-alloys.zerobox.co.za\/de\/hauptseite\/"},{"@type":"ListItem","position":2,"name":"Produkte &#038; Dienstleistungen","item":"https:\/\/welding-alloys.zerobox.co.za\/de\/produkte-dienstleistungen\/"},{"@type":"ListItem","position":3,"name":"GAMMA V 4648"}]},{"@type":"WebSite","@id":"https:\/\/welding-alloys.zerobox.co.za\/de\/#website","url":"https:\/\/welding-alloys.zerobox.co.za\/de\/","name":"Welding Alloys","description":"Welding Alloys","publisher":{"@id":"https:\/\/welding-alloys.zerobox.co.za\/de\/#organization"},"potentialAction":[{"@type":"SearchAction","target":{"@type":"EntryPoint","urlTemplate":"https:\/\/welding-alloys.zerobox.co.za\/de\/?s={search_term_string}"},"query-input":{"@type":"PropertyValueSpecification","valueRequired":true,"valueName":"search_term_string"}}],"inLanguage":"de"},{"@type":"Organization","@id":"https:\/\/welding-alloys.zerobox.co.za\/de\/#organization","name":"Welding Alloys","url":"https:\/\/welding-alloys.zerobox.co.za\/de\/","logo":{"@type":"ImageObject","inLanguage":"de","@id":"https:\/\/welding-alloys.zerobox.co.za\/de\/#\/schema\/logo\/image\/","url":"https:\/\/welding-alloys.zerobox.co.za\/wp-content\/uploads\/2022\/02\/logo.png","contentUrl":"https:\/\/welding-alloys.zerobox.co.za\/wp-content\/uploads\/2022\/02\/logo.png","width":542,"height":279,"caption":"Welding Alloys"},"image":{"@id":"https:\/\/welding-alloys.zerobox.co.za\/de\/#\/schema\/logo\/image\/"},"sameAs":["https:\/\/www.facebook.com\/weldingalloysgroup","https:\/\/www.youtube.com\/user\/WeldingAlloystv","https:\/\/www.instagram.com\/weldingalloys\/","https:\/\/linkedin.com\/company\/welding-alloys"]}]},"product_price_amount":"0.00","product_price_currency":"USD","og_availability":"instock","product_availability":"instock","product_retailer_item_id":"V4648","product_condition":"new"},"_links":{"self":[{"href":"https:\/\/welding-alloys.zerobox.co.za\/de\/wp-json\/wp\/v2\/product\/30568","targetHints":{"allow":["GET"]}}],"collection":[{"href":"https:\/\/welding-alloys.zerobox.co.za\/de\/wp-json\/wp\/v2\/product"}],"about":[{"href":"https:\/\/welding-alloys.zerobox.co.za\/de\/wp-json\/wp\/v2\/types\/product"}],"replies":[{"embeddable":true,"href":"https:\/\/welding-alloys.zerobox.co.za\/de\/wp-json\/wp\/v2\/comments?post=30568"}],"wp:featuredmedia":[{"embeddable":true,"href":"https:\/\/welding-alloys.zerobox.co.za\/de\/wp-json\/wp\/v2\/media\/443"}],"wp:attachment":[{"href":"https:\/\/welding-alloys.zerobox.co.za\/de\/wp-json\/wp\/v2\/media?parent=30568"}],"wp:term":[{"taxonomy":"product_brand","embeddable":true,"href":"https:\/\/welding-alloys.zerobox.co.za\/de\/wp-json\/wp\/v2\/product_brand?post=30568"},{"taxonomy":"product_cat","embeddable":true,"href":"https:\/\/welding-alloys.zerobox.co.za\/de\/wp-json\/wp\/v2\/product_cat?post=30568"},{"taxonomy":"product_tag","embeddable":true,"href":"https:\/\/welding-alloys.zerobox.co.za\/de\/wp-json\/wp\/v2\/product_tag?post=30568"},{"taxonomy":"application","embeddable":true,"href":"https:\/\/welding-alloys.zerobox.co.za\/de\/wp-json\/wp\/v2\/application?post=30568"},{"taxonomy":"alloy_type","embeddable":true,"href":"https:\/\/welding-alloys.zerobox.co.za\/de\/wp-json\/wp\/v2\/alloy_type?post=30568"},{"taxonomy":"family_name","embeddable":true,"href":"https:\/\/welding-alloys.zerobox.co.za\/de\/wp-json\/wp\/v2\/family_name?post=30568"},{"taxonomy":"welding_process","embeddable":true,"href":"https:\/\/welding-alloys.zerobox.co.za\/de\/wp-json\/wp\/v2\/welding_process?post=30568"},{"taxonomy":"welding_position","embeddable":true,"href":"https:\/\/welding-alloys.zerobox.co.za\/de\/wp-json\/wp\/v2\/welding_position?post=30568"},{"taxonomy":"control_system","embeddable":true,"href":"https:\/\/welding-alloys.zerobox.co.za\/de\/wp-json\/wp\/v2\/control_system?post=30568"},{"taxonomy":"datasheet","embeddable":true,"href":"https:\/\/welding-alloys.zerobox.co.za\/de\/wp-json\/wp\/v2\/datasheet?post=30568"},{"taxonomy":"industry","embeddable":true,"href":"https:\/\/welding-alloys.zerobox.co.za\/de\/wp-json\/wp\/v2\/industry?post=30568"},{"taxonomy":"base_metal_to_weld","embeddable":true,"href":"https:\/\/welding-alloys.zerobox.co.za\/de\/wp-json\/wp\/v2\/base_metal_to_weld?post=30568"},{"taxonomy":"wear_type","embeddable":true,"href":"https:\/\/welding-alloys.zerobox.co.za\/de\/wp-json\/wp\/v2\/wear_type?post=30568"},{"taxonomy":"hardness","embeddable":true,"href":"https:\/\/welding-alloys.zerobox.co.za\/de\/wp-json\/wp\/v2\/hardness?post=30568"},{"taxonomy":"aws_classification","embeddable":true,"href":"https:\/\/welding-alloys.zerobox.co.za\/de\/wp-json\/wp\/v2\/aws_classification?post=30568"},{"taxonomy":"en_iso_classification","embeddable":true,"href":"https:\/\/welding-alloys.zerobox.co.za\/de\/wp-json\/wp\/v2\/en_iso_classification?post=30568"},{"taxonomy":"machine_expert","embeddable":true,"href":"https:\/\/welding-alloys.zerobox.co.za\/de\/wp-json\/wp\/v2\/machine_expert?post=30568"},{"taxonomy":"industry_application","embeddable":true,"href":"https:\/\/welding-alloys.zerobox.co.za\/de\/wp-json\/wp\/v2\/industry_application?post=30568"},{"taxonomy":"industry_expert","embeddable":true,"href":"https:\/\/welding-alloys.zerobox.co.za\/de\/wp-json\/wp\/v2\/industry_expert?post=30568"},{"taxonomy":"hardness_range","embeddable":true,"href":"https:\/\/welding-alloys.zerobox.co.za\/de\/wp-json\/wp\/v2\/hardness_range?post=30568"}],"curies":[{"name":"wp","href":"https:\/\/api.w.org\/{rel}","templated":true}]}}