{"id":71032,"date":"2026-02-12T10:26:36","date_gmt":"2026-02-12T09:26:36","guid":{"rendered":"https:\/\/welding-alloys.zerobox.co.za\/distributor-portal\/"},"modified":"2026-02-16T11:15:03","modified_gmt":"2026-02-16T10:15:03","slug":"distributor-portal","status":"publish","type":"page","link":"https:\/\/welding-alloys.zerobox.co.za\/de\/distributor-portal\/","title":{"rendered":"Distributor-Portal"},"content":{"rendered":"<div id='full_slider_1'  class='avia-fullwidth-slider main_color avia-shadow   avia-builder-el-0  el_before_av_section  avia-builder-el-first   container_wrap sidebar_left'  >\n<style type=\"text\/css\" data-created_by=\"avia_inline_auto\" id=\"style-css-av-16q83o-bd4ebcf3828e7848cc102c6fc46dd9be\">\n#top #wrap_all .avia-slideshow .av-slideshow-caption.av-16q83o-bd4ebcf3828e7848cc102c6fc46dd9be__0 .avia-caption-title{\nfont-size:38px;\n}\n<\/style>\n<div  class='avia-slideshow av-16q83o-bd4ebcf3828e7848cc102c6fc46dd9be avia-slideshow-featured av_slideshow_full avia-slide-slider av-slideshow-ui av-control-default av-slideshow-manual av-loop-once av-loop-manual-endless av-default-height-applied   avia-slideshow-1' data-slideshow-options=\"{&quot;animation&quot;:&quot;slide&quot;,&quot;autoplay&quot;:false,&quot;loop_autoplay&quot;:&quot;once&quot;,&quot;interval&quot;:5,&quot;loop_manual&quot;:&quot;manual-endless&quot;,&quot;autoplay_stopper&quot;:false,&quot;noNavigation&quot;:false,&quot;bg_slider&quot;:false,&quot;keep_padding&quot;:false,&quot;hoverpause&quot;:false,&quot;show_slide_delay&quot;:0}\"  itemprop=\"image\" itemscope=\"itemscope\" itemtype=\"https:\/\/schema.org\/ImageObject\" ><ul class='avia-slideshow-inner ' style='padding-bottom: 24.609375%;'><li  class='avia-slideshow-slide av-16q83o-bd4ebcf3828e7848cc102c6fc46dd9be__0  av-single-slide slide-1 slide-odd'><div data-rel='slideshow-1' class='avia-slide-wrap '   ><div class='av-slideshow-caption av-16q83o-bd4ebcf3828e7848cc102c6fc46dd9be__0 caption_fullwidth caption_left caption_left_framed caption_framed'><div class=\"container caption_container\"><div class=\"slideshow_caption\"><div class=\"slideshow_inner_caption\"><div class=\"slideshow_align_caption\"><h2 class='avia-caption-title '  itemprop=\"name\" >Distributor-Portal<\/h2><\/div><\/div><\/div><\/div><\/div><img decoding=\"async\" fetchpriority=\"high\" class=\"wp-image-10040 avia-img-lazy-loading-not-10040\"  src=\"https:\/\/welding-alloys.zerobox.co.za\/wp-content\/uploads\/2022\/01\/brochuresbanner.jpg\" width=\"1280\" height=\"315\" title='brochuresbanner' alt='brochuresbanner'  itemprop=\"thumbnailUrl\"  style='min-height:250px; min-width:1016px; ' srcset=\"https:\/\/welding-alloys.zerobox.co.za\/wp-content\/uploads\/2022\/01\/brochuresbanner.jpg 1280w, https:\/\/welding-alloys.zerobox.co.za\/wp-content\/uploads\/2022\/01\/brochuresbanner-600x148.jpg 600w, https:\/\/welding-alloys.zerobox.co.za\/wp-content\/uploads\/2022\/01\/brochuresbanner-300x74.jpg 300w, https:\/\/welding-alloys.zerobox.co.za\/wp-content\/uploads\/2022\/01\/brochuresbanner-500x123.jpg 500w\" sizes=\"(max-width: 1280px) 100vw, 1280px\" \/><\/div><\/li><\/ul><\/div><\/div>\n<div id='av_section_1'  class='avia-section av-94zv6s-82f3fd0e209e9cd0e77dff36a2112e11 alternate_color avia-section-small avia-no-border-styling  avia-builder-el-1  el_after_av_slideshow_full  el_before_av_section  breadcrumb-container avia-bg-style-scroll container_wrap sidebar_left'  ><div class='container av-section-cont-open' ><div class='template-page content  av-content-small units'><div class='post-entry post-entry-type-page post-entry-71032'><div class='entry-content-wrapper clearfix'>\n<section  class='av_textblock_section av-7wrsdg-f820985520d5dce82ed185ff36584cc6 '   itemscope=\"itemscope\" itemtype=\"https:\/\/schema.org\/CreativeWork\" ><div class='avia_textblock'  itemprop=\"text\" ><div class=\"breadcrumb breadcrumbs avia-breadcrumbs\"><div class=\"breadcrumb-trail\" ><span class=\"trail-before\"><span class=\"breadcrumb-title\">Du bist hier:<\/span><\/span> <span  itemscope=\"itemscope\" itemtype=\"https:\/\/schema.org\/BreadcrumbList\" ><span  itemscope=\"itemscope\" itemtype=\"https:\/\/schema.org\/ListItem\" itemprop=\"itemListElement\" ><a itemprop=\"url\" href=\"https:\/\/welding-alloys.zerobox.co.za\/de\/\" title=\"Welding Alloys\" rel=\"home\" class=\"trail-begin\"><span itemprop=\"name\">Startseite<\/span><\/a><span itemprop=\"position\" class=\"hidden\">1<\/span><\/span><\/span><\/div><\/div>\n<\/div><\/section>\n\n<\/div><\/div><\/div><!-- close content main div --><\/div><\/div><div id='av_section_2'  class='avia-section av-63mysk-c041be2d6f1e779f4e170567996cd14e main_color avia-section-default avia-no-border-styling  avia-builder-el-3  el_after_av_section  avia-builder-el-last  avia-bg-style-scroll container_wrap sidebar_left'  ><div class='container av-section-cont-open' ><div class='template-page content  av-content-small units'><div class='post-entry post-entry-type-page post-entry-71032'><div class='entry-content-wrapper clearfix'>\n<div class='flex_column_table av-3jtplg-0e792cb6d56f03caf7f64d413329c4a3 sc-av_one_full av-equal-height-column-flextable'><div  class='flex_column av-3jtplg-0e792cb6d56f03caf7f64d413329c4a3 av_one_full  avia-builder-el-4  el_before_av_one_full  avia-builder-el-first  first flex_column_table_cell av-equal-height-column av-align-top  '     ><style type=\"text\/css\" data-created_by=\"avia_inline_auto\" id=\"style-css-av-kx3ng2bf-c30fbdce20a6b25e36f44ce4e5ab6e0b\">\n#top .av-special-heading.av-kx3ng2bf-c30fbdce20a6b25e36f44ce4e5ab6e0b{\npadding-bottom:10px;\n}\nbody .av-special-heading.av-kx3ng2bf-c30fbdce20a6b25e36f44ce4e5ab6e0b .av-special-heading-tag .heading-char{\nfont-size:25px;\n}\n.av-special-heading.av-kx3ng2bf-c30fbdce20a6b25e36f44ce4e5ab6e0b .av-subheading{\nfont-size:15px;\n}\n<\/style>\n<div  class='av-special-heading av-kx3ng2bf-c30fbdce20a6b25e36f44ce4e5ab6e0b av-special-heading-h1 blockquote modern-quote  avia-builder-el-5  avia-builder-el-no-sibling '><h1 class='av-special-heading-tag '  itemprop=\"headline\"  >Distributor-Portal<\/h1><div class=\"special-heading-border\"><div class=\"special-heading-inner-border\"><\/div><\/div><\/div><\/div><\/div><!--close column table wrapper. Autoclose: 1 -->\n<style type=\"text\/css\" data-created_by=\"avia_inline_auto\" id=\"style-css-av-kxsl75fb-5dac9ad8d5f8977847f6d4d37fca20e8\">\n.flex_column.av-kxsl75fb-5dac9ad8d5f8977847f6d4d37fca20e8{\npadding:30px 30px 30px 30px;\nbackground-color:#f2f2f2;\n}\n<\/style>\n<div  class='flex_column av-kxsl75fb-5dac9ad8d5f8977847f6d4d37fca20e8 av_one_full  avia-builder-el-6  el_after_av_one_full  avia-builder-el-last  first flex_column_div  column-top-margin'     ><section  class='av_textblock_section av-kx3nfpqj-b142b0e0f03eaea04fce2facbb28e680 '   itemscope=\"itemscope\" itemtype=\"https:\/\/schema.org\/CreativeWork\" ><div class='avia_textblock'  itemprop=\"text\" >\t\t<form class=\"dp-login-form\" method=\"post\" action=\"\">\n\t\t\t<h3 class=\"margin-top-0\">Login im H\u00e4ndlerportal<\/h3>\n\n\t\t\t<p>\n\t\t\t\t<label for=\"dp_username\">Benutzername<\/label><br>\n\t\t\t\t<input id=\"dp_username\" type=\"text\" name=\"dp_username\" autocomplete=\"username\" required \/>\n\t\t\t<\/p>\n\n\t\t\t<p>\n\t\t\t\t<label for=\"dp_password\">Passwort<\/label><br>\n\t\t\t\t<input id=\"dp_password\" type=\"password\" name=\"dp_password\" autocomplete=\"current-password\" required \/>\n\t\t\t<\/p>\n\n\t\t\t<input type=\"hidden\" id=\"dp_login_nonce\" name=\"dp_login_nonce\" value=\"b381e8814e\" \/><input type=\"hidden\" name=\"_wp_http_referer\" value=\"\/de\/wp-json\/wp\/v2\/pages\/71032\" \/>\n\t\t\t<p>\n\t\t\t\t<button class=\"btn\" type=\"submit\" name=\"dp_login_submit\" value=\"1\">Anmelden<\/button>\n\t\t\t<\/p>\n\n\t\t\t<p style=\"font-size:12px;\">\n\t\t\t\t<a href=\"https:\/\/welding-alloys.zerobox.co.za\/wp-login.php?action=lostpassword&#038;redirect_to=https%3A%2F%2Fwelding-alloys.zerobox.co.za%2Fde%2Fdistributor-portal%2F\">Passwort vergessen?<\/a>\n\t\t\t<\/p>\n\t\t<\/form>\n\t\t\n<\/div><\/section><\/div><\/div><\/div><\/div><!-- close content main div --><\/div><\/div><div id='after_section_2'  class='main_color av_default_container_wrap container_wrap sidebar_left'  ><div class='container av-section-cont-open' ><div class='template-page content  av-content-small units'><div class='post-entry post-entry-type-page post-entry-71032'><div class='entry-content-wrapper clearfix'>\n","protected":false},"excerpt":{"rendered":"<p>Brosch\u00fcren &amp; technische Literatur zu Zusatzwerkstoffen, Maschinen, engineeringgest\u00fctzten Verschlei\u00dfschutz-Services, Verschlei\u00dfplatten &amp; branchenspezifischen schl\u00fcsselfertigen L\u00f6sungen<\/p>\n","protected":false},"author":1,"featured_media":0,"parent":0,"menu_order":0,"comment_status":"closed","ping_status":"open","template":"","meta":{"_acf_changed":false,"_relevanssi_hide_post":"","_relevanssi_hide_content":"","_relevanssi_pin_for_all":"","_relevanssi_pin_keywords":"","_relevanssi_unpin_keywords":"","_relevanssi_related_keywords":"","_relevanssi_related_include_ids":"","_relevanssi_related_exclude_ids":"","_relevanssi_related_no_append":"","_relevanssi_related_not_related":"","_relevanssi_related_posts":"","_relevanssi_noindex_reason":"","inline_featured_image":false,"footnotes":"","_links_to":"","_links_to_target":""},"class_list":["post-71032","page","type-page","status-publish","hentry"],"acf":[],"yoast_head":"<!-- This site is optimized with the Yoast SEO Premium plugin v27.3 (Yoast SEO v27.3) - https:\/\/yoast.com\/product\/yoast-seo-premium-wordpress\/ -->\n<title>Distributor-Portal | Welding Alloys<\/title>\n<meta name=\"robots\" content=\"noindex, follow, max-snippet:-1, max-image-preview:large, max-video-preview:-1\" \/>\n<meta property=\"og:locale\" content=\"de_DE\" \/>\n<meta property=\"og:type\" content=\"article\" \/>\n<meta property=\"og:title\" content=\"Distributor-Portal\" \/>\n<meta property=\"og:description\" content=\"Brosch\u00fcren &amp; technische Literatur zu Zusatzwerkstoffen, Maschinen, engineeringgest\u00fctzten Verschlei\u00dfschutz-Services, Verschlei\u00dfplatten &amp; branchenspezifischen schl\u00fcsselfertigen L\u00f6sungen\" \/>\n<meta property=\"og:url\" content=\"https:\/\/welding-alloys.zerobox.co.za\/de\/distributor-portal\/\" \/>\n<meta property=\"og:site_name\" content=\"Welding Alloys\" \/>\n<meta property=\"article:publisher\" content=\"https:\/\/www.facebook.com\/weldingalloysgroup\" \/>\n<meta property=\"article:modified_time\" content=\"2026-02-16T10:15:03+00:00\" \/>\n<meta property=\"og:image\" content=\"https:\/\/welding-alloys.zerobox.co.za\/wp-content\/uploads\/2022\/02\/logo.png\" \/>\n\t<meta property=\"og:image:width\" content=\"542\" \/>\n\t<meta property=\"og:image:height\" content=\"279\" \/>\n\t<meta property=\"og:image:type\" content=\"image\/png\" \/>\n<meta name=\"twitter:card\" content=\"summary_large_image\" \/>\n<meta name=\"twitter:label1\" content=\"Gesch\u00e4tzte Lesezeit\" \/>\n\t<meta name=\"twitter:data1\" content=\"8\u00a0Minuten\" \/>\n<script type=\"application\/ld+json\" class=\"yoast-schema-graph\">{\"@context\":\"https:\\\/\\\/schema.org\",\"@graph\":[{\"@type\":\"WebPage\",\"@id\":\"https:\\\/\\\/welding-alloys.zerobox.co.za\\\/de\\\/distributor-portal\\\/\",\"url\":\"https:\\\/\\\/welding-alloys.zerobox.co.za\\\/de\\\/distributor-portal\\\/\",\"name\":\"Distributor-Portal | Welding Alloys\",\"isPartOf\":{\"@id\":\"https:\\\/\\\/welding-alloys.zerobox.co.za\\\/de\\\/#website\"},\"datePublished\":\"2026-02-12T09:26:36+00:00\",\"dateModified\":\"2026-02-16T10:15:03+00:00\",\"breadcrumb\":{\"@id\":\"https:\\\/\\\/welding-alloys.zerobox.co.za\\\/de\\\/distributor-portal\\\/#breadcrumb\"},\"inLanguage\":\"de\",\"potentialAction\":[{\"@type\":\"ReadAction\",\"target\":[\"https:\\\/\\\/welding-alloys.zerobox.co.za\\\/de\\\/distributor-portal\\\/\"]}]},{\"@type\":\"BreadcrumbList\",\"@id\":\"https:\\\/\\\/welding-alloys.zerobox.co.za\\\/de\\\/distributor-portal\\\/#breadcrumb\",\"itemListElement\":[{\"@type\":\"ListItem\",\"position\":1,\"name\":\"Home\",\"item\":\"https:\\\/\\\/welding-alloys.zerobox.co.za\\\/de\\\/hauptseite\\\/\"},{\"@type\":\"ListItem\",\"position\":2,\"name\":\"Distributor-Portal\"}]},{\"@type\":\"WebSite\",\"@id\":\"https:\\\/\\\/welding-alloys.zerobox.co.za\\\/de\\\/#website\",\"url\":\"https:\\\/\\\/welding-alloys.zerobox.co.za\\\/de\\\/\",\"name\":\"Welding Alloys\",\"description\":\"Welding Alloys\",\"publisher\":{\"@id\":\"https:\\\/\\\/welding-alloys.zerobox.co.za\\\/de\\\/#organization\"},\"potentialAction\":[{\"@type\":\"SearchAction\",\"target\":{\"@type\":\"EntryPoint\",\"urlTemplate\":\"https:\\\/\\\/welding-alloys.zerobox.co.za\\\/de\\\/?s={search_term_string}\"},\"query-input\":{\"@type\":\"PropertyValueSpecification\",\"valueRequired\":true,\"valueName\":\"search_term_string\"}}],\"inLanguage\":\"de\"},{\"@type\":\"Organization\",\"@id\":\"https:\\\/\\\/welding-alloys.zerobox.co.za\\\/de\\\/#organization\",\"name\":\"Welding Alloys\",\"url\":\"https:\\\/\\\/welding-alloys.zerobox.co.za\\\/de\\\/\",\"logo\":{\"@type\":\"ImageObject\",\"inLanguage\":\"de\",\"@id\":\"https:\\\/\\\/welding-alloys.zerobox.co.za\\\/de\\\/#\\\/schema\\\/logo\\\/image\\\/\",\"url\":\"https:\\\/\\\/welding-alloys.zerobox.co.za\\\/wp-content\\\/uploads\\\/2022\\\/02\\\/logo.png\",\"contentUrl\":\"https:\\\/\\\/welding-alloys.zerobox.co.za\\\/wp-content\\\/uploads\\\/2022\\\/02\\\/logo.png\",\"width\":542,\"height\":279,\"caption\":\"Welding Alloys\"},\"image\":{\"@id\":\"https:\\\/\\\/welding-alloys.zerobox.co.za\\\/de\\\/#\\\/schema\\\/logo\\\/image\\\/\"},\"sameAs\":[\"https:\\\/\\\/www.facebook.com\\\/weldingalloysgroup\",\"https:\\\/\\\/www.youtube.com\\\/user\\\/WeldingAlloystv\",\"https:\\\/\\\/www.instagram.com\\\/weldingalloys\\\/\",\"https:\\\/\\\/linkedin.com\\\/company\\\/welding-alloys\"]}]}<\/script>\n<!-- \/ Yoast SEO Premium plugin. -->","yoast_head_json":{"title":"Distributor-Portal | Welding Alloys","robots":{"index":"noindex","follow":"follow","max-snippet":"max-snippet:-1","max-image-preview":"max-image-preview:large","max-video-preview":"max-video-preview:-1"},"og_locale":"de_DE","og_type":"article","og_title":"Distributor-Portal","og_description":"Brosch\u00fcren &amp; technische Literatur zu Zusatzwerkstoffen, Maschinen, engineeringgest\u00fctzten Verschlei\u00dfschutz-Services, Verschlei\u00dfplatten &amp; branchenspezifischen schl\u00fcsselfertigen L\u00f6sungen","og_url":"https:\/\/welding-alloys.zerobox.co.za\/de\/distributor-portal\/","og_site_name":"Welding Alloys","article_publisher":"https:\/\/www.facebook.com\/weldingalloysgroup","article_modified_time":"2026-02-16T10:15:03+00:00","og_image":[{"width":542,"height":279,"url":"https:\/\/welding-alloys.zerobox.co.za\/wp-content\/uploads\/2022\/02\/logo.png","type":"image\/png"}],"twitter_card":"summary_large_image","twitter_misc":{"Gesch\u00e4tzte Lesezeit":"8\u00a0Minuten"},"schema":{"@context":"https:\/\/schema.org","@graph":[{"@type":"WebPage","@id":"https:\/\/welding-alloys.zerobox.co.za\/de\/distributor-portal\/","url":"https:\/\/welding-alloys.zerobox.co.za\/de\/distributor-portal\/","name":"Distributor-Portal | Welding Alloys","isPartOf":{"@id":"https:\/\/welding-alloys.zerobox.co.za\/de\/#website"},"datePublished":"2026-02-12T09:26:36+00:00","dateModified":"2026-02-16T10:15:03+00:00","breadcrumb":{"@id":"https:\/\/welding-alloys.zerobox.co.za\/de\/distributor-portal\/#breadcrumb"},"inLanguage":"de","potentialAction":[{"@type":"ReadAction","target":["https:\/\/welding-alloys.zerobox.co.za\/de\/distributor-portal\/"]}]},{"@type":"BreadcrumbList","@id":"https:\/\/welding-alloys.zerobox.co.za\/de\/distributor-portal\/#breadcrumb","itemListElement":[{"@type":"ListItem","position":1,"name":"Home","item":"https:\/\/welding-alloys.zerobox.co.za\/de\/hauptseite\/"},{"@type":"ListItem","position":2,"name":"Distributor-Portal"}]},{"@type":"WebSite","@id":"https:\/\/welding-alloys.zerobox.co.za\/de\/#website","url":"https:\/\/welding-alloys.zerobox.co.za\/de\/","name":"Welding Alloys","description":"Welding Alloys","publisher":{"@id":"https:\/\/welding-alloys.zerobox.co.za\/de\/#organization"},"potentialAction":[{"@type":"SearchAction","target":{"@type":"EntryPoint","urlTemplate":"https:\/\/welding-alloys.zerobox.co.za\/de\/?s={search_term_string}"},"query-input":{"@type":"PropertyValueSpecification","valueRequired":true,"valueName":"search_term_string"}}],"inLanguage":"de"},{"@type":"Organization","@id":"https:\/\/welding-alloys.zerobox.co.za\/de\/#organization","name":"Welding Alloys","url":"https:\/\/welding-alloys.zerobox.co.za\/de\/","logo":{"@type":"ImageObject","inLanguage":"de","@id":"https:\/\/welding-alloys.zerobox.co.za\/de\/#\/schema\/logo\/image\/","url":"https:\/\/welding-alloys.zerobox.co.za\/wp-content\/uploads\/2022\/02\/logo.png","contentUrl":"https:\/\/welding-alloys.zerobox.co.za\/wp-content\/uploads\/2022\/02\/logo.png","width":542,"height":279,"caption":"Welding Alloys"},"image":{"@id":"https:\/\/welding-alloys.zerobox.co.za\/de\/#\/schema\/logo\/image\/"},"sameAs":["https:\/\/www.facebook.com\/weldingalloysgroup","https:\/\/www.youtube.com\/user\/WeldingAlloystv","https:\/\/www.instagram.com\/weldingalloys\/","https:\/\/linkedin.com\/company\/welding-alloys"]}]}},"_links":{"self":[{"href":"https:\/\/welding-alloys.zerobox.co.za\/de\/wp-json\/wp\/v2\/pages\/71032","targetHints":{"allow":["GET"]}}],"collection":[{"href":"https:\/\/welding-alloys.zerobox.co.za\/de\/wp-json\/wp\/v2\/pages"}],"about":[{"href":"https:\/\/welding-alloys.zerobox.co.za\/de\/wp-json\/wp\/v2\/types\/page"}],"author":[{"embeddable":true,"href":"https:\/\/welding-alloys.zerobox.co.za\/de\/wp-json\/wp\/v2\/users\/1"}],"replies":[{"embeddable":true,"href":"https:\/\/welding-alloys.zerobox.co.za\/de\/wp-json\/wp\/v2\/comments?post=71032"}],"version-history":[{"count":7,"href":"https:\/\/welding-alloys.zerobox.co.za\/de\/wp-json\/wp\/v2\/pages\/71032\/revisions"}],"predecessor-version":[{"id":71058,"href":"https:\/\/welding-alloys.zerobox.co.za\/de\/wp-json\/wp\/v2\/pages\/71032\/revisions\/71058"}],"wp:attachment":[{"href":"https:\/\/welding-alloys.zerobox.co.za\/de\/wp-json\/wp\/v2\/media?parent=71032"}],"curies":[{"name":"wp","href":"https:\/\/api.w.org\/{rel}","templated":true}]}}