{"id":66314,"date":"2022-02-25T14:30:07","date_gmt":"2022-02-25T13:30:07","guid":{"rendered":"https:\/\/welding-alloys.zerobox.co.za\/?page_id=66314"},"modified":"2025-12-08T13:08:55","modified_gmt":"2025-12-08T12:08:55","slug":"nicht-in-den-usa-erhaeltlich","status":"publish","type":"page","link":"https:\/\/welding-alloys.zerobox.co.za\/de\/nicht-in-den-usa-erhaeltlich\/","title":{"rendered":"Nicht in den USA erh\u00e4ltlich"},"content":{"rendered":"<div id='full_slider_1'  class='avia-fullwidth-slider main_color avia-shadow   avia-builder-el-0  el_before_av_section  avia-builder-el-first   container_wrap sidebar_left'  >\n<style type=\"text\/css\" data-created_by=\"avia_inline_auto\" id=\"style-css-av-2e7kunn-3efe787ebb3491a7629cc35f9bd5840c\">\n#top #wrap_all .avia-slideshow .av-slideshow-caption.av-2e7kunn-3efe787ebb3491a7629cc35f9bd5840c__0 .avia-caption-title{\nfont-size:38px;\ncolor:#ffffff;\n}\n<\/style>\n<div  class='avia-slideshow av-2e7kunn-3efe787ebb3491a7629cc35f9bd5840c avia-slideshow-no scaling av_slideshow_full avia-slide-slider av-slideshow-ui av-control-default av-slideshow-manual av-loop-once av-loop-manual-endless av-default-height-applied   avia-slideshow-1' data-slideshow-options=\"{&quot;animation&quot;:&quot;slide&quot;,&quot;autoplay&quot;:false,&quot;loop_autoplay&quot;:&quot;once&quot;,&quot;interval&quot;:5,&quot;loop_manual&quot;:&quot;manual-endless&quot;,&quot;autoplay_stopper&quot;:false,&quot;noNavigation&quot;:false,&quot;bg_slider&quot;:false,&quot;keep_padding&quot;:false,&quot;hoverpause&quot;:false,&quot;show_slide_delay&quot;:0}\"  itemprop=\"image\" itemscope=\"itemscope\" itemtype=\"https:\/\/schema.org\/ImageObject\" ><ul class='avia-slideshow-inner ' style='padding-bottom: 24.609375%;'><li  class='avia-slideshow-slide av-2e7kunn-3efe787ebb3491a7629cc35f9bd5840c__0  av-single-slide slide-1 slide-odd'><div data-rel='slideshow-1' class='avia-slide-wrap '   ><div class='av-slideshow-caption av-2e7kunn-3efe787ebb3491a7629cc35f9bd5840c__0 caption_fullwidth caption_left caption_left_framed caption_framed'><div class=\"container caption_container\"><div class=\"slideshow_caption\"><div class=\"slideshow_inner_caption\"><div class=\"slideshow_align_caption\"><h2 class='avia-caption-title '  itemprop=\"name\" >Weltweit f\u00fchrend in den Bereichen Schwei\u00dfzusatzwerkstoffe, automatisierte Schwei\u00dfanlagen, Verschlei\u00dfplatten und Verschlei\u00dfschutztechnik.<\/h2><\/div><\/div><\/div><\/div><\/div><img decoding=\"async\" fetchpriority=\"high\" class=\"wp-image-21818 avia-img-lazy-loading-not-21818\"  src=\"https:\/\/welding-alloys.zerobox.co.za\/wp-content\/uploads\/2022\/03\/company-landing-page-banner.jpg\" width=\"1280\" height=\"315\" title='company landing page banner' alt='company landing page banner'  itemprop=\"thumbnailUrl\"  style='min-height:250px; min-width:1016px; ' srcset=\"https:\/\/welding-alloys.zerobox.co.za\/wp-content\/uploads\/2022\/03\/company-landing-page-banner.jpg 1280w, https:\/\/welding-alloys.zerobox.co.za\/wp-content\/uploads\/2022\/03\/company-landing-page-banner-600x148.jpg 600w, https:\/\/welding-alloys.zerobox.co.za\/wp-content\/uploads\/2022\/03\/company-landing-page-banner-300x74.jpg 300w, https:\/\/welding-alloys.zerobox.co.za\/wp-content\/uploads\/2022\/03\/company-landing-page-banner-1030x253.jpg 1030w, https:\/\/welding-alloys.zerobox.co.za\/wp-content\/uploads\/2022\/03\/company-landing-page-banner-768x189.jpg 768w, https:\/\/welding-alloys.zerobox.co.za\/wp-content\/uploads\/2022\/03\/company-landing-page-banner-705x173.jpg 705w, https:\/\/welding-alloys.zerobox.co.za\/wp-content\/uploads\/2022\/03\/company-landing-page-banner-500x123.jpg 500w\" sizes=\"(max-width: 1280px) 100vw, 1280px\" \/><\/div><\/li><\/ul><\/div><\/div>\n<div id='av_section_1'  class='avia-section av-58v5ir-b4839405095e68fb08660ab11ad6c299 alternate_color avia-section-small avia-no-border-styling  avia-builder-el-1  el_after_av_slideshow_full  el_before_av_section  breadcrumb-container avia-bg-style-scroll container_wrap sidebar_left'  ><div class='container av-section-cont-open' ><div class='template-page content  av-content-small units'><div class='post-entry post-entry-type-page post-entry-66314'><div class='entry-content-wrapper clearfix'>\n\n\n<\/div><\/div><\/div><!-- close content main div --><\/div><\/div><div id='av_section_2'  class='avia-section av-oz5a7n-7ae67e04a0bcce87758ba7ecb3e62eaa main_color avia-section-default avia-no-border-styling  avia-builder-el-3  el_after_av_section  avia-builder-el-last  avia-bg-style-scroll container_wrap sidebar_left'  ><div class='container av-section-cont-open' ><div class='template-page content  av-content-small units'><div class='post-entry post-entry-type-page post-entry-66314'><div class='entry-content-wrapper clearfix'>\n\n<style type=\"text\/css\" data-created_by=\"avia_inline_auto\" id=\"style-css-av-l02e9a6t-cc8dc7b72464463755810383fd23a31e\">\n#top .av-special-heading.av-l02e9a6t-cc8dc7b72464463755810383fd23a31e{\npadding-bottom:10px;\n}\nbody .av-special-heading.av-l02e9a6t-cc8dc7b72464463755810383fd23a31e .av-special-heading-tag .heading-char{\nfont-size:25px;\n}\n.av-special-heading.av-l02e9a6t-cc8dc7b72464463755810383fd23a31e .av-subheading{\nfont-size:15px;\n}\n<\/style>\n<div  class='av-special-heading av-l02e9a6t-cc8dc7b72464463755810383fd23a31e av-special-heading-h1 blockquote modern-quote  avia-builder-el-4  avia-builder-el-no-sibling '><h1 class='av-special-heading-tag '  itemprop=\"headline\"  >Bitte beachten Sie, dass dieses Produkt bzw. diese Dienstleistung in den USA nicht verf\u00fcgbar ist.<\/h1><div class=\"special-heading-border\"><div class=\"special-heading-inner-border\"><\/div><\/div><\/div>\n<\/div><\/div><\/div><!-- close content main div --><\/div><\/div><div id='after_section_2'  class='main_color av_default_container_wrap container_wrap sidebar_left'  ><div class='container av-section-cont-open' ><div class='template-page content  av-content-small units'><div class='post-entry post-entry-type-page post-entry-66314'><div class='entry-content-wrapper clearfix'>\n","protected":false},"excerpt":{"rendered":"","protected":false},"author":1,"featured_media":0,"parent":0,"menu_order":0,"comment_status":"closed","ping_status":"open","template":"","meta":{"_acf_changed":false,"_relevanssi_hide_post":"","_relevanssi_hide_content":"","_relevanssi_pin_for_all":"","_relevanssi_pin_keywords":"","_relevanssi_unpin_keywords":"","_relevanssi_related_keywords":"","_relevanssi_related_include_ids":"","_relevanssi_related_exclude_ids":"","_relevanssi_related_no_append":"","_relevanssi_related_not_related":"","_relevanssi_related_posts":"","_relevanssi_noindex_reason":"WooCommerce Yoast SEO Relevanssi index exclude","inline_featured_image":false,"footnotes":"","_links_to":"","_links_to_target":""},"class_list":["post-66314","page","type-page","status-publish","hentry"],"acf":[],"yoast_head":"<!-- This site is optimized with the Yoast SEO Premium plugin v27.4 (Yoast SEO v27.4) - https:\/\/yoast.com\/product\/yoast-seo-premium-wordpress\/ -->\n<title>Nicht in den USA erh\u00e4ltlich | Welding Alloys<\/title>\n<meta name=\"robots\" content=\"noindex, nofollow\" \/>\n<meta property=\"og:locale\" content=\"de_DE\" \/>\n<meta property=\"og:type\" content=\"article\" \/>\n<meta property=\"og:title\" content=\"Nicht in den USA erh\u00e4ltlich\" \/>\n<meta property=\"og:url\" content=\"https:\/\/welding-alloys.zerobox.co.za\/de\/nicht-in-den-usa-erhaeltlich\/\" \/>\n<meta property=\"og:site_name\" content=\"Welding Alloys\" \/>\n<meta property=\"article:publisher\" content=\"https:\/\/www.facebook.com\/weldingalloysgroup\" \/>\n<meta property=\"article:modified_time\" content=\"2025-12-08T12:08:55+00:00\" \/>\n<meta property=\"og:image\" content=\"https:\/\/welding-alloys.zerobox.co.za\/wp-content\/uploads\/2022\/02\/logo.png\" \/>\n\t<meta property=\"og:image:width\" content=\"542\" \/>\n\t<meta property=\"og:image:height\" content=\"279\" \/>\n\t<meta property=\"og:image:type\" content=\"image\/png\" \/>\n<meta name=\"twitter:card\" content=\"summary_large_image\" \/>\n<meta name=\"twitter:label1\" content=\"Gesch\u00e4tzte Lesezeit\" \/>\n\t<meta name=\"twitter:data1\" content=\"1\u00a0Minute\" \/>\n<script type=\"application\/ld+json\" class=\"yoast-schema-graph\">{\"@context\":\"https:\\\/\\\/schema.org\",\"@graph\":[{\"@type\":\"WebPage\",\"@id\":\"https:\\\/\\\/welding-alloys.zerobox.co.za\\\/de\\\/nicht-in-den-usa-erhaeltlich\\\/\",\"url\":\"https:\\\/\\\/welding-alloys.zerobox.co.za\\\/de\\\/nicht-in-den-usa-erhaeltlich\\\/\",\"name\":\"Nicht in den USA erh\u00e4ltlich | Welding Alloys\",\"isPartOf\":{\"@id\":\"https:\\\/\\\/welding-alloys.zerobox.co.za\\\/de\\\/#website\"},\"datePublished\":\"2022-02-25T13:30:07+00:00\",\"dateModified\":\"2025-12-08T12:08:55+00:00\",\"breadcrumb\":{\"@id\":\"https:\\\/\\\/welding-alloys.zerobox.co.za\\\/de\\\/nicht-in-den-usa-erhaeltlich\\\/#breadcrumb\"},\"inLanguage\":\"de\",\"potentialAction\":[{\"@type\":\"ReadAction\",\"target\":[\"https:\\\/\\\/welding-alloys.zerobox.co.za\\\/de\\\/nicht-in-den-usa-erhaeltlich\\\/\"]}]},{\"@type\":\"BreadcrumbList\",\"@id\":\"https:\\\/\\\/welding-alloys.zerobox.co.za\\\/de\\\/nicht-in-den-usa-erhaeltlich\\\/#breadcrumb\",\"itemListElement\":[{\"@type\":\"ListItem\",\"position\":1,\"name\":\"Home\",\"item\":\"https:\\\/\\\/welding-alloys.zerobox.co.za\\\/de\\\/hauptseite\\\/\"},{\"@type\":\"ListItem\",\"position\":2,\"name\":\"Nicht in den USA erh\u00e4ltlich\"}]},{\"@type\":\"WebSite\",\"@id\":\"https:\\\/\\\/welding-alloys.zerobox.co.za\\\/de\\\/#website\",\"url\":\"https:\\\/\\\/welding-alloys.zerobox.co.za\\\/de\\\/\",\"name\":\"Welding Alloys\",\"description\":\"Welding Alloys\",\"publisher\":{\"@id\":\"https:\\\/\\\/welding-alloys.zerobox.co.za\\\/de\\\/#organization\"},\"potentialAction\":[{\"@type\":\"SearchAction\",\"target\":{\"@type\":\"EntryPoint\",\"urlTemplate\":\"https:\\\/\\\/welding-alloys.zerobox.co.za\\\/de\\\/?s={search_term_string}\"},\"query-input\":{\"@type\":\"PropertyValueSpecification\",\"valueRequired\":true,\"valueName\":\"search_term_string\"}}],\"inLanguage\":\"de\"},{\"@type\":\"Organization\",\"@id\":\"https:\\\/\\\/welding-alloys.zerobox.co.za\\\/de\\\/#organization\",\"name\":\"Welding Alloys\",\"url\":\"https:\\\/\\\/welding-alloys.zerobox.co.za\\\/de\\\/\",\"logo\":{\"@type\":\"ImageObject\",\"inLanguage\":\"de\",\"@id\":\"https:\\\/\\\/welding-alloys.zerobox.co.za\\\/de\\\/#\\\/schema\\\/logo\\\/image\\\/\",\"url\":\"https:\\\/\\\/welding-alloys.zerobox.co.za\\\/wp-content\\\/uploads\\\/2022\\\/02\\\/logo.png\",\"contentUrl\":\"https:\\\/\\\/welding-alloys.zerobox.co.za\\\/wp-content\\\/uploads\\\/2022\\\/02\\\/logo.png\",\"width\":542,\"height\":279,\"caption\":\"Welding Alloys\"},\"image\":{\"@id\":\"https:\\\/\\\/welding-alloys.zerobox.co.za\\\/de\\\/#\\\/schema\\\/logo\\\/image\\\/\"},\"sameAs\":[\"https:\\\/\\\/www.facebook.com\\\/weldingalloysgroup\",\"https:\\\/\\\/www.youtube.com\\\/user\\\/WeldingAlloystv\",\"https:\\\/\\\/www.instagram.com\\\/weldingalloys\\\/\",\"https:\\\/\\\/linkedin.com\\\/company\\\/welding-alloys\"]}]}<\/script>\n<!-- \/ Yoast SEO Premium plugin. -->","yoast_head_json":{"title":"Nicht in den USA erh\u00e4ltlich | Welding Alloys","robots":{"index":"noindex","follow":"nofollow"},"og_locale":"de_DE","og_type":"article","og_title":"Nicht in den USA erh\u00e4ltlich","og_url":"https:\/\/welding-alloys.zerobox.co.za\/de\/nicht-in-den-usa-erhaeltlich\/","og_site_name":"Welding Alloys","article_publisher":"https:\/\/www.facebook.com\/weldingalloysgroup","article_modified_time":"2025-12-08T12:08:55+00:00","og_image":[{"width":542,"height":279,"url":"https:\/\/welding-alloys.zerobox.co.za\/wp-content\/uploads\/2022\/02\/logo.png","type":"image\/png"}],"twitter_card":"summary_large_image","twitter_misc":{"Gesch\u00e4tzte Lesezeit":"1\u00a0Minute"},"schema":{"@context":"https:\/\/schema.org","@graph":[{"@type":"WebPage","@id":"https:\/\/welding-alloys.zerobox.co.za\/de\/nicht-in-den-usa-erhaeltlich\/","url":"https:\/\/welding-alloys.zerobox.co.za\/de\/nicht-in-den-usa-erhaeltlich\/","name":"Nicht in den USA erh\u00e4ltlich | Welding Alloys","isPartOf":{"@id":"https:\/\/welding-alloys.zerobox.co.za\/de\/#website"},"datePublished":"2022-02-25T13:30:07+00:00","dateModified":"2025-12-08T12:08:55+00:00","breadcrumb":{"@id":"https:\/\/welding-alloys.zerobox.co.za\/de\/nicht-in-den-usa-erhaeltlich\/#breadcrumb"},"inLanguage":"de","potentialAction":[{"@type":"ReadAction","target":["https:\/\/welding-alloys.zerobox.co.za\/de\/nicht-in-den-usa-erhaeltlich\/"]}]},{"@type":"BreadcrumbList","@id":"https:\/\/welding-alloys.zerobox.co.za\/de\/nicht-in-den-usa-erhaeltlich\/#breadcrumb","itemListElement":[{"@type":"ListItem","position":1,"name":"Home","item":"https:\/\/welding-alloys.zerobox.co.za\/de\/hauptseite\/"},{"@type":"ListItem","position":2,"name":"Nicht in den USA erh\u00e4ltlich"}]},{"@type":"WebSite","@id":"https:\/\/welding-alloys.zerobox.co.za\/de\/#website","url":"https:\/\/welding-alloys.zerobox.co.za\/de\/","name":"Welding Alloys","description":"Welding Alloys","publisher":{"@id":"https:\/\/welding-alloys.zerobox.co.za\/de\/#organization"},"potentialAction":[{"@type":"SearchAction","target":{"@type":"EntryPoint","urlTemplate":"https:\/\/welding-alloys.zerobox.co.za\/de\/?s={search_term_string}"},"query-input":{"@type":"PropertyValueSpecification","valueRequired":true,"valueName":"search_term_string"}}],"inLanguage":"de"},{"@type":"Organization","@id":"https:\/\/welding-alloys.zerobox.co.za\/de\/#organization","name":"Welding Alloys","url":"https:\/\/welding-alloys.zerobox.co.za\/de\/","logo":{"@type":"ImageObject","inLanguage":"de","@id":"https:\/\/welding-alloys.zerobox.co.za\/de\/#\/schema\/logo\/image\/","url":"https:\/\/welding-alloys.zerobox.co.za\/wp-content\/uploads\/2022\/02\/logo.png","contentUrl":"https:\/\/welding-alloys.zerobox.co.za\/wp-content\/uploads\/2022\/02\/logo.png","width":542,"height":279,"caption":"Welding Alloys"},"image":{"@id":"https:\/\/welding-alloys.zerobox.co.za\/de\/#\/schema\/logo\/image\/"},"sameAs":["https:\/\/www.facebook.com\/weldingalloysgroup","https:\/\/www.youtube.com\/user\/WeldingAlloystv","https:\/\/www.instagram.com\/weldingalloys\/","https:\/\/linkedin.com\/company\/welding-alloys"]}]}},"_links":{"self":[{"href":"https:\/\/welding-alloys.zerobox.co.za\/de\/wp-json\/wp\/v2\/pages\/66314","targetHints":{"allow":["GET"]}}],"collection":[{"href":"https:\/\/welding-alloys.zerobox.co.za\/de\/wp-json\/wp\/v2\/pages"}],"about":[{"href":"https:\/\/welding-alloys.zerobox.co.za\/de\/wp-json\/wp\/v2\/types\/page"}],"author":[{"embeddable":true,"href":"https:\/\/welding-alloys.zerobox.co.za\/de\/wp-json\/wp\/v2\/users\/1"}],"replies":[{"embeddable":true,"href":"https:\/\/welding-alloys.zerobox.co.za\/de\/wp-json\/wp\/v2\/comments?post=66314"}],"version-history":[{"count":2,"href":"https:\/\/welding-alloys.zerobox.co.za\/de\/wp-json\/wp\/v2\/pages\/66314\/revisions"}],"predecessor-version":[{"id":66316,"href":"https:\/\/welding-alloys.zerobox.co.za\/de\/wp-json\/wp\/v2\/pages\/66314\/revisions\/66316"}],"wp:attachment":[{"href":"https:\/\/welding-alloys.zerobox.co.za\/de\/wp-json\/wp\/v2\/media?parent=66314"}],"curies":[{"name":"wp","href":"https:\/\/api.w.org\/{rel}","templated":true}]}}