{"id":24519,"date":"2021-12-10T09:10:02","date_gmt":"2021-12-10T08:10:02","guid":{"rendered":"https:\/\/welding-alloys.zerobox.co.za\/?page_id=24519"},"modified":"2025-10-19T20:15:57","modified_gmt":"2025-10-19T18:15:57","slug":"historie","status":"publish","type":"page","link":"https:\/\/welding-alloys.zerobox.co.za\/de\/unternehmen\/historie\/","title":{"rendered":"Historie"},"content":{"rendered":"<div id='full_slider_1'  class='avia-fullwidth-slider main_color avia-shadow   avia-builder-el-0  el_before_av_section  avia-builder-el-first   container_wrap sidebar_left'  >\n<style type=\"text\/css\" data-created_by=\"avia_inline_auto\" id=\"style-css-av-ky31plb9-7f216313fefb4b8bae7ec0aaf700b595\">\n#top #wrap_all .avia-slideshow .av-slideshow-caption.av-ky31plb9-7f216313fefb4b8bae7ec0aaf700b595__0 .avia-caption-title{\nfont-size:38px;\ncolor:#ffffff;\n}\n<\/style>\n<div  class='avia-slideshow av-ky31plb9-7f216313fefb4b8bae7ec0aaf700b595 avia-slideshow-no scaling av_slideshow_full avia-slide-slider av-slideshow-ui av-control-default av-slideshow-manual av-loop-once av-loop-manual-endless av-default-height-applied   avia-slideshow-1' data-slideshow-options=\"{&quot;animation&quot;:&quot;slide&quot;,&quot;autoplay&quot;:false,&quot;loop_autoplay&quot;:&quot;once&quot;,&quot;interval&quot;:5,&quot;loop_manual&quot;:&quot;manual-endless&quot;,&quot;autoplay_stopper&quot;:false,&quot;noNavigation&quot;:false,&quot;bg_slider&quot;:false,&quot;keep_padding&quot;:false,&quot;hoverpause&quot;:false,&quot;show_slide_delay&quot;:0}\"  itemprop=\"image\" itemscope=\"itemscope\" itemtype=\"https:\/\/schema.org\/ImageObject\" ><ul class='avia-slideshow-inner ' style='padding-bottom: 24.609375%;'><li  class='avia-slideshow-slide av-ky31plb9-7f216313fefb4b8bae7ec0aaf700b595__0  av-single-slide slide-1 slide-odd'><div data-rel='slideshow-1' class='avia-slide-wrap '   ><div class='av-slideshow-caption av-ky31plb9-7f216313fefb4b8bae7ec0aaf700b595__0 caption_fullwidth caption_left caption_left_framed caption_framed'><div class=\"container caption_container\"><div class=\"slideshow_caption\"><div class=\"slideshow_inner_caption\"><div class=\"slideshow_align_caption\"><h2 class='avia-caption-title '  itemprop=\"name\" >Von einem kleinen Vorhaben zu einem globalen Unternehmen<\/h2><\/div><\/div><\/div><\/div><\/div><img decoding=\"async\" fetchpriority=\"high\" class=\"wp-image-10064 avia-img-lazy-loading-not-10064\"  src=\"https:\/\/welding-alloys.zerobox.co.za\/wp-content\/uploads\/2022\/01\/history-banner.jpg\" width=\"1280\" height=\"315\" title='history banner' alt='history banner'  itemprop=\"thumbnailUrl\"  style='min-height:250px; min-width:1016px; ' srcset=\"https:\/\/welding-alloys.zerobox.co.za\/wp-content\/uploads\/2022\/01\/history-banner.jpg 1280w, https:\/\/welding-alloys.zerobox.co.za\/wp-content\/uploads\/2022\/01\/history-banner-600x148.jpg 600w, https:\/\/welding-alloys.zerobox.co.za\/wp-content\/uploads\/2022\/01\/history-banner-300x74.jpg 300w, https:\/\/welding-alloys.zerobox.co.za\/wp-content\/uploads\/2022\/01\/history-banner-500x123.jpg 500w\" sizes=\"(max-width: 1280px) 100vw, 1280px\" \/><\/div><\/li><\/ul><\/div><\/div>\n<div id='av_section_1'  class='avia-section av-c6r4ks-24e5ba4c57349e5d8d9dc8164fb371da alternate_color avia-section-small avia-no-border-styling  avia-builder-el-1  el_after_av_slideshow_full  el_before_av_section  breadcrumb-container avia-bg-style-scroll container_wrap sidebar_left'  ><div class='container av-section-cont-open' ><div class='template-page content  av-content-small units'><div class='post-entry post-entry-type-page post-entry-24519'><div class='entry-content-wrapper clearfix'>\n\n\n<\/div><\/div><\/div><!-- close content main div --><\/div><\/div><div id='av_section_2'  class='avia-section av-uo74c-afc2df62314f0df307505fbeffddee33 main_color avia-section-default avia-no-border-styling  avia-builder-el-3  el_after_av_section  el_before_av_section  avia-bg-style-scroll container_wrap sidebar_left'  ><div class='container av-section-cont-open' ><div class='template-page content  av-content-small units'><div class='post-entry post-entry-type-page post-entry-24519'><div class='entry-content-wrapper clearfix'>\n<div class='flex_column_table av-ky37er5h-267c379cbee5a0d37fa6be1a8758383b sc-av_one_full av-equal-height-column-flextable'><div  class='flex_column av-ky37er5h-267c379cbee5a0d37fa6be1a8758383b av_one_full  avia-builder-el-4  avia-builder-el-no-sibling  first flex_column_table_cell av-equal-height-column av-align-top  '     ><p>\n<style type=\"text\/css\" data-created_by=\"avia_inline_auto\" id=\"style-css-av-ky31pxfu-147c68cf2b0bc6d1e8371ac11a66123d\">\n#top .av-special-heading.av-ky31pxfu-147c68cf2b0bc6d1e8371ac11a66123d{\npadding-bottom:10px;\n}\nbody .av-special-heading.av-ky31pxfu-147c68cf2b0bc6d1e8371ac11a66123d .av-special-heading-tag .heading-char{\nfont-size:25px;\n}\n.av-special-heading.av-ky31pxfu-147c68cf2b0bc6d1e8371ac11a66123d .av-subheading{\nfont-size:15px;\n}\n<\/style>\n<div  class='av-special-heading av-ky31pxfu-147c68cf2b0bc6d1e8371ac11a66123d av-special-heading-h1 blockquote modern-quote  avia-builder-el-5  el_before_av_textblock  avia-builder-el-first '><h1 class='av-special-heading-tag '  itemprop=\"headline\"  >Historie<\/h1><div class=\"special-heading-border\"><div class=\"special-heading-inner-border\"><\/div><\/div><\/div><br \/>\n<section  class='av_textblock_section av-ky31qhhd-9de398d3bd17b15d5ec04eaeb5c29da1 '   itemscope=\"itemscope\" itemtype=\"https:\/\/schema.org\/CreativeWork\" ><div class='avia_textblock'  itemprop=\"text\" ><p>Die Geschichte von Welding Alloys ist eine Geschichte voller Leidenschaft, Mut und Innovation. Als engagierter Gesch\u00e4ftsmann und Metallurge befasste sich unser Gr\u00fcnder Dr. Jan J.K. Stekly bereits in den 1960er Jahren mit F\u00fclldr\u00e4hten.<\/p>\n<\/div><\/section><br \/>\n<section  class='av_textblock_section av-kyo36uhi-1ed51e7b875ee172ba9f7c3d8d6347d6 '   itemscope=\"itemscope\" itemtype=\"https:\/\/schema.org\/CreativeWork\" ><div class='avia_textblock'  itemprop=\"text\" ><p>Unser Unternehmen wurde 1966 gegr\u00fcndet, als Jan mit der Unterst\u00fctzung seiner Frau Cathy mutig den Schritt in die Selbstst\u00e4ndigkeit wagte und in einem bescheidenen landwirtschaftlichen Bungalow in Fowlmere, England, seine erste Zerkleinerungsanlage f\u00fcr Schlackereste baute. Daraus wurde sofort ein Erfolg und das erm\u00f6glichte Jan eine rasche Expansion in den Bereich \u201cF\u00fclldrahtelektroden f\u00fcr Hartauftragungen\u201d &#8211; in welchen wir schlie\u00dflich zu einem anerkannten Weltmarktf\u00fchrer und Innovator werden sollten.<\/p>\n<p>Jan, der oft als Weltb\u00fcrger und Menschenfreund beschrieben wird, hat die Produktionskapazit\u00e4ten unseres Unternehmens kontinuierlich auf neue Kontinente, L\u00e4nder und Standorte ausgeweitet, was uns einen starken Wettbewerbsvorteil verschafft hat. Heute wird das Unternehmen von Jans Sohn Dominic geleitet, der weiterhin von den Werten, der einzigartigen Innovationskultur und der engagierten Kundenorientierung profitiert, die vor \u00fcber 55 Jahren von Jan Stekly eingef\u00fchrt wurden.<\/p>\n<\/div><\/section><\/p><\/div><\/div><!--close column table wrapper. Autoclose: 1 --><\/div><\/div><\/div><!-- close content main div --><\/div><\/div>\n<style type=\"text\/css\" data-created_by=\"avia_inline_auto\" id=\"style-css-av-760zwc-4f516d2913bafd009e0ee568c048c0dc\">\n.avia-section.av-760zwc-4f516d2913bafd009e0ee568c048c0dc{\nbackground-repeat:no-repeat;\nbackground-image:url(https:\/\/welding-alloys.zerobox.co.za\/wp-content\/uploads\/2022\/02\/1991.jpg);\nbackground-position:50% 0%;\nbackground-attachment:fixed;\n}\n<\/style>\n<div id='av_section_3'  class='avia-section av-760zwc-4f516d2913bafd009e0ee568c048c0dc main_color avia-section-large avia-no-border-styling  avia-builder-el-8  el_after_av_section  el_before_av_section  overflow-visible avia-full-stretch avia-bg-style-fixed container_wrap sidebar_left'  data-section-bg-repeat='stretch'><div class='container av-section-cont-open' ><div class='template-page content  av-content-small units'><div class='post-entry post-entry-type-page post-entry-24519'><div class='entry-content-wrapper clearfix'>\n<div class='flex_column_table av-5vrtws-06a7d6cadcb7d2baffdf3dbe36a12036 sc-av_one_full av-equal-height-column-flextable'>\n<style type=\"text\/css\" data-created_by=\"avia_inline_auto\" id=\"style-css-av-5vrtws-06a7d6cadcb7d2baffdf3dbe36a12036\">\n#top .flex_column_table.av-equal-height-column-flextable.av-5vrtws-06a7d6cadcb7d2baffdf3dbe36a12036{\nmargin-top:60px;\nmargin-bottom:-115px;\n}\n.flex_column.av-5vrtws-06a7d6cadcb7d2baffdf3dbe36a12036{\nbackground-color:#ffffff;\n}\n<\/style>\n<div  class='flex_column av-5vrtws-06a7d6cadcb7d2baffdf3dbe36a12036 av_one_full  avia-builder-el-9  avia-builder-el-no-sibling  timeline-container first flex_column_table_cell av-equal-height-column av-align-top av-animated-generic left-to-right  '     ><\/div><\/div><!--close column table wrapper. Autoclose: 1 -->\n<\/p>\n<\/div><\/div><\/div><!-- close content main div --><\/div><\/div><div id='av_section_4'  class='avia-section av-1yrqpo-ec293276a9fe9ec7eeb2396c6f37521d main_color avia-section-large avia-no-border-styling  avia-builder-el-11  el_after_av_section  avia-builder-el-last  avia-bg-style-scroll container_wrap sidebar_left'  ><div class='container av-section-cont-open' ><div class='template-page content  av-content-small units'><div class='post-entry post-entry-type-page post-entry-24519'><div class='entry-content-wrapper clearfix'>\n<div  class='flex_column av-2p513g-051117a84d01896c8fd5f1bcb9992835 av_one_full  avia-builder-el-12  avia-builder-el-no-sibling  first flex_column_div  '     ><\/div>\n<\/div><\/div><\/div><!-- close content main div --><\/div><\/div><div id='after_section_4'  class='main_color av_default_container_wrap container_wrap sidebar_left'  ><div class='container av-section-cont-open' ><div class='template-page content  av-content-small units'><div class='post-entry post-entry-type-page post-entry-24519'><div class='entry-content-wrapper clearfix'>\n","protected":false},"excerpt":{"rendered":"<p>Gegr\u00fcndet von Jan Stekly im Jahr 1966, haben wir unsere Produktionskapazit\u00e4ten in den letzten Jahrzehnten auf neue Kontinente, L\u00e4nder und Standorte ausgeweitet<\/p>\n","protected":false},"author":1,"featured_media":0,"parent":24494,"menu_order":1,"comment_status":"closed","ping_status":"open","template":"","meta":{"_acf_changed":false,"_relevanssi_hide_post":"","_relevanssi_hide_content":"","_relevanssi_pin_for_all":"","_relevanssi_pin_keywords":"","_relevanssi_unpin_keywords":"","_relevanssi_related_keywords":"","_relevanssi_related_include_ids":"","_relevanssi_related_exclude_ids":"","_relevanssi_related_no_append":"","_relevanssi_related_not_related":"","_relevanssi_related_posts":"","_relevanssi_noindex_reason":"","inline_featured_image":false,"footnotes":"","_links_to":"","_links_to_target":""},"class_list":["post-24519","page","type-page","status-publish","hentry"],"acf":[],"yoast_head":"<!-- This site is optimized with the Yoast SEO Premium plugin v27.4 (Yoast SEO v27.4) - https:\/\/yoast.com\/product\/yoast-seo-premium-wordpress\/ -->\n<title>Historie | Welding Alloys<\/title>\n<meta name=\"description\" content=\"Gegr\u00fcndet von Jan Stekly im Jahr 1966, haben wir unsere Produktionskapazit\u00e4ten in den letzten Jahrzehnten auf neue Kontinente, L\u00e4nder und Standorte ausgeweitet\" \/>\n<meta name=\"robots\" content=\"noindex, follow, max-snippet:-1, max-image-preview:large, max-video-preview:-1\" \/>\n<meta property=\"og:locale\" content=\"de_DE\" \/>\n<meta property=\"og:type\" content=\"article\" \/>\n<meta property=\"og:title\" content=\"Historie\" \/>\n<meta property=\"og:description\" content=\"Gegr\u00fcndet von Jan Stekly im Jahr 1966, haben wir unsere Produktionskapazit\u00e4ten in den letzten Jahrzehnten auf neue Kontinente, L\u00e4nder und Standorte ausgeweitet\" \/>\n<meta property=\"og:url\" content=\"https:\/\/welding-alloys.zerobox.co.za\/de\/unternehmen\/historie\/\" \/>\n<meta property=\"og:site_name\" content=\"Welding Alloys\" \/>\n<meta property=\"article:publisher\" content=\"https:\/\/www.facebook.com\/weldingalloysgroup\" \/>\n<meta property=\"article:modified_time\" content=\"2025-10-19T18:15:57+00:00\" \/>\n<meta property=\"og:image\" content=\"https:\/\/welding-alloys.zerobox.co.za\/wp-content\/uploads\/2022\/02\/logo.png\" \/>\n\t<meta property=\"og:image:width\" content=\"542\" \/>\n\t<meta property=\"og:image:height\" content=\"279\" \/>\n\t<meta property=\"og:image:type\" content=\"image\/png\" \/>\n<meta name=\"twitter:card\" content=\"summary_large_image\" \/>\n<meta name=\"twitter:label1\" content=\"Gesch\u00e4tzte Lesezeit\" \/>\n\t<meta name=\"twitter:data1\" content=\"1\u00a0Minute\" \/>\n<script type=\"application\/ld+json\" class=\"yoast-schema-graph\">{\"@context\":\"https:\\\/\\\/schema.org\",\"@graph\":[{\"@type\":\"WebPage\",\"@id\":\"https:\\\/\\\/welding-alloys.zerobox.co.za\\\/de\\\/unternehmen\\\/historie\\\/\",\"url\":\"https:\\\/\\\/welding-alloys.zerobox.co.za\\\/de\\\/unternehmen\\\/historie\\\/\",\"name\":\"Historie | Welding Alloys\",\"isPartOf\":{\"@id\":\"https:\\\/\\\/welding-alloys.zerobox.co.za\\\/de\\\/#website\"},\"datePublished\":\"2021-12-10T08:10:02+00:00\",\"dateModified\":\"2025-10-19T18:15:57+00:00\",\"description\":\"Gegr\u00fcndet von Jan Stekly im Jahr 1966, haben wir unsere Produktionskapazit\u00e4ten in den letzten Jahrzehnten auf neue Kontinente, L\u00e4nder und Standorte ausgeweitet\",\"breadcrumb\":{\"@id\":\"https:\\\/\\\/welding-alloys.zerobox.co.za\\\/de\\\/unternehmen\\\/historie\\\/#breadcrumb\"},\"inLanguage\":\"de\",\"potentialAction\":[{\"@type\":\"ReadAction\",\"target\":[\"https:\\\/\\\/welding-alloys.zerobox.co.za\\\/de\\\/unternehmen\\\/historie\\\/\"]}]},{\"@type\":\"BreadcrumbList\",\"@id\":\"https:\\\/\\\/welding-alloys.zerobox.co.za\\\/de\\\/unternehmen\\\/historie\\\/#breadcrumb\",\"itemListElement\":[{\"@type\":\"ListItem\",\"position\":1,\"name\":\"Home\",\"item\":\"https:\\\/\\\/welding-alloys.zerobox.co.za\\\/de\\\/hauptseite\\\/\"},{\"@type\":\"ListItem\",\"position\":2,\"name\":\"Unternehmen\",\"item\":\"https:\\\/\\\/welding-alloys.zerobox.co.za\\\/de\\\/unternehmen\\\/\"},{\"@type\":\"ListItem\",\"position\":3,\"name\":\"Historie\"}]},{\"@type\":\"WebSite\",\"@id\":\"https:\\\/\\\/welding-alloys.zerobox.co.za\\\/de\\\/#website\",\"url\":\"https:\\\/\\\/welding-alloys.zerobox.co.za\\\/de\\\/\",\"name\":\"Welding Alloys\",\"description\":\"Welding Alloys\",\"publisher\":{\"@id\":\"https:\\\/\\\/welding-alloys.zerobox.co.za\\\/de\\\/#organization\"},\"potentialAction\":[{\"@type\":\"SearchAction\",\"target\":{\"@type\":\"EntryPoint\",\"urlTemplate\":\"https:\\\/\\\/welding-alloys.zerobox.co.za\\\/de\\\/?s={search_term_string}\"},\"query-input\":{\"@type\":\"PropertyValueSpecification\",\"valueRequired\":true,\"valueName\":\"search_term_string\"}}],\"inLanguage\":\"de\"},{\"@type\":\"Organization\",\"@id\":\"https:\\\/\\\/welding-alloys.zerobox.co.za\\\/de\\\/#organization\",\"name\":\"Welding Alloys\",\"url\":\"https:\\\/\\\/welding-alloys.zerobox.co.za\\\/de\\\/\",\"logo\":{\"@type\":\"ImageObject\",\"inLanguage\":\"de\",\"@id\":\"https:\\\/\\\/welding-alloys.zerobox.co.za\\\/de\\\/#\\\/schema\\\/logo\\\/image\\\/\",\"url\":\"https:\\\/\\\/welding-alloys.zerobox.co.za\\\/wp-content\\\/uploads\\\/2022\\\/02\\\/logo.png\",\"contentUrl\":\"https:\\\/\\\/welding-alloys.zerobox.co.za\\\/wp-content\\\/uploads\\\/2022\\\/02\\\/logo.png\",\"width\":542,\"height\":279,\"caption\":\"Welding Alloys\"},\"image\":{\"@id\":\"https:\\\/\\\/welding-alloys.zerobox.co.za\\\/de\\\/#\\\/schema\\\/logo\\\/image\\\/\"},\"sameAs\":[\"https:\\\/\\\/www.facebook.com\\\/weldingalloysgroup\",\"https:\\\/\\\/www.youtube.com\\\/user\\\/WeldingAlloystv\",\"https:\\\/\\\/www.instagram.com\\\/weldingalloys\\\/\",\"https:\\\/\\\/linkedin.com\\\/company\\\/welding-alloys\"]}]}<\/script>\n<!-- \/ Yoast SEO Premium plugin. -->","yoast_head_json":{"title":"Historie | Welding Alloys","description":"Gegr\u00fcndet von Jan Stekly im Jahr 1966, haben wir unsere Produktionskapazit\u00e4ten in den letzten Jahrzehnten auf neue Kontinente, L\u00e4nder und Standorte ausgeweitet","robots":{"index":"noindex","follow":"follow","max-snippet":"max-snippet:-1","max-image-preview":"max-image-preview:large","max-video-preview":"max-video-preview:-1"},"og_locale":"de_DE","og_type":"article","og_title":"Historie","og_description":"Gegr\u00fcndet von Jan Stekly im Jahr 1966, haben wir unsere Produktionskapazit\u00e4ten in den letzten Jahrzehnten auf neue Kontinente, L\u00e4nder und Standorte ausgeweitet","og_url":"https:\/\/welding-alloys.zerobox.co.za\/de\/unternehmen\/historie\/","og_site_name":"Welding Alloys","article_publisher":"https:\/\/www.facebook.com\/weldingalloysgroup","article_modified_time":"2025-10-19T18:15:57+00:00","og_image":[{"width":542,"height":279,"url":"https:\/\/welding-alloys.zerobox.co.za\/wp-content\/uploads\/2022\/02\/logo.png","type":"image\/png"}],"twitter_card":"summary_large_image","twitter_misc":{"Gesch\u00e4tzte Lesezeit":"1\u00a0Minute"},"schema":{"@context":"https:\/\/schema.org","@graph":[{"@type":"WebPage","@id":"https:\/\/welding-alloys.zerobox.co.za\/de\/unternehmen\/historie\/","url":"https:\/\/welding-alloys.zerobox.co.za\/de\/unternehmen\/historie\/","name":"Historie | Welding Alloys","isPartOf":{"@id":"https:\/\/welding-alloys.zerobox.co.za\/de\/#website"},"datePublished":"2021-12-10T08:10:02+00:00","dateModified":"2025-10-19T18:15:57+00:00","description":"Gegr\u00fcndet von Jan Stekly im Jahr 1966, haben wir unsere Produktionskapazit\u00e4ten in den letzten Jahrzehnten auf neue Kontinente, L\u00e4nder und Standorte ausgeweitet","breadcrumb":{"@id":"https:\/\/welding-alloys.zerobox.co.za\/de\/unternehmen\/historie\/#breadcrumb"},"inLanguage":"de","potentialAction":[{"@type":"ReadAction","target":["https:\/\/welding-alloys.zerobox.co.za\/de\/unternehmen\/historie\/"]}]},{"@type":"BreadcrumbList","@id":"https:\/\/welding-alloys.zerobox.co.za\/de\/unternehmen\/historie\/#breadcrumb","itemListElement":[{"@type":"ListItem","position":1,"name":"Home","item":"https:\/\/welding-alloys.zerobox.co.za\/de\/hauptseite\/"},{"@type":"ListItem","position":2,"name":"Unternehmen","item":"https:\/\/welding-alloys.zerobox.co.za\/de\/unternehmen\/"},{"@type":"ListItem","position":3,"name":"Historie"}]},{"@type":"WebSite","@id":"https:\/\/welding-alloys.zerobox.co.za\/de\/#website","url":"https:\/\/welding-alloys.zerobox.co.za\/de\/","name":"Welding Alloys","description":"Welding Alloys","publisher":{"@id":"https:\/\/welding-alloys.zerobox.co.za\/de\/#organization"},"potentialAction":[{"@type":"SearchAction","target":{"@type":"EntryPoint","urlTemplate":"https:\/\/welding-alloys.zerobox.co.za\/de\/?s={search_term_string}"},"query-input":{"@type":"PropertyValueSpecification","valueRequired":true,"valueName":"search_term_string"}}],"inLanguage":"de"},{"@type":"Organization","@id":"https:\/\/welding-alloys.zerobox.co.za\/de\/#organization","name":"Welding Alloys","url":"https:\/\/welding-alloys.zerobox.co.za\/de\/","logo":{"@type":"ImageObject","inLanguage":"de","@id":"https:\/\/welding-alloys.zerobox.co.za\/de\/#\/schema\/logo\/image\/","url":"https:\/\/welding-alloys.zerobox.co.za\/wp-content\/uploads\/2022\/02\/logo.png","contentUrl":"https:\/\/welding-alloys.zerobox.co.za\/wp-content\/uploads\/2022\/02\/logo.png","width":542,"height":279,"caption":"Welding Alloys"},"image":{"@id":"https:\/\/welding-alloys.zerobox.co.za\/de\/#\/schema\/logo\/image\/"},"sameAs":["https:\/\/www.facebook.com\/weldingalloysgroup","https:\/\/www.youtube.com\/user\/WeldingAlloystv","https:\/\/www.instagram.com\/weldingalloys\/","https:\/\/linkedin.com\/company\/welding-alloys"]}]}},"_links":{"self":[{"href":"https:\/\/welding-alloys.zerobox.co.za\/de\/wp-json\/wp\/v2\/pages\/24519","targetHints":{"allow":["GET"]}}],"collection":[{"href":"https:\/\/welding-alloys.zerobox.co.za\/de\/wp-json\/wp\/v2\/pages"}],"about":[{"href":"https:\/\/welding-alloys.zerobox.co.za\/de\/wp-json\/wp\/v2\/types\/page"}],"author":[{"embeddable":true,"href":"https:\/\/welding-alloys.zerobox.co.za\/de\/wp-json\/wp\/v2\/users\/1"}],"replies":[{"embeddable":true,"href":"https:\/\/welding-alloys.zerobox.co.za\/de\/wp-json\/wp\/v2\/comments?post=24519"}],"version-history":[{"count":2,"href":"https:\/\/welding-alloys.zerobox.co.za\/de\/wp-json\/wp\/v2\/pages\/24519\/revisions"}],"predecessor-version":[{"id":63107,"href":"https:\/\/welding-alloys.zerobox.co.za\/de\/wp-json\/wp\/v2\/pages\/24519\/revisions\/63107"}],"up":[{"embeddable":true,"href":"https:\/\/welding-alloys.zerobox.co.za\/de\/wp-json\/wp\/v2\/pages\/24494"}],"wp:attachment":[{"href":"https:\/\/welding-alloys.zerobox.co.za\/de\/wp-json\/wp\/v2\/media?parent=24519"}],"curies":[{"name":"wp","href":"https:\/\/api.w.org\/{rel}","templated":true}]}}